{"id":8856,"date":"2020-12-14T09:10:00","date_gmt":"2020-12-14T07:10:00","guid":{"rendered":"https:\/\/www.incliva.es\/comision-de-investigacion\/"},"modified":"2025-08-12T13:40:41","modified_gmt":"2025-08-12T11:40:41","slug":"research-commission","status":"publish","type":"page","link":"https:\/\/www.incliva.es\/en\/organizational-chart\/advisory-bodies\/research-commission\/","title":{"rendered":"Research Commission"},"content":{"rendered":"<p><div class=\"fusion-fullwidth fullwidth-box fusion-builder-row-1 fusion-flex-container nonhundred-percent-fullwidth non-hundred-percent-height-scrolling\" style=\"background-color: rgba(255,255,255,0);background-position: center center;background-repeat: no-repeat;border-width: 0px 0px 0px 0px;border-color:#e2e2e2;border-style:solid;\" ><div class=\"fusion-builder-row fusion-row fusion-flex-align-items-flex-start\" style=\"max-width:1248px;margin-left: calc(-4% \/ 2 );margin-right: calc(-4% \/ 2 );\"><div class=\"fusion-layout-column fusion_builder_column fusion-builder-column-0 fusion_builder_column_1_5 1_5 fusion-flex-column\"><div class=\"fusion-column-wrapper fusion-flex-justify-content-flex-start fusion-content-layout-column\" style=\"background-position:left top;background-repeat:no-repeat;-webkit-background-size:cover;-moz-background-size:cover;-o-background-size:cover;background-size:cover;padding: 0px 0px 0px 0px;\"><div ><style type=\"text\/css\">.fusion-button.button-1 {border-radius:4px;}<\/style><a class=\"fusion-button button-flat button-large button-default button-1 fusion-button-span-yes fusion-button-default-type\" target=\"_self\" href=\"\/en\/organizational-chart\/advisory-bodies\/external-scientific-committee\/\"><span class=\"fusion-button-text\">EXTERNAL SCIENTIFIC COMMITTEE<\/span><\/a><\/div><\/div><\/div><style type=\"text\/css\">.fusion-body .fusion-builder-column-0{width:20% !important;margin-top : 0px;margin-bottom : 20px;}.fusion-builder-column-0 > .fusion-column-wrapper {padding-top : 0px !important;padding-right : 0px !important;margin-right : 9.6%;padding-bottom : 0px !important;padding-left : 0px !important;margin-left : 9.6%;}@media only screen and (max-width:1532px) {.fusion-body .fusion-builder-column-0{width:20% !important;order : 0;}.fusion-builder-column-0 > .fusion-column-wrapper {margin-right : 9.6%;margin-left : 9.6%;}}@media only screen and (max-width:640px) {.fusion-body .fusion-builder-column-0{width:100% !important;order : 0;}.fusion-builder-column-0 > .fusion-column-wrapper {margin-right : 1.92%;margin-left : 1.92%;}}<\/style><div class=\"fusion-layout-column fusion_builder_column fusion-builder-column-1 fusion_builder_column_1_5 1_5 fusion-flex-column\"><div class=\"fusion-column-wrapper fusion-flex-justify-content-flex-start fusion-content-layout-column\" style=\"background-position:left top;background-repeat:no-repeat;-webkit-background-size:cover;-moz-background-size:cover;-o-background-size:cover;background-size:cover;padding: 0px 0px 0px 0px;\"><div ><style type=\"text\/css\">.fusion-button.button-2 {border-radius:4px;}<\/style><a class=\"fusion-button button-flat button-large button-default button-2 fusion-button-span-yes fusion-button-default-type\" target=\"_self\" href=\"\/en\/organizational-chart\/advisory-bodies\/internal-scientific-committee\/\"><span class=\"fusion-button-text\">INTERNAL SCIENTIFIC COMMITTEE<\/span><\/a><\/div><\/div><\/div><style type=\"text\/css\">.fusion-body .fusion-builder-column-1{width:20% !important;margin-top : 0px;margin-bottom : 20px;}.fusion-builder-column-1 > .fusion-column-wrapper {padding-top : 0px !important;padding-right : 0px !important;margin-right : 9.6%;padding-bottom : 0px !important;padding-left : 0px !important;margin-left : 9.6%;}@media only screen and (max-width:1532px) {.fusion-body .fusion-builder-column-1{width:20% !important;order : 0;}.fusion-builder-column-1 > .fusion-column-wrapper {margin-right : 9.6%;margin-left : 9.6%;}}@media only screen and (max-width:640px) {.fusion-body .fusion-builder-column-1{width:100% !important;order : 0;}.fusion-builder-column-1 > .fusion-column-wrapper {margin-right : 1.92%;margin-left : 1.92%;}}<\/style><div class=\"fusion-layout-column fusion_builder_column fusion-builder-column-2 fusion_builder_column_1_5 1_5 fusion-flex-column\"><div class=\"fusion-column-wrapper fusion-flex-justify-content-flex-start fusion-content-layout-column\" style=\"background-position:left top;background-repeat:no-repeat;-webkit-background-size:cover;-moz-background-size:cover;-o-background-size:cover;background-size:cover;padding: 0px 0px 0px 0px;\"><div ><style type=\"text\/css\">.fusion-button.button-3 {border-radius:4px;}<\/style><a class=\"fusion-button button-flat button-large button-default button-3 fusion-button-span-yes fusion-button-default-type\" target=\"_self\" href=\"\/en\/organizational-chart\/advisory-bodies\/innovation-commission\/\"><span class=\"fusion-button-text\">INNOVATION COMMISSION<\/span><\/a><\/div><\/div><\/div><style type=\"text\/css\">.fusion-body .fusion-builder-column-2{width:20% !important;margin-top : 0px;margin-bottom : 20px;}.fusion-builder-column-2 > .fusion-column-wrapper {padding-top : 0px !important;padding-right : 0px !important;margin-right : 9.6%;padding-bottom : 0px !important;padding-left : 0px !important;margin-left : 9.6%;}@media only screen and (max-width:1532px) {.fusion-body .fusion-builder-column-2{width:20% !important;order : 0;}.fusion-builder-column-2 > .fusion-column-wrapper {margin-right : 9.6%;margin-left : 9.6%;}}@media only screen and (max-width:640px) {.fusion-body .fusion-builder-column-2{width:100% !important;order : 0;}.fusion-builder-column-2 > .fusion-column-wrapper {margin-right : 1.92%;margin-left : 1.92%;}}<\/style><div class=\"fusion-layout-column fusion_builder_column fusion-builder-column-3 fusion_builder_column_1_5 1_5 fusion-flex-column\"><div class=\"fusion-column-wrapper fusion-flex-justify-content-flex-start fusion-content-layout-column\" style=\"background-position:left top;background-repeat:no-repeat;-webkit-background-size:cover;-moz-background-size:cover;-o-background-size:cover;background-size:cover;padding: 0px 0px 0px 0px;\"><div ><a class=\"fusion-button button-flat button-large button-lightgray button-4 fusion-button-span-yes fusion-button-default-type\" target=\"_self\" href=\"#\" data-toggle=\"modal\" data-target=\".fusion-modal.Patronato\"><span class=\"fusion-button-text\">RESEARCH COMMISSION<\/span><\/a><\/div><\/div><\/div><style type=\"text\/css\">.fusion-body .fusion-builder-column-3{width:20% !important;margin-top : 0px;margin-bottom : 20px;}.fusion-builder-column-3 > .fusion-column-wrapper {padding-top : 0px !important;padding-right : 0px !important;margin-right : 9.6%;padding-bottom : 0px !important;padding-left : 0px !important;margin-left : 9.6%;}@media only screen and (max-width:1532px) {.fusion-body .fusion-builder-column-3{width:20% !important;order : 0;}.fusion-builder-column-3 > .fusion-column-wrapper {margin-right : 9.6%;margin-left : 9.6%;}}@media only screen and (max-width:640px) {.fusion-body .fusion-builder-column-3{width:100% !important;order : 0;}.fusion-builder-column-3 > .fusion-column-wrapper {margin-right : 1.92%;margin-left : 1.92%;}}<\/style><div class=\"fusion-layout-column fusion_builder_column fusion-builder-column-4 fusion_builder_column_1_5 1_5 fusion-flex-column\"><div class=\"fusion-column-wrapper fusion-flex-justify-content-flex-start fusion-content-layout-column\" style=\"background-position:left top;background-repeat:no-repeat;-webkit-background-size:cover;-moz-background-size:cover;-o-background-size:cover;background-size:cover;padding: 0px 0px 0px 0px;\"><div ><style type=\"text\/css\">.fusion-button.button-5 {border-radius:4px;}<\/style><a class=\"fusion-button button-flat button-large button-default button-5 fusion-button-span-yes fusion-button-default-type\" target=\"_self\" href=\"https:\/\/www.incliva.es\/en\/organizational-chart\/advisory-bodies\/training-and-mobility-committee\/\"><span class=\"fusion-button-text\">TRAINING AND MOBILITY COMMITTEE<\/span><\/a><\/div><\/div><\/div><style type=\"text\/css\">.fusion-body .fusion-builder-column-4{width:20% !important;margin-top : 0px;margin-bottom : 20px;}.fusion-builder-column-4 > .fusion-column-wrapper {padding-top : 0px !important;padding-right : 0px !important;margin-right : 9.6%;padding-bottom : 0px !important;padding-left : 0px !important;margin-left : 9.6%;}@media only screen and (max-width:1532px) {.fusion-body .fusion-builder-column-4{width:20% !important;order : 0;}.fusion-builder-column-4 > .fusion-column-wrapper {margin-right : 9.6%;margin-left : 9.6%;}}@media only screen and (max-width:640px) {.fusion-body .fusion-builder-column-4{width:100% !important;order : 0;}.fusion-builder-column-4 > .fusion-column-wrapper {margin-right : 1.92%;margin-left : 1.92%;}}<\/style><\/div><style type=\"text\/css\">.fusion-body .fusion-flex-container.fusion-builder-row-1{ padding-top : 0px;margin-top : 0px;padding-right : 0px;padding-bottom : 0px;margin-bottom : 4%;padding-left : 0px;}<\/style><\/div><div class=\"fusion-fullwidth fullwidth-box fusion-builder-row-2 fusion-flex-container nonhundred-percent-fullwidth non-hundred-percent-height-scrolling\" style=\"background-color: rgba(255,255,255,0);background-position: center center;background-repeat: no-repeat;border-width: 0px 0px 0px 0px;border-color:#e2e2e2;border-style:solid;\" ><div class=\"fusion-builder-row fusion-row fusion-flex-align-items-flex-start\" style=\"max-width:1248px;margin-left: calc(-4% \/ 2 );margin-right: calc(-4% \/ 2 );\"><div class=\"fusion-layout-column fusion_builder_column fusion-builder-column-5 fusion_builder_column_1_5 1_5 fusion-flex-column\"><div class=\"fusion-column-wrapper fusion-flex-justify-content-flex-start fusion-content-layout-column\" style=\"background-position:left top;background-repeat:no-repeat;-webkit-background-size:cover;-moz-background-size:cover;-o-background-size:cover;background-size:cover;padding: 0px 0px 0px 0px;\"><\/div><\/div><style type=\"text\/css\">.fusion-body .fusion-builder-column-5{width:20% !important;margin-top : 0px;margin-bottom : 20px;}.fusion-builder-column-5 > .fusion-column-wrapper {padding-top : 0px !important;padding-right : 0px !important;margin-right : 9.6%;padding-bottom : 0px !important;padding-left : 0px !important;margin-left : 9.6%;}@media only screen and (max-width:1532px) {.fusion-body .fusion-builder-column-5{width:20% !important;}.fusion-builder-column-5 > .fusion-column-wrapper {margin-right : 9.6%;margin-left : 9.6%;}}@media only screen and (max-width:640px) {.fusion-body .fusion-builder-column-5{width:100% !important;}.fusion-builder-column-5 > .fusion-column-wrapper {margin-right : 1.92%;margin-left : 1.92%;}}<\/style><div class=\"fusion-layout-column fusion_builder_column fusion-builder-column-6 fusion_builder_column_3_5 3_5 fusion-flex-column\"><div class=\"fusion-column-wrapper fusion-flex-justify-content-flex-start fusion-content-layout-column\" style=\"background-position:left top;background-repeat:no-repeat;-webkit-background-size:cover;-moz-background-size:cover;-o-background-size:cover;background-size:cover;padding: 0px 0px 0px 0px;\"><div class=\"fusion-text fusion-text-1\" style=\"transform:translate3d(0,0,0);\"><p>The Research Commission is the support body of INCLIVA&#8217;s Internal Scientific Committee for the exercise of its functions and meets ordinarily on the last Thursday of each month to hold its sessions.<\/p>\n<h5><strong>Functions<\/strong><\/h5>\n<ol>\n<li>Evaluate internal research projects, academic papers (TFG \u2013 Bachelor\u2019s thesis-, TFM -Master\u2019s thesis-) and all projects submitted to calls supported by public and\/or private grants.<\/li>\n<li>Review follow-up reports and\/or final reports of research projects participating in public or private calls.<\/li>\n<li>Promote quality in research.<\/li>\n<li>Review other urgent and\/or relevant matters.<\/li>\n<\/ol>\n<h5><strong>Members<\/strong><\/h5>\n<p><strong>President<\/strong><\/p>\n<p>Luis Sabater<\/p>\n<p><strong>Vocals<\/strong><\/p>\n<\/p>\n<div class=\"table-2\">\n<table width=\"100%\">\n<tbody>\n<tr>\n<td align=\"left\">Alba Mulet Arabi<\/td>\n<td align=\"left\">Ana Lloret Alca\u00f1iz<\/td>\n<\/tr>\n<tr>\n<td align=\"left\">Ana Monteagudo S\u00e1nchez<\/td>\n<td align=\"left\">Ana Ortega Guti\u00e9rrez<\/td>\n<\/tr>\n<tr>\n<td align=\"left\">Ana Pilar G\u00f3mez Escribano<\/td>\n<td align=\"left\">Antonio Mart\u00ednez Sabater<\/td>\n<\/tr>\n<tr>\n<td align=\"left\">Ariadna Bargiela Sch\u00f6nbrunn<\/td>\n<td align=\"left\">Aymara Mas Perucho<\/td>\n<\/tr>\n<tr>\n<td align=\"left\">Blanca Ferrer Lores<\/td>\n<td align=\"left\">Carlos Ant\u00fanez Mu\u00f1oz<\/td>\n<\/tr>\n<tr>\n<td align=\"left\">Carlos Tornero Tornero<\/td>\n<td align=\"left\">Carlos Vergara Uzcategui<\/td>\n<\/tr>\n<tr>\n<td align=\"left\">Carmina Montoliu Felix<\/td>\n<td align=\"left\">Carmen Espin\u00f3s Arnero<\/td>\n<\/tr>\n<tr>\n<td align=\"left\">Clara Bonanad Lozano<\/td>\n<td align=\"left\">Cristina Mas-Bargues<\/td>\n<\/tr>\n<tr>\n<td align=\"left\">C\u00e9sar R\u00edos Navarro<\/td>\n<td align=\"left\">Damian Mifsut Miedes<\/td>\n<\/tr>\n<tr>\n<td align=\"left\">Daniel Monle\u00f3n Salvado<\/td>\n<td align=\"left\">David Moro Valdezate<\/td>\n<\/tr>\n<tr>\n<td align=\"left\">Desamparados Roda<\/td>\n<td align=\"left\">Elena Crehu\u00e1 Gaudiza<\/td>\n<\/tr>\n<tr>\n<td align=\"left\">Elena Jim\u00e9nez Mart\u00ed<\/td>\n<td align=\"left\">Enrique Santas Olmeda<\/td>\n<\/tr>\n<tr>\n<td align=\"left\">Eva Serna Garc\u00eda<\/td>\n<td align=\"left\">Felipe Javier Chaves Mart\u00ednez<\/td>\n<\/tr>\n<tr>\n<td align=\"left\">Felipe Vilella Mitjana<\/td>\n<td align=\"left\">Fernando Mart\u00ednez Garc\u00eda<\/td>\n<\/tr>\n<tr>\n<td align=\"left\">Francisco Das\u00ed Fern\u00e1ndez<\/td>\n<td align=\"left\">Gema Mi\u00f1ana Escriv\u00e1<\/td>\n<\/tr>\n<tr>\n<td align=\"left\">Gloria Olaso Gonz\u00e1lez<\/td>\n<td align=\"left\">Herminia Gonz\u00e1lez Navarro<\/td>\n<\/tr>\n<tr>\n<td align=\"left\">Inmaculada Moreno Gimeno<\/td>\n<td align=\"left\">Isabel Gabald\u00f3n S\u00e1nchez<\/td>\n<\/tr>\n<tr>\n<td align=\"left\">Jaime Signes-Costa Mi\u00f1ana<\/td>\n<td align=\"left\">Jaime Verd\u00fa Amor\u00f3s<\/td>\n<\/tr>\n<tr>\n<td align=\"left\">Jose Vicente Arcos Machancoses<\/td>\n<td align=\"left\">Jos\u00e9 Javier Mart\u00edn de Llano<\/td>\n<\/tr>\n<tr>\n<td align=\"left\">Jos\u00e9 Luis Gorriz Teruel<\/td>\n<td align=\"left\">Juan Antonio Navarro Langa<\/td>\n<\/tr>\n<tr>\n<td align=\"left\">Juan Carlos Hern\u00e1ndez Boluda<\/td>\n<td align=\"left\">Juan Gambini Buch\u00f3n<\/td>\n<\/tr>\n<tr>\n<td align=\"left\">Juan Miguel Cejalvo And\u00fajar<\/td>\n<td align=\"left\">Juan N\u00e1cher Rosell\u00f3<\/td>\n<\/tr>\n<tr>\n<td align=\"left\">Julio N\u00fa\u00f1ez Villota<\/td>\n<td align=\"left\">Laura Piqueras Ruiz<\/td>\n<\/tr>\n<tr>\n<td align=\"left\">Lorena Peir\u00f3 Chova<\/td>\n<td align=\"left\">Maite Mart\u00ednez Mart\u00ednez<\/td>\n<\/tr>\n<tr>\n<td align=\"left\">Manuel Cabeza Segura<\/td>\n<td align=\"left\">Manuel Mata Roig<\/td>\n<\/tr>\n<tr>\n<td align=\"left\">Maria Dolores Mauricio Avi\u00f1\u00f3<\/td>\n<td align=\"left\">Marta P\u00e9rez Rando<\/td>\n<\/tr>\n<tr>\n<td align=\"left\">Marta Seco Cervera<\/td>\n<td align=\"left\">Miguel Angel Garc\u00eda P\u00e9rez<\/td>\n<\/tr>\n<tr>\n<td align=\"left\">M\u00aa Cruz Gonz\u00e1lez Villaescusa<\/td>\n<td align=\"left\">M\u00aa Jos\u00e9 Terol Castera<\/td>\n<\/tr>\n<tr>\n<td align=\"left\">Nekane Romero Garc\u00eda<\/td>\n<td align=\"left\">Nuria Cabedo Escrig<\/td>\n<\/tr>\n<tr>\n<td align=\"left\">Patricia Palau Samp\u00edo<\/td>\n<td align=\"left\">Patricia Rosell\u00f3 Millet<\/td>\n<\/tr>\n<tr>\n<td align=\"left\">Pilar Eroles Asensio<\/td>\n<td align=\"left\">Pilar Gonz\u00e1lez Cabo<\/td>\n<\/tr>\n<tr>\n<td align=\"left\">Pilar Rentero Garrido<\/td>\n<td align=\"left\">Raquel Cort\u00e9s Vergaz<\/td>\n<\/tr>\n<tr>\n<td align=\"left\">Raquel Llorens Chiralt<\/td>\n<td align=\"left\">Ra\u00fal G\u00f3mez Gallego<\/td>\n<\/tr>\n<tr>\n<td align=\"left\">Rafael Badenes Quiles<\/td>\n<td align=\"left\">Rosa Noguera Salv\u00e1<\/td>\n<\/tr>\n<tr>\n<td align=\"left\">Rosa Zaragoz\u00e1 Colom<\/td>\n<td align=\"left\">Sergio Garc\u00eda Blas<\/td>\n<\/tr>\n<tr>\n<td align=\"left\">Sergio Mart\u00ednez Herv\u00e1s<\/td>\n<td align=\"left\">Silvia Castillo Corull\u00f3n<\/td>\n<\/tr>\n<tr>\n<td align=\"left\">Silvia Perez Deb\u00e9n<\/td>\n<td align=\"left\">Tania Fleitas Kanonnikoff<\/td>\n<\/tr>\n<tr>\n<td align=\"left\">Tamara Garrido G\u00f3mez<\/td>\n<td align=\"left\">Vicente Bod\u00ed Peris<\/td>\n<\/tr>\n<tr>\n<td align=\"left\">V\u00edctor Manuel V\u00edctor Gonz\u00e1lez<\/td>\n<\/tr>\n<\/tbody>\n<\/table>\n<\/div>\n<p>\n<p>Projects Management Unit: Mar\u00eda Dom\u00ednguez<\/p>\n<h5><strong>Contact details<\/strong><\/h5>\n<p><a href=\"mailto:comision_cci@incliva.es\">comision_cci@incliva.es<\/a><\/p>\n<\/div><\/div><\/div><style type=\"text\/css\">.fusion-body .fusion-builder-column-6{width:60% !important;margin-top : 0px;margin-bottom : 20px;}.fusion-builder-column-6 > .fusion-column-wrapper {padding-top : 0px !important;padding-right : 0px !important;margin-right : 3.2%;padding-bottom : 0px !important;padding-left : 0px !important;margin-left : 3.2%;}@media only screen and (max-width:1532px) {.fusion-body .fusion-builder-column-6{width:60% !important;}.fusion-builder-column-6 > .fusion-column-wrapper {margin-right : 3.2%;margin-left : 3.2%;}}@media only screen and (max-width:640px) {.fusion-body .fusion-builder-column-6{width:100% !important;}.fusion-builder-column-6 > .fusion-column-wrapper {margin-right : 1.92%;margin-left : 1.92%;}}<\/style><div class=\"fusion-layout-column fusion_builder_column fusion-builder-column-7 fusion_builder_column_1_5 1_5 fusion-flex-column\"><div class=\"fusion-column-wrapper fusion-flex-justify-content-flex-start fusion-content-layout-column\" style=\"background-position:left top;background-repeat:no-repeat;-webkit-background-size:cover;-moz-background-size:cover;-o-background-size:cover;background-size:cover;padding: 0px 0px 0px 0px;\"><\/div><\/div><style type=\"text\/css\">.fusion-body .fusion-builder-column-7{width:20% !important;margin-top : 0px;margin-bottom : 20px;}.fusion-builder-column-7 > .fusion-column-wrapper {padding-top : 0px !important;padding-right : 0px !important;margin-right : 9.6%;padding-bottom : 0px !important;padding-left : 0px !important;margin-left : 9.6%;}@media only screen and (max-width:1532px) {.fusion-body .fusion-builder-column-7{width:20% !important;}.fusion-builder-column-7 > .fusion-column-wrapper {margin-right : 9.6%;margin-left : 9.6%;}}@media only screen and (max-width:640px) {.fusion-body .fusion-builder-column-7{width:100% !important;}.fusion-builder-column-7 > .fusion-column-wrapper {margin-right : 1.92%;margin-left : 1.92%;}}<\/style><\/div><style type=\"text\/css\">.fusion-body .fusion-flex-container.fusion-builder-row-2{ padding-top : 0px;margin-top : 0px;padding-right : 0px;padding-bottom : 4%;margin-bottom : 0px;padding-left : 0px;}<\/style><\/div><\/p>\n","protected":false},"excerpt":{"rendered":"","protected":false},"author":1,"featured_media":0,"parent":10314,"menu_order":0,"comment_status":"closed","ping_status":"closed","template":"","meta":[],"acf":[],"_links":{"self":[{"href":"https:\/\/www.incliva.es\/en\/wp-json\/wp\/v2\/pages\/8856"}],"collection":[{"href":"https:\/\/www.incliva.es\/en\/wp-json\/wp\/v2\/pages"}],"about":[{"href":"https:\/\/www.incliva.es\/en\/wp-json\/wp\/v2\/types\/page"}],"author":[{"embeddable":true,"href":"https:\/\/www.incliva.es\/en\/wp-json\/wp\/v2\/users\/1"}],"replies":[{"embeddable":true,"href":"https:\/\/www.incliva.es\/en\/wp-json\/wp\/v2\/comments?post=8856"}],"version-history":[{"count":11,"href":"https:\/\/www.incliva.es\/en\/wp-json\/wp\/v2\/pages\/8856\/revisions"}],"predecessor-version":[{"id":43790,"href":"https:\/\/www.incliva.es\/en\/wp-json\/wp\/v2\/pages\/8856\/revisions\/43790"}],"up":[{"embeddable":true,"href":"https:\/\/www.incliva.es\/en\/wp-json\/wp\/v2\/pages\/10314"}],"wp:attachment":[{"href":"https:\/\/www.incliva.es\/en\/wp-json\/wp\/v2\/media?parent=8856"}],"curies":[{"name":"wp","href":"https:\/\/api.w.org\/{rel}","templated":true}]}}