{"id":8581,"date":"2020-12-22T11:30:41","date_gmt":"2020-12-22T09:30:41","guid":{"rendered":"https:\/\/www.incliva.es\/what-we-do\/investigadores-emergentes\/"},"modified":"2026-04-02T11:41:45","modified_gmt":"2026-04-02T09:41:45","slug":"emerging-researchers","status":"publish","type":"page","link":"https:\/\/www.incliva.es\/en\/what-we-do\/emerging-researchers\/","title":{"rendered":"Emerging Researchers"},"content":{"rendered":"<div class=\"fusion-fullwidth fullwidth-box fusion-builder-row-1 fusion-flex-container nonhundred-percent-fullwidth non-hundred-percent-height-scrolling\" style=\"background-color: rgba(255,255,255,0);background-position: center center;background-repeat: no-repeat;border-width: 0px 0px 0px 0px;border-color:#e2e2e2;border-style:solid;\" ><div class=\"fusion-builder-row fusion-row fusion-flex-align-items-flex-start\" style=\"max-width:1248px;margin-left: calc(-4% \/ 2 );margin-right: calc(-4% \/ 2 );\"><div class=\"fusion-layout-column fusion_builder_column fusion-builder-column-0 fusion_builder_column_1_1 1_1 fusion-flex-column\"><div class=\"fusion-column-wrapper fusion-flex-justify-content-flex-start fusion-content-layout-column\" style=\"background-position:left top;background-repeat:no-repeat;-webkit-background-size:cover;-moz-background-size:cover;-o-background-size:cover;background-size:cover;padding: 0px 0px 0px 0px;\"><div class=\"fusion-text fusion-text-1\" style=\"transform:translate3d(0,0,0);\"><p><!--emergentes--><\/p>\n<div class=\"table-2\">\n<table width=\"80%\">\n<tbody>\n<tr>\n<td align=\"left\">\n<h5>Investigador\/a Emergente<\/h5>\n<\/td>\n<td align=\"left\">\n<h5>Pertenece a<\/h5>\n<\/td>\n<\/tr>\n<tr>\n<td><a href=\"https:\/\/incliva.portalinvestigacion.com\/investigadores\/2478\">Dr. Eliseo Alejandro Albert Vicent<\/a><\/td>\n<td>Grupo de Investigaci\u00f3n en Microbiolog\u00eda Molecular y Patog\u00e9nesis Microbiana<\/td>\n<\/tr>\n<tr>\n<td><a href=\"https:\/\/incliva.portalinvestigacion.com\/investigadores\/2050\">Dra. M\u00aa Pilar Ballester Ferr\u00e9<\/a><\/td>\n<td>Grupo de Investigaci\u00f3n de Deterioro Neurol\u00f3gico<\/td>\n<\/tr>\n<tr>\n<td><a href=\"https:\/\/incliva.portalinvestigacion.com\/investigadores\/2788\">Dra. Ariadna Bargiela Sch\u00f6nbrunn<\/a><\/td>\n<td>Grupo de Gen\u00f3mica Traslacional Humana<\/td>\n<\/tr>\n<tr>\n<td><a href=\"https:\/\/incliva.portalinvestigacion.com\/investigadores\/2425\">Dra. Clara Bonanad Lozano<\/a><\/td>\n<td>Grupo de Investigaci\u00f3n Traslacional en Cardiopat\u00eda Isqu\u00e9mica<\/td>\n<\/tr>\n<tr>\n<td><a href=\"https:\/\/incliva.portalinvestigacion.com\/investigadores\/2150\">Dr. Juan Miguel Cejalvo And\u00fajar<\/a><\/td>\n<td>Grupo de Investigaci\u00f3n en Biolog\u00eda en C\u00e1ncer de mama<\/td>\n<\/tr>\n<tr>\n<td><a href=\"https:\/\/incliva.portalinvestigacion.com\/investigadores\/2791\">Dr. Ana\u00efs Corma G\u00f3mez<\/a><\/td>\n<td>Grupo de Estudio de Riesgo Cardiometab\u00f3lico y Renal<\/td>\n<\/tr>\n<tr>\n<td><a href=\"https:\/\/incliva.portalinvestigacion.com\/investigadores\/2233\">Dra. Valentina Gambardella<\/a><\/td>\n<td>Grupo de Investigaci\u00f3n en c\u00e1ncer colorrectal y nuevos desarrollos terap\u00e9uticos en tumores s\u00f3lidos<\/td>\n<\/tr>\n<tr>\n<td><a href=\"https:\/\/incliva.portalinvestigacion.com\/investigadores\/2071\">Dra. Vera Luc\u00eda Gomes Francisco<\/a><\/td>\n<td>Grupo de Investigaci\u00f3n sobre Riesgo Cardiometab\u00f3lico y Diabetes<\/td>\n<\/tr>\n<tr>\n<td><a href=\"https:\/\/incliva.portalinvestigacion.com\/investigadores\/2700\">Dr. Javier Hern\u00e1ndez Gil<\/a><\/td>\n<td>Grupo de Investigaci\u00f3n en c\u00e1ncer colorrectal y nuevos desarrollos terap\u00e9uticos en tumores s\u00f3lidos<\/td>\n<\/tr>\n<tr>\n<td><a href=\"https:\/\/incliva.portalinvestigacion.com\/investigadores\/2437\">Dr. V\u00edctor Marcos Garc\u00e9s<\/a><\/td>\n<td>Grupo de Investigaci\u00f3n Traslacional en Cardiopat\u00eda Isqu\u00e9mica<\/td>\n<\/tr>\n<tr>\n<td><a href=\"https:\/\/incliva.portalinvestigacion.com\/investigadores\/2790\">Dr. David Mart\u00ed Aguado<\/a><\/td>\n<td>Grupo de Estudio de Riesgo Cardiometab\u00f3lico y Renal<\/td>\n<\/tr>\n<tr>\n<td><a href=\"https:\/\/incliva.portalinvestigacion.com\/investigadores\/2074\">Dra. Ana Ortega Guti\u00e9rrez<\/a><\/td>\n<td>Grupo de Estudio de Riesgo Cardiometab\u00f3lico y Renal<\/td>\n<\/tr>\n<tr>\n<td><a href=\"https:\/\/incliva.portalinvestigacion.com\/investigadores\/2642\">Dra. Olga Mar\u00eda Rivero Mart\u00edn<\/a><\/td>\n<td>Grupo de Investigaci\u00f3n en Psiquiatr\u00eda y Enfermedades Neurodegenerativas<\/td>\n<\/tr>\n<tr>\n<td><a href=\"https:\/\/incliva.portalinvestigacion.com\/investigadores\/2224\">Dra. Noelia Tarazona Llavero<\/a><\/td>\n<td>Grupo de Investigaci\u00f3n en c\u00e1ncer colorrectal y nuevos desarrollos terap\u00e9uticos en tumores s\u00f3lidos<\/td>\n<\/tr>\n<tr>\n<td><a href=\"https:\/\/incliva.portalinvestigacion.com\/investigadores\/2483\">Dr. Ignacio Torres Fink<\/a><\/td>\n<td>Grupo de Investigaci\u00f3n en Microbiolog\u00eda Molecular y Patog\u00e9nesis Microbiana<\/td>\n<\/tr>\n<tr>\n<td><a href=\"https:\/\/incliva.portalinvestigacion.com\/investigadores\/2575\">Dr. Juan Antonio Navarro Langa<\/a><\/td>\n<td>Grupo de Investigaci\u00f3n en Fisiopatolog\u00eda celular y org\u00e1nica del estr\u00e9s oxidativo<\/td>\n<\/tr>\n<tr>\n<td><a href=\"https:\/\/incliva.portalinvestigacion.com\/investigadores\/2735\">Dra. Ana Monteagudo S\u00e1nchez<\/a><\/td>\n<td>Grupo de Investigaci\u00f3n en Comunicaci\u00f3n Materno Fetal<\/td>\n<\/tr>\n<tr>\n<td><a href=\"https:\/\/incliva.portalinvestigacion.com\/investigadores\/2170\">Dr. Miguel Lorenzo Hern\u00e1ndez<\/a><\/td>\n<td>Grupo de Investigaci\u00f3n en Insuficiencia Cardiaca<\/td>\n<\/tr>\n<tr>\n<td><a href=\"https:\/\/incliva.portalinvestigacion.com\/investigadores\/2952\">Dra. Raquel Franc\u00e9s Romero<\/a><\/td>\n<td>Grupo de Investigaci\u00f3n sobre Fisiopatolog\u00eda celular y org\u00e1nica del estr\u00e9s oxidativo<\/td>\n<\/tr>\n<\/tbody>\n<\/table>\n<\/div>\n<p><!--emergentes fin--><\/p>\n<\/div><\/div><\/div><style type=\"text\/css\">.fusion-body .fusion-builder-column-0{width:100% !important;margin-top : 0px;margin-bottom : 20px;}.fusion-builder-column-0 > .fusion-column-wrapper {padding-top : 0px !important;padding-right : 0px !important;margin-right : 1.92%;padding-bottom : 0px !important;padding-left : 0px !important;margin-left : 1.92%;}@media only screen and (max-width:1532px) {.fusion-body .fusion-builder-column-0{width:100% !important;}.fusion-builder-column-0 > .fusion-column-wrapper {margin-right : 1.92%;margin-left : 1.92%;}}@media only screen and (max-width:640px) {.fusion-body .fusion-builder-column-0{width:100% !important;}.fusion-builder-column-0 > .fusion-column-wrapper {margin-right : 1.92%;margin-left : 1.92%;}}<\/style><\/div><style type=\"text\/css\">.fusion-body .fusion-flex-container.fusion-builder-row-1{ padding-top : 0px;margin-top : 0px;padding-right : 0px;padding-bottom : 0px;margin-bottom : 0px;padding-left : 0px;}<\/style><\/div>\n","protected":false},"excerpt":{"rendered":"","protected":false},"author":1,"featured_media":0,"parent":8451,"menu_order":0,"comment_status":"closed","ping_status":"closed","template":"100-width.php","meta":[],"acf":[],"_links":{"self":[{"href":"https:\/\/www.incliva.es\/en\/wp-json\/wp\/v2\/pages\/8581"}],"collection":[{"href":"https:\/\/www.incliva.es\/en\/wp-json\/wp\/v2\/pages"}],"about":[{"href":"https:\/\/www.incliva.es\/en\/wp-json\/wp\/v2\/types\/page"}],"author":[{"embeddable":true,"href":"https:\/\/www.incliva.es\/en\/wp-json\/wp\/v2\/users\/1"}],"replies":[{"embeddable":true,"href":"https:\/\/www.incliva.es\/en\/wp-json\/wp\/v2\/comments?post=8581"}],"version-history":[{"count":11,"href":"https:\/\/www.incliva.es\/en\/wp-json\/wp\/v2\/pages\/8581\/revisions"}],"predecessor-version":[{"id":49907,"href":"https:\/\/www.incliva.es\/en\/wp-json\/wp\/v2\/pages\/8581\/revisions\/49907"}],"up":[{"embeddable":true,"href":"https:\/\/www.incliva.es\/en\/wp-json\/wp\/v2\/pages\/8451"}],"wp:attachment":[{"href":"https:\/\/www.incliva.es\/en\/wp-json\/wp\/v2\/media?parent=8581"}],"curies":[{"name":"wp","href":"https:\/\/api.w.org\/{rel}","templated":true}]}}