{"id":8545,"date":"2020-12-18T05:23:08","date_gmt":"2020-12-18T03:23:08","guid":{"rendered":"https:\/\/www.incliva.es\/ceim\/composicion\/"},"modified":"2026-03-25T11:49:01","modified_gmt":"2026-03-25T09:49:01","slug":"composition","status":"publish","type":"page","link":"https:\/\/www.incliva.es\/en\/services\/researcher-services\/scientific-management\/ceim\/composition\/","title":{"rendered":"Composition"},"content":{"rendered":"<p><div class=\"fusion-fullwidth fullwidth-box fusion-builder-row-1 fusion-flex-container nonhundred-percent-fullwidth non-hundred-percent-height-scrolling\" style=\"background-color: rgba(255,255,255,0);background-position: center center;background-repeat: no-repeat;border-width: 0px 0px 0px 0px;border-color:#e2e2e2;border-style:solid;\" ><div class=\"fusion-builder-row fusion-row fusion-flex-align-items-center fusion-flex-justify-content-center\" style=\"max-width:1248px;margin-left: calc(-4% \/ 2 );margin-right: calc(-4% \/ 2 );\"><div class=\"fusion-layout-column fusion_builder_column fusion-builder-column-0 fusion_builder_column_1_4 1_4 fusion-flex-column fusion-flex-align-self-center\"><div class=\"fusion-column-wrapper fusion-flex-justify-content-center fusion-content-layout-column\" style=\"background-position:left top;background-repeat:no-repeat;-webkit-background-size:cover;-moz-background-size:cover;-o-background-size:cover;background-size:cover;padding: 0px 0px 0px 0px;\"><div ><style type=\"text\/css\">.fusion-button.button-1 {border-radius:4px;}<\/style><a class=\"fusion-button button-flat button-large button-default button-1 fusion-button-span-yes fusion-button-default-type\" target=\"_self\" href=\"\/en\/services\/researcher-services\/scientific-management\/ceim\/composition\"><span class=\"fusion-button-text\">Composition<\/span><\/a><\/div><\/div><\/div><style type=\"text\/css\">.fusion-body .fusion-builder-column-0{width:25% !important;margin-top : 0px;margin-bottom : 20px;}.fusion-builder-column-0 > .fusion-column-wrapper {padding-top : 0px !important;padding-right : 0px !important;margin-right : 7.68%;padding-bottom : 0px !important;padding-left : 0px !important;margin-left : 7.68%;}@media only screen and (max-width:1532px) {.fusion-body .fusion-builder-column-0{width:25% !important;order : 0;}.fusion-builder-column-0 > .fusion-column-wrapper {margin-right : 7.68%;margin-left : 7.68%;}}@media only screen and (max-width:640px) {.fusion-body .fusion-builder-column-0{width:100% !important;order : 0;}.fusion-builder-column-0 > .fusion-column-wrapper {margin-right : 1.92%;margin-left : 1.92%;}}<\/style><div class=\"fusion-layout-column fusion_builder_column fusion-builder-column-1 fusion_builder_column_1_4 1_4 fusion-flex-column fusion-flex-align-self-center\"><div class=\"fusion-column-wrapper fusion-flex-justify-content-center fusion-content-layout-column\" style=\"background-position:left top;background-repeat:no-repeat;-webkit-background-size:cover;-moz-background-size:cover;-o-background-size:cover;background-size:cover;padding: 0px 0px 0px 0px;\"><div ><style type=\"text\/css\">.fusion-button.button-2 {border-radius:4px;}<\/style><a class=\"fusion-button button-flat button-large button-default button-2 fusion-button-span-yes fusion-button-default-type\" target=\"_self\" href=\"\/en\/services\/researcher-services\/scientific-management\/ceim\/evaluation-requirements\"><span class=\"fusion-button-text\">Evaluation requirements<\/span><\/a><\/div><\/div><\/div><style type=\"text\/css\">.fusion-body .fusion-builder-column-1{width:25% !important;margin-top : 0px;margin-bottom : 20px;}.fusion-builder-column-1 > .fusion-column-wrapper {padding-top : 0px !important;padding-right : 0px !important;margin-right : 7.68%;padding-bottom : 0px !important;padding-left : 0px !important;margin-left : 7.68%;}@media only screen and (max-width:1532px) {.fusion-body .fusion-builder-column-1{width:25% !important;order : 0;}.fusion-builder-column-1 > .fusion-column-wrapper {margin-right : 7.68%;margin-left : 7.68%;}}@media only screen and (max-width:640px) {.fusion-body .fusion-builder-column-1{width:100% !important;order : 0;}.fusion-builder-column-1 > .fusion-column-wrapper {margin-right : 1.92%;margin-left : 1.92%;}}<\/style><div class=\"fusion-layout-column fusion_builder_column fusion-builder-column-2 fusion_builder_column_1_4 1_4 fusion-flex-column fusion-flex-align-self-center\"><div class=\"fusion-column-wrapper fusion-flex-justify-content-center fusion-content-layout-column\" style=\"background-position:left top;background-repeat:no-repeat;-webkit-background-size:cover;-moz-background-size:cover;-o-background-size:cover;background-size:cover;padding: 0px 0px 0px 0px;\"><div ><style type=\"text\/css\">.fusion-button.button-3 {border-radius:4px;}<\/style><a class=\"fusion-button button-flat button-large button-default button-3 fusion-button-span-yes fusion-button-default-type\" target=\"_self\" href=\"https:\/\/www.incliva.es\/wp-content\/uploads\/2024\/07\/Calendario-CEIm-2024-MODIFICACIONES.pdf\"><span class=\"fusion-button-text\">Meeting calendar<\/span><\/a><\/div><\/div><\/div><style type=\"text\/css\">.fusion-body .fusion-builder-column-2{width:25% !important;margin-top : 0px;margin-bottom : 20px;}.fusion-builder-column-2 > .fusion-column-wrapper {padding-top : 0px !important;padding-right : 0px !important;margin-right : 7.68%;padding-bottom : 0px !important;padding-left : 0px !important;margin-left : 7.68%;}@media only screen and (max-width:1532px) {.fusion-body .fusion-builder-column-2{width:25% !important;order : 0;}.fusion-builder-column-2 > .fusion-column-wrapper {margin-right : 7.68%;margin-left : 7.68%;}}@media only screen and (max-width:640px) {.fusion-body .fusion-builder-column-2{width:100% !important;order : 0;}.fusion-builder-column-2 > .fusion-column-wrapper {margin-right : 1.92%;margin-left : 1.92%;}}<\/style><div class=\"fusion-layout-column fusion_builder_column fusion-builder-column-3 fusion_builder_column_1_4 1_4 fusion-flex-column fusion-flex-align-self-center\"><div class=\"fusion-column-wrapper fusion-flex-justify-content-center fusion-content-layout-column\" style=\"background-position:left top;background-repeat:no-repeat;-webkit-background-size:cover;-moz-background-size:cover;-o-background-size:cover;background-size:cover;padding: 0px 0px 0px 0px;\"><div ><style type=\"text\/css\">.fusion-button.button-4 {border-radius:4px;}<\/style><a class=\"fusion-button button-flat button-large button-default button-4 fusion-button-span-yes fusion-button-default-type\" target=\"_self\" href=\"https:\/\/www.incliva.es\/wp-content\/uploads\/2023\/04\/Tasas-evaluacion-CEIm-HCUV-2023.pdf\"><span class=\"fusion-button-text\">Fees<\/span><\/a><\/div><\/div><\/div><style type=\"text\/css\">.fusion-body .fusion-builder-column-3{width:25% !important;margin-top : 0px;margin-bottom : 20px;}.fusion-builder-column-3 > .fusion-column-wrapper {padding-top : 0px !important;padding-right : 0px !important;margin-right : 7.68%;padding-bottom : 0px !important;padding-left : 0px !important;margin-left : 7.68%;}@media only screen and (max-width:1532px) {.fusion-body .fusion-builder-column-3{width:25% !important;order : 0;}.fusion-builder-column-3 > .fusion-column-wrapper {margin-right : 7.68%;margin-left : 7.68%;}}@media only screen and (max-width:640px) {.fusion-body .fusion-builder-column-3{width:100% !important;order : 0;}.fusion-builder-column-3 > .fusion-column-wrapper {margin-right : 1.92%;margin-left : 1.92%;}}<\/style><\/div><style type=\"text\/css\">.fusion-body .fusion-flex-container.fusion-builder-row-1{ padding-top : 0px;margin-top : 0px;padding-right : 0px;padding-bottom : 0px;margin-bottom : 0px;padding-left : 0px;}<\/style><\/div><div class=\"fusion-fullwidth fullwidth-box fusion-builder-row-2 fusion-flex-container nonhundred-percent-fullwidth non-hundred-percent-height-scrolling\" style=\"background-color: rgba(255,255,255,0);background-position: center center;background-repeat: no-repeat;border-width: 0px 0px 0px 0px;border-color:#e2e2e2;border-style:solid;\" ><div class=\"fusion-builder-row fusion-row fusion-flex-align-items-flex-start\" style=\"max-width:1248px;margin-left: calc(-4% \/ 2 );margin-right: calc(-4% \/ 2 );\"><div class=\"fusion-layout-column fusion_builder_column fusion-builder-column-4 fusion_builder_column_2_3 2_3 fusion-flex-column\"><div class=\"fusion-column-wrapper fusion-flex-justify-content-flex-start fusion-content-layout-column\" style=\"background-position:left top;background-repeat:no-repeat;-webkit-background-size:cover;-moz-background-size:cover;-o-background-size:cover;background-size:cover;padding: 0px 0px 0px 0px;\"><div class=\"fusion-text fusion-text-1\" style=\"transform:translate3d(0,0,0);\"><h5 style=\"text-align: justify;\">Composition of the CEIm<\/h5>\n<h5>President<\/h5>\n<p>Dr. Luisa Calabuig Mu\u00f1oz, <em>Associate Doctor. Hematology Service<\/em><\/p>\n<h5>Vice president<\/h5>\n<p>Dr. Esteban Morcillo S\u00e1nchez, <em>Clinical Pharmacologist<\/em><\/p>\n<h5>Head of Technical Secretariat<\/h5>\n<p>Dr. Manuel Al\u00f3s Almi\u00f1ana, <em>Head of Pharmacy Service<\/em><\/p>\n<h5>Board members<\/h5>\n<p>Dr. Diego V. Cano Blanquer, <em>Hospital Pharmacist <\/em><em><br \/>\n<\/em>Carmen Celda Ortega, <em>Graduate in nursing<br \/>\n<\/em>Dr. Berta Monle\u00f3n L\u00f3pez, <em>Specialist in Anesthesia and Resuscitation<\/em><em><br \/>\n<\/em>Dr. Patricia Rosell\u00f3 Millet, <em>Associated doctor. Pediatric Service<\/em><em><br \/>\n<\/em>Dr. Tania Fleitas Kanonnikoff, <em>Associated doctor. Oncology Service<\/em><em><br \/>\n<\/em>Dr. Francisco Das\u00ed Fern\u00e1ndez, <em>Researcher of the National Health Service \u201cMiguel Servet\u201d<\/em><span id=\"page3R_mcid63\" class=\"markedContent\"><span dir=\"ltr\" role=\"presentation\"><em><span id=\"page3R_mcid64\" class=\"markedContent\"><br \/>\n<\/span><\/em><span id=\"page3R_mcid64\" class=\"markedContent\">Dr. <\/span><span id=\"page3R_mcid64\" class=\"markedContent\">M\u00aa Jos\u00e9 Galindo Puerto,<\/span><em><span id=\"page3R_mcid64\" class=\"markedContent\">Jefe de secci\u00f3n de la Unidad de Enfermedades Infecciosas<br \/>\n<\/span><\/em><span id=\"page3R_mcid64\" class=\"markedContent\">Dr. Stephanie Garc\u00eda Botello,<\/span><em><span id=\"page3R_mcid64\" class=\"markedContent\"> Associated doctor. General Surgery<br \/>\n<\/span><\/em><span id=\"page3R_mcid64\" class=\"markedContent\">Dr. Jorge Navarro P\u00e9rez, <\/span><em><span id=\"page3R_mcid64\" class=\"markedContent\">Associated doctor. Primary care Service.<br \/>\n<\/span><\/em><span id=\"page3R_mcid64\" class=\"markedContent\">Dr. Encarnaci\u00f3n Isabel Gonzalvo Puchades<\/span><em><span id=\"page3R_mcid64\" class=\"markedContent\">. Farmac\u00e9utica de Atenci\u00f3n Primaria<br \/>\n<\/span><\/em><span id=\"page3R_mcid64\" class=\"markedContent\">Dr. Bego\u00f1a Bermejo de las Heras<\/span><em><span id=\"page3R_mcid64\" class=\"markedContent\">. Associated doctor, Oncology Service<\/span><\/em><\/span><\/span><br \/>\nDr Santos Ferrer Espinosa, <em>Associated doctor. Pneumology Service<br \/>\n<\/em>Dr. Enrique Santas Olmeda, Associated doctor. Cardiology Service<em><br \/>\n<\/em>Dr. M\u00aa Jos\u00e9 Fabi\u00e0 Valls, Associated doctor. Internal Medicine Service<br \/>\nDavid Juan L\u00f3pez Ortega, <em>Graduated in Law<\/em><br \/>\nSoyel Rafael Barajas Cenobio, <em>quality and data protection responsible of INCLIVA<\/em><em><br \/>\n<\/em>Antonio Ord\u00f3\u00f1ez Salda\u00f1a,<em> Lego member.<br \/>\n<\/em><\/p>\n<p><em>\u00a0<\/em><\/p>\n<\/div><\/div><\/div><style type=\"text\/css\">.fusion-body .fusion-builder-column-4{width:66.666666666667% !important;margin-top : 0px;margin-bottom : 20px;}.fusion-builder-column-4 > .fusion-column-wrapper {padding-top : 0px !important;padding-right : 0px !important;margin-right : 2.88%;padding-bottom : 0px !important;padding-left : 0px !important;margin-left : 2.88%;}@media only screen and (max-width:1532px) {.fusion-body .fusion-builder-column-4{width:66.666666666667% !important;}.fusion-builder-column-4 > .fusion-column-wrapper {margin-right : 2.88%;margin-left : 2.88%;}}@media only screen and (max-width:640px) {.fusion-body .fusion-builder-column-4{width:100% !important;}.fusion-builder-column-4 > .fusion-column-wrapper {margin-right : 1.92%;margin-left : 1.92%;}}<\/style><div class=\"fusion-layout-column fusion_builder_column fusion-builder-column-5 fusion_builder_column_1_3 1_3 fusion-flex-column\"><div class=\"fusion-column-wrapper fusion-flex-justify-content-flex-start fusion-content-layout-column\" style=\"background-position:left top;background-repeat:no-repeat;-webkit-background-size:cover;-moz-background-size:cover;-o-background-size:cover;background-size:cover;background-color:#f9f9f9;border-width: 0 0 0 2px;border-color:#9da0d2;border-style:solid;padding: 4% 4% 4% 4%;\"><div class=\"fusion-text fusion-text-2\" style=\"transform:translate3d(0,0,0);\"><h5 style=\"text-align: center;\">Contact<\/h5>\n<p style=\"text-align: center;\"><a href=\"mailto:ceic_hcv@gva.es\">ceic_hcv@gva.es<\/a><br \/>\nPhone: <span data-olk-copy-source=\"MessageBody\">(+34) 96 254 23 96<\/span><\/p>\n<p style=\"text-align: center;\">Avenida Blasco Ib\u00e1\u00f1ez 17<br \/>\n46010 Valencia<\/p>\n<p style=\"text-align: center;\">Secretary:<br \/>\nAvenida Men\u00e9ndez Pelayo n\u00famero 3, local 14, 46010, Valencia<\/p>\n<\/div><\/div><\/div><style type=\"text\/css\">.fusion-body .fusion-builder-column-5{width:33.333333333333% !important;margin-top : 0px;margin-bottom : 20px;}.fusion-builder-column-5 > .fusion-column-wrapper {padding-top : 4% !important;padding-right : 4% !important;margin-right : 5.76%;padding-bottom : 4% !important;padding-left : 4% !important;margin-left : 5.76%;}@media only screen and (max-width:1532px) {.fusion-body .fusion-builder-column-5{width:33.333333333333% !important;order : 0;}.fusion-builder-column-5 > .fusion-column-wrapper {margin-right : 5.76%;margin-left : 5.76%;}}@media only screen and (max-width:640px) {.fusion-body .fusion-builder-column-5{width:100% !important;order : 0;}.fusion-builder-column-5 > .fusion-column-wrapper {margin-right : 1.92%;margin-left : 1.92%;}}<\/style><\/div><style type=\"text\/css\">.fusion-fullwidth.fusion-builder-row-2 { overflow:visible; }.fusion-body .fusion-flex-container.fusion-builder-row-2{ padding-top : 2%;margin-top : 0px;padding-right : 0px;padding-bottom : 0px;margin-bottom : 0px;padding-left : 0px;}<\/style><\/div><\/p>\n","protected":false},"excerpt":{"rendered":"","protected":false},"author":1,"featured_media":0,"parent":8461,"menu_order":0,"comment_status":"closed","ping_status":"closed","template":"","meta":[],"acf":[],"_links":{"self":[{"href":"https:\/\/www.incliva.es\/en\/wp-json\/wp\/v2\/pages\/8545"}],"collection":[{"href":"https:\/\/www.incliva.es\/en\/wp-json\/wp\/v2\/pages"}],"about":[{"href":"https:\/\/www.incliva.es\/en\/wp-json\/wp\/v2\/types\/page"}],"author":[{"embeddable":true,"href":"https:\/\/www.incliva.es\/en\/wp-json\/wp\/v2\/users\/1"}],"replies":[{"embeddable":true,"href":"https:\/\/www.incliva.es\/en\/wp-json\/wp\/v2\/comments?post=8545"}],"version-history":[{"count":11,"href":"https:\/\/www.incliva.es\/en\/wp-json\/wp\/v2\/pages\/8545\/revisions"}],"predecessor-version":[{"id":49685,"href":"https:\/\/www.incliva.es\/en\/wp-json\/wp\/v2\/pages\/8545\/revisions\/49685"}],"up":[{"embeddable":true,"href":"https:\/\/www.incliva.es\/en\/wp-json\/wp\/v2\/pages\/8461"}],"wp:attachment":[{"href":"https:\/\/www.incliva.es\/en\/wp-json\/wp\/v2\/media?parent=8545"}],"curies":[{"name":"wp","href":"https:\/\/api.w.org\/{rel}","templated":true}]}}