{"id":48042,"date":"2026-01-13T11:13:22","date_gmt":"2026-01-13T09:13:22","guid":{"rendered":"https:\/\/www.incliva.es\/what-we-do\/cross-cutting-programmes\/enfermedades-infecciosas\/"},"modified":"2026-05-04T13:08:08","modified_gmt":"2026-05-04T11:08:08","slug":"infectious-diseases","status":"publish","type":"page","link":"https:\/\/www.incliva.es\/en\/what-we-do\/cross-cutting-programmes\/infectious-diseases\/","title":{"rendered":"Infectious Diseases"},"content":{"rendered":"<div class=\"fusion-fullwidth fullwidth-box fusion-builder-row-1 fusion-flex-container nonhundred-percent-fullwidth non-hundred-percent-height-scrolling\" style=\"background-color: rgba(255,255,255,0);background-position: center center;background-repeat: no-repeat;border-width: 0px 0px 0px 0px;border-color:#e2e2e2;border-style:solid;\" ><div class=\"fusion-builder-row fusion-row fusion-flex-align-items-flex-start\" style=\"max-width:1248px;margin-left: calc(-4% \/ 2 );margin-right: calc(-4% \/ 2 );\"><div class=\"fusion-layout-column fusion_builder_column fusion-builder-column-0 fusion_builder_column_2_3 2_3 fusion-flex-column\"><div class=\"fusion-column-wrapper fusion-flex-justify-content-flex-start fusion-content-layout-column\" style=\"background-position:left top;background-repeat:no-repeat;-webkit-background-size:cover;-moz-background-size:cover;-o-background-size:cover;background-size:cover;padding: 0px 0px 0px 0px;\"><div class=\"fusion-text fusion-text-1\" style=\"transform:translate3d(0,0,0);\"><h3>Infectious Diseases<\/h3>\n<\/div><div class=\"fusion-separator fusion-full-width-sep\" style=\"align-self: center;margin-left: auto;margin-right: auto;margin-top:3px;margin-bottom:10px;width:100%;\"><div class=\"fusion-separator-border sep-single sep-solid\" style=\"border-color:#9DA0D2;border-top-width:1px;\"><\/div><\/div><div class=\"fusion-text fusion-text-2\" style=\"transform:translate3d(0,0,0);\"><h5>Objectives<\/h5>\n<ul>\n<li>To study the molecular and cellular mechanisms underlying microbial pathogenesis, antimicrobial resistance and the immune response.<\/li>\n<li>To improve the prevention, early diagnosis, monitoring and treatment of emerging infections and chronic infectious diseases, particularly in immunocompromised patients.<\/li>\n<li>To strengthen the capacity to respond to epidemic outbreaks through molecular surveillance and the development of new therapeutic and vaccine strategies.<\/li>\n<\/ul>\n<\/div><div class=\"fusion-separator fusion-full-width-sep\" style=\"align-self: center;margin-left: auto;margin-right: auto;margin-top:3px;margin-bottom:10px;width:100%;\"><div class=\"fusion-separator-border sep-single sep-solid\" style=\"border-color:#9DA0D2;border-top-width:1px;\"><\/div><\/div><div class=\"fusion-text fusion-text-3\" style=\"transform:translate3d(0,0,0);\"><p><!--grupos--><\/p>\n<h5>Clinical Groups<\/h5>\n<ul>\n<li><a href=\"https:\/\/incliva.portalinvestigacion.com\/grupos\/289\">Cardiometabolic and Renal Risk Study Group. (Dr Josep Redon and Raquel Cort\u00e9s)<\/a><\/li>\n<li><a href=\"https:\/\/incliva.portalinvestigacion.com\/grupos\/284\">Haematopoietic Transplant Research Group. (Dr Carlos Solano)<\/a><\/li>\n<li><a href=\"https:\/\/incliva.portalinvestigacion.com\/grupos\/386\">Grupo de Microbiolog\u00eda Molecular y Patog\u00e9nesis Microbiana. (Dr David Navarro)<\/a><\/li>\n<li><a href=\"https:\/\/incliva.portalinvestigacion.com\/grupos\/378\">Epigenomics and Translational Epigenetics Group. (Dr Jos\u00e9 Luis Garc\u00eda)<\/a><\/li>\n<li><a href=\"https:\/\/incliva.portalinvestigacion.com\/grupos\/285\">Research Group on Colorectal Cancer and New Therapeutic Developments in Solid Tumours. (Dr Andr\u00e9s Cervantes and Noelia Tarazona)<\/a><\/li>\n<li><a href=\"https:\/\/incliva.portalinvestigacion.com\/grupos\/291\">Neurological Degeneration Research Group. (Dr Carmina Montoliu)<\/a><\/li>\n<li><a href=\"https:\/\/incliva.portalinvestigacion.com\/grupos\/276\">Respiratory Diseases Group. (Dr Jaime Signes Costa)<\/a><\/li>\n<li><a href=\"https:\/\/incliva.portalinvestigacion.com\/grupos\/401\">Translational Research Group on Oesophagogastric Cancer. (Dr Tania Fleitas)<\/a><\/li>\n<li><a href=\"https:\/\/incliva.portalinvestigacion.com\/grupos\/384\">Associated Clinical Group in Gastroenterology. (Dr Isabel Pascual)<\/a><\/li>\n<li><a href=\"https:\/\/incliva.portalinvestigacion.com\/grupos\/381\">Associated Clinical Group in Neurology. (Dr Jos\u00e9 Miguel Santoja)<\/a><\/li>\n<li><a href=\"https:\/\/incliva.portalinvestigacion.com\/grupos\/383\">Associated Clinical Group in Urology. (Dr Jos\u00e9 Mar\u00eda Mart\u00ednez Jabaloyas)<\/a><\/li>\n<li><a href=\"https:\/\/incliva.portalinvestigacion.com\/grupos\/377\">Care Research Group. INVESTENF-INCLIVA. (Dr Cintia Borja)<\/a><\/li>\n<li><a href=\"https:\/\/incliva.portalinvestigacion.com\/grupos\/277\">Cardiometabolic Research Group in Primary Care. (Dr Jorge Navarro and Sof\u00eda Bauer)<\/a><\/li>\n<\/ul>\n<\/div><\/div><\/div><style type=\"text\/css\">.fusion-body .fusion-builder-column-0{width:66.666666666667% !important;margin-top : 0px;margin-bottom : 20px;}.fusion-builder-column-0 > .fusion-column-wrapper {padding-top : 0px !important;padding-right : 0px !important;margin-right : 2.88%;padding-bottom : 0px !important;padding-left : 0px !important;margin-left : 2.88%;}@media only screen and (max-width:1532px) {.fusion-body .fusion-builder-column-0{width:66.666666666667% !important;}.fusion-builder-column-0 > .fusion-column-wrapper {margin-right : 2.88%;margin-left : 2.88%;}}@media only screen and (max-width:640px) {.fusion-body .fusion-builder-column-0{width:100% !important;}.fusion-builder-column-0 > .fusion-column-wrapper {margin-right : 1.92%;margin-left : 1.92%;}}<\/style><div class=\"fusion-layout-column fusion_builder_column fusion-builder-column-1 fusion_builder_column_1_3 1_3 fusion-flex-column fusion-flex-align-self-flex-start\"><div class=\"fusion-column-wrapper fusion-column-has-shadow fusion-flex-justify-content-flex-start fusion-content-layout-block\" style=\"background-position:left top;background-repeat:no-repeat;-webkit-background-size:cover;-moz-background-size:cover;-o-background-size:cover;background-size:cover;background-color:#f9f9f9;border-width: 0 0 0 2px;border-color:#9DA0D2;border-style:solid;box-shadow:0px 0px ;;padding: 4% 4% 4% 4%;\"><div class=\"fusion-text fusion-text-4\" style=\"transform:translate3d(0,0,0);\"><h5 style=\"text-align: center;\">Coordinators<\/h5>\n<\/div><div class=\"fusion-text fusion-text-5\" style=\"transform:translate3d(0,0,0);\"><p style=\"text-align: center;\">Dr Ana\u00efs Corma<\/p>\n<\/div><div class=\"imageframe-align-center\"><span class=\" fusion-imageframe imageframe-none imageframe-1 hover-type-none\" style=\"border:2px solid #e2e2e2;border-radius:8px;width:100%;max-width:160px;\"><img width=\"791\" height=\"1055\" title=\"Anais-Corma\" src=\"https:\/\/www.incliva.es\/wp-content\/uploads\/2025\/06\/Anais-Corma.jpg\" class=\"img-responsive wp-image-42300\" srcset=\"https:\/\/www.incliva.es\/wp-content\/uploads\/2025\/06\/Anais-Corma-200x267.jpg 200w, https:\/\/www.incliva.es\/wp-content\/uploads\/2025\/06\/Anais-Corma-400x534.jpg 400w, https:\/\/www.incliva.es\/wp-content\/uploads\/2025\/06\/Anais-Corma-600x800.jpg 600w, https:\/\/www.incliva.es\/wp-content\/uploads\/2025\/06\/Anais-Corma.jpg 791w\" sizes=\"(max-width: 640px) 100vw, 400px\" \/><\/span><\/div><div class=\"fusion-separator fusion-full-width-sep\" style=\"align-self: center;margin-left: auto;margin-right: auto;margin-top:10px;margin-bottom:10px;width:100%;\"><div class=\"fusion-separator-border sep-single sep-solid\" style=\"border-color:#9DA0D2;border-top-width:1px;\"><\/div><\/div><div class=\"fusion-text fusion-text-6\" style=\"transform:translate3d(0,0,0);\"><p style=\"text-align: center;\">Dr Jos\u00e9 Luis Pi\u00f1ana<\/p>\n<\/div><div class=\"imageframe-align-center\"><span class=\" fusion-imageframe imageframe-none imageframe-2 hover-type-none\" style=\"border:2px solid #e2e2e2;border-radius:8px;width:100%;max-width:160px;\"><img width=\"334\" height=\"445\" title=\"ICONO_PERSONA\" src=\"https:\/\/www.incliva.es\/wp-content\/uploads\/2023\/12\/ICONO_PERSONA.png\" class=\"img-responsive wp-image-27432\" srcset=\"https:\/\/www.incliva.es\/wp-content\/uploads\/2023\/12\/ICONO_PERSONA-200x266.png 200w, https:\/\/www.incliva.es\/wp-content\/uploads\/2023\/12\/ICONO_PERSONA.png 334w\" sizes=\"(max-width: 640px) 100vw, 334px\" \/><\/span><\/div><\/div><\/div><style type=\"text\/css\">.fusion-body .fusion-builder-column-1{width:33.333333333333% !important;margin-top : 0px;margin-bottom : 20px;}.fusion-builder-column-1 > .fusion-column-wrapper {padding-top : 4% !important;padding-right : 4% !important;margin-right : 5.76%;padding-bottom : 4% !important;padding-left : 4% !important;margin-left : 5.76%;}@media only screen and (max-width:1532px) {.fusion-body .fusion-builder-column-1{width:33.333333333333% !important;order : 0;}.fusion-builder-column-1 > .fusion-column-wrapper {margin-right : 5.76%;margin-left : 5.76%;}}@media only screen and (max-width:640px) {.fusion-body .fusion-builder-column-1{width:100% !important;order : 0;}.fusion-builder-column-1 > .fusion-column-wrapper {margin-right : 1.92%;margin-left : 1.92%;}}<\/style><\/div><style type=\"text\/css\">.fusion-body .fusion-flex-container.fusion-builder-row-1{ padding-top : 0px;margin-top : 0px;padding-right : 0px;padding-bottom : 0px;margin-bottom : 0px;padding-left : 0px;}<\/style><\/div>\n","protected":false},"excerpt":{"rendered":"","protected":false},"author":13,"featured_media":0,"parent":8570,"menu_order":0,"comment_status":"closed","ping_status":"closed","template":"","meta":[],"acf":[],"_links":{"self":[{"href":"https:\/\/www.incliva.es\/en\/wp-json\/wp\/v2\/pages\/48042"}],"collection":[{"href":"https:\/\/www.incliva.es\/en\/wp-json\/wp\/v2\/pages"}],"about":[{"href":"https:\/\/www.incliva.es\/en\/wp-json\/wp\/v2\/types\/page"}],"author":[{"embeddable":true,"href":"https:\/\/www.incliva.es\/en\/wp-json\/wp\/v2\/users\/13"}],"replies":[{"embeddable":true,"href":"https:\/\/www.incliva.es\/en\/wp-json\/wp\/v2\/comments?post=48042"}],"version-history":[{"count":5,"href":"https:\/\/www.incliva.es\/en\/wp-json\/wp\/v2\/pages\/48042\/revisions"}],"predecessor-version":[{"id":50513,"href":"https:\/\/www.incliva.es\/en\/wp-json\/wp\/v2\/pages\/48042\/revisions\/50513"}],"up":[{"embeddable":true,"href":"https:\/\/www.incliva.es\/en\/wp-json\/wp\/v2\/pages\/8570"}],"wp:attachment":[{"href":"https:\/\/www.incliva.es\/en\/wp-json\/wp\/v2\/media?parent=48042"}],"curies":[{"name":"wp","href":"https:\/\/api.w.org\/{rel}","templated":true}]}}