{"id":48039,"date":"2026-01-13T10:59:12","date_gmt":"2026-01-13T08:59:12","guid":{"rendered":"https:\/\/www.incliva.es\/what-we-do\/cross-cutting-programmes\/salud-mental-y-neurociencia\/"},"modified":"2026-05-04T12:24:42","modified_gmt":"2026-05-04T10:24:42","slug":"mental-health-and-neuroscience","status":"publish","type":"page","link":"https:\/\/www.incliva.es\/en\/what-we-do\/cross-cutting-programmes\/mental-health-and-neuroscience\/","title":{"rendered":"Mental Health and Neuroscience"},"content":{"rendered":"<div class=\"fusion-fullwidth fullwidth-box fusion-builder-row-1 fusion-flex-container nonhundred-percent-fullwidth non-hundred-percent-height-scrolling\" style=\"background-color: rgba(255,255,255,0);background-position: center center;background-repeat: no-repeat;border-width: 0px 0px 0px 0px;border-color:#e2e2e2;border-style:solid;\" ><div class=\"fusion-builder-row fusion-row fusion-flex-align-items-flex-start\" style=\"max-width:1248px;margin-left: calc(-4% \/ 2 );margin-right: calc(-4% \/ 2 );\"><div class=\"fusion-layout-column fusion_builder_column fusion-builder-column-0 fusion_builder_column_2_3 2_3 fusion-flex-column\"><div class=\"fusion-column-wrapper fusion-flex-justify-content-flex-start fusion-content-layout-column\" style=\"background-position:left top;background-repeat:no-repeat;-webkit-background-size:cover;-moz-background-size:cover;-o-background-size:cover;background-size:cover;padding: 0px 0px 0px 0px;\"><div class=\"fusion-text fusion-text-1\" style=\"transform:translate3d(0,0,0);\"><h3>Mental Health and Neuroscience<\/h3>\n<\/div><div class=\"fusion-separator fusion-full-width-sep\" style=\"align-self: center;margin-left: auto;margin-right: auto;margin-top:3px;margin-bottom:10px;width:100%;\"><div class=\"fusion-separator-border sep-single sep-solid\" style=\"border-color:#9DA0D2;border-top-width:1px;\"><\/div><\/div><div class=\"fusion-text fusion-text-2\" style=\"transform:translate3d(0,0,0);\"><h5>Objeticves<\/h5>\n<ul>\n<li>To improve the prevention, treatment and rehabilitation of severe mental disorders, cognitive impairment and neurobehavioural disorders. Promoting early diagnostic strategies and personalised therapeutic approaches for neurological and psychiatric disorders.<\/li>\n<li>To improve the early diagnosis, treatment and prevention of cognitive and functional decline associated with chronic liver diseases (liver cirrhosis and metabolic and non-alcoholic steatohepatitis, MASLD), diabetes and major surgery. Identify mechanisms, therapeutic targets and biomarkers for the onset of such cognitive and functional decline, and design and test new diagnostic and therapeutic procedures to prevent or reverse its onset.<\/li>\n<li>Develop translational research in neuroscience to better understand the molecular, cellular and brain network mechanisms involved in psychiatric and neurological disorders.<\/li>\n<li>To study the interaction between genetic, epigenetic, environmental and social factors in the development of neuropsychiatric and neurodegenerative diseases.<\/li>\n<li>To promote integrated models of comorbidity between neurological and psychiatric diseases (e.g. Alzheimer\u2019s, Parkinson\u2019s with depression, cognitive impairment in patients with psychiatric disorders) to understand intersections and synergies.<\/li>\n<\/ul>\n<\/div><div class=\"fusion-separator fusion-full-width-sep\" style=\"align-self: center;margin-left: auto;margin-right: auto;margin-top:3px;margin-bottom:10px;width:100%;\"><div class=\"fusion-separator-border sep-single sep-solid\" style=\"border-color:#9DA0D2;border-top-width:1px;\"><\/div><\/div><div class=\"fusion-text fusion-text-3\" style=\"transform:translate3d(0,0,0);\"><p><!--grupos--><\/p>\n<h5>INCLIVA research groups involved<\/h5>\n<ul>\n<li><a href=\"https:\/\/incliva.portalinvestigacion.com\/grupos\/266\">Research Group on Psychiatry and Neurodegenerative Diseases<\/a> (Dr Juan N\u00e1cher Rosell\u00f3)<\/li>\n<li><a href=\"https:\/\/incliva.portalinvestigacion.com\/grupos\/291\">Neurological Degeneration Research Group<\/a> (Dr Carmina Montoliu F\u00e9lix)<\/li>\n<li><a href=\"https:\/\/incliva.portalinvestigacion.com\/grupos\/407\">INCLIVA \u2013 FIPF Joint Biomedical Research Unit<\/a> (Dr Jos\u00e9 Tom\u00e1s Real, Carmen Espin\u00f3s, Carmina Montoliu and Vicente Felipo)<\/li>\n<li><a href=\"https:\/\/incliva.portalinvestigacion.com\/grupos\/381\">Associated Clinical Group in Neurology<\/a> (Dr Jos\u00e9 Miguel L\u00e1inez Andr\u00e9s)<\/li>\n<li><a href=\"https:\/\/incliva.portalinvestigacion.com\/grupos\/384\">Associated Clinical Group in Gastroenterology<\/a> (Dr Isabel Pascual Moreno)<\/li>\n<li><a href=\"https:\/\/incliva.portalinvestigacion.com\/grupos\/296\">Anaesthesiology and Resuscitation Research Group<\/a> (Dr Rafael Badenes Quiles)<\/li>\n<li><a href=\"https:\/\/incliva.portalinvestigacion.com\/grupos\/377\">Care Research Group. INVESTENF-INCLIVA<\/a> (Dr Cintia Borja Herrero)<\/li>\n<li><a href=\"https:\/\/incliva.portalinvestigacion.com\/grupos\/295\">Cardiometabolic Risk and Diabetes Research Group<\/a> (Dr Jos\u00e9 Tom\u00e1s Real Collado, Dr Sergio Mart\u00ednez Herv\u00e1s)<\/li>\n<li><a href=\"https:\/\/incliva.portalinvestigacion.com\/grupos\/302\">GResearch Group on Personal Autonomy, Dependency and Severe Mental Disorders<\/a> (Dr Rafael Tabar\u00e9s Seisdedos)<\/li>\n<li><a href=\"https:\/\/incliva.portalinvestigacion.com\/grupos\/267\">Research group on ageing and physical exercise<\/a> (Dr Jos\u00e9 Vi\u00f1a Ribes)<\/li>\n<li><a href=\"https:\/\/incliva.portalinvestigacion.com\/grupos\/369\">Research Group on Exercise, Nutrition and Healthy Lifestyles<\/a> (Dr MCarmen G\u00f3mez Cabrera)<\/li>\n<li><a href=\"https:\/\/incliva.portalinvestigacion.com\/grupos\/366\">Healthy Ageing Research Group<\/a> (Dr Consuelo Borr\u00e1s Blasco)<\/li>\n<li><a href=\"https:\/\/incliva.portalinvestigacion.com\/grupos\/292\">Inflammation Research Group<\/a> (Dr M\u00aa Jes\u00fas Sanz Ferrando)<\/li>\n<li><a href=\"https:\/\/incliva.portalinvestigacion.com\/grupos\/277\">Cardiometabolic Research Group in Primary Care<\/a> (Dr Jorge Navarro P\u00e9rez)<\/li>\n<li><a href=\"https:\/\/incliva.portalinvestigacion.com\/grupos\/288\">Clinical Cardiology Research Group<\/a> (Dr Juan Sanchis For\u00e9s)<\/li>\n<li><a href=\"https:\/\/incliva.portalinvestigacion.com\/grupos\/405\">Clinical Group specialising in Insomnia and Circadian Rhythms<\/a> (Dr M. de Entrambasaguas Barretto)<\/li>\n<li><a href=\"https:\/\/incliva.portalinvestigacion.com\/grupos\/301\">Human Translational Genomics Research Group<\/a> (Dr Rub\u00e9n Artero Allepuz)<\/li>\n<li><a href=\"https:\/\/incliva.portalinvestigacion.com\/grupos\/385\">Research Group on the Cellular and Organ Pathophysiology of Oxidative Stress<\/a> (Dr Federico Vicente Pallardo Calatayud)<\/li>\n<li><a href=\"https:\/\/incliva.portalinvestigacion.com\/grupos\/378\">Translational Epigenetics and Epigenomics Research Group<\/a> (Dr Jos\u00e9 Luis Garc\u00eda Gim\u00e9nez)<\/li>\n<li><a href=\"https:\/\/incliva.portalinvestigacion.com\/grupos\/403\">Research Group on Genetics and Biomarkers of Rare Diseases<\/a> (Dr Carmen Espin\u00f3s)<\/li>\n<li><a href=\"https:\/\/incliva.portalinvestigacion.com\/grupos\/385\">Research Group on Neurobiology and Molecular Pathophysiology in Rare Diseases \u2013 NeuroFisER<\/a> (Dr Pilar Gonz\u00e1lez Cabo)<\/li>\n<li><a href=\"https:\/\/incliva.portalinvestigacion.com\/grupos\/388\">Associated Clinical Group for Otorhinolaryngology<\/a> (Dr Jaime Marco)<\/li>\n<\/ul>\n<\/div><\/div><\/div><style type=\"text\/css\">.fusion-body .fusion-builder-column-0{width:66.666666666667% !important;margin-top : 0px;margin-bottom : 20px;}.fusion-builder-column-0 > .fusion-column-wrapper {padding-top : 0px !important;padding-right : 0px !important;margin-right : 2.88%;padding-bottom : 0px !important;padding-left : 0px !important;margin-left : 2.88%;}@media only screen and (max-width:1532px) {.fusion-body .fusion-builder-column-0{width:66.666666666667% !important;}.fusion-builder-column-0 > .fusion-column-wrapper {margin-right : 2.88%;margin-left : 2.88%;}}@media only screen and (max-width:640px) {.fusion-body .fusion-builder-column-0{width:100% !important;}.fusion-builder-column-0 > .fusion-column-wrapper {margin-right : 1.92%;margin-left : 1.92%;}}<\/style><div class=\"fusion-layout-column fusion_builder_column fusion-builder-column-1 fusion_builder_column_1_3 1_3 fusion-flex-column fusion-flex-align-self-flex-start\"><div class=\"fusion-column-wrapper fusion-column-has-shadow fusion-flex-justify-content-flex-start fusion-content-layout-block\" style=\"background-position:left top;background-repeat:no-repeat;-webkit-background-size:cover;-moz-background-size:cover;-o-background-size:cover;background-size:cover;background-color:#f9f9f9;border-width: 0 0 0 2px;border-color:#9DA0D2;border-style:solid;box-shadow:0px 0px ;;padding: 4% 4% 4% 4%;\"><div class=\"fusion-text fusion-text-4\" style=\"transform:translate3d(0,0,0);\"><h5 style=\"text-align: center;\">Coordinators<\/h5>\n<\/div><div class=\"fusion-text fusion-text-5\" style=\"transform:translate3d(0,0,0);\"><p style=\"text-align: center;\">Dr Carmina Montoliu<\/p>\n<\/div><div class=\"imageframe-align-center\"><span class=\" fusion-imageframe imageframe-none imageframe-1 hover-type-none\" style=\"border:2px solid #e2e2e2;border-radius:8px;width:100%;max-width:160px;\"><img width=\"225\" height=\"300\" alt=\"Dra. Carmina Montoliu F\u00e9lix\" title=\"Carmina-Montoliu-Felix_FIH05\" src=\"https:\/\/www.incliva.es\/wp-content\/uploads\/2022\/10\/Carmina-Montoliu-Felix_FIH05-225x300.jpg\" class=\"img-responsive wp-image-14872\" srcset=\"https:\/\/www.incliva.es\/wp-content\/uploads\/2022\/10\/Carmina-Montoliu-Felix_FIH05-200x267.jpg 200w, https:\/\/www.incliva.es\/wp-content\/uploads\/2022\/10\/Carmina-Montoliu-Felix_FIH05.jpg 240w\" sizes=\"(max-width: 640px) 100vw, 225px\" \/><\/span><\/div><div class=\"fusion-separator fusion-full-width-sep\" style=\"align-self: center;margin-left: auto;margin-right: auto;margin-top:10px;margin-bottom:10px;width:100%;\"><div class=\"fusion-separator-border sep-single sep-solid\" style=\"border-color:#9DA0D2;border-top-width:1px;\"><\/div><\/div><div class=\"fusion-text fusion-text-6\" style=\"transform:translate3d(0,0,0);\"><p style=\"text-align: center;\">Dr Juan N\u00e1cher<\/p>\n<\/div><div class=\"imageframe-align-center\"><span class=\" fusion-imageframe imageframe-none imageframe-2 hover-type-none\" style=\"border:2px solid #e2e2e2;border-radius:8px;width:100%;max-width:160px;\"><img width=\"811\" height=\"1080\" title=\"Juan-Nacher\" src=\"https:\/\/www.incliva.es\/wp-content\/uploads\/2025\/02\/Juan-Nacher.jpg\" class=\"img-responsive wp-image-38984\" srcset=\"https:\/\/www.incliva.es\/wp-content\/uploads\/2025\/02\/Juan-Nacher-200x266.jpg 200w, https:\/\/www.incliva.es\/wp-content\/uploads\/2025\/02\/Juan-Nacher-400x533.jpg 400w, https:\/\/www.incliva.es\/wp-content\/uploads\/2025\/02\/Juan-Nacher-600x799.jpg 600w, https:\/\/www.incliva.es\/wp-content\/uploads\/2025\/02\/Juan-Nacher-800x1065.jpg 800w, https:\/\/www.incliva.es\/wp-content\/uploads\/2025\/02\/Juan-Nacher.jpg 811w\" sizes=\"(max-width: 640px) 100vw, 400px\" \/><\/span><\/div><\/div><\/div><style type=\"text\/css\">.fusion-body .fusion-builder-column-1{width:33.333333333333% !important;margin-top : 0px;margin-bottom : 20px;}.fusion-builder-column-1 > .fusion-column-wrapper {padding-top : 4% !important;padding-right : 4% !important;margin-right : 5.76%;padding-bottom : 4% !important;padding-left : 4% !important;margin-left : 5.76%;}@media only screen and (max-width:1532px) {.fusion-body .fusion-builder-column-1{width:33.333333333333% !important;order : 0;}.fusion-builder-column-1 > .fusion-column-wrapper {margin-right : 5.76%;margin-left : 5.76%;}}@media only screen and (max-width:640px) {.fusion-body .fusion-builder-column-1{width:100% !important;order : 0;}.fusion-builder-column-1 > .fusion-column-wrapper {margin-right : 1.92%;margin-left : 1.92%;}}<\/style><\/div><style type=\"text\/css\">.fusion-body .fusion-flex-container.fusion-builder-row-1{ padding-top : 0px;margin-top : 0px;padding-right : 0px;padding-bottom : 0px;margin-bottom : 0px;padding-left : 0px;}<\/style><\/div>\n","protected":false},"excerpt":{"rendered":"","protected":false},"author":13,"featured_media":0,"parent":8570,"menu_order":0,"comment_status":"closed","ping_status":"closed","template":"","meta":[],"acf":[],"_links":{"self":[{"href":"https:\/\/www.incliva.es\/en\/wp-json\/wp\/v2\/pages\/48039"}],"collection":[{"href":"https:\/\/www.incliva.es\/en\/wp-json\/wp\/v2\/pages"}],"about":[{"href":"https:\/\/www.incliva.es\/en\/wp-json\/wp\/v2\/types\/page"}],"author":[{"embeddable":true,"href":"https:\/\/www.incliva.es\/en\/wp-json\/wp\/v2\/users\/13"}],"replies":[{"embeddable":true,"href":"https:\/\/www.incliva.es\/en\/wp-json\/wp\/v2\/comments?post=48039"}],"version-history":[{"count":7,"href":"https:\/\/www.incliva.es\/en\/wp-json\/wp\/v2\/pages\/48039\/revisions"}],"predecessor-version":[{"id":50508,"href":"https:\/\/www.incliva.es\/en\/wp-json\/wp\/v2\/pages\/48039\/revisions\/50508"}],"up":[{"embeddable":true,"href":"https:\/\/www.incliva.es\/en\/wp-json\/wp\/v2\/pages\/8570"}],"wp:attachment":[{"href":"https:\/\/www.incliva.es\/en\/wp-json\/wp\/v2\/media?parent=48039"}],"curies":[{"name":"wp","href":"https:\/\/api.w.org\/{rel}","templated":true}]}}