{"id":48036,"date":"2026-01-13T10:50:34","date_gmt":"2026-01-13T08:50:34","guid":{"rendered":"https:\/\/www.incliva.es\/what-we-do\/cross-cutting-programmes\/patologias-y-terapias-inmunomediadas\/"},"modified":"2026-04-07T09:30:00","modified_gmt":"2026-04-07T07:30:00","slug":"immune-mediated-diseases-and-therapies","status":"publish","type":"page","link":"https:\/\/www.incliva.es\/en\/what-we-do\/cross-cutting-programmes\/immune-mediated-diseases-and-therapies\/","title":{"rendered":"Immune-mediated Diseases and Therapies"},"content":{"rendered":"<div class=\"fusion-fullwidth fullwidth-box fusion-builder-row-1 fusion-flex-container nonhundred-percent-fullwidth non-hundred-percent-height-scrolling\" style=\"background-color: rgba(255,255,255,0);background-position: center center;background-repeat: no-repeat;border-width: 0px 0px 0px 0px;border-color:#e2e2e2;border-style:solid;\" ><div class=\"fusion-builder-row fusion-row fusion-flex-align-items-flex-start\" style=\"max-width:1248px;margin-left: calc(-4% \/ 2 );margin-right: calc(-4% \/ 2 );\"><div class=\"fusion-layout-column fusion_builder_column fusion-builder-column-0 fusion_builder_column_2_3 2_3 fusion-flex-column\"><div class=\"fusion-column-wrapper fusion-flex-justify-content-flex-start fusion-content-layout-column\" style=\"background-position:left top;background-repeat:no-repeat;-webkit-background-size:cover;-moz-background-size:cover;-o-background-size:cover;background-size:cover;padding: 0px 0px 0px 0px;\"><div class=\"fusion-text fusion-text-1\" style=\"transform:translate3d(0,0,0);\"><h3>Immune-mediated Diseases and Therapies<\/h3>\n<\/div><div class=\"fusion-separator fusion-full-width-sep\" style=\"align-self: center;margin-left: auto;margin-right: auto;margin-top:3px;margin-bottom:10px;width:100%;\"><div class=\"fusion-separator-border sep-single sep-solid\" style=\"border-color:#9DA0D2;border-top-width:1px;\"><\/div><\/div><div class=\"fusion-text fusion-text-2\" style=\"transform:translate3d(0,0,0);\"><h5>Objetivos<\/h5>\n<ul>\n<li>Caracterizar los mecanismos biol\u00f3gicos y cl\u00ednicos, comunes y espec\u00edficos, que participan en la fisiopatolog\u00eda de enfermedades cr\u00f3nicas y degenerativas (cardiovasculares, neurol\u00f3gicas, respiratorias, c\u00e1ncer, enfermedades raras, etc.).<\/li>\n<li>Investigar la interacci\u00f3n entre el sistema inmune y el microambiente tisular en cada una de estas patolog\u00edas, analizando c\u00f3mo la inflamaci\u00f3n cr\u00f3nica, la activaci\u00f3n inmune o la inmunosupresi\u00f3n contribuyen a su aparici\u00f3n, progresi\u00f3n y respuesta terap\u00e9utica.<\/li>\n<li>Estudiar el impacto del envejecimiento inmunol\u00f3gico (inmunosenescencia) en la susceptibilidad a enfermedades inmunomediadas y en la eficacia de terapias dirigidas, incluido el ejercicio f\u00edsico.<\/li>\n<li>Desarrollar y evaluar nuevas estrategias terap\u00e9uticas inmunomediadas, incluyendo inmunoterapia (anticuerpos monoclonales, vacunas terap\u00e9uticas, terapias celulares tipo CAR\u2011T, etc.).<\/li>\n<li>Identificar biomarcadores inmunol\u00f3gicos de diagn\u00f3stico, pron\u00f3stico y respuesta terap\u00e9utica, comunes o diferenciales entre patolog\u00edas, para posibilitar una medicina personalizada.<\/li>\n<li>Analizar las diferencias dependientes del g\u00e9nero e influencias hormonales en las respuestas inmunes e inflamatorias, con \u00e9nfasis en c\u00f3mo modulan la aparici\u00f3n, la evoluci\u00f3n y la respuesta terap\u00e9utica de patolog\u00edas inmunomediadas en la mujer (incluyendo enfermedades con mayor prevalencia femenina, el impacto del ciclo hormonal, el embarazo y la menopausia) y en el desarrollo de terapias personalizadas con perspectiva de g\u00e9nero.<\/li>\n<li>Generar modelos experimentales precl\u00ednicos y plataformas traslacionales que repliquen las interacciones inmunol\u00f3gicas entre distintos \u00f3rganos y sistemas, con el fin de validar nuevas dianas terap\u00e9uticas y predecir la eficacia y la seguridad en humanos.<\/li>\n<li>Analizar c\u00f3mo el estilo de vida (nutrici\u00f3n, ejercicio, exposici\u00f3n a contaminantes) influyen en las respuestas inmunes y en la eficacia terap\u00e9utica.<\/li>\n<\/ul>\n<\/div><div class=\"fusion-separator fusion-full-width-sep\" style=\"align-self: center;margin-left: auto;margin-right: auto;margin-top:3px;margin-bottom:10px;width:100%;\"><div class=\"fusion-separator-border sep-single sep-solid\" style=\"border-color:#9DA0D2;border-top-width:1px;\"><\/div><\/div><div class=\"fusion-text fusion-text-3\" style=\"transform:translate3d(0,0,0);\"><p><!--grupos--><\/p>\n<h5>Grupos de investigaci\u00f3n de INCLIVA implicados<\/h5>\n<ul>\n<li><a href=\"https:\/\/incliva.portalinvestigacion.com\/grupos\/292\">Grupo de Investigaci\u00f3n en Inflamaci\u00f3n<\/a> (Dra. M\u00aa Jes\u00fas Sanz Ferrando)<\/li>\n<li><a href=\"https:\/\/incliva.portalinvestigacion.com\/grupos\/369\">Grupo de Investigaci\u00f3n en Ejercicio, Nutrici\u00f3n y Estilo de Vida Saludable<\/a> (Dra. M\u00aa Carmen G\u00f3mez Cabrera)<\/li>\n<li><a href=\"https:\/\/incliva.portalinvestigacion.com\/grupos\/366\">Grupo de Investigaci\u00f3n en Envejecimiento Saludable (MiniAging)<\/a> (Dra. Consuelo Borr\u00e1s Blasco)<\/li>\n<li><a href=\"https:\/\/incliva.portalinvestigacion.com\/grupos\/289\">Grupo de Estudio de Riesgo Cardiometab\u00f3lico y Renal<\/a> (Dr. Josep Red\u00f3n i Mas, Dra. Raquel Cort\u00e9s Vergaz)<\/li>\n<li><a href=\"https:\/\/incliva.portalinvestigacion.com\/grupos\/245\">Grupo de Investigaci\u00f3n en C\u00e9lulas Endoteliales (LINCE)<\/a> (Dr. Carlos Hermenegildo Caudevilla, Dra. Susana Novella del Campo)<\/li>\n<li><a href=\"https:\/\/incliva.portalinvestigacion.com\/grupos\/295\">Grupo de Investigaci\u00f3n sobre Riesgo Cardiometab\u00f3lico y Diabetes<\/a> (Dr. Jos\u00e9 Tom\u00e1s Real Collado, Dr. Sergio Mart\u00ednez Herv\u00e1s)<\/li>\n<li><a href=\"https:\/\/incliva.portalinvestigacion.com\/grupos\/294\">Unidad de Gen\u00f3mica y Diabetes<\/a> (Dr. Felipe Javier Chaves Mart\u00ednez)<\/li>\n<li><a href=\"https:\/\/incliva.portalinvestigacion.com\/grupos\/286\">Grupo de Investigaci\u00f3n en Biolog\u00eda en C\u00e1ncer de mama<\/a> (Dra. Ana Lluch Hern\u00e1ndez, Dra. Pilar Eroles Asensio)<\/li>\n<li><a href=\"https:\/\/incliva.portalinvestigacion.com\/grupos\/285\">Grupo de Investigaci\u00f3n en c\u00e1ncer colorrectal y nuevos desarrollos terap\u00e9uticos en tumores s\u00f3lidos<\/a> (Dr. Andr\u00e9s Cervantes Ruip\u00e9rez)<\/li>\n<li><a href=\"https:\/\/incliva.portalinvestigacion.com\/grupos\/281\">Grupo de investigaci\u00f3n en c\u00e1ncer cut\u00e1neo<\/a> (Dr. Jos\u00e9 Carlos Monteagudo Castro)<\/li>\n<li><a href=\"https:\/\/incliva.portalinvestigacion.com\/grupos\/283\">Grupo de investigaci\u00f3n en neoplasias de l\u00ednea mieloide<\/a> (Dra. Mar Tormo D\u00edaz)<\/li>\n<li><a href=\"https:\/\/incliva.portalinvestigacion.com\/grupos\/282\">Grupo de Investigaci\u00f3n en S\u00edndromes Linfoproliferativos<\/a> (Dra. M\u00aa Jos\u00e9 Terol Caster\u00e1)<\/li>\n<li><a href=\"https:\/\/incliva.portalinvestigacion.com\/grupos\/284\">Grupo de Investigaci\u00f3n en Trasplante Hematopoy\u00e9tico<\/a> (Dr. Carlos Solano Vercet)<\/li>\n<li><a href=\"https:\/\/incliva.portalinvestigacion.com\/grupos\/401\">Grupo de Investigaci\u00f3n Traslacional en C\u00e1ncer Esofagog\u00e1strico<\/a> (Dra. Tania Fleitas Kanonnikoff)<\/li>\n<li><a href=\"https:\/\/incliva.portalinvestigacion.com\/grupos\/291\">Grupo de Investigaci\u00f3n de Deterioro Neurol\u00f3gico<\/a> (Dra. Carmina Montoliu F\u00e9lix)<\/li>\n<li><a href=\"https:\/\/incliva.portalinvestigacion.com\/grupos\/371\">Grupo de investigaci\u00f3n en Enfermedades Metab\u00f3licas<\/a> (Dra. Herminia Gonz\u00e1lez Navarro)<\/li>\n<li><a href=\"https:\/\/incliva.portalinvestigacion.com\/grupos\/276\">Grupo de Investigaci\u00f3n en Enfermedades Respiratorias<\/a> (Dr. Jaime Signes-Costa Mi\u00f1ana)<\/li>\n<li><a href=\"https:\/\/incliva.portalinvestigacion.com\/grupos\/267\">Grupo de investigaci\u00f3n en envejecimiento y ejercicio f\u00edsico<\/a> (Dr. Jos\u00e9 Vi\u00f1a Ribes)<\/li>\n<li><a href=\"https:\/\/incliva.portalinvestigacion.com\/grupos\/379\">Grupo de Investigaci\u00f3n en Qu\u00edmica M\u00e9dica para el Desarrollo de F\u00e1rmacos<\/a> (Dra. Nuria Cabedo Escrig)<\/li>\n<li><a href=\"https:\/\/incliva.portalinvestigacion.com\/grupos\/273\">Grupo de Investigaci\u00f3n en Medicina Reproductiva<\/a> (Dr. Carlos Sim\u00f3n Vall\u00e9s)<\/li>\n<li><a href=\"https:\/\/incliva.portalinvestigacion.com\/grupos\/370\">Grupo de Investigaci\u00f3n en Terapias frente a la endometriosis y el cancer endometrial<\/a> (Dr. Ra\u00fal G\u00f3mez Gallego)<\/li>\n<li><a href=\"https:\/\/incliva.portalinvestigacion.com\/grupos\/384\">Grupo Cl\u00ednico Asociado en Medicina Digestiva<\/a> (Dra. Isabel Pascual Moreno)<\/li>\n<li><a href=\"https:\/\/incliva.portalinvestigacion.com\/grupos\/269\">Grupo de investigaci\u00f3n de la funci\u00f3n vascular<\/a> (IP: Jose Mar\u00eda Vila Salinas)<\/li>\n<li><a href=\"https:\/\/incliva.portalinvestigacion.com\/grupos\/270\">Grupo de Investigaci\u00f3n en Bioqu\u00edmica Tisular<\/a> (IP: Juan Vi\u00f1a)<\/li>\n<li><a href=\"https:\/\/incliva.portalinvestigacion.com\/grupos\/411\">Grupo de Investigaci\u00f3n en Biomec\u00e1nica cl\u00ednica y Neurorrehabilitaci\u00f3n (Neuro-UBIC) (Dra. Pilar Sierra)<\/a><\/li>\n<li><\/li>\n<\/ul>\n<\/div><\/div><\/div><style type=\"text\/css\">.fusion-body .fusion-builder-column-0{width:66.666666666667% !important;margin-top : 0px;margin-bottom : 20px;}.fusion-builder-column-0 > .fusion-column-wrapper {padding-top : 0px !important;padding-right : 0px !important;margin-right : 2.88%;padding-bottom : 0px !important;padding-left : 0px !important;margin-left : 2.88%;}@media only screen and (max-width:1532px) {.fusion-body .fusion-builder-column-0{width:66.666666666667% !important;}.fusion-builder-column-0 > .fusion-column-wrapper {margin-right : 2.88%;margin-left : 2.88%;}}@media only screen and (max-width:640px) {.fusion-body .fusion-builder-column-0{width:100% !important;}.fusion-builder-column-0 > .fusion-column-wrapper {margin-right : 1.92%;margin-left : 1.92%;}}<\/style><div class=\"fusion-layout-column fusion_builder_column fusion-builder-column-1 fusion_builder_column_1_3 1_3 fusion-flex-column fusion-flex-align-self-flex-start\"><div class=\"fusion-column-wrapper fusion-column-has-shadow fusion-flex-justify-content-flex-start fusion-content-layout-block\" style=\"background-position:left top;background-repeat:no-repeat;-webkit-background-size:cover;-moz-background-size:cover;-o-background-size:cover;background-size:cover;background-color:#f9f9f9;border-width: 0 0 0 2px;border-color:#9DA0D2;border-style:solid;box-shadow:0px 0px ;;padding: 4% 4% 4% 4%;\"><div class=\"fusion-text fusion-text-4\" style=\"transform:translate3d(0,0,0);\"><h5 style=\"text-align: center;\">Coordinators<\/h5>\n<\/div><div class=\"fusion-text fusion-text-5\" style=\"transform:translate3d(0,0,0);\"><p style=\"text-align: center;\">Dra. Mar\u00eda Jes\u00fas Sanz<\/p>\n<\/div><div class=\"imageframe-align-center\"><span class=\" fusion-imageframe imageframe-none imageframe-1 hover-type-none\" style=\"border:2px solid #e2e2e2;border-radius:8px;width:100%;max-width:160px;\"><img width=\"483\" height=\"644\" title=\"Maria-Jesus-Sanz\" src=\"https:\/\/www.incliva.es\/wp-content\/uploads\/2025\/03\/Maria-Jesus-Sanz.jpg\" class=\"img-responsive wp-image-39932\" srcset=\"https:\/\/www.incliva.es\/wp-content\/uploads\/2025\/03\/Maria-Jesus-Sanz-200x267.jpg 200w, https:\/\/www.incliva.es\/wp-content\/uploads\/2025\/03\/Maria-Jesus-Sanz-400x533.jpg 400w, https:\/\/www.incliva.es\/wp-content\/uploads\/2025\/03\/Maria-Jesus-Sanz.jpg 483w\" sizes=\"(max-width: 640px) 100vw, 400px\" \/><\/span><\/div><div class=\"fusion-separator fusion-full-width-sep\" style=\"align-self: center;margin-left: auto;margin-right: auto;margin-top:10px;margin-bottom:10px;width:100%;\"><div class=\"fusion-separator-border sep-single sep-solid\" style=\"border-color:#9DA0D2;border-top-width:1px;\"><\/div><\/div><div class=\"fusion-text fusion-text-6\" style=\"transform:translate3d(0,0,0);\"><p style=\"text-align: center;\">Dra. M\u00aa Carmen G\u00f3mez Cabrera<\/p>\n<\/div><div class=\"imageframe-align-center\"><span class=\" fusion-imageframe imageframe-none imageframe-2 hover-type-none\" style=\"border:2px solid #e2e2e2;border-radius:8px;width:100%;max-width:160px;\"><img width=\"459\" height=\"612\" title=\"mcarmen-gomez-cabrera\" src=\"https:\/\/www.incliva.es\/wp-content\/uploads\/2025\/04\/mcarmen-gomez-cabrera.jpg\" class=\"img-responsive wp-image-41195\" srcset=\"https:\/\/www.incliva.es\/wp-content\/uploads\/2025\/04\/mcarmen-gomez-cabrera-200x267.jpg 200w, https:\/\/www.incliva.es\/wp-content\/uploads\/2025\/04\/mcarmen-gomez-cabrera-400x533.jpg 400w, https:\/\/www.incliva.es\/wp-content\/uploads\/2025\/04\/mcarmen-gomez-cabrera.jpg 459w\" sizes=\"(max-width: 640px) 100vw, 400px\" \/><\/span><\/div><\/div><\/div><style type=\"text\/css\">.fusion-body .fusion-builder-column-1{width:33.333333333333% !important;margin-top : 0px;margin-bottom : 20px;}.fusion-builder-column-1 > .fusion-column-wrapper {padding-top : 4% !important;padding-right : 4% !important;margin-right : 5.76%;padding-bottom : 4% !important;padding-left : 4% !important;margin-left : 5.76%;}@media only screen and (max-width:1532px) {.fusion-body .fusion-builder-column-1{width:33.333333333333% !important;order : 0;}.fusion-builder-column-1 > .fusion-column-wrapper {margin-right : 5.76%;margin-left : 5.76%;}}@media only screen and (max-width:640px) {.fusion-body .fusion-builder-column-1{width:100% !important;order : 0;}.fusion-builder-column-1 > .fusion-column-wrapper {margin-right : 1.92%;margin-left : 1.92%;}}<\/style><\/div><style type=\"text\/css\">.fusion-body .fusion-flex-container.fusion-builder-row-1{ padding-top : 0px;margin-top : 0px;padding-right : 0px;padding-bottom : 0px;margin-bottom : 0px;padding-left : 0px;}<\/style><\/div>\n","protected":false},"excerpt":{"rendered":"","protected":false},"author":13,"featured_media":0,"parent":8570,"menu_order":0,"comment_status":"closed","ping_status":"closed","template":"","meta":[],"acf":[],"_links":{"self":[{"href":"https:\/\/www.incliva.es\/en\/wp-json\/wp\/v2\/pages\/48036"}],"collection":[{"href":"https:\/\/www.incliva.es\/en\/wp-json\/wp\/v2\/pages"}],"about":[{"href":"https:\/\/www.incliva.es\/en\/wp-json\/wp\/v2\/types\/page"}],"author":[{"embeddable":true,"href":"https:\/\/www.incliva.es\/en\/wp-json\/wp\/v2\/users\/13"}],"replies":[{"embeddable":true,"href":"https:\/\/www.incliva.es\/en\/wp-json\/wp\/v2\/comments?post=48036"}],"version-history":[{"count":4,"href":"https:\/\/www.incliva.es\/en\/wp-json\/wp\/v2\/pages\/48036\/revisions"}],"predecessor-version":[{"id":49917,"href":"https:\/\/www.incliva.es\/en\/wp-json\/wp\/v2\/pages\/48036\/revisions\/49917"}],"up":[{"embeddable":true,"href":"https:\/\/www.incliva.es\/en\/wp-json\/wp\/v2\/pages\/8570"}],"wp:attachment":[{"href":"https:\/\/www.incliva.es\/en\/wp-json\/wp\/v2\/media?parent=48036"}],"curies":[{"name":"wp","href":"https:\/\/api.w.org\/{rel}","templated":true}]}}