{"id":48029,"date":"2026-01-13T10:25:34","date_gmt":"2026-01-13T08:25:34","guid":{"rendered":"https:\/\/www.incliva.es\/what-we-do\/cross-cutting-programmes\/transformacion-digital-inteligencia-artificial-y-aplicaciones-en-procesos-asistenciales\/"},"modified":"2026-05-04T10:42:44","modified_gmt":"2026-05-04T08:42:44","slug":"digital-transformation-artificial-intelligence-and-applications-in-healthcare-processes","status":"publish","type":"page","link":"https:\/\/www.incliva.es\/en\/what-we-do\/cross-cutting-programmes\/digital-transformation-artificial-intelligence-and-applications-in-healthcare-processes\/","title":{"rendered":"Digital Transformation, Artificial Intelligence and Applications in Healthcare Processes"},"content":{"rendered":"<div class=\"fusion-fullwidth fullwidth-box fusion-builder-row-1 fusion-flex-container nonhundred-percent-fullwidth non-hundred-percent-height-scrolling\" style=\"background-color: rgba(255,255,255,0);background-position: center center;background-repeat: no-repeat;border-width: 0px 0px 0px 0px;border-color:#e2e2e2;border-style:solid;\" ><div class=\"fusion-builder-row fusion-row fusion-flex-align-items-flex-start\" style=\"max-width:1248px;margin-left: calc(-4% \/ 2 );margin-right: calc(-4% \/ 2 );\"><div class=\"fusion-layout-column fusion_builder_column fusion-builder-column-0 fusion_builder_column_2_3 2_3 fusion-flex-column\"><div class=\"fusion-column-wrapper fusion-flex-justify-content-flex-start fusion-content-layout-column\" style=\"background-position:left top;background-repeat:no-repeat;-webkit-background-size:cover;-moz-background-size:cover;-o-background-size:cover;background-size:cover;padding: 0px 0px 0px 0px;\"><div class=\"fusion-text fusion-text-1\" style=\"transform:translate3d(0,0,0);\"><h3>Digital Transformation, Artificial Intelligence and Applications in Healthcare Processes<\/h3>\n<\/div><div class=\"fusion-separator fusion-full-width-sep\" style=\"align-self: center;margin-left: auto;margin-right: auto;margin-top:3px;margin-bottom:10px;width:100%;\"><div class=\"fusion-separator-border sep-single sep-solid\" style=\"border-color:#9DA0D2;border-top-width:1px;\"><\/div><\/div><div class=\"fusion-text fusion-text-2\" style=\"transform:translate3d(0,0,0);\"><h5>Objectives<\/h5>\n<ul>\n<li>To drive innovation in translational research by integrating artificial intelligence (AI) tools into the analysis of biomedical and clinical data.<\/li>\n<li>Design and implement predictive models to anticipate clinical outcomes, facilitate patient stratification, optimize therapeutic interventions, and improve the quality of healthcare.<\/li>\n<li>Promote the digitization of clinical and research processes with the aim of improving efficiency, quality of care, and the sustainability of the healthcare system.<\/li>\n<li>Facilitate integration and interoperability between clinical and research areas, promoting the secondary use of data to generate new knowledge and improve decision-making.<\/li>\n<li>Ensure that the use of clinical and research data in our environment complies with ethical and regulatory standards in digital settings, safeguarding the protection of patients\u2019 rights and the integrity of research.<\/li>\n<li>Promote inter-institutional collaboration through the integration of projects with universities.<\/li>\n<li>Develop a Data Space to facilitate interaction with other regional, national, and European centers, with the aim of fostering joint participation in collaborative development initiatives.<\/li>\n<\/ul>\n<\/div><div class=\"fusion-separator fusion-full-width-sep\" style=\"align-self: center;margin-left: auto;margin-right: auto;margin-top:3px;margin-bottom:10px;width:100%;\"><div class=\"fusion-separator-border sep-single sep-solid\" style=\"border-color:#9DA0D2;border-top-width:1px;\"><\/div><\/div><div class=\"fusion-text fusion-text-3\" style=\"transform:translate3d(0,0,0);\"><p><!--grupos--><\/p>\n<h5>INCLIVA research groups involved<\/h5>\n<ul>\n<li><a href=\"https:\/\/incliva.portalinvestigacion.com\/grupos\/289\">Cardiometabolic and Renal Risk Study Group<\/a> (PI: Dr Josep Red\u00f3n Mas and Raquel Cort\u00e9s)<\/li>\n<li><a href=\"https:\/\/incliva.portalinvestigacion.com\/grupos\/406\">Kidney Disease Group<\/a> (PI: Dr Jos\u00e9 Luis G\u00f3rriz)<\/li>\n<li><a href=\"https:\/\/incliva.portalinvestigacion.com\/grupos\/277\">Primary Care Research Group<\/a> (PI: Dr Jorge Navarro P\u00e9rez)<\/li>\n<li><a href=\"https:\/\/incliva.portalinvestigacion.com\/grupos\/286\">Breast Cancer Biology Group<\/a> (PI: Dr Bego\u00f1a Bermejo and Juan Miguel Cejalvo)<\/li>\n<li><a href=\"https:\/\/incliva.portalinvestigacion.com\/grupos\/402\">Research Group on Molecular Diagnostics of Gynecological Tumors<\/a> (PI: Dr Aymara Mas Perucho)<\/li>\n<li><a href=\"https:\/\/incliva.portalinvestigacion.com\/grupos\/266\">Research Group on Psychiatry and Neurodegenerative Diseases<\/a> (PI: Dr Juan N\u00e1cher Rosell\u00f3)<\/li>\n<li><a href=\"https:\/\/incliva.portalinvestigacion.com\/grupos\/401\">Translational Research Group on Esophagogastric Cancer<\/a> (PI: Dr Tania Fleitas)<\/li>\n<li><a href=\"https:\/\/incliva.portalinvestigacion.com\/grupos\/297\">General and Digestive Surgery Research Group<\/a> (PI: Dr Luis Sabater Ort\u00ed)<\/li>\n<li><a href=\"https:\/\/incliva.portalinvestigacion.com\/grupos\/296\">Anesthesiology and Resuscitation Research Group<\/a> (PI: Dr Rafael Badenes Quiles)<\/li>\n<li><a href=\"https:\/\/incliva.portalinvestigacion.com\/grupos\/301\">Human Translational Genomics Research Group<\/a> (PI: Dr Rub\u00e9n D. Artero Allepuz)<\/li>\n<li><a href=\"https:\/\/incliva.portalinvestigacion.com\/grupos\/271\">Experimental Cardiac Electrophysiology Research Group<\/a> (PI: Dr Javier Chorro y A. M. Alberola)<\/li>\n<li><a href=\"https:\/\/incliva.portalinvestigacion.com\/grupos\/367\">Heart Failure Research Group<\/a> (PI: Dr Julio N\u00fa\u00f1ez)<\/li>\n<li><a href=\"https:\/\/incliva.portalinvestigacion.com\/grupos\/265\">Research Group for the Prevention of Cardiovascular Risk in Children and Adolescents<\/a> (PI: Dr Empar Lurbe)<\/li>\n<li><a href=\"https:\/\/incliva.portalinvestigacion.com\/grupos\/411\">Clinical Biomechanics and Neurorehabilitation Research Group (Neuro-UBIC) (PI: Dr Pilar Sierra)<\/a><\/li>\n<li><a href=\"https:\/\/incliva.portalinvestigacion.com\/grupos\/384\">Associated Clinical Group in Gastroenterology<\/a> (PI: Dr Isabel Pascual Moreno)<\/li>\n<li><a href=\"https:\/\/incliva.portalinvestigacion.com\/grupos\/381\">Associated Clinical Group in Neurology<\/a> (PI: Dr Jos\u00e9 Miguel L\u00e1inez Andr\u00e9s)<\/li>\n<li><a href=\"https:\/\/incliva.portalinvestigacion.com\/grupos\/382\">Associated Clinical Group in Traumatology and Orthopedics<\/a> (PI: Dr Antonio Silvestre Mu\u00f1oz)<\/li>\n<li><a href=\"https:\/\/incliva.portalinvestigacion.com\/grupos\/377\">Associated Clinical Care Group \u2013 INVESTENF-INCLIVA<\/a> (PI: Dr Cintia Borja Herrero)<\/li>\n<li><a href=\"https:\/\/incliva.portalinvestigacion.com\/grupos\/383\">Associated Clinical Group in Urology<\/a> (PI: Dr Jos\u00e9 Mart\u00ednez Jabaloyas)<\/li>\n<li><a href=\"https:\/\/incliva.portalinvestigacion.com\/grupos\/392\">Associated Clinical Group of Nuclear Medicine<\/a><\/li>\n<\/ul>\n<\/div><\/div><\/div><style type=\"text\/css\">.fusion-body .fusion-builder-column-0{width:66.666666666667% !important;margin-top : 0px;margin-bottom : 20px;}.fusion-builder-column-0 > .fusion-column-wrapper {padding-top : 0px !important;padding-right : 0px !important;margin-right : 2.88%;padding-bottom : 0px !important;padding-left : 0px !important;margin-left : 2.88%;}@media only screen and (max-width:1532px) {.fusion-body .fusion-builder-column-0{width:66.666666666667% !important;}.fusion-builder-column-0 > .fusion-column-wrapper {margin-right : 2.88%;margin-left : 2.88%;}}@media only screen and (max-width:640px) {.fusion-body .fusion-builder-column-0{width:100% !important;}.fusion-builder-column-0 > .fusion-column-wrapper {margin-right : 1.92%;margin-left : 1.92%;}}<\/style><div class=\"fusion-layout-column fusion_builder_column fusion-builder-column-1 fusion_builder_column_1_3 1_3 fusion-flex-column fusion-flex-align-self-flex-start\"><div class=\"fusion-column-wrapper fusion-column-has-shadow fusion-flex-justify-content-flex-start fusion-content-layout-block\" style=\"background-position:left top;background-repeat:no-repeat;-webkit-background-size:cover;-moz-background-size:cover;-o-background-size:cover;background-size:cover;background-color:#f9f9f9;border-width: 0 0 0 2px;border-color:#9DA0D2;border-style:solid;box-shadow:0px 0px ;;padding: 4% 4% 4% 4%;\"><div class=\"fusion-text fusion-text-4\" style=\"transform:translate3d(0,0,0);\"><h5 style=\"text-align: center;\">Coordinators<\/h5>\n<\/div><div class=\"fusion-text fusion-text-5\" style=\"transform:translate3d(0,0,0);\"><p style=\"text-align: center;\">Dr Jose Luis G\u00f3rriz<\/p>\n<\/div><div class=\"imageframe-align-center\"><span class=\" fusion-imageframe imageframe-none imageframe-1 hover-type-none\" style=\"border:2px solid #e2e2e2;border-radius:8px;width:100%;max-width:160px;\"><img width=\"792\" height=\"1056\" title=\"jose-luis-gorriz\" src=\"https:\/\/www.incliva.es\/wp-content\/uploads\/2025\/04\/jose-luis-gorriz.jpg\" class=\"img-responsive wp-image-40860\" srcset=\"https:\/\/www.incliva.es\/wp-content\/uploads\/2025\/04\/jose-luis-gorriz-200x267.jpg 200w, https:\/\/www.incliva.es\/wp-content\/uploads\/2025\/04\/jose-luis-gorriz-400x533.jpg 400w, https:\/\/www.incliva.es\/wp-content\/uploads\/2025\/04\/jose-luis-gorriz-600x800.jpg 600w, https:\/\/www.incliva.es\/wp-content\/uploads\/2025\/04\/jose-luis-gorriz.jpg 792w\" sizes=\"(max-width: 640px) 100vw, 400px\" \/><\/span><\/div><div class=\"fusion-separator fusion-full-width-sep\" style=\"align-self: center;margin-left: auto;margin-right: auto;margin-top:10px;margin-bottom:10px;width:100%;\"><div class=\"fusion-separator-border sep-single sep-solid\" style=\"border-color:#9DA0D2;border-top-width:1px;\"><\/div><\/div><div class=\"fusion-text fusion-text-6\" style=\"transform:translate3d(0,0,0);\"><p style=\"text-align: center;\">Dr Inmaculada Saur\u00ed<\/p>\n<\/div><div class=\"imageframe-align-center\"><span class=\" fusion-imageframe imageframe-none imageframe-2 hover-type-none\" style=\"border:2px solid #e2e2e2;border-radius:8px;width:100%;max-width:160px;\"><img width=\"490\" height=\"654\" title=\"InmaSauri\" src=\"https:\/\/www.incliva.es\/wp-content\/uploads\/2025\/09\/InmaSauri.jpg\" class=\"img-responsive wp-image-44517\" srcset=\"https:\/\/www.incliva.es\/wp-content\/uploads\/2025\/09\/InmaSauri-200x267.jpg 200w, https:\/\/www.incliva.es\/wp-content\/uploads\/2025\/09\/InmaSauri-400x534.jpg 400w, https:\/\/www.incliva.es\/wp-content\/uploads\/2025\/09\/InmaSauri.jpg 490w\" sizes=\"(max-width: 640px) 100vw, 400px\" \/><\/span><\/div><\/div><\/div><style type=\"text\/css\">.fusion-body .fusion-builder-column-1{width:33.333333333333% !important;margin-top : 0px;margin-bottom : 20px;}.fusion-builder-column-1 > .fusion-column-wrapper {padding-top : 4% !important;padding-right : 4% !important;margin-right : 5.76%;padding-bottom : 4% !important;padding-left : 4% !important;margin-left : 5.76%;}@media only screen and (max-width:1532px) {.fusion-body .fusion-builder-column-1{width:33.333333333333% !important;order : 0;}.fusion-builder-column-1 > .fusion-column-wrapper {margin-right : 5.76%;margin-left : 5.76%;}}@media only screen and (max-width:640px) {.fusion-body .fusion-builder-column-1{width:100% !important;order : 0;}.fusion-builder-column-1 > .fusion-column-wrapper {margin-right : 1.92%;margin-left : 1.92%;}}<\/style><\/div><style type=\"text\/css\">.fusion-body .fusion-flex-container.fusion-builder-row-1{ padding-top : 0px;margin-top : 0px;padding-right : 0px;padding-bottom : 0px;margin-bottom : 0px;padding-left : 0px;}<\/style><\/div>\n","protected":false},"excerpt":{"rendered":"","protected":false},"author":13,"featured_media":0,"parent":8570,"menu_order":0,"comment_status":"closed","ping_status":"closed","template":"","meta":[],"acf":[],"_links":{"self":[{"href":"https:\/\/www.incliva.es\/en\/wp-json\/wp\/v2\/pages\/48029"}],"collection":[{"href":"https:\/\/www.incliva.es\/en\/wp-json\/wp\/v2\/pages"}],"about":[{"href":"https:\/\/www.incliva.es\/en\/wp-json\/wp\/v2\/types\/page"}],"author":[{"embeddable":true,"href":"https:\/\/www.incliva.es\/en\/wp-json\/wp\/v2\/users\/13"}],"replies":[{"embeddable":true,"href":"https:\/\/www.incliva.es\/en\/wp-json\/wp\/v2\/comments?post=48029"}],"version-history":[{"count":8,"href":"https:\/\/www.incliva.es\/en\/wp-json\/wp\/v2\/pages\/48029\/revisions"}],"predecessor-version":[{"id":50476,"href":"https:\/\/www.incliva.es\/en\/wp-json\/wp\/v2\/pages\/48029\/revisions\/50476"}],"up":[{"embeddable":true,"href":"https:\/\/www.incliva.es\/en\/wp-json\/wp\/v2\/pages\/8570"}],"wp:attachment":[{"href":"https:\/\/www.incliva.es\/en\/wp-json\/wp\/v2\/media?parent=48029"}],"curies":[{"name":"wp","href":"https:\/\/api.w.org\/{rel}","templated":true}]}}