{"id":47229,"date":"2025-04-17T08:08:28","date_gmt":"2025-04-17T06:08:28","guid":{"rendered":"https:\/\/www.incliva.es\/services\/researcher-services\/scientific-management\/international\/featured-projects\/jared\/"},"modified":"2025-12-15T11:36:25","modified_gmt":"2025-12-15T09:36:25","slug":"jared","status":"publish","type":"page","link":"https:\/\/www.incliva.es\/en\/services\/researcher-services\/scientific-management\/international\/featured-projects\/jared\/","title":{"rendered":"JARED"},"content":{"rendered":"<div class=\"fusion-fullwidth fullwidth-box fusion-builder-row-1 fusion-flex-container nonhundred-percent-fullwidth non-hundred-percent-height-scrolling\" style=\"background-color: rgba(255,255,255,0);background-position: center center;background-repeat: no-repeat;border-width: 0px 0px 0px 0px;border-color:#e2e2e2;border-style:solid;\" ><div class=\"fusion-builder-row fusion-row fusion-flex-align-items-flex-start\" style=\"max-width:1248px;margin-left: calc(-4% \/ 2 );margin-right: calc(-4% \/ 2 );\"><div class=\"fusion-layout-column fusion_builder_column fusion-builder-column-0 fusion_builder_column_2_3 2_3 fusion-flex-column\"><div class=\"fusion-column-wrapper fusion-flex-justify-content-flex-start fusion-content-layout-column\" style=\"background-position:left top;background-repeat:no-repeat;-webkit-background-size:cover;-moz-background-size:cover;-o-background-size:cover;background-size:cover;padding: 0px 0px 0px 0px;\"><div style=\"text-align:center;\"><span class=\" fusion-imageframe imageframe-none imageframe-1 hover-type-none\" style=\"margin-top:20px;margin-bottom:20px;\"><a class=\"fusion-no-lightbox\" href=\"https:\/\/mypath-cancercare.eu\" target=\"_blank\" aria-label=\"JARED-logo-final-RGB\" rel=\"noopener noreferrer\"><img width=\"600\" height=\"186\" src=\"https:\/\/www.incliva.es\/wp-content\/uploads\/2025\/04\/JARED-logo-final-RGB-600x186.png\" class=\"img-responsive wp-image-41438\" srcset=\"https:\/\/www.incliva.es\/wp-content\/uploads\/2025\/04\/JARED-logo-final-RGB-200x62.png 200w, https:\/\/www.incliva.es\/wp-content\/uploads\/2025\/04\/JARED-logo-final-RGB-400x124.png 400w, https:\/\/www.incliva.es\/wp-content\/uploads\/2025\/04\/JARED-logo-final-RGB-600x186.png 600w, https:\/\/www.incliva.es\/wp-content\/uploads\/2025\/04\/JARED-logo-final-RGB-800x248.png 800w, https:\/\/www.incliva.es\/wp-content\/uploads\/2025\/04\/JARED-logo-final-RGB-1200x372.png 1200w, https:\/\/www.incliva.es\/wp-content\/uploads\/2025\/04\/JARED-logo-final-RGB.png 1384w\" sizes=\"(max-width: 640px) 100vw, 800px\" \/><\/a><\/span><\/div><style type=\"text\/css\">@media only screen and (max-width:1532px) {.fusion-title.fusion-title-1{margin-top:10px!important;margin-bottom:15px!important;}}@media only screen and (max-width:640px) {.fusion-title.fusion-title-1{margin-top:10px!important;margin-bottom:10px!important;}}<\/style><div class=\"fusion-title title fusion-title-1 fusion-title-text fusion-title-size-one\" style=\"margin-top:10px;margin-bottom:15px;\"><div class=\"title-sep-container title-sep-container-left fusion-no-large-visibility fusion-no-medium-visibility fusion-no-small-visibility\"><div class=\"title-sep sep-single sep-solid\" style=\"border-color:#3d44ac;\"><\/div><\/div><h1 class=\"title-heading-left\" style=\"margin:0;\">JARED<\/h1><div class=\"title-sep-container title-sep-container-right\"><div class=\"title-sep sep-single sep-solid\" style=\"border-color:#3d44ac;\"><\/div><\/div><\/div><div class=\"fusion-text fusion-text-1\" style=\"transform:translate3d(0,0,0);\"><h6>Joint Action on REspiratory Diseases<\/h6>\n<\/div><div class=\"fusion-text fusion-text-2\" style=\"transform:translate3d(0,0,0);\"><p>Chronic respiratory diseases (CRDs) such as asthma, chronic obstructive pulmonary disease (COPD), interstitial lung diseases (ILDs) and occupational lung diseases affect the airways and other structures of the lungs and pose a serious public health problem throughout Europe.<\/p>\n<p>The aim of this project is to strengthen and renew the European Union&#8217;s efforts to reduce chronic lung diseases through innovative solutions. The project aims to promote early detection of diseases and support independent management of the condition.<\/p>\n<p><strong>The European consortium<\/strong><\/p>\n<p>The project brings together 35 organisations from 14 countries in the fields of healthcare, research and education with the aim of improving the prevention of these diseases, promoting innovative treatment methods and raising awareness in European society of the importance of lung health, as well as improving healthcare by providing a better quality of life for patients. JARED is coordinated by the National Kor\u00e1nyi Institute for Pulmonology (OKPI).<\/p>\n<p><strong>Role of INCLIVA<\/strong><\/p>\n<p>INCLIVA is part of the node of Spanish affiliated entities under the coordination of the Andalusian Health Service.<\/p>\n<\/div><div class=\"fusion-separator fusion-full-width-sep\" style=\"align-self: center;margin-left: auto;margin-right: auto;width:100%;\"><div class=\"fusion-separator-border sep-single sep-dotted\" style=\"border-color:#9da0d2;border-top-width:1px;\"><\/div><\/div><div class=\"fusion-text fusion-text-3\" style=\"transform:translate3d(0,0,0);\"><p><strong>Summarising the project<\/strong><\/p>\n<p>The Joint Action on REspiratory Diseases (JARED) project, coordinated by the National Kor\u00e1nyi Institute for Pulmonology (OKPI), is an international collaboration supported by the European Commission. In this project, 35 institutes working in field of healthcare, education and research from 14 countries come together for a common goal: the effective prevention and treatment of Chronic Respiratory Diseases (CRD). The main focus point of this project is based on CRDs of the greatest public health importance, such as asthma, COPD, interstitial lung diseases (ILD), and occupational lung diseases. But the emphasis is also given to lung conditions associated with certain infections.<\/p>\n<p>One of the main objectives of this project is to connect member states across the EU and enhance joint action to prevent, detect and treat these kinds of diseases. In the framework of JARED, several innovative approaches are also implemented, such as digital health solutions that allow patients to monitor and manage their own condition on a better way, especially in remote or disadvantaged regions. In addition to all these, the project pays special attention to disadvantaged groups, such as ethnic minorities and rural populations, who are often at higher risk from the perspective of developing CRDs.<\/p>\n<p>Other key areas of the project include supporting preventive vaccinations, reducing smoking, improving indoor air quality, preventing occupational respiratory diseases, increasing early detection of respiratory diseases, developing multidisciplinary patient care, and developing respiratory rehabilitation with a self-treatment support. One of the novelties of JARED is that it integrates lung cancer screening and COPD early detection programs, which make the treatment of high-risk individuals more effective.<\/p>\n<p>Summarising all above, JARED aims to significantly reduce the burden of respiratory diseases in Europe, improve early detection and support patient self-treatment, especially among the most vulnerable social groups. The project also creates large-scale collaboration between member states of the EU. Finally, its mission is to sustainably reduce the incidence of CRD, significantly improve the quality of life for patients and integrate research findings into health policy and practice.<\/p>\n<p>Institutions that are part of the consortium<\/p>\n<table width=\"580\">\n<tbody>\n<tr>\n<td width=\"173\">Country<\/td>\n<td width=\"407\">Institute<\/td>\n<\/tr>\n<tr>\n<td rowspan=\"3\" width=\"173\">Hungary<\/td>\n<td width=\"407\">National Kor\u00e1nyi Institute of Pulmonology<\/td>\n<\/tr>\n<tr>\n<td width=\"407\">The National Center for Public Health and Pharmacy<\/td>\n<\/tr>\n<tr>\n<td width=\"407\">Borsod-Aba\u00faj-Zempl\u00e9n County Central Hospital and University Teaching Hospital<\/p>\n<p>DEBRECENI EGYETEM<\/td>\n<\/tr>\n<tr>\n<td rowspan=\"2\" width=\"173\">Greece<\/td>\n<td width=\"407\">1st Regional Health Authority of Attica<\/td>\n<\/tr>\n<tr>\n<td width=\"407\">Sotiria Hospital<\/td>\n<\/tr>\n<tr>\n<td rowspan=\"7\" width=\"173\">Spain<\/td>\n<td width=\"407\">Andalusian Health Service<\/td>\n<\/tr>\n<tr>\n<td width=\"407\">Fundaci\u00f3n para la Investigaci\u00f3n del Hospital Cl\u00ednico de la Comunidad Valenciana<\/td>\n<\/tr>\n<tr>\n<td width=\"407\">Fundaci\u00f3n Instituto de Investigaci\u00f3n Marqu\u00e9s de Valdecilla<\/td>\n<\/tr>\n<tr>\n<td width=\"407\">Fundaci\u00f3 de Recerca Cl\u00ednic Barcelona-Institut d\u2019Investigacions Biom\u00e8diques August Pi i Sunyer<\/td>\n<\/tr>\n<tr>\n<td width=\"407\">Fundaci\u00f3n Instituto de Estudios de Ciencias de la Salud de Castilla y Le\u00f3n<\/td>\n<\/tr>\n<tr>\n<td width=\"407\">Fundaci\u00f3n Investigaci\u00f3n Biom\u00e9dica Hospital Universitario 12 de Octubre<\/td>\n<\/tr>\n<tr>\n<td width=\"407\">Fundaci\u00f3n para la Investigaci\u00f3n de M\u00e1laga en Biomedicina y Salud<\/td>\n<\/tr>\n<tr>\n<td rowspan=\"2\" width=\"173\">Poland<\/td>\n<td width=\"407\">National Health Fund of Poland<\/td>\n<\/tr>\n<tr>\n<td width=\"407\">Medical University of Warsaw<\/td>\n<\/tr>\n<tr>\n<td rowspan=\"2\" width=\"173\">Finland<\/td>\n<td width=\"407\">The Finnish Institute for Health and Welfare<\/td>\n<\/tr>\n<tr>\n<td width=\"407\">Finnish Lung Health Association<\/td>\n<\/tr>\n<tr>\n<td width=\"173\">Denmark<\/td>\n<td width=\"407\">Municipality of Aarhus<\/td>\n<\/tr>\n<tr>\n<td width=\"173\">Croatia<\/td>\n<td width=\"407\">University Hospital Centre Zagreb<\/td>\n<\/tr>\n<tr>\n<td rowspan=\"4\" width=\"173\">Italy<\/td>\n<td width=\"407\">The Istituto Superiore di Sanit\u00e0<\/td>\n<\/tr>\n<tr>\n<td width=\"407\">Universit\u00e0 Politecnica delle Marche<\/td>\n<\/tr>\n<tr>\n<td width=\"407\">University of Florence<\/td>\n<\/tr>\n<tr>\n<td width=\"407\">University of Naples Federico II<\/td>\n<\/tr>\n<tr>\n<td rowspan=\"3\" width=\"173\">Latvia<\/td>\n<td width=\"407\">Centre for Disease Prevention and Control<\/td>\n<\/tr>\n<tr>\n<td width=\"407\">Pauls Stradins Clinical University Hospital<\/td>\n<\/tr>\n<tr>\n<td width=\"407\">Riga Stradins University<\/td>\n<\/tr>\n<tr>\n<td rowspan=\"4\" width=\"173\">Lithuania<\/td>\n<td width=\"407\">Ministry of Health of the Republic of Lithuania<\/td>\n<\/tr>\n<tr>\n<td width=\"407\">National Public Health Centre<\/td>\n<\/tr>\n<tr>\n<td width=\"407\">Vilnius University Hospital Santaros Klinikos<\/td>\n<\/tr>\n<tr>\n<td width=\"407\">Lithuanian University of Health Sciences<\/td>\n<\/tr>\n<tr>\n<td width=\"173\">Moldova<\/td>\n<td width=\"407\">Institute of Phthisiopneumology ,,Chiril Draganiuc&#8221;<\/td>\n<\/tr>\n<tr>\n<td rowspan=\"3\" width=\"173\">Portugal<\/td>\n<td width=\"407\">Ministerio Da Saude \u2013 Republica Portuguesa<\/td>\n<\/tr>\n<tr>\n<td width=\"407\">National Institute of Health Dr. Ricardo Jorge<\/td>\n<\/tr>\n<tr>\n<td width=\"407\">Unidade Local de Sa\u00fade de Santa Maria<\/td>\n<\/tr>\n<tr>\n<td width=\"173\">Romania<\/td>\n<td width=\"407\">Marius Nasta&#8221; Institute of Pneumophthiology<\/td>\n<\/tr>\n<tr>\n<td width=\"173\">Iceland<\/td>\n<td width=\"407\">Reykjalundur<\/td>\n<\/tr>\n<tr>\n<td width=\"173\">Czech Republic<\/td>\n<td width=\"407\">MINISTERSTVO ZDRAVOTNICTVI CESKE REPUBLIKY<\/td>\n<\/tr>\n<tr>\n<td width=\"173\">Ukraine<\/td>\n<td width=\"407\">National institute of phthisiology and pulmonology named after F. G. Yanovsky of the NAMS of Ukraine, SI<\/td>\n<\/tr>\n<tr>\n<td width=\"173\"><\/td>\n<td width=\"407\"><\/td>\n<\/tr>\n<\/tbody>\n<\/table>\n<\/div><div class=\"fusion-separator fusion-full-width-sep\" style=\"align-self: center;margin-left: auto;margin-right: auto;width:100%;\"><div class=\"fusion-separator-border sep-single\" style=\"border-color:#9da0d2;border-top-width:1px;\"><\/div><\/div><div style=\"text-align:left;\"><span class=\" fusion-imageframe imageframe-none imageframe-2 hover-type-none\" style=\"width:100%;max-width:280px;margin-top:20px;margin-bottom:20px;\"><img width=\"490\" height=\"103\" title=\"Logo EC_Cofunded\" src=\"https:\/\/www.incliva.es\/wp-content\/uploads\/2025\/04\/Logo-EC_Cofunded.png\" class=\"img-responsive wp-image-41309\" srcset=\"https:\/\/www.incliva.es\/wp-content\/uploads\/2025\/04\/Logo-EC_Cofunded-200x42.png 200w, https:\/\/www.incliva.es\/wp-content\/uploads\/2025\/04\/Logo-EC_Cofunded-400x84.png 400w, https:\/\/www.incliva.es\/wp-content\/uploads\/2025\/04\/Logo-EC_Cofunded.png 490w\" sizes=\"(max-width: 640px) 100vw, 490px\" \/><\/span><\/div><div class=\"fusion-text fusion-text-4\" style=\"transform:translate3d(0,0,0);\"><p>JARED project GA N. 01183391. Funded by the European Union.\u00a0The views and opinions expressed are solely those of the author(s) and do not necessarily reflect those of the European Union or the European Health and Digital Executive Agency (HaDEA). Neither the European Union nor the granting authority can be held responsible for them.<\/p>\n<\/div><\/div><\/div><style type=\"text\/css\">.fusion-body .fusion-builder-column-0{width:66.666666666667% !important;margin-top : 0px;margin-bottom : 20px;}.fusion-builder-column-0 > .fusion-column-wrapper {padding-top : 0px !important;padding-right : 0px !important;margin-right : 2.88%;padding-bottom : 0px !important;padding-left : 0px !important;margin-left : 2.88%;}@media only screen and (max-width:1532px) {.fusion-body .fusion-builder-column-0{width:66.666666666667% !important;}.fusion-builder-column-0 > .fusion-column-wrapper {margin-right : 2.88%;margin-left : 2.88%;}}@media only screen and (max-width:640px) {.fusion-body .fusion-builder-column-0{width:100% !important;}.fusion-builder-column-0 > .fusion-column-wrapper {margin-right : 1.92%;margin-left : 1.92%;}}<\/style><div class=\"fusion-layout-column fusion_builder_column fusion-builder-column-1 fusion_builder_column_1_3 1_3 fusion-flex-column\"><div class=\"fusion-column-wrapper fusion-column-has-shadow fusion-flex-justify-content-flex-start fusion-content-layout-column\" style=\"background-position:left top;background-repeat:no-repeat;-webkit-background-size:cover;-moz-background-size:cover;-o-background-size:cover;background-size:cover;background-color:#f9f9f9;border-width: 0 0 0 2px;border-color:#9DA0D2;border-style:solid;box-shadow:0px 0px ;;padding: 4% 4% 4% 4%;\"><div class=\"fusion-text fusion-text-5\" style=\"transform:translate3d(0,0,0);\"><h5 style=\"text-align: center;\">PROGRAMME<\/h5>\n<p style=\"text-align: center;\">EU4Health<\/p>\n<\/div><div class=\"fusion-separator fusion-full-width-sep\" style=\"align-self: center;margin-left: auto;margin-right: auto;margin-top:10px;margin-bottom:10px;width:100%;\"><div class=\"fusion-separator-border sep-single sep-solid\" style=\"border-color:#9DA0D2;border-top-width:1px;\"><\/div><\/div><div class=\"fusion-text fusion-text-6\" style=\"transform:translate3d(0,0,0);\"><h5 style=\"text-align: center;\">PRINCIPAL INVESTIGATOR<\/h5>\n<p style=\"text-align: center;\"><a href=\"https:\/\/incliva.portalinvestigacion.com\/investigadores\/2308\" target=\"_blank\" rel=\"noopener\">Dr. Jaime Signes Costa\u00a0<\/a><br \/>\n<a href=\"mailto:jaime.signes-costa@uv.es\">jaime.signes-costa@uv.es<\/a><\/p>\n<\/div><div class=\"fusion-separator fusion-full-width-sep\" style=\"align-self: center;margin-left: auto;margin-right: auto;margin-top:10px;margin-bottom:10px;width:100%;\"><div class=\"fusion-separator-border sep-single sep-solid\" style=\"border-color:#9DA0D2;border-top-width:1px;\"><\/div><\/div><div class=\"fusion-text fusion-text-7\" style=\"transform:translate3d(0,0,0);\"><h5 style=\"text-align: center;\">ROL<\/h5>\n<p style=\"text-align: center;\">Affiliated entity<\/p>\n<\/div><div class=\"fusion-text fusion-text-8\" style=\"transform:translate3d(0,0,0);\"><h5 style=\"text-align: center;\">FUNDING<\/h5>\n<p style=\"text-align: center;\">6,000,000 euro<\/p>\n<p style=\"text-align: center;\">Funding allocated to INCLIVA:<\/p>\n<p style=\"text-align: center;\">10,700 euro<\/p>\n<\/div><div class=\"fusion-text fusion-text-9\" style=\"transform:translate3d(0,0,0);\"><h5 style=\"text-align: center;\">START\/END<\/h5>\n<p style=\"text-align: center;\">01.12.2024 \u2013 30.11.2027<\/p>\n<\/div><div class=\"fusion-separator fusion-full-width-sep\" style=\"align-self: center;margin-left: auto;margin-right: auto;margin-top:10px;margin-bottom:10px;width:100%;\"><div class=\"fusion-separator-border sep-single sep-solid\" style=\"border-color:#9DA0D2;border-top-width:1px;\"><\/div><\/div><div class=\"fusion-text fusion-text-10\" style=\"transform:translate3d(0,0,0);\"><h5 style=\"text-align: center;\">WEB<\/h5>\n<p style=\"text-align: center;\"><a href=\"https:\/\/europeanlung.org\/jared\" target=\"_blank\" rel=\"noopener\">europeanlung.org\/jared<\/a><\/p>\n<\/div><div class=\"fusion-text fusion-text-11\" style=\"transform:translate3d(0,0,0);\"><h5 style=\"text-align: center;\">SOCIAL MEDIA<\/h5>\n<\/div><div class=\"fusion-social-links\" style=\"text-align:center\"><div class=\"fusion-social-networks\"><div class=\"fusion-social-networks-wrapper\"><\/div><\/div><\/div><\/div><\/div><style type=\"text\/css\">.fusion-body .fusion-builder-column-1{width:33.333333333333% !important;margin-top : 0px;margin-bottom : 20px;}.fusion-builder-column-1 > .fusion-column-wrapper {padding-top : 4% !important;padding-right : 4% !important;margin-right : 5.76%;padding-bottom : 4% !important;padding-left : 4% !important;margin-left : 5.76%;}@media only screen and (max-width:1532px) {.fusion-body .fusion-builder-column-1{width:33.333333333333% !important;order : 0;}.fusion-builder-column-1 > .fusion-column-wrapper {margin-right : 5.76%;margin-left : 5.76%;}}@media only screen and (max-width:640px) {.fusion-body .fusion-builder-column-1{width:100% !important;order : 0;}.fusion-builder-column-1 > .fusion-column-wrapper {margin-right : 1.92%;margin-left : 1.92%;}}<\/style><\/div><style type=\"text\/css\">.fusion-body .fusion-flex-container.fusion-builder-row-1{ padding-top : 0px;margin-top : 0px;padding-right : 0px;padding-bottom : 0px;margin-bottom : 0px;padding-left : 0px;}<\/style><\/div>\n","protected":false},"excerpt":{"rendered":"","protected":false},"author":10,"featured_media":0,"parent":9839,"menu_order":0,"comment_status":"closed","ping_status":"closed","template":"","meta":[],"acf":[],"_links":{"self":[{"href":"https:\/\/www.incliva.es\/en\/wp-json\/wp\/v2\/pages\/47229"}],"collection":[{"href":"https:\/\/www.incliva.es\/en\/wp-json\/wp\/v2\/pages"}],"about":[{"href":"https:\/\/www.incliva.es\/en\/wp-json\/wp\/v2\/types\/page"}],"author":[{"embeddable":true,"href":"https:\/\/www.incliva.es\/en\/wp-json\/wp\/v2\/users\/10"}],"replies":[{"embeddable":true,"href":"https:\/\/www.incliva.es\/en\/wp-json\/wp\/v2\/comments?post=47229"}],"version-history":[{"count":6,"href":"https:\/\/www.incliva.es\/en\/wp-json\/wp\/v2\/pages\/47229\/revisions"}],"predecessor-version":[{"id":47390,"href":"https:\/\/www.incliva.es\/en\/wp-json\/wp\/v2\/pages\/47229\/revisions\/47390"}],"up":[{"embeddable":true,"href":"https:\/\/www.incliva.es\/en\/wp-json\/wp\/v2\/pages\/9839"}],"wp:attachment":[{"href":"https:\/\/www.incliva.es\/en\/wp-json\/wp\/v2\/media?parent=47229"}],"curies":[{"name":"wp","href":"https:\/\/api.w.org\/{rel}","templated":true}]}}