{"id":47093,"date":"2025-12-03T12:41:55","date_gmt":"2025-12-03T10:41:55","guid":{"rendered":"https:\/\/www.incliva.es\/your-solidarity-campaign\/asv-fund-run-2025\/"},"modified":"2026-01-16T09:06:29","modified_gmt":"2026-01-16T07:06:29","slug":"asv-fund-run-2025","status":"publish","type":"page","link":"https:\/\/www.incliva.es\/en\/your-solidarity-campaign\/asv-fund-run-2025\/","title":{"rendered":"ASV FUND RUN 2025"},"content":{"rendered":"<p><div class=\"fusion-fullwidth fullwidth-box fusion-builder-row-1 fusion-flex-container nonhundred-percent-fullwidth non-hundred-percent-height-scrolling\" style=\"background-color: rgba(255,255,255,0);background-position: center center;background-repeat: no-repeat;border-width: 0px 0px 0px 0px;border-color:#e2e2e2;border-style:solid;\" ><div class=\"fusion-builder-row fusion-row fusion-flex-align-items-flex-start\" style=\"max-width:1248px;margin-left: calc(-4% \/ 2 );margin-right: calc(-4% \/ 2 );\"><div class=\"fusion-layout-column fusion_builder_column fusion-builder-column-0 fusion_builder_column_1_1 1_1 fusion-flex-column\"><div class=\"fusion-column-wrapper fusion-flex-justify-content-flex-start fusion-content-layout-column\" style=\"background-position:left top;background-repeat:no-repeat;-webkit-background-size:cover;-moz-background-size:cover;-o-background-size:cover;background-size:cover;padding: 0px 0px 0px 0px;\"><div class=\"fusion-builder-row fusion-builder-row-inner fusion-row fusion-flex-align-items-flex-start\" style=\"width:104% !important;max-width:104% !important;margin-left: calc(-4% \/ 2 );margin-right: calc(-4% \/ 2 );\"><div class=\"fusion-layout-column fusion_builder_column_inner fusion-builder-nested-column-0 fusion_builder_column_inner_1_1 1_1 fusion-flex-column fusion-flex-align-self-stretch\"><div class=\"fusion-column-wrapper fusion-column-has-shadow fusion-flex-justify-content-space-evenly fusion-content-layout-column\" style=\"background-position:left top;background-repeat:no-repeat;-webkit-background-size:cover;-moz-background-size:cover;-o-background-size:cover;background-size:cover;background-color:#f2f2f2;box-shadow:5px 0px #da456a inset;;padding: 20px 0px 0px 0px;\"><div class=\"fusion-text fusion-text-1\" style=\"transform:translate3d(0,0,0);\"><p style=\"text-align: center; font-size: 32px;\"><span style=\"color: #da456a; margin-bottom: 10px;\"><strong>ASV FUND RUN 2025<\/strong><\/span><\/p>\n<p style=\"text-align: center; font-size: 18px;\"><strong>American School of Valencia<\/strong><\/p>\n<p style=\"text-align: center; font-size: 18px;\"><strong>Fondos destinados a:<\/strong> Investigaci\u00f3n Oncol\u00f3gica<\/p>\n<p style=\"text-align: center;\"><a class=\"fb-icon-element-1 fb-icon-element fontawesome-icon fa-instagram fab circle-yes fusion-text-flow fusion-link\" style=\"font-size:12.32px;line-height:22.64px;height:24.64px;width:24.64px;border-width:1px;margin-right:7px;\" href=\"https:\/\/www.instagram.com\/americanschoolofvalencia\/?hl=es\" aria-label=\"Link to https:\/\/www.instagram.com\/americanschoolofvalencia\/?hl=es\" target=\"https:\/\/www.instagram.com\/americanschoolofvalencia\/?hl=es\"><\/a><style>a.fb-icon-element.fontawesome-icon.fb-icon-element-1{ color: #ffffff; background-color: #4a4e57; border-color: #4a4e57;}a.fb-icon-element.fontawesome-icon.fb-icon-element-1:hover { color: #ffffff; background-color: #9da0d2; border-color: #3d44ac;}<\/style><a href=\"https:\/\/www.instagram.com\/americanschoolofvalencia\/?hl=es\" target=\"_blank\" rel=\"noopener\"><strong>@americanschoolofvalencia<\/strong><\/a>\u00a0 <a class=\"fb-icon-element-2 fb-icon-element fontawesome-icon fa-facebook fab circle-yes fusion-text-flow fusion-link\" style=\"font-size:12.32px;line-height:22.64px;height:24.64px;width:24.64px;border-width:1px;margin-right:7px;\" href=\"https:\/\/www.facebook.com\/americanschoolofvalencia\/\" aria-label=\"Link to https:\/\/www.facebook.com\/americanschoolofvalencia\/\" target=\"https:\/\/www.facebook.com\/americanschoolofvalencia\/\"><\/a><style>a.fb-icon-element.fontawesome-icon.fb-icon-element-2{ color: #ffffff; background-color: #4a4e57; border-color: #4a4e57;}a.fb-icon-element.fontawesome-icon.fb-icon-element-2:hover { color: #ffffff; background-color: #9da0d2; border-color: #3d44ac;}<\/style><a href=\"https:\/\/www.facebook.com\/americanschoolofvalencia\" target=\"_blank\" rel=\"noopener\"><strong>@AmericanSchoolofValencia<\/strong><\/a>\u00a0 <i class=\"fb-icon-element-3 fb-icon-element fontawesome-icon fa-envelope fas circle-yes fusion-text-flow\" style=\"font-size:12.32px;line-height:22.64px;height:24.64px;width:24.64px;border-width:1px;margin-right:7px;\"><\/i><style>i.fb-icon-element.fontawesome-icon.fb-icon-element-3{ color: #ffffff; background-color: #4a4e57; border-color: #4a4e57;}i.fb-icon-element.fontawesome-icon.fb-icon-element-3:hover { color: #ffffff; background-color: #9da0d2; border-color: #3d44ac;}<\/style><strong><a href=\"http:\/\/www.asvalencia.org\">www.asvalencia.org<\/a><\/strong> \u00a0<strong><br \/>\n<\/strong><\/p>\n<\/div><\/div><\/div><style type=\"text\/css\">.fusion-body .fusion-builder-nested-column-0{width:100% !important;margin-top : 20px;margin-bottom : 20px;}.fusion-builder-nested-column-0 > .fusion-column-wrapper {padding-top : 20 !important;padding-right : 0px !important;margin-right : 1.92%;padding-bottom : 0px !important;padding-left : 0px !important;margin-left : 1.92%;}@media only screen and (max-width:1532px) {.fusion-body .fusion-builder-nested-column-0{width:100% !important;order : 0;}.fusion-builder-nested-column-0 > .fusion-column-wrapper {margin-right : 1.92%;margin-left : 1.92%;}}@media only screen and (max-width:640px) {.fusion-body .fusion-builder-nested-column-0{width:100% !important;order : 0;}.fusion-builder-nested-column-0 > .fusion-column-wrapper {margin-right : 1.92%;margin-left : 1.92%;}}<\/style><\/div><\/div><\/div><style type=\"text\/css\">.fusion-body .fusion-builder-column-0{width:100% !important;margin-top : 0px;margin-bottom : 20px;}.fusion-builder-column-0 > .fusion-column-wrapper {padding-top : 0px !important;padding-right : 0px !important;margin-right : 1.92%;padding-bottom : 0px !important;padding-left : 0px !important;margin-left : 1.92%;}@media only screen and (max-width:1532px) {.fusion-body .fusion-builder-column-0{width:100% !important;order : 0;}.fusion-builder-column-0 > .fusion-column-wrapper {margin-right : 1.92%;margin-left : 1.92%;}}@media only screen and (max-width:640px) {.fusion-body .fusion-builder-column-0{width:100% !important;order : 0;}.fusion-builder-column-0 > .fusion-column-wrapper {margin-right : 1.92%;margin-left : 1.92%;}}<\/style><\/div><style type=\"text\/css\">.fusion-body .fusion-flex-container.fusion-builder-row-1{ padding-top : 0px;margin-top : 0px;padding-right : 0px;padding-bottom : 0px;margin-bottom : 0px;padding-left : 0px;}<\/style><\/div><div class=\"fusion-fullwidth fullwidth-box fusion-builder-row-2 fusion-flex-container nonhundred-percent-fullwidth non-hundred-percent-height-scrolling\" style=\"background-color: rgba(255,255,255,0);background-position: center center;background-repeat: no-repeat;border-width: 0px 0px 0px 0px;border-color:#e2e2e2;border-style:solid;\" ><div class=\"fusion-builder-row fusion-row fusion-flex-align-items-flex-start\" style=\"max-width:1248px;margin-left: calc(-4% \/ 2 );margin-right: calc(-4% \/ 2 );\"><div class=\"fusion-layout-column fusion_builder_column fusion-builder-column-1 fusion_builder_column_2_3 2_3 fusion-flex-column\"><div class=\"fusion-column-wrapper fusion-flex-justify-content-flex-start fusion-content-layout-column\" style=\"background-position:left top;background-repeat:no-repeat;-webkit-background-size:cover;-moz-background-size:cover;-o-background-size:cover;background-size:cover;padding: 0px 0px 0px 0px;\"><div style=\"text-align:left;\"><span class=\" fusion-imageframe imageframe-none imageframe-1 hover-type-none\" style=\"width:100%;max-width:850px;\"><img width=\"800\" height=\"450\" title=\"Fund-Run Poster Horizontal\" src=\"https:\/\/www.incliva.es\/wp-content\/uploads\/2025\/12\/Fund-Run-Poster-Horizontal-800x450.png\" class=\"img-responsive wp-image-47090\" srcset=\"https:\/\/www.incliva.es\/wp-content\/uploads\/2025\/12\/Fund-Run-Poster-Horizontal-200x113.png 200w, https:\/\/www.incliva.es\/wp-content\/uploads\/2025\/12\/Fund-Run-Poster-Horizontal-400x225.png 400w, https:\/\/www.incliva.es\/wp-content\/uploads\/2025\/12\/Fund-Run-Poster-Horizontal-600x338.png 600w, https:\/\/www.incliva.es\/wp-content\/uploads\/2025\/12\/Fund-Run-Poster-Horizontal-800x450.png 800w, https:\/\/www.incliva.es\/wp-content\/uploads\/2025\/12\/Fund-Run-Poster-Horizontal-1200x675.png 1200w, https:\/\/www.incliva.es\/wp-content\/uploads\/2025\/12\/Fund-Run-Poster-Horizontal.png 1920w\" sizes=\"(max-width: 640px) 100vw, 800px\" \/><\/span><\/div><div class=\"fusion-separator fusion-full-width-sep\" style=\"align-self: center;margin-left: auto;margin-right: auto;margin-top:15px;width:100%;\"><\/div><style type=\"text\/css\">@media only screen and (max-width:1532px) {.fusion-title.fusion-title-1{margin-top:10px!important;margin-bottom:15px!important;}}@media only screen and (max-width:640px) {.fusion-title.fusion-title-1{margin-top:10px!important;margin-bottom:10px!important;}}<\/style><div class=\"fusion-title title fusion-title-1 fusion-title-center fusion-title-text fusion-title-size-three\" style=\"margin-top:10px;margin-bottom:15px;\"><div class=\"title-sep-container title-sep-container-left\"><div class=\"title-sep sep-single sep-solid\" style=\"border-color:#3d44ac;\"><\/div><\/div><h3 class=\"title-heading-center\" style=\"margin:0;\"><span data-olk-copy-source=\"MessageBody\">Corremos juntos por la investigaci\u00f3n contra el c\u00e1ncer<\/span><\/h3><div class=\"title-sep-container title-sep-container-right\"><div class=\"title-sep sep-single sep-solid\" style=\"border-color:#3d44ac;\"><\/div><\/div><\/div><div class=\"fusion-text fusion-text-2\" style=\"transform:translate3d(0,0,0);\"><p>American School of Valencia invita a toda su comunidad ASV a unirse a una iniciativa solidaria que busca impulsar la investigaci\u00f3n oncol\u00f3gica liderada por el Instituto de Investigaci\u00f3n Sanitaria INCLIVA.<\/p>\n<p>El pr\u00f3ximo viernes <strong>19 de diciembre <\/strong>de 2025, el campus del ASV ser\u00e1 el escenario de una <strong>carrera solidaria por turnos<\/strong>, un evento participativo y festivo cuyo prop\u00f3sito va mucho m\u00e1s all\u00e1 del deporte: transformar el recuerdo en esperanza. Cada paso, cada vuelta al recorrido y cada aportaci\u00f3n sumar\u00e1n para avanzar en algo tan valioso como la investigaci\u00f3n oncol\u00f3gica que permite salvar vidas.<\/p>\n<\/div><div class=\"fusion-separator fusion-full-width-sep\" style=\"align-self: center;margin-left: auto;margin-right: auto;margin-top:15px;width:100%;\"><\/div><style type=\"text\/css\">@media only screen and (max-width:1532px) {.fusion-title.fusion-title-2{margin-top:10px!important;margin-bottom:15px!important;}}@media only screen and (max-width:640px) {.fusion-title.fusion-title-2{margin-top:10px!important;margin-bottom:10px!important;}}<\/style><div class=\"fusion-title title fusion-title-2 fusion-title-center fusion-title-text fusion-title-size-three\" style=\"margin-top:10px;margin-bottom:15px;\"><div class=\"title-sep-container title-sep-container-left\"><div class=\"title-sep sep-single sep-solid\" style=\"border-color:#3d44ac;\"><\/div><\/div><h3 class=\"title-heading-center\" style=\"margin:0;\"><span data-olk-copy-source=\"MessageBody\">Porque su memoria nos mueve <\/span><\/h3><div class=\"title-sep-container title-sep-container-right\"><div class=\"title-sep sep-single sep-solid\" style=\"border-color:#3d44ac;\"><\/div><\/div><\/div><div class=\"fusion-text fusion-text-3\" style=\"transform:translate3d(0,0,0);\"><p>A lo largo de sus <strong>45 a\u00f1os de historia<\/strong>, la comunidad del ASV ha sufrido la p\u00e9rdida de <strong>estudiantes, antiguos alumnos y miembros <\/strong><strong>muy queridos de la plantilla<\/strong> a causa de enfermedades.<\/p>\n<p>La <strong>ASV Fund-Run 2025<\/strong> nace como una forma de unir a nuestra comunidad para rendir <strong>homenaje <\/strong>a esas personas que dejaron una huella imborrable. Con esta carrera queremos <strong>transformar los recuerdos en fuerza proactiva<\/strong> y en un <strong>compromiso real con el avance cient\u00edfico y la investigaci\u00f3n contra el c\u00e1ncer.<\/strong><\/p>\n<p>Esta carrera es una invitaci\u00f3n a que toda la comunidad \u2014estudiantes, familias y docentes \u2014 corra unida por un futuro con m\u00e1s investigaci\u00f3n y m\u00e1s esperanza, en memoria de los que nos dejaron muy pronto.<\/p>\n<\/div><div class=\"fusion-separator fusion-full-width-sep\" style=\"align-self: center;margin-left: auto;margin-right: auto;margin-top:15px;width:100%;\"><\/div><style type=\"text\/css\">@media only screen and (max-width:1532px) {.fusion-title.fusion-title-3{margin-top:10px!important;margin-bottom:15px!important;}}@media only screen and (max-width:640px) {.fusion-title.fusion-title-3{margin-top:10px!important;margin-bottom:10px!important;}}<\/style><div class=\"fusion-title title fusion-title-3 fusion-title-center fusion-title-text fusion-title-size-three\" style=\"margin-top:10px;margin-bottom:15px;\"><div class=\"title-sep-container title-sep-container-left\"><div class=\"title-sep sep-single sep-solid\" style=\"border-color:#3d44ac;\"><\/div><\/div><h3 class=\"title-heading-center\" style=\"margin:0;\">Informaci\u00f3n sobre la entidad<\/h3><div class=\"title-sep-container title-sep-container-right\"><div class=\"title-sep sep-single sep-solid\" style=\"border-color:#3d44ac;\"><\/div><\/div><\/div><div class=\"fusion-separator fusion-full-width-sep\" style=\"align-self: center;margin-left: auto;margin-right: auto;margin-top:25px;width:100%;\"><\/div><div class=\"fusion-text fusion-text-4\" style=\"transform:translate3d(0,0,0);\"><p>American School of Valencia es una <strong>escuela internacional que ofrece ense\u00f1anza norteamericana <\/strong>a familias locales e internacionales residentes en la ciudad de Valencia y su entorno. El ASV fue <strong>fundado en 1980<\/strong> por un grupo de familias y educadores que se comprometieron con la creaci\u00f3n del primer colegio de habla inglesa en Valencia utilizando como marco el curr\u00edculo estadounidense. El colegio abri\u00f3 sus puertas con un peque\u00f1o grupo de 27 ni\u00f1os y fue creciendo hasta convertirse hoy en d\u00eda en la escuela internacional de referencia en Valencia.<\/p>\n<p>La escuela abre sus puertas a familias de cualquier nacionalidad que deseen educar a sus hijos bajo los est\u00e1ndares de una educaci\u00f3n americana e internacional con el ingl\u00e9s como primer idioma curricular. Tanto la filosof\u00eda del centro como toda la acci\u00f3n docente animan a los alumnos a desarrollar una mentalidad m\u00e1s abierta (<em>open minded<\/em>) y a ser conscientes de que viven en un mundo diverso e interrelacionado (<em>globally-conscious<\/em>). Sobre estas bases la educaci\u00f3n en el ASV prepara a los graduados a afrontar con \u00e9xito el salto a los estudios universitarios y su futuro profesional en un mundo sin fronteras y en constante cambio.<\/p>\n<p>La comunidad escolar ASV est\u00e1 formada por las familias de los 950 estudiantes matriculados, el conjunto del profesorado y la plantilla, y los 1400 graduados de las 33 promociones egresadas desde 1993 hasta hoy.<\/p>\n<\/div><div class=\"fusion-separator fusion-full-width-sep\" style=\"align-self: center;margin-left: auto;margin-right: auto;margin-top:25px;margin-bottom:25px;width:100%;\"><div class=\"fusion-separator-border sep-shadow\" style=\"background:radial-gradient(ellipse at 50% -50% , #9da0d2 0px, rgba(255, 255, 255, 0) 80%) repeat scroll 0 0 rgba(0, 0, 0, 0);background:-webkit-radial-gradient(ellipse at 50% -50% , #9da0d2 0px, rgba(255, 255, 255, 0) 80%) repeat scroll 0 0 rgba(0, 0, 0, 0);background:-moz-radial-gradient(ellipse at 50% -50% , #9da0d2 0px, rgba(255, 255, 255, 0) 80%) repeat scroll 0 0 rgba(0, 0, 0, 0);background:-o-radial-gradient(ellipse at 50% -50% , #9da0d2 0px, rgba(255, 255, 255, 0) 80%) repeat scroll 0 0 rgba(0, 0, 0, 0);\"><\/div><\/div><div class=\"fusion-text fusion-text-5\" style=\"transform:translate3d(0,0,0);\"><p><a href=\"https:\/\/www.incliva.es\/tu-campana-solidaria\/\"><i class=\"fb-icon-element-4 fb-icon-element fontawesome-icon fa-angle-left fas circle-yes fusion-text-flow\" style=\"font-size:14.08px;line-height:26.16px;height:28.16px;width:28.16px;border-width:1px;margin-right:8px;\"><\/i><style>i.fb-icon-element.fontawesome-icon.fb-icon-element-4{ color: #ffffff; background-color: #9da0d2; border-color: #9da0d2;}i.fb-icon-element.fontawesome-icon.fb-icon-element-4:hover { color: #ffffff; background-color: #9da0d2; border-color: #9da0d2;}<\/style>Volver a la lista de campa\u00f1as<\/a><\/p>\n<\/div><\/div><\/div><style type=\"text\/css\">.fusion-body .fusion-builder-column-1{width:66.666666666667% !important;margin-top : 0px;margin-bottom : 20px;}.fusion-builder-column-1 > .fusion-column-wrapper {padding-top : 0px !important;padding-right : 0px !important;margin-right : 2.88%;padding-bottom : 0px !important;padding-left : 0px !important;margin-left : 2.88%;}@media only screen and (max-width:1532px) {.fusion-body .fusion-builder-column-1{width:66.666666666667% !important;order : 0;}.fusion-builder-column-1 > .fusion-column-wrapper {margin-right : 2.88%;margin-left : 2.88%;}}@media only screen and (max-width:640px) {.fusion-body .fusion-builder-column-1{width:100% !important;order : 0;}.fusion-builder-column-1 > .fusion-column-wrapper {margin-right : 1.92%;margin-left : 1.92%;}}<\/style><div class=\"fusion-layout-column fusion_builder_column fusion-builder-column-2 fusion_builder_column_1_3 1_3 fusion-flex-column\"><div class=\"fusion-column-wrapper fusion-flex-justify-content-flex-start fusion-content-layout-column\" style=\"background-position:left top;background-repeat:no-repeat;-webkit-background-size:cover;-moz-background-size:cover;-o-background-size:cover;background-size:cover;padding: 0px 0px 0px 0px;\"><div class=\"fusion-text fusion-text-6\" style=\"font-size:20px;transform:translate3d(0,0,0);\"><p><span style=\"color: #3d44ac;\">Objetivo: <\/span>5.000<span style=\"color: #000000;\">\u00a0\u20ac<\/span><\/p>\n<\/div><div class=\"fusion-separator fusion-full-width-sep\" style=\"align-self: center;margin-left: auto;margin-right: auto;width:100%;\"><div class=\"fusion-separator-border sep-single\" style=\"border-color:#9da0d2;border-top-width:1px;\"><\/div><\/div><div class=\"fusion-separator fusion-full-width-sep\" style=\"align-self: center;margin-left: auto;margin-right: auto;margin-top:15px;width:100%;\"><\/div><div class=\"fusion-text fusion-text-7\" style=\"font-size:20px;transform:translate3d(0,0,0);\"><p><span style=\"color: #3d44ac;\">Recaudado: <\/span> <span id=\"recaudado\" style=\"color: #000000;\"> 4.269 \u20ac<\/span><\/p>\n<\/div><div class=\"fusion-separator fusion-full-width-sep\" style=\"align-self: center;margin-left: auto;margin-right: auto;width:100%;\"><div class=\"fusion-separator-border sep-single\" style=\"border-color:#9da0d2;border-top-width:1px;\"><\/div><\/div><div class=\"fusion-separator fusion-full-width-sep\" style=\"align-self: center;margin-left: auto;margin-right: auto;margin-top:15px;width:100%;\"><\/div><div class=\"fusion-text fusion-text-8\" style=\"font-size:20px;transform:translate3d(0,0,0);\"><p><span style=\"color: #3d44ac;\">Participantes: <\/span><span id=\"participantes\" style=\"color: #000000;\"><span id=\"participantes\">108<\/span><\/span><\/p>\n<\/div><div class=\"fusion-separator fusion-full-width-sep\" style=\"align-self: center;margin-left: auto;margin-right: auto;width:100%;\"><div class=\"fusion-separator-border sep-single\" style=\"border-color:#9da0d2;border-top-width:1px;\"><\/div><\/div><div class=\"fusion-separator fusion-full-width-sep\" style=\"align-self: center;margin-left: auto;margin-right: auto;margin-top:15px;width:100%;\"><\/div><div class=\"fusion-text fusion-text-9\" style=\"font-size:20px;color:#3bafbf;transform:translate3d(0,0,0);\"><p><span style=\"color: #3d44ac;\">Duraci\u00f3n: <\/span><span id=\"objetivo\" style=\"color: #000000;\">Enero 2026<\/span><\/p>\n<\/div><div class=\"fusion-separator fusion-full-width-sep\" style=\"align-self: center;margin-left: auto;margin-right: auto;margin-top:25px;width:100%;\"><\/div><\/div><\/div><style type=\"text\/css\">.fusion-body .fusion-builder-column-2{width:33.333333333333% !important;margin-top : 0px;margin-bottom : 20px;}.fusion-builder-column-2 > .fusion-column-wrapper {padding-top : 0px !important;padding-right : 0px !important;margin-right : 5.76%;padding-bottom : 0px !important;padding-left : 0px !important;margin-left : 5.76%;}@media only screen and (max-width:1532px) {.fusion-body .fusion-builder-column-2{width:33.333333333333% !important;order : 0;}.fusion-builder-column-2 > .fusion-column-wrapper {margin-right : 5.76%;margin-left : 5.76%;}}@media only screen and (max-width:640px) {.fusion-body .fusion-builder-column-2{width:100% !important;order : 0;}.fusion-builder-column-2 > .fusion-column-wrapper {margin-right : 1.92%;margin-left : 1.92%;}}<\/style><\/div><style type=\"text\/css\">.fusion-body .fusion-flex-container.fusion-builder-row-2{ padding-top : 0px;margin-top : 0px;padding-right : 0px;padding-bottom : 0px;margin-bottom : 0px;padding-left : 0px;}<\/style><\/div><\/p>\n","protected":false},"excerpt":{"rendered":"","protected":false},"author":13,"featured_media":0,"parent":18996,"menu_order":0,"comment_status":"closed","ping_status":"closed","template":"","meta":[],"acf":[],"_links":{"self":[{"href":"https:\/\/www.incliva.es\/en\/wp-json\/wp\/v2\/pages\/47093"}],"collection":[{"href":"https:\/\/www.incliva.es\/en\/wp-json\/wp\/v2\/pages"}],"about":[{"href":"https:\/\/www.incliva.es\/en\/wp-json\/wp\/v2\/types\/page"}],"author":[{"embeddable":true,"href":"https:\/\/www.incliva.es\/en\/wp-json\/wp\/v2\/users\/13"}],"replies":[{"embeddable":true,"href":"https:\/\/www.incliva.es\/en\/wp-json\/wp\/v2\/comments?post=47093"}],"version-history":[{"count":7,"href":"https:\/\/www.incliva.es\/en\/wp-json\/wp\/v2\/pages\/47093\/revisions"}],"predecessor-version":[{"id":48195,"href":"https:\/\/www.incliva.es\/en\/wp-json\/wp\/v2\/pages\/47093\/revisions\/48195"}],"up":[{"embeddable":true,"href":"https:\/\/www.incliva.es\/en\/wp-json\/wp\/v2\/pages\/18996"}],"wp:attachment":[{"href":"https:\/\/www.incliva.es\/en\/wp-json\/wp\/v2\/media?parent=47093"}],"curies":[{"name":"wp","href":"https:\/\/api.w.org\/{rel}","templated":true}]}}