{"id":47037,"date":"2025-12-04T13:52:54","date_gmt":"2025-12-04T11:52:54","guid":{"rendered":"https:\/\/www.incliva.es\/unidad-de-ensayos-clinicos-fase-i-oncologicos\/"},"modified":"2025-12-11T10:05:08","modified_gmt":"2025-12-11T08:05:08","slug":"phase-i-oncological-clinical-trials-unit","status":"publish","type":"page","link":"https:\/\/www.incliva.es\/en\/clinical-trials\/phase-i-oncological-clinical-trials-unit\/","title":{"rendered":"Phase I Oncological Clinical Trials Unit"},"content":{"rendered":"<div class=\"fusion-fullwidth fullwidth-box fusion-builder-row-1 fusion-flex-container nonhundred-percent-fullwidth non-hundred-percent-height-scrolling\" style=\"background-color: rgba(255,255,255,0);background-position: center center;background-repeat: no-repeat;border-width: 0px 0px 0px 0px;border-color:#e2e2e2;border-style:solid;\" ><div class=\"fusion-builder-row fusion-row fusion-flex-align-items-flex-start\" style=\"max-width:1248px;margin-left: calc(-4% \/ 2 );margin-right: calc(-4% \/ 2 );\"><div class=\"fusion-layout-column fusion_builder_column fusion-builder-column-0 fusion_builder_column_2_3 2_3 fusion-flex-column\"><div class=\"fusion-column-wrapper fusion-flex-justify-content-flex-start fusion-content-layout-column\" style=\"background-position:left top;background-repeat:no-repeat;-webkit-background-size:cover;-moz-background-size:cover;-o-background-size:cover;background-size:cover;padding: 0px 0px 0px 0px;\"><div class=\"fusion-text fusion-text-1\" style=\"transform:translate3d(0,0,0);\"><h5 style=\"text-align: justify;\">Introduction<\/h5>\n<p>The Phase I Clinical Trials Unit began its activity in 2004, being a pioneer in Spain in the development of First-in-Human trials. It is linked to the Oncology Department of the Hospital Cl\u00ednico Universitario de Val\u00e8ncia and is located just 50 meters from the INCLIVA Foundation, making it the only hospital in Val\u00e8ncia that conducts Phase I clinical trials in cancer and one of the few accredited centers of this type at the national level.<\/p>\n<p>The Unit focuses on the development of new drugs through clinical trials and studies on the pathogenesis, prognosis and experimental therapies in solid tumors. A large part of its activity is oriented toward the development of international clinical trials promoted by major pharmaceutical companies. Phase I trials, in which investigational medication is administered for the first time to oncology patients, are carried out through the identification and selection of patients from the Oncology Department of the Hospital Cl\u00ednico Universitario de Val\u00e8ncia and from other referring centers, whose clinical characteristics match the target population of the investigational medicinal products. Unlike other units, studies in healthy subjects are not conducted.<\/p>\n<p>The innovative approach of the Unit combines molecular diagnosis and cancer treatment based on whole human genoma sequencing, which allows the identification of molecular alterations and the developmet of targeted therapies and personalized immunotherapy combinations. This approach drives the advancement of new therapies that are less toxic and more specific for each tumor type, thus consolidating the model of Personalized Precision Medicine. Some of the drugs evaluated in the Unit have already progressed to Phase II of clinical development.<\/p>\n<p>The Phase I and Experimental Treatment Unit has two main locations for patient care and for the work of the research and nursing staff. The 2nd and 3rd floors of the INCLIVA Health Research Institute, where activities related mainly to the coordination of Phase I clinical trials and studies in digestive, gynecological, genitourinary, head and neck cancer and melanoma are carried out; and the 8th floor of the Maternity Building of the Hospital Cl\u00ednico Universitario de Val\u00e8ncia, where clinical trials in breast cancer and lung cancer are conducted.<\/p>\n<\/div><div class=\"fusion-separator fusion-full-width-sep\" style=\"align-self: center;margin-left: auto;margin-right: auto;margin-top:10px;margin-bottom:10px;width:100%;\"><div class=\"fusion-separator-border sep-single sep-solid\" style=\"border-color:#9DA0D2;border-top-width:1px;\"><\/div><\/div><div class=\"fusion-text fusion-text-2\" style=\"transform:translate3d(0,0,0);\"><h5 style=\"text-align: justify;\">Equipement<\/h5>\n<p>The second and third floors of INCLIVA\u2019s main headquarters are dedicated to oncology treatments. The Unit has specific rooms for the administration of treatments and the handling of biological simples, with advanced equipment that includes a -80 \u00b0C freezer, a -20 \u00b0C freezer, refrigerated benchtop centrifuges, conventional refrigerators, defibrillators, electrocardiography equipment, as well as 8 multiparameter monitors (blood pressure, heart rate and O\u2082 saturation), 7 double infusion pumps for medication and 7 gas heads (oxygen and vacuum). On the third floor there is also an ultrasound machine, 5 Philips vital signs monitors, 2 blood pressure monitors and 4 arches with 8 outlets\/heads and another 2 in the patient rooms.<\/p>\n<p>The area also has consultation rooms for patient care and offices for the work of nursing staff, data managers and administrative personnel. Recruitment exceeds 120 cases per year, with more than 65 patients treated simultaneously.<\/p>\n<p>All equipment is registered and subject to a preventive maintenance plan, which ensures anual control of calibrations and technical verifications in accordance with established quality standards.<\/p>\n<\/div><div class=\"fusion-separator fusion-full-width-sep\" style=\"align-self: center;margin-left: auto;margin-right: auto;margin-top:10px;margin-bottom:10px;width:100%;\"><div class=\"fusion-separator-border sep-single sep-solid\" style=\"border-color:#9DA0D2;border-top-width:1px;\"><\/div><\/div><div class=\"fusion-text fusion-text-3\" style=\"transform:translate3d(0,0,0);\"><h5 style=\"text-align: justify;\">Clinical Team<\/h5>\n<p>The Phase I Oncological Clinical Trials Unit is directed by\u00a0<strong>Dr. Andr\u00e9s Cervantes<\/strong>, scientific director of the INCLIVA Health Research Institute, where he directs the Oncology Area, head of the Oncology Department of the Hospital Cl\u00ednico Universitario de Val\u00e8ncia and full professor at the Faculty of Medicine of the University of Valencia. The team is completed by 17 research nurses, 2 laboratory technicians and 1 CTAE, led by Inma Blasco; 10 <em>Data Managers<\/em>, coordinated by Ignacio Casta\u00f1o; and 9 administrative professionals, coordinated by Yolanda de la Cruz. All of them have extensive experience in the development, management and implementation of clinical trials.<\/p>\n<h5>Collaborating investigators<\/h5>\n<p>Desamparados Roda and Valentina Gambardella.<\/p>\n<h5>Nursing team, laboratory technician and CTAE<\/h5>\n<p><span data-olk-copy-source=\"MessageBody\">Inma Blasco, Gloria Corredor, Matteo Stocco, Silvia Moreno, Mar\u00eda Calzadilla, Cecilia Ram\u00f3n, Paula Mart\u00ednez, Nuria Aguado, Mar\u00eda Montes de Oca, M\u00f3nica Ferrer Aguado, Grace Steffa, Jesmina Belenguer, Mar\u00eda Falco, Arantxa S\u00e1nchez Cosmo, Ana Vinatea, Cristian P\u00e9rez, Silvia Coret, Sara Rodr\u00edguez, Cristina Tebar, Ana Cos\u00edas and Elena Mieres.<\/span><\/p>\n<h5>Data managers team<\/h5>\n<p><span data-olk-copy-source=\"MessageBody\">Nacho Casta\u00f1o, Ana Vercher, Beatriz L\u00f3pez, Sergio Romero, Alejandro Asturiano, Carmen Mart\u00ednez, Andrea Pascual, Nuria Roig, Rub\u00e9n Sanz and J\u00falia Soler.<\/span><\/p>\n<h5>Administrative support team<\/h5>\n<p><span data-olk-copy-source=\"MessageBody\">Maribel G\u00f3mez. Iris Abad, Ainoa Vizuete,\u00a0 Paqui Fern\u00e1ndez, Lorena Saz, Paloma Campos, Enrique Castell\u00f3, Paranee Archavarat and Roberto San Leandro.<\/span><\/p>\n<\/div><div class=\"fusion-separator fusion-full-width-sep\" style=\"align-self: center;margin-left: auto;margin-right: auto;margin-top:10px;margin-bottom:10px;width:100%;\"><div class=\"fusion-separator-border sep-single sep-solid\" style=\"border-color:#9DA0D2;border-top-width:1px;\"><\/div><\/div><div class=\"fusion-text fusion-text-4\" style=\"transform:translate3d(0,0,0);\"><h5 style=\"text-align: justify;\">Quality<\/h5>\n<p>The Phase I Oncological Clinical Trials Unit, committed to providing an adequate and efficient service to investigators, implemented and certified its quaility management system in 2019 in accordance with the requirements of the ISO 9001:2015 standard.<\/p>\n<\/div><\/div><\/div><style type=\"text\/css\">.fusion-body .fusion-builder-column-0{width:66.666666666667% !important;margin-top : 0px;margin-bottom : 20px;}.fusion-builder-column-0 > .fusion-column-wrapper {padding-top : 0px !important;padding-right : 0px !important;margin-right : 2.88%;padding-bottom : 0px !important;padding-left : 0px !important;margin-left : 2.88%;}@media only screen and (max-width:1532px) {.fusion-body .fusion-builder-column-0{width:66.666666666667% !important;}.fusion-builder-column-0 > .fusion-column-wrapper {margin-right : 2.88%;margin-left : 2.88%;}}@media only screen and (max-width:640px) {.fusion-body .fusion-builder-column-0{width:100% !important;}.fusion-builder-column-0 > .fusion-column-wrapper {margin-right : 1.92%;margin-left : 1.92%;}}<\/style><div class=\"fusion-layout-column fusion_builder_column fusion-builder-column-1 fusion_builder_column_1_3 1_3 fusion-flex-column\"><div class=\"fusion-column-wrapper fusion-flex-justify-content-flex-start fusion-content-layout-column\" style=\"background-position:left top;background-repeat:no-repeat;-webkit-background-size:cover;-moz-background-size:cover;-o-background-size:cover;background-size:cover;background-color:#f9f9f9;border-width: 0 0 0 2px;border-color:#9DA0D2;border-style:solid;padding: 4% 4% 4% 4%;\"><div class=\"fusion-text fusion-text-5\" style=\"transform:translate3d(0,0,0);\"><h5 class=\"titulo-coordinador\" style=\"text-align: center;\">Head<\/h5>\n<div class=\"nombre-coordinador\" style=\"text-align: center;\">Andr\u00e9s Cervantes Ruip\u00e9rez<br \/>\n<a class=\"link extra extra_email extra_email\" href=\"mailto:andres.cervantes@uv.es\">andres.cervantes@uv.es<\/a><\/div>\n<\/div><div class=\"fusion-separator fusion-full-width-sep\" style=\"align-self: center;margin-left: auto;margin-right: auto;margin-top:5px;margin-bottom:10px;width:100%;\"><div class=\"fusion-separator-border sep-single sep-solid\" style=\"border-color:#9DA0D2;border-top-width:1px;\"><\/div><\/div><div class=\"fusion-text fusion-text-6\" style=\"transform:translate3d(0,0,0);\"><h5 style=\"text-align: center;\">Address<\/h5>\n<p style=\"text-align: center;\">INCLIVA<br \/>\nAvenida Men\u00e9ndez Pelayo 4 accesorio, planta 2<br \/>\n46010 Valencia<\/p>\n<\/div><div class=\"fusion-separator fusion-full-width-sep\" style=\"align-self: center;margin-left: auto;margin-right: auto;margin-top:5px;margin-bottom:10px;width:100%;\"><div class=\"fusion-separator-border sep-single sep-solid\" style=\"border-color:#9DA0D2;border-top-width:1px;\"><\/div><\/div><div class=\"fusion-text fusion-text-7\" style=\"transform:translate3d(0,0,0);\"><h5 style=\"text-align: center;\">Quality<\/h5>\n<p style=\"text-align: center;\"><a href=\"https:\/\/www.incliva.es\/wp-content\/uploads\/2025\/09\/2025-2028-Certificado-9001-AENOR-EECCF1.pdf\">AENOR<\/a><br \/>\n<a href=\"https:\/\/www.incliva.es\/wp-content\/uploads\/2025\/09\/2025-2028-Certificado-9001-IQNet-EECCF1.pdf\">IQNet<\/a><br \/>\n<a href=\"https:\/\/www.incliva.es\/wp-content\/uploads\/2022\/11\/Politica-de-calidad-F1-2022.pdf\">Quality Policy<\/a><br \/>\n<a href=\"https:\/\/www.incliva.es\/wp-content\/uploads\/2021\/02\/Mapa-de-procesos-EECC-onco-F1-20210129.pdf\" target=\"_blank\" rel=\"noopener\">Process Map<\/a><\/p>\n<\/div><\/div><\/div><style type=\"text\/css\">.fusion-body .fusion-builder-column-1{width:33.333333333333% !important;margin-top : 0px;margin-bottom : 20px;}.fusion-builder-column-1 > .fusion-column-wrapper {padding-top : 4% !important;padding-right : 4% !important;margin-right : 5.76%;padding-bottom : 4% !important;padding-left : 4% !important;margin-left : 5.76%;}@media only screen and (max-width:1532px) {.fusion-body .fusion-builder-column-1{width:33.333333333333% !important;order : 0;}.fusion-builder-column-1 > .fusion-column-wrapper {margin-right : 5.76%;margin-left : 5.76%;}}@media only screen and (max-width:640px) {.fusion-body .fusion-builder-column-1{width:100% !important;order : 0;}.fusion-builder-column-1 > .fusion-column-wrapper {margin-right : 1.92%;margin-left : 1.92%;}}<\/style><\/div><style type=\"text\/css\">.fusion-fullwidth.fusion-builder-row-1 { overflow:visible; }.fusion-body .fusion-flex-container.fusion-builder-row-1{ padding-top : 2%;margin-top : 0px;padding-right : 0px;padding-bottom : 0px;margin-bottom : 0px;padding-left : 0px;}<\/style><\/div>\n","protected":false},"excerpt":{"rendered":"","protected":false},"author":13,"featured_media":0,"parent":8453,"menu_order":0,"comment_status":"closed","ping_status":"closed","template":"","meta":[],"acf":[],"_links":{"self":[{"href":"https:\/\/www.incliva.es\/en\/wp-json\/wp\/v2\/pages\/47037"}],"collection":[{"href":"https:\/\/www.incliva.es\/en\/wp-json\/wp\/v2\/pages"}],"about":[{"href":"https:\/\/www.incliva.es\/en\/wp-json\/wp\/v2\/types\/page"}],"author":[{"embeddable":true,"href":"https:\/\/www.incliva.es\/en\/wp-json\/wp\/v2\/users\/13"}],"replies":[{"embeddable":true,"href":"https:\/\/www.incliva.es\/en\/wp-json\/wp\/v2\/comments?post=47037"}],"version-history":[{"count":4,"href":"https:\/\/www.incliva.es\/en\/wp-json\/wp\/v2\/pages\/47037\/revisions"}],"predecessor-version":[{"id":47311,"href":"https:\/\/www.incliva.es\/en\/wp-json\/wp\/v2\/pages\/47037\/revisions\/47311"}],"up":[{"embeddable":true,"href":"https:\/\/www.incliva.es\/en\/wp-json\/wp\/v2\/pages\/8453"}],"wp:attachment":[{"href":"https:\/\/www.incliva.es\/en\/wp-json\/wp\/v2\/media?parent=47037"}],"curies":[{"name":"wp","href":"https:\/\/api.w.org\/{rel}","templated":true}]}}