{"id":47033,"date":"2025-12-04T13:52:10","date_gmt":"2025-12-04T11:52:10","guid":{"rendered":"https:\/\/www.incliva.es\/clinical-trials\/unidades-de-investigacion-clinica\/"},"modified":"2026-02-02T11:08:23","modified_gmt":"2026-02-02T09:08:23","slug":"clinical-research-units","status":"publish","type":"page","link":"https:\/\/www.incliva.es\/en\/clinical-trials\/clinical-research-units\/","title":{"rendered":"Clinical Research Units"},"content":{"rendered":"<div class=\"fusion-fullwidth fullwidth-box fusion-builder-row-1 fusion-flex-container nonhundred-percent-fullwidth non-hundred-percent-height-scrolling\" style=\"background-color: rgba(255,255,255,0);background-position: center center;background-repeat: no-repeat;border-width: 0px 0px 0px 0px;border-color:#e2e2e2;border-style:solid;\" ><div class=\"fusion-builder-row fusion-row fusion-flex-align-items-flex-start\" style=\"max-width:1248px;margin-left: calc(-4% \/ 2 );margin-right: calc(-4% \/ 2 );\"><div class=\"fusion-layout-column fusion_builder_column fusion-builder-column-0 fusion_builder_column_2_3 2_3 fusion-flex-column\"><div class=\"fusion-column-wrapper fusion-flex-justify-content-flex-start fusion-content-layout-column\" style=\"background-position:left top;background-repeat:no-repeat;-webkit-background-size:cover;-moz-background-size:cover;-o-background-size:cover;background-size:cover;padding: 0px 0px 0px 0px;\"><div class=\"fusion-text fusion-text-1\" style=\"transform:translate3d(0,0,0);\"><p><span data-olk-copy-source=\"MessageBody\">The INCLIVA Health Research Institute manages clinical studies (clinical trials with medicinal products, observational studies with medicinal products, clinical investigations with medical devices, and research projects) carried out by the Hospital Cl\u00ednico Universitario and by research staff from the Val\u00e8ncia Cl\u00ednico\u2013Malvarrosa Health Department<\/span>.<\/p>\n<p><span data-olk-copy-source=\"MessageBody\">As a result of its activity throughout 2025, INCLIVA managed a total of 173 new clinical studies.<\/span><\/p>\n<ul>\n<li>The following table shows the number of clinical trials and other studies according to their phase and clinical service.<\/li>\n<\/ul>\n<div class=\"table-1\">\n<table width=\"749\">\n<tbody>\n<tr>\n<td width=\"243\"><u>\u00a0<\/u><\/td>\n<td width=\"65\"><u>Phase I<\/u><\/td>\n<td width=\"65\"><u>Phase II<\/u><\/td>\n<td width=\"65\"><u>Phase III<\/u><\/td>\n<td width=\"65\"><u>Phase IV<\/u><\/td>\n<td width=\"65\"><u>Others<\/u><\/td>\n<td width=\"115\"><u>Observational<\/u><\/td>\n<td width=\"65\"><u>\u00a0TOTAL<\/u><\/td>\n<\/tr>\n<tr>\n<td width=\"243\"><span data-olk-copy-source=\"MessageBody\">Oncology<\/span><\/td>\n<td width=\"65\"><u>22<\/u><\/td>\n<td width=\"65\"><u>24<\/u><\/td>\n<td width=\"65\"><u>21<\/u><\/td>\n<td width=\"65\"><u>0<\/u><\/td>\n<td width=\"65\"><u>1<\/u><\/td>\n<td width=\"115\"><u>9<\/u><\/td>\n<td width=\"65\"><u>77<\/u><\/td>\n<\/tr>\n<tr>\n<td width=\"243\"><span data-olk-copy-source=\"MessageBody\">Cardiology<\/span><\/td>\n<td width=\"65\"><u>0<\/u><\/td>\n<td width=\"65\"><u>5<\/u><\/td>\n<td width=\"65\"><u>14<\/u><\/td>\n<td width=\"65\"><u>0<\/u><\/td>\n<td width=\"65\"><u>5<\/u><\/td>\n<td width=\"115\"><u>4<\/u><\/td>\n<td width=\"65\"><u>28<\/u><\/td>\n<\/tr>\n<tr>\n<td width=\"243\"><span data-olk-copy-source=\"MessageBody\">Hematology<\/span><\/td>\n<td width=\"65\"><u>1<\/u><\/td>\n<td width=\"65\"><u>3<\/u><\/td>\n<td width=\"65\"><u>8<\/u><\/td>\n<td width=\"65\"><u>0<\/u><\/td>\n<td width=\"65\"><u>0<\/u><\/td>\n<td width=\"115\"><u>6<\/u><\/td>\n<td width=\"65\"><u>18<\/u><\/td>\n<\/tr>\n<tr>\n<td width=\"243\"><span data-olk-copy-source=\"MessageBody\">Nephrology<\/span><\/td>\n<td width=\"65\"><u>0<\/u><\/td>\n<td width=\"65\"><u>3<\/u><\/td>\n<td width=\"65\"><u>4<\/u><\/td>\n<td width=\"65\"><u>1<\/u><\/td>\n<td width=\"65\"><u>0<\/u><\/td>\n<td width=\"115\"><u>0<\/u><\/td>\n<td width=\"65\"><u>8<\/u><\/td>\n<\/tr>\n<tr>\n<td width=\"243\"><span data-olk-copy-source=\"MessageBody\">Neurology<\/span><\/td>\n<td width=\"65\"><u>0<\/u><\/td>\n<td width=\"65\"><u>0<\/u><\/td>\n<td width=\"65\"><u>2<\/u><\/td>\n<td width=\"65\"><u>1<\/u><\/td>\n<td width=\"65\"><u>0<\/u><\/td>\n<td width=\"115\"><u>3<\/u><\/td>\n<td width=\"65\"><u>6<\/u><\/td>\n<\/tr>\n<tr>\n<td width=\"243\"><span data-olk-copy-source=\"MessageBody\">Infectious Diseases Unit<\/span><\/td>\n<td width=\"65\"><u>0<\/u><\/td>\n<td width=\"65\"><u>0<\/u><\/td>\n<td width=\"65\"><u>0<\/u><\/td>\n<td width=\"65\"><u>0<\/u><\/td>\n<td width=\"65\"><u>0<\/u><\/td>\n<td width=\"115\"><u>6<\/u><\/td>\n<td width=\"65\"><u>6<\/u><\/td>\n<\/tr>\n<tr>\n<td width=\"243\"><span data-olk-copy-source=\"MessageBody\">Rheumatology<\/span><\/td>\n<td width=\"65\"><u>0<\/u><\/td>\n<td width=\"65\"><u>1<\/u><\/td>\n<td width=\"65\"><u>4<\/u><\/td>\n<td width=\"65\"><u>0<\/u><\/td>\n<td width=\"65\"><u>0<\/u><\/td>\n<td width=\"115\"><u>0<\/u><\/td>\n<td width=\"65\"><u>5<\/u><\/td>\n<\/tr>\n<tr>\n<td width=\"243\"><span data-olk-copy-source=\"MessageBody\">Others<\/span><\/td>\n<td width=\"65\"><u>0<\/u><\/td>\n<td width=\"65\"><u>7<\/u><\/td>\n<td width=\"65\"><u>6<\/u><\/td>\n<td width=\"65\"><u>2<\/u><\/td>\n<td width=\"65\"><u>2<\/u><\/td>\n<td width=\"115\"><u>8<\/u><\/td>\n<td width=\"65\"><u>25<\/u><\/td>\n<\/tr>\n<tr>\n<td width=\"243\"><strong><u>\u00a0TOTAL<\/u><\/strong><\/td>\n<td width=\"65\"><strong><u>23<\/u><\/strong><\/td>\n<td width=\"65\"><strong><u>43<\/u><\/strong><\/td>\n<td width=\"65\"><strong><u>59<\/u><\/strong><\/td>\n<td width=\"65\"><strong><u>4<\/u><\/strong><\/td>\n<td width=\"65\"><strong><u>8<\/u><\/strong><\/td>\n<td width=\"115\"><strong><u>36<\/u><\/strong><\/td>\n<td width=\"65\"><strong><u>173<\/u><\/strong><\/td>\n<\/tr>\n<\/tbody>\n<\/table>\n<\/div>\n<ul>\n<li><span data-olk-copy-source=\"MessageBody\">The following table shows the distribution of trials submitted in 2025 according to the type of sponsor.<\/span><\/li>\n<\/ul>\n<div class=\"table-1\">\n<table width=\"431\">\n<tbody>\n<tr>\n<td colspan=\"2\" width=\"431\"><span data-olk-copy-source=\"MessageBody\">Sponsor<\/span><\/td>\n<\/tr>\n<tr>\n<td width=\"347\"><span data-olk-copy-source=\"MessageBody\">Researchers from Hospital Cl\u00ednico Universitario de Valencia \/ INCLIVA (or INCLIVA)<\/span><\/td>\n<td width=\"84\">2<\/td>\n<\/tr>\n<tr>\n<td width=\"347\"><span data-olk-copy-source=\"MessageBody\">Independent Clinical Research<\/span><\/td>\n<td width=\"84\">36<\/td>\n<\/tr>\n<tr>\n<td width=\"347\"><span data-olk-copy-source=\"MessageBody\">Commercial Research<\/span><\/td>\n<td width=\"84\">135<\/td>\n<\/tr>\n<tr>\n<td width=\"347\">\u00a0<\/td>\n<td width=\"84\">173<\/td>\n<\/tr>\n<\/tbody>\n<\/table>\n<\/div>\n<ul>\n<li><span data-olk-copy-source=\"MessageBody\">During 2025, 593 clinical studies were active, the distribution of which by clinical service is detailed below.<\/span><\/li>\n<\/ul>\n<div class=\"table-1\">\n<table width=\"509\">\n<tbody>\n<tr>\n<td width=\"240\"><strong>Department<\/strong><\/td>\n<td width=\"269\"><strong>No. of Studies<\/strong><\/td>\n<\/tr>\n<tr>\n<td width=\"240\"><span data-olk-copy-source=\"MessageBody\">Oncology<\/span><\/td>\n<td width=\"269\">345<\/td>\n<\/tr>\n<tr>\n<td width=\"240\"><span data-olk-copy-source=\"MessageBody\">Hematology<\/span><\/td>\n<td width=\"269\">84<\/td>\n<\/tr>\n<tr>\n<td width=\"240\"><span data-olk-copy-source=\"MessageBody\">Cardiology<\/span><\/td>\n<td width=\"269\">56<\/td>\n<\/tr>\n<tr>\n<td width=\"240\"><span data-olk-copy-source=\"MessageBody\">Neurology<\/span><\/td>\n<td width=\"269\">21<\/td>\n<\/tr>\n<tr>\n<td width=\"240\"><span data-olk-copy-source=\"MessageBody\">Digestive Medicine<\/span><\/td>\n<td width=\"269\">16<\/td>\n<\/tr>\n<tr>\n<td width=\"240\"><span data-olk-copy-source=\"MessageBody\">Anesthesiology and Critical Care<\/span><\/td>\n<td width=\"269\">12<\/td>\n<\/tr>\n<tr>\n<td width=\"240\"><span data-olk-copy-source=\"MessageBody\">Pulmonology<\/span><\/td>\n<td width=\"269\">9<\/td>\n<\/tr>\n<tr>\n<td width=\"240\"><span data-olk-copy-source=\"MessageBody\">Endocrinology<\/span><\/td>\n<td width=\"269\">9<\/td>\n<\/tr>\n<tr>\n<td width=\"240\"><span data-olk-copy-source=\"MessageBody\">Nephrology<\/span><\/td>\n<td width=\"269\">7<\/td>\n<\/tr>\n<tr>\n<td width=\"240\"><span data-olk-copy-source=\"MessageBody\">Rheumatology<\/span><\/td>\n<td width=\"269\">6<\/td>\n<\/tr>\n<tr>\n<td width=\"240\"><span data-olk-copy-source=\"MessageBody\">Psychiatry<\/span><\/td>\n<td width=\"269\">5<\/td>\n<\/tr>\n<tr>\n<td width=\"240\"><span data-olk-copy-source=\"MessageBody\">General Surgery<\/span><\/td>\n<td width=\"269\">4<\/td>\n<\/tr>\n<tr>\n<td width=\"240\"><span data-olk-copy-source=\"MessageBody\">Primary Care<\/span><\/td>\n<td width=\"269\">3<\/td>\n<\/tr>\n<tr>\n<td width=\"240\"><span data-olk-copy-source=\"MessageBody\">Internal Medicine<\/span><\/td>\n<td width=\"269\">2<\/td>\n<\/tr>\n<tr>\n<td width=\"240\"><span data-olk-copy-source=\"MessageBody\">Infectious Diseases Unit<\/span><\/td>\n<td width=\"269\">2<\/td>\n<\/tr>\n<tr>\n<td width=\"240\"><span data-olk-copy-source=\"MessageBody\">Gynecology and Obstetrics<\/span><\/td>\n<td width=\"269\">2<\/td>\n<\/tr>\n<tr>\n<td width=\"240\"><span data-olk-copy-source=\"MessageBody\">Hospital Pharmacy<\/span><\/td>\n<td width=\"269\">1<\/td>\n<\/tr>\n<tr>\n<td width=\"240\"><span data-olk-copy-source=\"MessageBody\">Gastroenterology<\/span><\/td>\n<td width=\"269\">1<\/td>\n<\/tr>\n<tr>\n<td width=\"240\"><span data-olk-copy-source=\"MessageBody\">Traumatology and Orthopedics<\/span><\/td>\n<td width=\"269\">1<\/td>\n<\/tr>\n<tr>\n<td width=\"240\"><span data-olk-copy-source=\"MessageBody\">Pediatrics<\/span><\/td>\n<td width=\"269\">1<\/td>\n<\/tr>\n<tr>\n<td width=\"240\"><span data-olk-copy-source=\"MessageBody\">Allergy<\/span><\/td>\n<td width=\"269\">1<\/td>\n<\/tr>\n<tr>\n<td width=\"240\"><span data-olk-copy-source=\"MessageBody\">Urology<\/span><\/td>\n<td width=\"269\">1<\/td>\n<\/tr>\n<tr>\n<td width=\"240\"><span data-olk-copy-source=\"MessageBody\">Hepatology<\/span><\/td>\n<td width=\"269\">1<\/td>\n<\/tr>\n<tr>\n<td width=\"240\"><span data-olk-copy-source=\"MessageBody\">Ophthalmology<\/span><\/td>\n<td width=\"269\">1<\/td>\n<\/tr>\n<tr>\n<td width=\"240\"><span data-olk-copy-source=\"MessageBody\">Dermatology<\/span><\/td>\n<td width=\"269\">1<\/td>\n<\/tr>\n<tr>\n<td width=\"240\"><span data-olk-copy-source=\"MessageBody\">Radiotherapy<\/span><\/td>\n<td width=\"269\">1<\/td>\n<\/tr>\n<\/tbody>\n<\/table>\n<\/div>\n<\/div><\/div><\/div><style type=\"text\/css\">.fusion-body .fusion-builder-column-0{width:66.666666666667% !important;margin-top : 0px;margin-bottom : 20px;}.fusion-builder-column-0 > .fusion-column-wrapper {padding-top : 0px !important;padding-right : 0px !important;margin-right : 2.88%;padding-bottom : 0px !important;padding-left : 0px !important;margin-left : 2.88%;}@media only screen and (max-width:1532px) {.fusion-body .fusion-builder-column-0{width:66.666666666667% !important;}.fusion-builder-column-0 > .fusion-column-wrapper {margin-right : 2.88%;margin-left : 2.88%;}}@media only screen and (max-width:640px) {.fusion-body .fusion-builder-column-0{width:100% !important;}.fusion-builder-column-0 > .fusion-column-wrapper {margin-right : 1.92%;margin-left : 1.92%;}}<\/style><div class=\"fusion-layout-column fusion_builder_column fusion-builder-column-1 fusion_builder_column_1_3 1_3 fusion-flex-column\"><div class=\"fusion-column-wrapper fusion-flex-justify-content-flex-start fusion-content-layout-column\" style=\"background-position:left top;background-repeat:no-repeat;-webkit-background-size:cover;-moz-background-size:cover;-o-background-size:cover;background-size:cover;background-color:#f9f9f9;border-width: 0 0 0 2px;border-color:#9DA0D2;border-style:solid;padding: 4% 4% 4% 4%;\"><div class=\"fusion-text fusion-text-2\" style=\"transform:translate3d(0,0,0);\"><h5 style=\"text-align: center;\">Contact<\/h5>\n<p style=\"text-align: center;\"><a href=\"mailto:gestioncientifica@incliva.es\">gestioncientifica@incliva.es<\/a><br \/>\n<a href=\"mailto:ensayosclinicos@incliva.es\">ensayosclinicos@incliva.es<\/a><\/p>\n<\/div><\/div><\/div><style type=\"text\/css\">.fusion-body .fusion-builder-column-1{width:33.333333333333% !important;margin-top : 0px;margin-bottom : 20px;}.fusion-builder-column-1 > .fusion-column-wrapper {padding-top : 4% !important;padding-right : 4% !important;margin-right : 5.76%;padding-bottom : 4% !important;padding-left : 4% !important;margin-left : 5.76%;}@media only screen and (max-width:1532px) {.fusion-body .fusion-builder-column-1{width:33.333333333333% !important;order : 0;}.fusion-builder-column-1 > .fusion-column-wrapper {margin-right : 5.76%;margin-left : 5.76%;}}@media only screen and (max-width:640px) {.fusion-body .fusion-builder-column-1{width:100% !important;order : 0;}.fusion-builder-column-1 > .fusion-column-wrapper {margin-right : 1.92%;margin-left : 1.92%;}}<\/style><\/div><style type=\"text\/css\">.fusion-fullwidth.fusion-builder-row-1 { overflow:visible; }.fusion-body .fusion-flex-container.fusion-builder-row-1{ padding-top : 2%;margin-top : 0px;padding-right : 0px;padding-bottom : 0px;margin-bottom : 0px;padding-left : 0px;}<\/style><\/div>\n","protected":false},"excerpt":{"rendered":"","protected":false},"author":13,"featured_media":0,"parent":8453,"menu_order":0,"comment_status":"closed","ping_status":"closed","template":"","meta":[],"acf":[],"_links":{"self":[{"href":"https:\/\/www.incliva.es\/en\/wp-json\/wp\/v2\/pages\/47033"}],"collection":[{"href":"https:\/\/www.incliva.es\/en\/wp-json\/wp\/v2\/pages"}],"about":[{"href":"https:\/\/www.incliva.es\/en\/wp-json\/wp\/v2\/types\/page"}],"author":[{"embeddable":true,"href":"https:\/\/www.incliva.es\/en\/wp-json\/wp\/v2\/users\/13"}],"replies":[{"embeddable":true,"href":"https:\/\/www.incliva.es\/en\/wp-json\/wp\/v2\/comments?post=47033"}],"version-history":[{"count":5,"href":"https:\/\/www.incliva.es\/en\/wp-json\/wp\/v2\/pages\/47033\/revisions"}],"predecessor-version":[{"id":48494,"href":"https:\/\/www.incliva.es\/en\/wp-json\/wp\/v2\/pages\/47033\/revisions\/48494"}],"up":[{"embeddable":true,"href":"https:\/\/www.incliva.es\/en\/wp-json\/wp\/v2\/pages\/8453"}],"wp:attachment":[{"href":"https:\/\/www.incliva.es\/en\/wp-json\/wp\/v2\/media?parent=47033"}],"curies":[{"name":"wp","href":"https:\/\/api.w.org\/{rel}","templated":true}]}}