{"id":46282,"date":"2025-11-17T14:37:06","date_gmt":"2025-11-17T12:37:06","guid":{"rendered":"https:\/\/www.incliva.es\/services\/researcher-services\/scientific-management\/innovation-support-unit\/ucie\/"},"modified":"2025-12-15T08:56:23","modified_gmt":"2025-12-15T06:56:23","slug":"ucie","status":"publish","type":"page","link":"https:\/\/www.incliva.es\/en\/services\/researcher-services\/scientific-management\/innovation-support-unit\/ucie\/","title":{"rendered":"UCIE"},"content":{"rendered":"<div class=\"fusion-fullwidth fullwidth-box fusion-builder-row-1 fusion-flex-container nonhundred-percent-fullwidth non-hundred-percent-height-scrolling\" style=\"background-color: rgba(255,255,255,0);background-position: center center;background-repeat: no-repeat;border-width: 0px 0px 0px 0px;border-color:#e2e2e2;border-style:solid;\" ><div class=\"fusion-builder-row fusion-row fusion-flex-align-items-flex-start\" style=\"max-width:1248px;margin-left: calc(-4% \/ 2 );margin-right: calc(-4% \/ 2 );\"><div class=\"fusion-layout-column fusion_builder_column fusion-builder-column-0 fusion_builder_column_1_1 1_1 fusion-flex-column\"><div class=\"fusion-column-wrapper fusion-flex-justify-content-flex-start fusion-content-layout-column\" style=\"background-position:left top;background-repeat:no-repeat;-webkit-background-size:cover;-moz-background-size:cover;-o-background-size:cover;background-size:cover;padding: 0px 0px 0px 0px;\"><div class=\"fusion-text fusion-text-1\" style=\"transform:translate3d(0,0,0);\"><p>La Unidad Cient\u00edfica de Innovaci\u00f3n Empresarial (UCIE-INCLIVA) impulsa la transferencia de conocimiento y resultados en salud y fomenta las alianzas con universidades, centros de investigaci\u00f3n y otras entidades tanto del sector p\u00fablico como privado.<\/p>\n<p>Su misi\u00f3n es potenciar la colaboraci\u00f3n en salud en la Comunitat Valenciana, promoviendo un entorno que facilite la valorizaci\u00f3n y la transferencia de innovaciones al mercado y a la pr\u00e1ctica cl\u00ednica y sus valores se basan en la cocreaci\u00f3n, a trav\u00e9s de la participaci\u00f3n de todos los agentes implicados en innovaci\u00f3n, y el impulso de la colaboraci\u00f3n p\u00fablico-privada para generar innovaci\u00f3n de alto valor para el sistema sanitario y empresarial.<\/p>\n<p>Los objetivos estrat\u00e9gicos de UCIE-INCLIVA son: generaci\u00f3n de innovaci\u00f3n colaborativa; transferencia de conocimiento; creaci\u00f3n de un <em>Living Lab<\/em>, un laboratorio de experimentaci\u00f3n en un entorno real, que facilite la evaluaci\u00f3n y la optimizaci\u00f3n de nuevas tecnolog\u00edas y dispositivos; y visibilidad y comunicaci\u00f3n de la innovaci\u00f3n generada en salud a todos los actores del ecosistema de I+D+i.<\/p>\n<p>La UCIE-INCLIVA, con n\u00famero de expediente INNVA2\/2024\/1, y los dos proyectos de agente de innovaci\u00f3n que la complementan, expedientes INNTA1\/2023\/38 y INNTA1\/2023\/39, est\u00e1 financiada por IVACE+i y cofinanciada por el Programa Fondo Europeo de Desarrollo Regional (FEDER 2021-2027). Esta ayuda refuerza el compromiso con la transferencia de conocimiento en salud y la colaboraci\u00f3n p\u00fablico-privada, facilitando la valorizaci\u00f3n de innovaci\u00f3n y su llegada al mercado y a la pr\u00e1ctica cl\u00ednica y promoviendo el fortalecimiento del ecosistema de I+D+i en la Comunitat Valenciana.<\/p>\n<p><span data-olk-copy-source=\"MessageBody\">En 2024, la UCIE-INCLIVA ha impulsado la innovaci\u00f3n en salud con la detecci\u00f3n de m\u00e1s de 100 retos cl\u00ednicos y tecnol\u00f3gicos, la celebraci\u00f3n de 34 reuniones con empresas, la organizaci\u00f3n de 7 talleres de cocreaci\u00f3n con entidades tanto p\u00fablicas como privadas y la protecci\u00f3n de 4 nuevas patentes para su transferencia al sector empresarial, consolidando su papel como motor de transferencia de conocimiento en la Comunitat Valenciana.<\/span><\/p>\n<p><img class=\"aligncenter wp-image-46280 size-full\" src=\"https:\/\/www.incliva.es\/wp-content\/uploads\/2025\/11\/Imagen10.png\" alt=\"\" width=\"1299\" height=\"69\" srcset=\"https:\/\/www.incliva.es\/wp-content\/uploads\/2025\/11\/Imagen10-200x11.png 200w, https:\/\/www.incliva.es\/wp-content\/uploads\/2025\/11\/Imagen10-300x16.png 300w, https:\/\/www.incliva.es\/wp-content\/uploads\/2025\/11\/Imagen10-400x21.png 400w, https:\/\/www.incliva.es\/wp-content\/uploads\/2025\/11\/Imagen10-600x32.png 600w, https:\/\/www.incliva.es\/wp-content\/uploads\/2025\/11\/Imagen10-768x41.png 768w, https:\/\/www.incliva.es\/wp-content\/uploads\/2025\/11\/Imagen10-800x42.png 800w, https:\/\/www.incliva.es\/wp-content\/uploads\/2025\/11\/Imagen10-1024x54.png 1024w, https:\/\/www.incliva.es\/wp-content\/uploads\/2025\/11\/Imagen10-1200x64.png 1200w, https:\/\/www.incliva.es\/wp-content\/uploads\/2025\/11\/Imagen10.png 1299w\" sizes=\"(max-width: 1299px) 100vw, 1299px\" \/><\/p>\n<\/div><\/div><\/div><style type=\"text\/css\">.fusion-body .fusion-builder-column-0{width:100% !important;margin-top : 0px;margin-bottom : 20px;}.fusion-builder-column-0 > .fusion-column-wrapper {padding-top : 0px !important;padding-right : 0px !important;margin-right : 1.92%;padding-bottom : 0px !important;padding-left : 0px !important;margin-left : 1.92%;}@media only screen and (max-width:1532px) {.fusion-body .fusion-builder-column-0{width:100% !important;order : 0;}.fusion-builder-column-0 > .fusion-column-wrapper {margin-right : 1.92%;margin-left : 1.92%;}}@media only screen and (max-width:640px) {.fusion-body .fusion-builder-column-0{width:100% !important;order : 0;}.fusion-builder-column-0 > .fusion-column-wrapper {margin-right : 1.92%;margin-left : 1.92%;}}<\/style><\/div><style type=\"text\/css\">.fusion-body .fusion-flex-container.fusion-builder-row-1{ padding-top : 0px;margin-top : 0px;padding-right : 0px;padding-bottom : 0px;margin-bottom : 0px;padding-left : 0px;}<\/style><\/div>\n","protected":false},"excerpt":{"rendered":"","protected":false},"author":13,"featured_media":0,"parent":10472,"menu_order":0,"comment_status":"closed","ping_status":"closed","template":"","meta":[],"acf":[],"_links":{"self":[{"href":"https:\/\/www.incliva.es\/en\/wp-json\/wp\/v2\/pages\/46282"}],"collection":[{"href":"https:\/\/www.incliva.es\/en\/wp-json\/wp\/v2\/pages"}],"about":[{"href":"https:\/\/www.incliva.es\/en\/wp-json\/wp\/v2\/types\/page"}],"author":[{"embeddable":true,"href":"https:\/\/www.incliva.es\/en\/wp-json\/wp\/v2\/users\/13"}],"replies":[{"embeddable":true,"href":"https:\/\/www.incliva.es\/en\/wp-json\/wp\/v2\/comments?post=46282"}],"version-history":[{"count":2,"href":"https:\/\/www.incliva.es\/en\/wp-json\/wp\/v2\/pages\/46282\/revisions"}],"predecessor-version":[{"id":47375,"href":"https:\/\/www.incliva.es\/en\/wp-json\/wp\/v2\/pages\/46282\/revisions\/47375"}],"up":[{"embeddable":true,"href":"https:\/\/www.incliva.es\/en\/wp-json\/wp\/v2\/pages\/10472"}],"wp:attachment":[{"href":"https:\/\/www.incliva.es\/en\/wp-json\/wp\/v2\/media?parent=46282"}],"curies":[{"name":"wp","href":"https:\/\/api.w.org\/{rel}","templated":true}]}}