{"id":46272,"date":"2025-11-17T14:40:31","date_gmt":"2025-11-17T12:40:31","guid":{"rendered":"https:\/\/www.incliva.es\/services\/researcher-services\/scientific-management\/innovation-support-unit\/innovaciones-implementadas\/"},"modified":"2025-11-17T14:40:36","modified_gmt":"2025-11-17T12:40:36","slug":"innovaciones-implementadas","status":"publish","type":"page","link":"https:\/\/www.incliva.es\/en\/services\/researcher-services\/scientific-management\/innovation-support-unit\/innovaciones-implementadas\/","title":{"rendered":"Innovaciones implementadas"},"content":{"rendered":"<div class=\"fusion-fullwidth fullwidth-box fusion-builder-row-1 fusion-flex-container nonhundred-percent-fullwidth non-hundred-percent-height-scrolling\" style=\"background-color: rgba(255,255,255,0);background-position: center center;background-repeat: no-repeat;border-width: 0px 0px 0px 0px;border-color:#e2e2e2;border-style:solid;\" ><div class=\"fusion-builder-row fusion-row fusion-flex-align-items-flex-start\" style=\"max-width:1248px;margin-left: calc(-4% \/ 2 );margin-right: calc(-4% \/ 2 );\"><div class=\"fusion-layout-column fusion_builder_column fusion-builder-column-0 fusion_builder_column_1_1 1_1 fusion-flex-column\"><div class=\"fusion-column-wrapper fusion-flex-justify-content-flex-start fusion-content-layout-column\" style=\"background-position:left top;background-repeat:no-repeat;-webkit-background-size:cover;-moz-background-size:cover;-o-background-size:cover;background-size:cover;padding: 0px 0px 0px 0px;\"><div class=\"fusion-text fusion-text-1\" style=\"transform:translate3d(0,0,0);\"><h5>Introducci\u00f3n<\/h5>\n<p>Muchas de las innovaciones generadas en el hospital se trasladan a la pr\u00e1ctica cl\u00ednica o bien se utilizan en el \u00e1mbito de la investigaci\u00f3n y se ponen a disposici\u00f3n de la comunidad cient\u00edfica.<\/p>\n<p>Resultados utilizados en investigaci\u00f3n:<\/p>\n<ul>\n<li><a href=\"https:\/\/github.com\/iviecomarti\/DANEELpath\" target=\"_blank\" rel=\"noopener\"><strong><em><b>DANEELpath: Open-source Digital analysis tools for histopathological research. Applications in NEuroblastoma modELs<\/b><\/em><\/strong><\/a><\/li>\n<\/ul>\n<ul>\n<li><a href=\"https:\/\/www.incliva.es\/wp-content\/uploads\/2025\/11\/F-UAI-Tran-1_Angiopath_ES.pdf\" target=\"_blank\" rel=\"noopener\"><strong>ANGIOPATHSW software para la detecci\u00f3n y caracterizaci\u00f3n morfom\u00e9trica de vasos sangu\u00edneos y linf\u00e1ticos<\/strong><\/a><\/li>\n<\/ul>\n<ul>\n<li><a href=\"https:\/\/cran.r-project.org\/web\/packages\/scellpam\/index.html\" target=\"_blank\" rel=\"noopener\"><strong>Modelo estad\u00edstico para la evaluaci\u00f3n de cambios poblacionales en datos de transcript\u00f3mica de c\u00e9lula \u00fanica del endometrio humano<\/strong><\/a><\/li>\n<\/ul>\n<ul>\n<li><span style=\"color: #9da0d2;\"><strong><em><b>Endometrium on-a-chip<\/b><\/em><\/strong><\/span><br \/>\nModelo de endometrio en un chip mediante un sistema de microflu\u00eddica que permite simular un entorno real de endometrio para investigaci\u00f3n replicando la fase secretora del endometrio para facilitar experimentos de implantaci\u00f3n embrionaria o colonizaci\u00f3n bacteriana.<\/li>\n<\/ul>\n<p>Resultados implementados en la pr\u00e1ctica cl\u00ednica:<\/p>\n<ul>\n<li><a href=\"https:\/\/www.incliva.es\/wp-content\/uploads\/2024\/07\/Oferta-tecnologica_es_i2021_10.pdf\" target=\"_blank\" rel=\"noopener\"><strong>Dispositivo de optimizaci\u00f3n para la lubricaci\u00f3n intrauretral en pacientes pedi\u00e1tricos<\/strong><\/a><br \/>\nDispositivo de goma para la lubricaci\u00f3n intrauretral en pacientes pedi\u00e1tricos en forma de pera que permite una adecuada inserci\u00f3n en el meato uretral gracias a un tap\u00f3n f\u00edsico y una \u00f3ptima lubricaci\u00f3n gracias al dise\u00f1o de su c\u00e1nula.<strong>\u00a0<\/strong><\/li>\n<\/ul>\n<ul>\n<li><span style=\"color: #9da0d2;\"><strong>Modelado tridimensional (3D-MSP) cirug\u00eda pancre\u00e1tica v1.0<\/strong><\/span><br \/>\nLa tecnolog\u00eda 3D permite crear modelos tridimensionales precisos del tumor y su relaci\u00f3n con los vasos sangu\u00edneos y \u00f3rganos circundantes, lo que facilita la toma de decisiones sobre la cirug\u00eda y mejora la planificaci\u00f3n preoperatoria.<\/li>\n<\/ul>\n<ul>\n<li><span style=\"color: #9da0d2;\"><strong>Algoritmo de decisi\u00f3n para detecci\u00f3n de pacientes con riesgo renal<\/strong><\/span><br \/>\nMetodolog\u00eda basada en un algoritmo de decisi\u00f3n a tiempo real en el que por medio de un sistema de soporte a la decisi\u00f3n cl\u00ednica (<em>clinical decision<\/em> <em>support system<\/em> o CDSS) conectado a diversas bases de datos cl\u00ednicas (historia cl\u00ednica electr\u00f3nica (HCE), sistema inform\u00e1tico de laboratorio (SIL), sistemas de petici\u00f3n electr\u00f3nica al laboratorio) se permite cribar de manera oportunista a pacientes de enfermedad renal cr\u00f3nica, as\u00ed como realizar seguimiento de manera centinela de aquellos pacientes ya diagnosticados.<\/li>\n<\/ul>\n<ul>\n<li><a href=\"https:\/\/www.incliva.es\/wp-content\/uploads\/2025\/10\/Oferta-tecnologica_i2024_31_ES.pdf\" target=\"_blank\" rel=\"noopener\"><strong>Bolet\u00edn de Informaci\u00f3n Microbiol\u00f3gica digital (eBIMIC)<\/strong><\/a><strong><br \/>\n<\/strong>Permite consultar a tiempo real las resistencias de los principales microorganismos causantes de infecci\u00f3n incluyendo par\u00e1metros de inter\u00e9s como procedencia, sexo, edad, tipo de muestra, mecanismo de resistencia, etc. Esto permite la realizaci\u00f3n de consultas individualizadas y ayuda en la elecci\u00f3n del mejor tratamiento emp\u00edrico.<\/li>\n<\/ul>\n<ul>\n<li><a href=\"https:\/\/www.incliva.es\/wp-content\/uploads\/2025\/11\/Oferta-Tecnologica_i2024_30.pdf\" target=\"_blank\" rel=\"noopener\"><strong>Endoscitas y Endosnet<\/strong><\/a><br \/>\n<em>Softwares<\/em> intercomunicados para endoscopia digestiva, que se utilizan como herramienta de gesti\u00f3n de citaci\u00f3n y manejo de agendas (EndosCitas10) y para la realizaci\u00f3n de informes de exploraciones endosc\u00f3picas (EndosNet10). Permiten un cat\u00e1logo completo de estad\u00edsticas de registro y productividad autom\u00e1ticamente, proporcionando el conocimiento exacto del funcionamiento de la Unidad de Endoscopias y una gesti\u00f3n eficiente.<\/li>\n<\/ul>\n<ul>\n<li><span style=\"color: #9da0d2;\"><strong>C\u00f3digos QR petici\u00f3n v\u00eddeos explicativos recogida de muestras<\/strong><\/span><br \/>\nVideos explicativos de recogida de muestras de orina orientados a pacientes.<br \/>\nV\u00eddeo 1: <a href=\"https:\/\/www.youtube.com\/watch?v=WqF8GB2L7n4\">https:\/\/www.youtube.com\/watch?v=WqF8GB2L7n4<\/a><br \/>\nV\u00eddeo 2: <a href=\"https:\/\/www.youtube.com\/watch?v=0PFDrnMKt0w\">https:\/\/www.youtube.com\/watch?v=0PFDrnMKt0w<\/a><br \/>\nV\u00eddeo 3: <a href=\"https:\/\/www.youtube.com\/watch?v=pSRimbdW-Gg\">https:\/\/www.youtube.com\/watch?v=pSRimbdW-Gg<\/a><br \/>\nV\u00eddeo 4: <a href=\"https:\/\/www.youtube.com\/watch?v=ViigctoIo74\">https:\/\/www.youtube.com\/watch?v=ViigctoIo74<\/a><\/li>\n<\/ul>\n<\/div><div class=\"fusion-separator fusion-full-width-sep\" style=\"align-self: center;margin-left: auto;margin-right: auto;margin-top:15px;margin-bottom:15px;width:100%;\"><div class=\"fusion-separator-border sep-single\" style=\"border-color:#9da0d2;border-top-width:1px;\"><\/div><\/div><\/div><\/div><style type=\"text\/css\">.fusion-body .fusion-builder-column-0{width:100% !important;margin-top : 0px;margin-bottom : 20px;}.fusion-builder-column-0 > .fusion-column-wrapper {padding-top : 0px !important;padding-right : 0px !important;margin-right : 1.92%;padding-bottom : 0px !important;padding-left : 0px !important;margin-left : 1.92%;}@media only screen and (max-width:1532px) {.fusion-body .fusion-builder-column-0{width:100% !important;order : 0;}.fusion-builder-column-0 > .fusion-column-wrapper {margin-right : 1.92%;margin-left : 1.92%;}}@media only screen and (max-width:640px) {.fusion-body .fusion-builder-column-0{width:100% !important;order : 0;}.fusion-builder-column-0 > .fusion-column-wrapper {margin-right : 1.92%;margin-left : 1.92%;}}<\/style><\/div><style type=\"text\/css\">.fusion-body .fusion-flex-container.fusion-builder-row-1{ padding-top : 0px;margin-top : 0px;padding-right : 0px;padding-bottom : 0px;margin-bottom : 0px;padding-left : 0px;}<\/style><\/div>\n","protected":false},"excerpt":{"rendered":"","protected":false},"author":13,"featured_media":0,"parent":10472,"menu_order":0,"comment_status":"closed","ping_status":"closed","template":"","meta":[],"acf":[],"_links":{"self":[{"href":"https:\/\/www.incliva.es\/en\/wp-json\/wp\/v2\/pages\/46272"}],"collection":[{"href":"https:\/\/www.incliva.es\/en\/wp-json\/wp\/v2\/pages"}],"about":[{"href":"https:\/\/www.incliva.es\/en\/wp-json\/wp\/v2\/types\/page"}],"author":[{"embeddable":true,"href":"https:\/\/www.incliva.es\/en\/wp-json\/wp\/v2\/users\/13"}],"replies":[{"embeddable":true,"href":"https:\/\/www.incliva.es\/en\/wp-json\/wp\/v2\/comments?post=46272"}],"version-history":[{"count":1,"href":"https:\/\/www.incliva.es\/en\/wp-json\/wp\/v2\/pages\/46272\/revisions"}],"predecessor-version":[{"id":46273,"href":"https:\/\/www.incliva.es\/en\/wp-json\/wp\/v2\/pages\/46272\/revisions\/46273"}],"up":[{"embeddable":true,"href":"https:\/\/www.incliva.es\/en\/wp-json\/wp\/v2\/pages\/10472"}],"wp:attachment":[{"href":"https:\/\/www.incliva.es\/en\/wp-json\/wp\/v2\/media?parent=46272"}],"curies":[{"name":"wp","href":"https:\/\/api.w.org\/{rel}","templated":true}]}}