{"id":46265,"date":"2025-11-17T14:38:19","date_gmt":"2025-11-17T12:38:19","guid":{"rendered":"https:\/\/www.incliva.es\/services\/researcher-services\/scientific-management\/innovation-support-unit\/sandbox\/"},"modified":"2025-11-17T14:51:43","modified_gmt":"2025-11-17T12:51:43","slug":"sandbox","status":"publish","type":"page","link":"https:\/\/www.incliva.es\/en\/services\/researcher-services\/scientific-management\/innovation-support-unit\/sandbox\/","title":{"rendered":"Sandbox"},"content":{"rendered":"<div class=\"fusion-fullwidth fullwidth-box fusion-builder-row-1 fusion-flex-container nonhundred-percent-fullwidth non-hundred-percent-height-scrolling\" style=\"background-color: rgba(255,255,255,0);background-position: center center;background-repeat: no-repeat;border-width: 0px 0px 0px 0px;border-color:#e2e2e2;border-style:solid;\" ><div class=\"fusion-builder-row fusion-row fusion-flex-align-items-flex-start\" style=\"max-width:1248px;margin-left: calc(-4% \/ 2 );margin-right: calc(-4% \/ 2 );\"><div class=\"fusion-layout-column fusion_builder_column fusion-builder-column-0 fusion_builder_column_2_3 2_3 fusion-flex-column\"><div class=\"fusion-column-wrapper fusion-flex-justify-content-flex-start fusion-content-layout-column\" style=\"background-position:left top;background-repeat:no-repeat;-webkit-background-size:cover;-moz-background-size:cover;-o-background-size:cover;background-size:cover;padding: 0px 0px 0px 0px;\"><div class=\"fusion-text fusion-text-1\" style=\"transform:translate3d(0,0,0);\"><h5>Introducci\u00f3n<\/h5>\n<p>INCLIVA ha desarrollado dentro del proyecto Sandbox una metodolog\u00eda para detectar y priorizar necesidades de optimizaci\u00f3n de procesos hospitalarios ecosostenibles mediante miner\u00eda de procesos, creando un entorno seguro de pruebas donde los agentes del Sistema Valenciano de Innovaci\u00f3n puedan evaluar nuevas tecnolog\u00edas antes de su implementaci\u00f3n a gran escala.<\/p>\n<p>Adem\u00e1s, el <em>sandbox<\/em> ofrece a las empresas la posibilidad de:<\/p>\n<ul>\n<li>Acceder a un entorno de prueba real con datos estructurados.<\/li>\n<li>Validar sus soluciones junto a profesionales del \u00e1mbito sanitario.<\/li>\n<li>Escalar y comercializar sus innovaciones en un entorno cl\u00ednico real.<\/li>\n<li>Participar en futuras oportunidades de Compra P\u00fablica Innovadora (CPI).<\/li>\n<\/ul>\n<p>Si cuentas con una <strong>soluci\u00f3n tecnol\u00f3gica innovadora<\/strong> que pueda mejorar procesos hospitalarios desde una perspectiva ecosostenible, nos interesa conocerla. Buscamos tecnolog\u00edas que contribuyan a:<\/p>\n<ul>\n<li>Mejorar la comunicaci\u00f3n y la experiencia de pacientes y familiares.<\/li>\n<li>Optimizar tiempos y procesos asistenciales, reduciendo cuellos de botella.<\/li>\n<li>Facilitar la trazabilidad y el seguimiento de la actividad cl\u00ednica.<\/li>\n<\/ul>\n<p>Si crees que tu soluci\u00f3n puede abordar alguno de estos retos, puedes presentar tu propuesta enviando la siguiente informaci\u00f3n:<\/p>\n<\/div><div class=\"fusion-separator fusion-full-width-sep\" style=\"align-self: center;margin-left: auto;margin-right: auto;margin-top:15px;margin-bottom:15px;width:100%;\"><div class=\"fusion-separator-border sep-single\" style=\"border-color:#9da0d2;border-top-width:1px;\"><\/div><\/div><div class=\"fusion-text fusion-text-2\" style=\"transform:translate3d(0,0,0);\"><p>El proyecto <em>SANDBOX<\/em> PARA LA INNOVACI\u00d3N EN PROCESOS HOSPITALARIOS ECOSOSTENIBLES PARA UNA ATENCI\u00d3N SANITARIA BASADA EN EL VALOR con n\u00famero de expediente INNACC\/2024\/11 est\u00e1 financiado\u00a0 por IVACE+i y cofinanciado por el Programa Fondo Europeo de Desarrollo Regional (FEDER 2021-2027). Esta ayuda refuerza nuestro compromiso con la transferencia de conocimiento en salud y la colaboraci\u00f3n p\u00fablico-privada, facilitando la valorizaci\u00f3n de innovaci\u00f3n y su llegada al mercado y a la pr\u00e1ctica cl\u00ednica y promoviendo el fortalecimiento del ecosistema de I+D+i en la Comunitat Valenciana.<\/p>\n<p><img class=\"aligncenter wp-image-46280 size-full\" src=\"https:\/\/www.incliva.es\/wp-content\/uploads\/2025\/11\/Imagen10.png\" alt=\"\" width=\"1299\" height=\"69\" srcset=\"https:\/\/www.incliva.es\/wp-content\/uploads\/2025\/11\/Imagen10-200x11.png 200w, https:\/\/www.incliva.es\/wp-content\/uploads\/2025\/11\/Imagen10-300x16.png 300w, https:\/\/www.incliva.es\/wp-content\/uploads\/2025\/11\/Imagen10-400x21.png 400w, https:\/\/www.incliva.es\/wp-content\/uploads\/2025\/11\/Imagen10-600x32.png 600w, https:\/\/www.incliva.es\/wp-content\/uploads\/2025\/11\/Imagen10-768x41.png 768w, https:\/\/www.incliva.es\/wp-content\/uploads\/2025\/11\/Imagen10-800x42.png 800w, https:\/\/www.incliva.es\/wp-content\/uploads\/2025\/11\/Imagen10-1024x54.png 1024w, https:\/\/www.incliva.es\/wp-content\/uploads\/2025\/11\/Imagen10-1200x64.png 1200w, https:\/\/www.incliva.es\/wp-content\/uploads\/2025\/11\/Imagen10.png 1299w\" sizes=\"(max-width: 1299px) 100vw, 1299px\" \/><\/p>\n<\/div><\/div><\/div><style type=\"text\/css\">.fusion-body .fusion-builder-column-0{width:66.666666666667% !important;margin-top : 0px;margin-bottom : 20px;}.fusion-builder-column-0 > .fusion-column-wrapper {padding-top : 0px !important;padding-right : 0px !important;margin-right : 2.88%;padding-bottom : 0px !important;padding-left : 0px !important;margin-left : 2.88%;}@media only screen and (max-width:1532px) {.fusion-body .fusion-builder-column-0{width:66.666666666667% !important;order : 0;}.fusion-builder-column-0 > .fusion-column-wrapper {margin-right : 2.88%;margin-left : 2.88%;}}@media only screen and (max-width:640px) {.fusion-body .fusion-builder-column-0{width:100% !important;order : 0;}.fusion-builder-column-0 > .fusion-column-wrapper {margin-right : 1.92%;margin-left : 1.92%;}}<\/style><div class=\"fusion-layout-column fusion_builder_column fusion-builder-column-1 fusion_builder_column_1_3 1_3 fusion-flex-column\"><div class=\"fusion-column-wrapper fusion-column-has-shadow fusion-flex-justify-content-flex-start fusion-content-layout-column\" style=\"background-position:left top;background-repeat:no-repeat;-webkit-background-size:cover;-moz-background-size:cover;-o-background-size:cover;background-size:cover;background-color:#f9f9f9;border-width: 0 0 0 2px;border-color:#9da0d2;border-style:solid;box-shadow:0px 0px ;;padding: 4% 4% 4% 4%;\"><div class=\"fusion-text fusion-text-3\" style=\"transform:translate3d(0,0,0);\"><h5 style=\"text-align: center;\">Responsable de la Unidad<\/h5>\n<\/div><div class=\"fusion-text fusion-text-4\" style=\"transform:translate3d(0,0,0);\"><p style=\"text-align: center;\">Elena Carri\u00f3<\/p>\n<\/div><div style=\"text-align:center;\"><span class=\" fusion-imageframe imageframe-none imageframe-1 hover-type-none\" style=\"border:2px solid #e2e2e2;border-radius:8px;width:100%;max-width:160px;\"><img width=\"200\" height=\"267\" title=\"Elena-Carrio\" src=\"https:\/\/www.incliva.es\/wp-content\/uploads\/2023\/12\/Elena-Carrio-200x267.jpg\" class=\"img-responsive wp-image-27328\" srcset=\"https:\/\/www.incliva.es\/wp-content\/uploads\/2023\/12\/Elena-Carrio-200x267.jpg 200w, https:\/\/www.incliva.es\/wp-content\/uploads\/2023\/12\/Elena-Carrio-400x533.jpg 400w, https:\/\/www.incliva.es\/wp-content\/uploads\/2023\/12\/Elena-Carrio-600x800.jpg 600w, https:\/\/www.incliva.es\/wp-content\/uploads\/2023\/12\/Elena-Carrio-800x1067.jpg 800w, https:\/\/www.incliva.es\/wp-content\/uploads\/2023\/12\/Elena-Carrio.jpg 885w\" sizes=\"(max-width: 640px) 100vw, 400px\" \/><\/span><\/div><div class=\"fusion-separator fusion-full-width-sep\" style=\"align-self: center;margin-left: auto;margin-right: auto;margin-top:15px;margin-bottom:15px;width:100%;\"><div class=\"fusion-separator-border sep-single\" style=\"border-color:#9da0d2;border-top-width:1px;\"><\/div><\/div><div class=\"fusion-text fusion-text-5\" style=\"transform:translate3d(0,0,0);\"><h5 style=\"text-align: center;\">Contacto<\/h5>\n<p style=\"text-align: center;\"><a href=\"mailto:innovacion@incliva.es\">innovacion@incliva.es<br \/>\n961 62 89 41<\/a><\/p>\n<\/div><div class=\"fusion-separator fusion-full-width-sep\" style=\"align-self: center;margin-left: auto;margin-right: auto;margin-top:15px;margin-bottom:15px;width:100%;\"><div class=\"fusion-separator-border sep-single\" style=\"border-color:#9da0d2;border-top-width:1px;\"><\/div><\/div><div class=\"fusion-text fusion-text-6\" style=\"transform:translate3d(0,0,0);\"><h5 style=\"text-align: center;\">Documentos<\/h5>\n<p style=\"text-align: center;\"><a href=\"https:\/\/form.typeform.com\/to\/nZxkP8Mh\">Solicitud de participaci\u00f3n en el Sandbox<\/a><\/p>\n<\/div><\/div><\/div><style type=\"text\/css\">.fusion-body .fusion-builder-column-1{width:33.333333333333% !important;margin-top : 0px;margin-bottom : 20px;}.fusion-builder-column-1 > .fusion-column-wrapper {padding-top : 4% !important;padding-right : 4% !important;margin-right : 5.76%;padding-bottom : 4% !important;padding-left : 4% !important;margin-left : 5.76%;}@media only screen and (max-width:1532px) {.fusion-body .fusion-builder-column-1{width:33.333333333333% !important;order : 0;}.fusion-builder-column-1 > .fusion-column-wrapper {margin-right : 5.76%;margin-left : 5.76%;}}@media only screen and (max-width:640px) {.fusion-body .fusion-builder-column-1{width:100% !important;order : 0;}.fusion-builder-column-1 > .fusion-column-wrapper {margin-right : 1.92%;margin-left : 1.92%;}}<\/style><\/div><style type=\"text\/css\">.fusion-body .fusion-flex-container.fusion-builder-row-1{ padding-top : 0px;margin-top : 0px;padding-right : 0px;padding-bottom : 0px;margin-bottom : 0px;padding-left : 0px;}<\/style><\/div>\n","protected":false},"excerpt":{"rendered":"","protected":false},"author":13,"featured_media":0,"parent":10472,"menu_order":0,"comment_status":"closed","ping_status":"closed","template":"","meta":[],"acf":[],"_links":{"self":[{"href":"https:\/\/www.incliva.es\/en\/wp-json\/wp\/v2\/pages\/46265"}],"collection":[{"href":"https:\/\/www.incliva.es\/en\/wp-json\/wp\/v2\/pages"}],"about":[{"href":"https:\/\/www.incliva.es\/en\/wp-json\/wp\/v2\/types\/page"}],"author":[{"embeddable":true,"href":"https:\/\/www.incliva.es\/en\/wp-json\/wp\/v2\/users\/13"}],"replies":[{"embeddable":true,"href":"https:\/\/www.incliva.es\/en\/wp-json\/wp\/v2\/comments?post=46265"}],"version-history":[{"count":3,"href":"https:\/\/www.incliva.es\/en\/wp-json\/wp\/v2\/pages\/46265\/revisions"}],"predecessor-version":[{"id":46299,"href":"https:\/\/www.incliva.es\/en\/wp-json\/wp\/v2\/pages\/46265\/revisions\/46299"}],"up":[{"embeddable":true,"href":"https:\/\/www.incliva.es\/en\/wp-json\/wp\/v2\/pages\/10472"}],"wp:attachment":[{"href":"https:\/\/www.incliva.es\/en\/wp-json\/wp\/v2\/media?parent=46265"}],"curies":[{"name":"wp","href":"https:\/\/api.w.org\/{rel}","templated":true}]}}