{"id":44970,"date":"2025-10-13T08:16:13","date_gmt":"2025-10-13T06:16:13","guid":{"rendered":"https:\/\/www.incliva.es\/services\/platforms\/espacio-de-datos\/"},"modified":"2025-10-13T08:16:45","modified_gmt":"2025-10-13T06:16:45","slug":"espacio-de-datos","status":"publish","type":"page","link":"https:\/\/www.incliva.es\/en\/services\/platforms\/plataforma-de-ciencia-de-datos\/espacio-de-datos\/","title":{"rendered":"Espacio de datos"},"content":{"rendered":"<div class=\"fusion-fullwidth fullwidth-box fusion-builder-row-1 fusion-flex-container nonhundred-percent-fullwidth non-hundred-percent-height-scrolling\" style=\"background-color: rgba(255,255,255,0);background-position: center center;background-repeat: no-repeat;border-width: 0px 0px 0px 0px;border-color:#e2e2e2;border-style:solid;\" ><div class=\"fusion-builder-row fusion-row fusion-flex-align-items-flex-start\" style=\"max-width:1248px;margin-left: calc(-4% \/ 2 );margin-right: calc(-4% \/ 2 );\"><div class=\"fusion-layout-column fusion_builder_column fusion-builder-column-0 fusion_builder_column_1_1 1_1 fusion-flex-column\"><div class=\"fusion-column-wrapper fusion-flex-justify-content-flex-start fusion-content-layout-column\" style=\"background-position:left top;background-repeat:no-repeat;-webkit-background-size:cover;-moz-background-size:cover;-o-background-size:cover;background-size:cover;padding: 0px 0px 0px 0px;\"><div class=\"fusion-text fusion-text-1\" style=\"transform:translate3d(0,0,0);\"><p>Desde 2016, INCLIVA ha mostrado un compromiso firme con la ciencia de datos en salud, participando en grandes proyectos europeos como EHDEN (European Health Data Evidence Network) o BigMedilytics (Big Data for Medical Analytics). Proyectos que han permitido a la instituci\u00f3n adquirir una experiencia s\u00f3lida en el uso secundario de datos, la interoperabilidad y la aplicaci\u00f3n de est\u00e1ndares internacionales.<\/p>\n<p>En 2023, a trav\u00e9s del proyecto Integra Cloud, INCLIVA dio un paso decisivo con la creaci\u00f3n del datalake del Departamento Cl\u00ednico-Valencia Malvarrosa, donde se han curado y estandarizado los datos, estableciendo una base tecnol\u00f3gica y metodol\u00f3gica que ha sentado los cimientos para iniciativas de mayor alcance.<\/p>\n<p>La reciente reorganizaci\u00f3n de los departamentos sanitarios\u00a0ha dado lugar al nacimiento del \u00c1rea Sanitaria Interdepartamental (ASI) Valencia Norte,\u00a0que integra los departamentos de Cl\u00ednico- Malvarrosa, Gand\u00eda y Sagunto. En este nuevo marco, INCLIVA ha puesto en marcha el proyecto Integra Data Space (Integra DPs), cuyo prop\u00f3sito es construir un espacio de datos en salud en el ASI Valencia Norte, alineado con la estrategia auton\u00f3mica y europea. El proyecto est\u00e1 subvencionado por la Secretar\u00eda de Estado de Digitalizaci\u00f3n e Inteligencia Artificial (SEDIA) a trav\u00e9s del Programa Espacios de Datos Sectoriales, en el marco del Plan de Recuperaci\u00f3n, Transformaci\u00f3n y Resiliencia \u2013 Next Generation EU.<\/p>\n<p><strong>Integra Data Space<\/strong>\u00a0es la respuesta de INCLIVA al reto de transformar los datos sanitarios en un motor de conocimiento y progreso. Se concibe como un ecosistema federado y seguro, alineado con las directrices europeas para los espacios de datos en salud, cuyo prop\u00f3sito es habilitar el uso secundario de datos cl\u00ednicos y sociales con la m\u00e1xima calidad, seguridad y valor a\u00f1adido.<\/p>\n<p>Desde el punto de vista t\u00e9cnico, Integra Data Space despliega una arquitectura basada en recomendaciones de la <strong>International Data Spaces Association (IDSA)<\/strong>\u00a0y <strong>Gaia-X<\/strong>, y adopta est\u00e1ndares internacionales como OMOP, FHIR\u00a0y HealthDCAT-AP para asegurar la interoperabilidad y su alineaci\u00f3n con el European Health Data Space (EHDS).<\/p>\n<p>En su fase inicial, incorpora datos\u00a0seguros\u00a0cl\u00ednicos procedentes de historias cl\u00ednicas electr\u00f3nicas, atenci\u00f3n primaria, farmacia, hospitalizaci\u00f3n, urgencias y variables socio-sanitarias, comenzando con un piloto focalizado en mejorar la eficiencia de la atenci\u00f3n primaria en el ASI Valencia-Norte.<\/p>\n<p>Con ello, Integra Data Space aspira reforzar el posicionamiento de\u00a0INCLIVA en el \u00e1mbito de los espacios de datos en salud siguiendo la estrategia en salud de la Comunidad Valenciana, impulsando el ecosistema, fomentando la colaboraci\u00f3n p\u00fablico-privada y mejorando la calidad de la atenci\u00f3n sanitaria\u00a0para convertirse en un referente a nivel nacional y europeo.<\/p>\n<\/div><\/div><\/div><style type=\"text\/css\">.fusion-body .fusion-builder-column-0{width:100% !important;margin-top : 0px;margin-bottom : 20px;}.fusion-builder-column-0 > .fusion-column-wrapper {padding-top : 0px !important;padding-right : 0px !important;margin-right : 1.92%;padding-bottom : 0px !important;padding-left : 0px !important;margin-left : 1.92%;}@media only screen and (max-width:1532px) {.fusion-body .fusion-builder-column-0{width:100% !important;order : 0;}.fusion-builder-column-0 > .fusion-column-wrapper {margin-right : 1.92%;margin-left : 1.92%;}}@media only screen and (max-width:640px) {.fusion-body .fusion-builder-column-0{width:100% !important;order : 0;}.fusion-builder-column-0 > .fusion-column-wrapper {margin-right : 1.92%;margin-left : 1.92%;}}<\/style><\/div><style type=\"text\/css\">.fusion-body .fusion-flex-container.fusion-builder-row-1{ padding-top : 0px;margin-top : 0px;padding-right : 0px;padding-bottom : 0px;margin-bottom : 0px;padding-left : 0px;}<\/style><\/div>\n","protected":false},"excerpt":{"rendered":"","protected":false},"author":13,"featured_media":0,"parent":44965,"menu_order":0,"comment_status":"closed","ping_status":"closed","template":"","meta":[],"acf":[],"_links":{"self":[{"href":"https:\/\/www.incliva.es\/en\/wp-json\/wp\/v2\/pages\/44970"}],"collection":[{"href":"https:\/\/www.incliva.es\/en\/wp-json\/wp\/v2\/pages"}],"about":[{"href":"https:\/\/www.incliva.es\/en\/wp-json\/wp\/v2\/types\/page"}],"author":[{"embeddable":true,"href":"https:\/\/www.incliva.es\/en\/wp-json\/wp\/v2\/users\/13"}],"replies":[{"embeddable":true,"href":"https:\/\/www.incliva.es\/en\/wp-json\/wp\/v2\/comments?post=44970"}],"version-history":[{"count":1,"href":"https:\/\/www.incliva.es\/en\/wp-json\/wp\/v2\/pages\/44970\/revisions"}],"predecessor-version":[{"id":44971,"href":"https:\/\/www.incliva.es\/en\/wp-json\/wp\/v2\/pages\/44970\/revisions\/44971"}],"up":[{"embeddable":true,"href":"https:\/\/www.incliva.es\/en\/wp-json\/wp\/v2\/pages\/44965"}],"wp:attachment":[{"href":"https:\/\/www.incliva.es\/en\/wp-json\/wp\/v2\/media?parent=44970"}],"curies":[{"name":"wp","href":"https:\/\/api.w.org\/{rel}","templated":true}]}}