{"id":44967,"date":"2025-10-13T08:16:11","date_gmt":"2025-10-13T06:16:11","guid":{"rendered":"https:\/\/www.incliva.es\/services\/platforms\/catalogo-de-datos\/"},"modified":"2025-10-13T08:16:40","modified_gmt":"2025-10-13T06:16:40","slug":"catalogo-de-datos","status":"publish","type":"page","link":"https:\/\/www.incliva.es\/en\/services\/platforms\/plataforma-de-ciencia-de-datos\/catalogo-de-datos\/","title":{"rendered":"Cat\u00e1logo de datos"},"content":{"rendered":"<div class=\"fusion-fullwidth fullwidth-box fusion-builder-row-1 fusion-flex-container nonhundred-percent-fullwidth non-hundred-percent-height-scrolling\" style=\"background-color: rgba(255,255,255,0);background-position: center center;background-repeat: no-repeat;border-width: 0px 0px 0px 0px;border-color:#e2e2e2;border-style:solid;\" ><div class=\"fusion-builder-row fusion-row fusion-flex-align-items-flex-start\" style=\"max-width:1248px;margin-left: calc(-4% \/ 2 );margin-right: calc(-4% \/ 2 );\"><div class=\"fusion-layout-column fusion_builder_column fusion-builder-column-0 fusion_builder_column_1_1 1_1 fusion-flex-column\"><div class=\"fusion-column-wrapper fusion-flex-justify-content-flex-start fusion-content-layout-column\" style=\"background-position:left top;background-repeat:no-repeat;-webkit-background-size:cover;-moz-background-size:cover;-o-background-size:cover;background-size:cover;padding: 0px 0px 0px 0px;\">\n<div class=\"table-2\">\n<table width=\"100%\" align=\"center\">\n<thead>\n<tr>\n<td style=\"color: #fff;\" width=\"25%\"><strong>Datos<\/strong><\/td>\n<td style=\"color: #fff;\" width=\"75%\"><strong>Descripci\u00f3n<\/strong><\/td>\n<\/tr>\n<\/thead>\n<tbody>\n<tr>\n<td>Poblacionales<\/td>\n<td width=\"397\">Datos sociodemogr\u00e1ficos y socioecon\u00f3micos de la poblaci\u00f3n<\/td>\n<\/tr>\n<tr>\n<td>Citas en atenci\u00f3n primaria<\/td>\n<td width=\"397\">Citas m\u00e9dicas agendadas en atenci\u00f3n primaria<\/td>\n<\/tr>\n<tr>\n<td>Consultas en atenci\u00f3n primaria<\/td>\n<td width=\"397\">Consultas realizadas en los centros de atenci\u00f3n primaria. Contiene el detalle de los diagn\u00f3sticos activados en la consulta y peticiones realizadas de exploraciones complementarias.<\/td>\n<\/tr>\n<tr>\n<td>Cuestionarios en atenci\u00f3n primaria<\/td>\n<td width=\"397\">Cuestionarios sanitarios de informaci\u00f3n sobre el estado de salud y h\u00e1bitos<\/td>\n<\/tr>\n<tr>\n<td>Derivaciones a especializada<\/td>\n<td width=\"397\">Derivaciones realizadas desde los centros de atenci\u00f3n primaria a especializada indicando el diagn\u00f3stico por el que se realiza la interconsulta.<\/td>\n<\/tr>\n<tr>\n<td>Consultas en atenci\u00f3n especializada<\/td>\n<td width=\"397\">Consultas m\u00e9dicas realizadas en atenci\u00f3n especializada<\/td>\n<\/tr>\n<tr>\n<td>Bajas m\u00e9dicas<\/td>\n<td width=\"397\">Bajas m\u00e9dicas<\/td>\n<\/tr>\n<tr>\n<td>Ingresos hospitalarios (CMBD)<\/td>\n<td width=\"397\">Conjunto m\u00ednimo b\u00e1sico de datos de altas hospitalarias. Informaci\u00f3n de las hospitalizaciones con el detalle de las fechas, servicios, diagn\u00f3sticos, procedimientos, GRD<\/td>\n<\/tr>\n<tr>\n<td>Urgencias hospitalarias<\/td>\n<td width=\"397\">Urgencias hospitalarias<\/td>\n<\/tr>\n<tr>\n<td>Morbilidad<\/td>\n<td width=\"397\">Diagn\u00f3sticos activados en la actividad asistencial (en atenci\u00f3n primara y hospitalaria)<\/td>\n<\/tr>\n<tr>\n<td>Clinical Risk Groups (CRG)<\/td>\n<td width=\"397\">Clasificaci\u00f3n de la poblaci\u00f3n en funci\u00f3n de su carga de enfermedad y riesgo cl\u00ednico utilizando el agrupador Clinical Risk Groups (CRG) a trav\u00e9s de la informaci\u00f3n recogida en el Sistema de Informaci\u00f3n Poblacional (SIP), en el sistema de informaci\u00f3n ambulatorio (SIA-GAIA) y de los datos del Conjunto M\u00ednimo B\u00e1sico de Datos (CMBD) hospitalario.<\/td>\n<\/tr>\n<tr>\n<td>Farmacia en atenci\u00f3n ambulatoria<\/td>\n<td width=\"397\">Tratamientos prescritos en atenci\u00f3n primaria con el detalle de las recetas prescritas y dispensadas. Informaci\u00f3n del n\u00famero de envases, n\u00famero de DDD y coste de los medicamentos dispensados.<\/td>\n<\/tr>\n<tr>\n<td>Farmacia hospitalaria<\/td>\n<td width=\"397\">Farmacia hospitalaria<\/td>\n<\/tr>\n<tr>\n<td>Pruebas de imagen<\/td>\n<td width=\"397\">Informes de las exploraciones realizadas: radiol\u00f3gicos, ecograf\u00edas, electrofisiolog\u00eda, hemodin\u00e1mica,..<\/td>\n<\/tr>\n<tr>\n<td>Pruebas de laboratorio y mediciones<\/td>\n<td width=\"397\">Pruebas de laboratorio (bioqu\u00edmica, microbiolog\u00eda,\u2026) solicitadas en los servicios de atenci\u00f3n primaria y\/o hospitalaria. Mediciones antropom\u00e9tricas y biol\u00f3gicas.<\/td>\n<\/tr>\n<\/tbody>\n<\/table>\n<\/div>\n<\/div><\/div><style type=\"text\/css\">.fusion-body .fusion-builder-column-0{width:100% !important;margin-top : 0px;margin-bottom : 20px;}.fusion-builder-column-0 > .fusion-column-wrapper {padding-top : 0px !important;padding-right : 0px !important;margin-right : 1.92%;padding-bottom : 0px !important;padding-left : 0px !important;margin-left : 1.92%;}@media only screen and (max-width:1532px) {.fusion-body .fusion-builder-column-0{width:100% !important;order : 0;}.fusion-builder-column-0 > .fusion-column-wrapper {margin-right : 1.92%;margin-left : 1.92%;}}@media only screen and (max-width:640px) {.fusion-body .fusion-builder-column-0{width:100% !important;order : 0;}.fusion-builder-column-0 > .fusion-column-wrapper {margin-right : 1.92%;margin-left : 1.92%;}}<\/style><\/div><style type=\"text\/css\">.fusion-body .fusion-flex-container.fusion-builder-row-1{ padding-top : 0px;margin-top : 0px;padding-right : 0px;padding-bottom : 0px;margin-bottom : 0px;padding-left : 0px;}<\/style><\/div>\n","protected":false},"excerpt":{"rendered":"","protected":false},"author":13,"featured_media":0,"parent":44965,"menu_order":0,"comment_status":"closed","ping_status":"closed","template":"","meta":[],"acf":[],"_links":{"self":[{"href":"https:\/\/www.incliva.es\/en\/wp-json\/wp\/v2\/pages\/44967"}],"collection":[{"href":"https:\/\/www.incliva.es\/en\/wp-json\/wp\/v2\/pages"}],"about":[{"href":"https:\/\/www.incliva.es\/en\/wp-json\/wp\/v2\/types\/page"}],"author":[{"embeddable":true,"href":"https:\/\/www.incliva.es\/en\/wp-json\/wp\/v2\/users\/13"}],"replies":[{"embeddable":true,"href":"https:\/\/www.incliva.es\/en\/wp-json\/wp\/v2\/comments?post=44967"}],"version-history":[{"count":1,"href":"https:\/\/www.incliva.es\/en\/wp-json\/wp\/v2\/pages\/44967\/revisions"}],"predecessor-version":[{"id":44968,"href":"https:\/\/www.incliva.es\/en\/wp-json\/wp\/v2\/pages\/44967\/revisions\/44968"}],"up":[{"embeddable":true,"href":"https:\/\/www.incliva.es\/en\/wp-json\/wp\/v2\/pages\/44965"}],"wp:attachment":[{"href":"https:\/\/www.incliva.es\/en\/wp-json\/wp\/v2\/media?parent=44967"}],"curies":[{"name":"wp","href":"https:\/\/api.w.org\/{rel}","templated":true}]}}