{"id":44965,"date":"2025-10-13T08:16:07","date_gmt":"2025-10-13T06:16:07","guid":{"rendered":"https:\/\/www.incliva.es\/services\/platforms\/plataforma-de-ciencia-de-datos\/"},"modified":"2025-10-13T08:31:23","modified_gmt":"2025-10-13T06:31:23","slug":"plataforma-de-ciencia-de-datos","status":"publish","type":"page","link":"https:\/\/www.incliva.es\/en\/services\/platforms\/plataforma-de-ciencia-de-datos\/","title":{"rendered":"Plataforma de Ciencia de Datos"},"content":{"rendered":"<p><div class=\"fusion-fullwidth fullwidth-box fusion-builder-row-1 fusion-flex-container nonhundred-percent-fullwidth non-hundred-percent-height-scrolling\" style=\"background-color: rgba(255,255,255,0);background-position: center center;background-repeat: no-repeat;border-width: 0px 0px 0px 0px;border-color:#e2e2e2;border-style:solid;\" ><div class=\"fusion-builder-row fusion-row fusion-flex-align-items-flex-start\" style=\"max-width:1248px;margin-left: calc(-4% \/ 2 );margin-right: calc(-4% \/ 2 );\"><div class=\"fusion-layout-column fusion_builder_column fusion-builder-column-0 fusion_builder_column_2_3 2_3 fusion-flex-column\"><div class=\"fusion-column-wrapper fusion-flex-justify-content-flex-start fusion-content-layout-column\" style=\"background-position:left top;background-repeat:no-repeat;-webkit-background-size:cover;-moz-background-size:cover;-o-background-size:cover;background-size:cover;padding: 0px 0px 0px 0px;\"><div class=\"fusion-text fusion-text-1\" style=\"transform:translate3d(0,0,0);\"><h5>Introducci\u00f3n<\/h5>\n<p>La Plataforma de Ciencia de Datos es una plataforma transversal orientada a apoyar la investigaci\u00f3n, la gesti\u00f3n sanitaria y la toma de decisiones cl\u00ednicas mediante el uso de Big Data e Inteligencia Artificial (IA). La Plataforma integra la informaci\u00f3n procedente de la atenci\u00f3n ambulatoria y hospitalaria de la poblaci\u00f3n del Departamento de Salud Valencia Cl\u00ednico-Malvarrosa que contiene unos 350.000 habitantes. A trav\u00e9s de t\u00e9cnicas de anal\u00edtica predictiva, modelos de IA y el desarrollo de interfases para telemedicina, la plataforma permite identificar ineficiencias en los flujos de trabajo operativos y cl\u00ednicos, optimizar procesos asistenciales, e impulsar la implementaci\u00f3n de la Medicina 5P (predictiva, preventiva, personalizada, poblacional y participativa).<\/p>\n<p>La Plataforma de Ciencia de Datos nace en base a la Plataforma INTEGRA-CLOUD, desarrollada en INCLIVA mediante la aportaci\u00f3n econ\u00f3mica adjudicada <em>ad personam<\/em> desde el Ministerio de Asuntos Econ\u00f3micos y Transformaci\u00f3n Digital a trav\u00e9s del Programa UNICO I+D Cloud, en el marco del Plan Europeo de Recuperaci\u00f3n, Transformaci\u00f3n y Resiliencia en 2023.<\/p>\n<\/div><div class=\"fusion-separator fusion-full-width-sep\" style=\"align-self: center;margin-left: auto;margin-right: auto;margin-top:10px;margin-bottom:10px;width:100%;\"><div class=\"fusion-separator-border sep-single sep-solid\" style=\"border-color:#9da0d2;border-top-width:1px;\"><\/div><\/div><div class=\"fusion-text fusion-text-2\" style=\"transform:translate3d(0,0,0);\"><h5>Servicios<\/h5>\n<ul>\n<li style=\"text-align: justify;\">Consultor\u00eda cient\u00edfico-t\u00e9cnica:\n<ul>\n<li style=\"text-align: justify;\">Consultor\u00eda sobre iniciaci\u00f3n de protocolo de estudio, tr\u00e1mites administrativos, CEIm.<\/li>\n<li style=\"text-align: justify;\">Consultor\u00eda en protecci\u00f3n de datos.<\/li>\n<li style=\"text-align: justify;\">Se ofrece orientaci\u00f3n en la selecci\u00f3n de herramientas de an\u00e1lisis y algoritmos de inteligencia artificial adecuados para el procesamiento de datos en salud.<\/li>\n<\/ul>\n<\/li>\n<\/ul>\n<ul>\n<li style=\"text-align: justify;\">Tr\u00e1mites con Administraciones Sanitarias: gesti\u00f3n operativa y tramitaci\u00f3n de permisos, licencias y acuerdos con organismos p\u00fablicos y administraciones sanitarias para la utilizaci\u00f3n de datos cl\u00ednicos en proyectos de investigaci\u00f3n.<\/li>\n<li style=\"text-align: justify;\">An\u00e1lisis y procesamiento de datos\n<ul>\n<li style=\"text-align: justify;\">Procesamiento de datos cl\u00ednicos desde su recogida en la plataforma hasta su conversi\u00f3n en estructuras homog\u00e9neas, organizadas y aptas para el an\u00e1lisis. Se incluyen t\u00e9cnicas de limpieza de datos, eliminaci\u00f3n de valores at\u00edpicos, imputaci\u00f3n de datos faltantes y estandarizaci\u00f3n de formatos para facilitar su interoperabilidad con otras bases de datos y herramientas anal\u00edticas.<\/li>\n<li style=\"text-align: justify;\">Acceso a conjuntos de datos estructurados y validados con est\u00e1ndares de interoperabilidad como HL7 FHIR u OMOP para facilitar la integraci\u00f3n con otros sistemas y bases de datos.<\/li>\n<li style=\"text-align: justify;\">An\u00e1lisis de datos de la Plataforma con la creaci\u00f3n y seguimiento de cohortes de pacientes: definici\u00f3n, estructuraci\u00f3n y mantenimiento de cohortes de pacientes para estudios epidemiol\u00f3gicos y cl\u00ednicos. Se garantiza la trazabilidad de los datos, el seguimiento longitudinal de los pacientes y la aplicaci\u00f3n de criterios homog\u00e9neos de inclusi\u00f3n y exclusi\u00f3n. Se ofrece la posibilidad de vincular datos cl\u00ednicos con informaci\u00f3n de otros registros sanitarios para ampliar el an\u00e1lisis.<\/li>\n<li style=\"text-align: justify;\">Desarrollo de modelos de inteligencia artificial para usos secundarios.<\/li>\n<li style=\"text-align: justify;\">Colaboraci\u00f3n y\/o desarrollo de ensayos cl\u00ednicos.<\/li>\n<li style=\"text-align: justify;\">Participaci\u00f3n en proyectos nacionales y europeos en los que se precise la utilizaci\u00f3n de la BBDD.<\/li>\n<\/ul>\n<\/li>\n<\/ul>\n<ul>\n<li style=\"text-align: justify;\">Capacitaci\u00f3n y formaci\u00f3n<\/li>\n<\/ul>\n<\/div><div class=\"fusion-separator fusion-full-width-sep\" style=\"align-self: center;margin-left: auto;margin-right: auto;margin-top:10px;margin-bottom:10px;width:100%;\"><div class=\"fusion-separator-border sep-single sep-solid\" style=\"border-color:#9da0d2;border-top-width:1px;\"><\/div><\/div><div class=\"fusion-text fusion-text-3\" style=\"transform:translate3d(0,0,0);\"><h5>Equipamiento<\/h5>\n<p>Cl\u00faster on premise destinado a la creaci\u00f3n de un datalake capaz de almacenar y procesar datos procedentes de aplicaciones corporativas de Conselleria de Sanidad. Esta infraestructura est\u00e1 conectada a la red Arterias (red corporativa de Conseller\u00eda de Sanidad):<\/p>\n<p>Dos servidores de alto rendimiento y cada uno equipado con:<\/p>\n<ul>\n<li style=\"text-align: justify;\">Procesadores: 48 n\u00facleos \/ 96 hilos de procesamiento.<\/li>\n<li style=\"text-align: justify;\">Memoria: 2 TB de RAM.<\/li>\n<li style=\"text-align: justify;\">Almacenamiento SSD en configuraci\u00f3n RAID1 para hypervisor y sofware base.<\/li>\n<\/ul>\n<p>Cada servidor incorpora una GPU NVIDIA. Arquitectura Ampere A30 con soporte para CUDA y GPU.<\/p>\n<p>Este cl\u00faster est\u00e1 conectado a tres cabinas de almacenamiento, cada una orientada a cubrir distintos requerimientos espec\u00edficos:<\/p>\n<ul>\n<li style=\"text-align: justify;\">Almacenamiento SAN: 18 TB en discos NVMe, configurados en vol\u00famenes iSCSI. Dise\u00f1ado para garantizar alta disponibilidad y m\u00e1ximo rendimiento.<\/li>\n<li style=\"text-align: justify;\">Almacenamiento NAS:\n<ul>\n<li style=\"text-align: justify;\">Cabina scale-out de alto rendimiento: 216 TB combinando discos SSD y HDD. Ofrece soporte para discos secundarios, NFS, S3 y funcionalidades de Data Lake.<\/li>\n<li style=\"text-align: justify;\">Cabina convencional: 95 TB destinados principalmente a copias de seguridad, proporcionando almacenamiento confiable y optimizado para tareas de respaldo y recuperaci\u00f3n.<\/li>\n<\/ul>\n<\/li>\n<\/ul>\n<p>Adicionalmente, conectadas a rediris (red acad\u00e9mica y de investigaci\u00f3n espa\u00f1ola), se dispone de dos m\u00e1quinas con capacidad de almacenar aplicativos y entornos de an\u00e1lisis externos a la red arterias.<\/p>\n<p>Las m\u00e1quinas tienen cada una: 24cores\/48 hilos, 1,5TB de RAM, 24 TB HDD (en RAID6) para almacenamiento en volumen con velocidad moderada y 5TB de SSD (en RAID5) para discos de sistema y acceso r\u00e1pido<\/p>\n<p>Toda esta infraestructura est\u00e1 dotada de las m\u00e1ximas medidas de seguridad, es altamente escalable y robusta gracias a la elevada redundancia de sus componentes m\u00e1s cr\u00edticos.<\/p>\n<p>Estos medios se complementan y pueden ser reforzados con la posibilidad de utilizar los recursos de computaci\u00f3n HPC comunes a plataformas y grupos de investigaci\u00f3n de la fundaci\u00f3n que son administrados por la Unidad de Inform\u00e1tica de INCLIVA.<\/p>\n<\/div><\/div><\/div><style type=\"text\/css\">.fusion-body .fusion-builder-column-0{width:66.666666666667% !important;margin-top : 0px;margin-bottom : 20px;}.fusion-builder-column-0 > .fusion-column-wrapper {padding-top : 0px !important;padding-right : 0px !important;margin-right : 2.88%;padding-bottom : 0px !important;padding-left : 0px !important;margin-left : 2.88%;}@media only screen and (max-width:1532px) {.fusion-body .fusion-builder-column-0{width:66.666666666667% !important;}.fusion-builder-column-0 > .fusion-column-wrapper {margin-right : 2.88%;margin-left : 2.88%;}}@media only screen and (max-width:640px) {.fusion-body .fusion-builder-column-0{width:100% !important;}.fusion-builder-column-0 > .fusion-column-wrapper {margin-right : 1.92%;margin-left : 1.92%;}}<\/style><div class=\"fusion-layout-column fusion_builder_column fusion-builder-column-1 fusion_builder_column_1_3 1_3 fusion-flex-column\"><div class=\"fusion-column-wrapper fusion-column-has-shadow fusion-flex-justify-content-flex-start fusion-content-layout-column\" style=\"background-position:left top;background-repeat:no-repeat;-webkit-background-size:cover;-moz-background-size:cover;-o-background-size:cover;background-size:cover;background-color:#f9f9f9;border-width: 0 0 0 2px;border-color:#9da0d2;border-style:solid;box-shadow:0px 0px ;;padding: 4% 4% 4% 4%;\"><div class=\"fusion-text fusion-text-4\" style=\"transform:translate3d(0,0,0);\"><h5 style=\"text-align: center;\">Responsable<\/h5>\n<p style=\"text-align: center;\">Dra. Inmaculada Saur\u00ed Ferrer<\/p>\n<\/div><div style=\"text-align:center;\"><span class=\" fusion-imageframe imageframe-none imageframe-1 hover-type-none\" style=\"width:100%;max-width:160px;\"><img width=\"490\" height=\"654\" title=\"InmaSauri\" src=\"https:\/\/www.incliva.es\/wp-content\/uploads\/2025\/09\/InmaSauri.jpg\" class=\"img-responsive wp-image-44517\" srcset=\"https:\/\/www.incliva.es\/wp-content\/uploads\/2025\/09\/InmaSauri-200x267.jpg 200w, https:\/\/www.incliva.es\/wp-content\/uploads\/2025\/09\/InmaSauri-400x534.jpg 400w, https:\/\/www.incliva.es\/wp-content\/uploads\/2025\/09\/InmaSauri.jpg 490w\" sizes=\"(max-width: 640px) 100vw, 400px\" \/><\/span><\/div><div class=\"fusion-separator fusion-full-width-sep\" style=\"align-self: center;margin-left: auto;margin-right: auto;margin-top:10px;margin-bottom:10px;width:100%;\"><div class=\"fusion-separator-border sep-single sep-solid\" style=\"border-color:#9da0d2;border-top-width:1px;\"><\/div><\/div><div class=\"fusion-text fusion-text-5\" style=\"transform:translate3d(0,0,0);\"><h5 style=\"text-align: center;\">Contacto<\/h5>\n<p style=\"text-align: center;\">e-mail: <a href=\"mailto:cienciadedatos@incliva.es\">cienciadedatos@incliva.es<\/a><br \/>\nTel\u00e9fono: 962 542 390<\/p>\n<\/div><div class=\"fusion-separator fusion-full-width-sep\" style=\"align-self: center;margin-left: auto;margin-right: auto;margin-top:10px;margin-bottom:10px;width:100%;\"><div class=\"fusion-separator-border sep-single sep-solid\" style=\"border-color:#9da0d2;border-top-width:1px;\"><\/div><\/div><div class=\"fusion-text fusion-text-6\" style=\"transform:translate3d(0,0,0);\"><h5 style=\"text-align: center;\">Ubicaci\u00f3n<\/h5>\n<p style=\"text-align: center;\">INCLIVA. Avenida Men\u00e9ndez y Pelayo 3, 46010, Valencia<\/p>\n<\/div><div class=\"fusion-separator fusion-full-width-sep\" style=\"align-self: center;margin-left: auto;margin-right: auto;margin-top:10px;margin-bottom:10px;width:100%;\"><div class=\"fusion-separator-border sep-single sep-solid\" style=\"border-color:#9da0d2;border-top-width:1px;\"><\/div><\/div><div class=\"fusion-text fusion-text-7\" style=\"transform:translate3d(0,0,0);\"><h5 style=\"text-align: center;\">Documentos<\/h5>\n<\/div><div style=\"text-align:center;\"><style type=\"text\/css\">.fusion-button.button-1 .fusion-button-text, .fusion-button.button-1 i {color:#ffffff;}.fusion-button.button-1 .fusion-button-icon-divider{border-color:#ffffff;}.fusion-button.button-1:hover .fusion-button-text, .fusion-button.button-1:hover i,.fusion-button.button-1:focus .fusion-button-text, .fusion-button.button-1:focus i,.fusion-button.button-1:active .fusion-button-text, .fusion-button.button-1:active{color:#ffffff;}.fusion-button.button-1:hover .fusion-button-icon-divider, .fusion-button.button-1:hover .fusion-button-icon-divider, .fusion-button.button-1:active .fusion-button-icon-divider{border-color:#ffffff;}.fusion-button.button-1:hover, .fusion-button.button-1:focus, .fusion-button.button-1:active{border-color:#ffffff;}.fusion-button.button-1 {border-color:#ffffff;border-radius:4px;}.fusion-button.button-1{background: #3d44ac;}.fusion-button.button-1:hover,.button-1:focus,.fusion-button.button-1:active{background: #3d44ac;}.fusion-button.button-1 .fusion-button-text {text-transform:uppercase;}<\/style><a class=\"fusion-button button-flat fusion-button-default-size button-custom button-1 fusion-button-span-yes fusion-button-default-type\" target=\"_blank\" rel=\"noopener noreferrer\" href=\"https:\/\/www.incliva.es\/wp-content\/uploads\/2025\/10\/Tarifas_Web_CienciadeDatos_09_06_2025.pdf\" style=\"margin-bottom:15px;\"><span class=\"fusion-button-text\">Tarifas<\/span><\/a><\/div><div style=\"text-align:center;\"><style type=\"text\/css\">.fusion-button.button-2 .fusion-button-text, .fusion-button.button-2 i {color:#ffffff;}.fusion-button.button-2 .fusion-button-icon-divider{border-color:#ffffff;}.fusion-button.button-2:hover .fusion-button-text, .fusion-button.button-2:hover i,.fusion-button.button-2:focus .fusion-button-text, .fusion-button.button-2:focus i,.fusion-button.button-2:active .fusion-button-text, .fusion-button.button-2:active{color:#ffffff;}.fusion-button.button-2:hover .fusion-button-icon-divider, .fusion-button.button-2:hover .fusion-button-icon-divider, .fusion-button.button-2:active .fusion-button-icon-divider{border-color:#ffffff;}.fusion-button.button-2:hover, .fusion-button.button-2:focus, .fusion-button.button-2:active{border-color:#ffffff;}.fusion-button.button-2 {border-color:#ffffff;border-radius:4px;}.fusion-button.button-2{background: #3d44ac;}.fusion-button.button-2:hover,.button-2:focus,.fusion-button.button-2:active{background: #3d44ac;}.fusion-button.button-2 .fusion-button-text {text-transform:uppercase;}<\/style><a class=\"fusion-button button-flat fusion-button-default-size button-custom button-2 fusion-button-span-yes fusion-button-default-type\" target=\"_blank\" rel=\"noopener noreferrer\" href=\"\/servicios\/plataformas\/plataforma-de-ciencia-de-datos\/catalogo-de-datos\/\" style=\"margin-bottom:15px;\"><span class=\"fusion-button-text\">Cat\u00e1logo de datos<\/span><\/a><\/div><div style=\"text-align:center;\"><style type=\"text\/css\">.fusion-button.button-3 .fusion-button-text, .fusion-button.button-3 i {color:#ffffff;}.fusion-button.button-3 .fusion-button-icon-divider{border-color:#ffffff;}.fusion-button.button-3:hover .fusion-button-text, .fusion-button.button-3:hover i,.fusion-button.button-3:focus .fusion-button-text, .fusion-button.button-3:focus i,.fusion-button.button-3:active .fusion-button-text, .fusion-button.button-3:active{color:#ffffff;}.fusion-button.button-3:hover .fusion-button-icon-divider, .fusion-button.button-3:hover .fusion-button-icon-divider, .fusion-button.button-3:active .fusion-button-icon-divider{border-color:#ffffff;}.fusion-button.button-3:hover, .fusion-button.button-3:focus, .fusion-button.button-3:active{border-color:#ffffff;}.fusion-button.button-3 {border-color:#ffffff;border-radius:4px;}.fusion-button.button-3{background: #3d44ac;}.fusion-button.button-3:hover,.button-3:focus,.fusion-button.button-3:active{background: #3d44ac;}.fusion-button.button-3 .fusion-button-text {text-transform:uppercase;}<\/style><a class=\"fusion-button button-flat fusion-button-default-size button-custom button-3 fusion-button-span-yes fusion-button-default-type\" target=\"_blank\" rel=\"noopener noreferrer\" href=\"\/servicios\/plataformas\/plataforma-de-ciencia-de-datos\/espacio-de-datos\/\" style=\"margin-bottom:15px;\"><span class=\"fusion-button-text\">Espacio de datos<\/span><\/a><\/div><\/div><\/div><style type=\"text\/css\">.fusion-body .fusion-builder-column-1{width:33.333333333333% !important;margin-top : 0px;margin-bottom : 20px;}.fusion-builder-column-1 > .fusion-column-wrapper {padding-top : 4% !important;padding-right : 4% !important;margin-right : 5.76%;padding-bottom : 4% !important;padding-left : 4% !important;margin-left : 5.76%;}@media only screen and (max-width:1532px) {.fusion-body .fusion-builder-column-1{width:33.333333333333% !important;order : 0;}.fusion-builder-column-1 > .fusion-column-wrapper {margin-right : 5.76%;margin-left : 5.76%;}}@media only screen and (max-width:640px) {.fusion-body .fusion-builder-column-1{width:100% !important;order : 0;}.fusion-builder-column-1 > .fusion-column-wrapper {margin-right : 1.92%;margin-left : 1.92%;}}<\/style><\/div><style type=\"text\/css\">.fusion-body .fusion-flex-container.fusion-builder-row-1{ padding-top : 0px;margin-top : 0px;padding-right : 0px;padding-bottom : 0px;margin-bottom : 0px;padding-left : 0px;}<\/style><\/div><div class=\"fusion-fullwidth fullwidth-box fusion-builder-row-2 fusion-flex-container nonhundred-percent-fullwidth non-hundred-percent-height-scrolling\" style=\"background-color: rgba(255,255,255,0);background-position: center center;background-repeat: no-repeat;border-width: 0px 0px 0px 0px;border-color:#e2e2e2;border-style:solid;\" ><div class=\"fusion-builder-row fusion-row fusion-flex-align-items-flex-start\" style=\"max-width:1248px;margin-left: calc(-4% \/ 2 );margin-right: calc(-4% \/ 2 );\"><div class=\"fusion-layout-column fusion_builder_column fusion-builder-column-2 fusion_builder_column_1_1 1_1 fusion-flex-column\"><div class=\"fusion-column-wrapper fusion-flex-justify-content-flex-start fusion-content-layout-column\" style=\"background-position:left top;background-repeat:no-repeat;-webkit-background-size:cover;-moz-background-size:cover;-o-background-size:cover;background-size:cover;padding: 0px 0px 0px 0px;\"><\/div><\/div><style type=\"text\/css\">.fusion-body .fusion-builder-column-2{width:100% !important;margin-top : 0px;margin-bottom : 20px;}.fusion-builder-column-2 > .fusion-column-wrapper {padding-top : 0px !important;padding-right : 0px !important;margin-right : 1.92%;padding-bottom : 0px !important;padding-left : 0px !important;margin-left : 1.92%;}@media only screen and (max-width:1532px) {.fusion-body .fusion-builder-column-2{width:100% !important;}.fusion-builder-column-2 > .fusion-column-wrapper {margin-right : 1.92%;margin-left : 1.92%;}}@media only screen and (max-width:640px) {.fusion-body .fusion-builder-column-2{width:100% !important;}.fusion-builder-column-2 > .fusion-column-wrapper {margin-right : 1.92%;margin-left : 1.92%;}}<\/style><\/div><style type=\"text\/css\">.fusion-body .fusion-flex-container.fusion-builder-row-2{ padding-top : 0px;margin-top : 0px;padding-right : 0px;padding-bottom : 0px;margin-bottom : 0px;padding-left : 0px;}<\/style><\/div><\/p>\n","protected":false},"excerpt":{"rendered":"","protected":false},"author":13,"featured_media":0,"parent":8542,"menu_order":0,"comment_status":"closed","ping_status":"closed","template":"","meta":[],"acf":[],"_links":{"self":[{"href":"https:\/\/www.incliva.es\/en\/wp-json\/wp\/v2\/pages\/44965"}],"collection":[{"href":"https:\/\/www.incliva.es\/en\/wp-json\/wp\/v2\/pages"}],"about":[{"href":"https:\/\/www.incliva.es\/en\/wp-json\/wp\/v2\/types\/page"}],"author":[{"embeddable":true,"href":"https:\/\/www.incliva.es\/en\/wp-json\/wp\/v2\/users\/13"}],"replies":[{"embeddable":true,"href":"https:\/\/www.incliva.es\/en\/wp-json\/wp\/v2\/comments?post=44965"}],"version-history":[{"count":3,"href":"https:\/\/www.incliva.es\/en\/wp-json\/wp\/v2\/pages\/44965\/revisions"}],"predecessor-version":[{"id":44975,"href":"https:\/\/www.incliva.es\/en\/wp-json\/wp\/v2\/pages\/44965\/revisions\/44975"}],"up":[{"embeddable":true,"href":"https:\/\/www.incliva.es\/en\/wp-json\/wp\/v2\/pages\/8542"}],"wp:attachment":[{"href":"https:\/\/www.incliva.es\/en\/wp-json\/wp\/v2\/media?parent=44965"}],"curies":[{"name":"wp","href":"https:\/\/api.w.org\/{rel}","templated":true}]}}