{"id":42979,"date":"2021-01-15T07:53:06","date_gmt":"2021-01-15T05:53:06","guid":{"rendered":"https:\/\/www.incliva.es\/donate\/beneficios-fiscales\/"},"modified":"2025-06-30T08:10:14","modified_gmt":"2025-06-30T06:10:14","slug":"beneficios-fiscales","status":"publish","type":"page","link":"https:\/\/www.incliva.es\/en\/donate\/beneficios-fiscales\/","title":{"rendered":"Beneficios fiscales"},"content":{"rendered":"<div class=\"fusion-fullwidth fullwidth-box fusion-builder-row-1 fusion-flex-container nonhundred-percent-fullwidth non-hundred-percent-height-scrolling\" style=\"background-color: rgba(255,255,255,0);background-position: center center;background-repeat: no-repeat;border-width: 0px 0px 0px 0px;border-color:#e2e2e2;border-style:solid;\" ><div class=\"fusion-builder-row fusion-row fusion-flex-align-items-flex-start\" style=\"max-width:1248px;margin-left: calc(-4% \/ 2 );margin-right: calc(-4% \/ 2 );\"><div class=\"fusion-layout-column fusion_builder_column fusion-builder-column-0 fusion_builder_column_1_1 1_1 fusion-flex-column\"><div class=\"fusion-column-wrapper fusion-flex-justify-content-flex-start fusion-content-layout-column\" style=\"background-position:left top;background-repeat:no-repeat;-webkit-background-size:cover;-moz-background-size:cover;-o-background-size:cover;background-size:cover;padding: 0px 0px 0px 0px;\"><div class=\"fusion-text fusion-text-1\" style=\"transform:translate3d(0,0,0);\"><div id=\"contenido\" class=\"template_default template_paginas\">\n<div class=\"row\">\n<div class=\"col-xs-12 col-sm-12 col-md-12\">\n<h5>Beneficios fiscales de las donaciones<\/h5>\n<p>Para solicitar la certificaci\u00f3n de la Donaci\u00f3n a efectos de desgravaci\u00f3n fiscal debe remitir un correo electr\u00f3nico a <a href=\"mailto:gestioneconomica@incliva.es\">gestioneconomica@incliva.es<\/a> en el momento del ingreso y como m\u00e1ximo antes de final del a\u00f1o con sus datos completos (nombre y apellidos \u2013 NIF \u2013 domicilio con c\u00f3digo postal).<\/p>\n<p>Te informamos de que los donantes personas f\u00edsicas podr\u00e1n aplicar, cumpli\u00e9ndose el resto de los requisitos y l\u00edmites establecidos al efecto, una deducci\u00f3n del 80% para los primeros 250\u20ac donados a entidades ben\u00e9ficas acogidas a la Ley 49\/2002, de 23 de diciembre, de R\u00e9gimen Fiscal de Entidades sin Fines Lucrativos y de los Incentivos Fiscales al Mecenazgo, y un 40% o 45% sobre el resto del importe en funci\u00f3n de los donativos efectuados en los 2 periodos impositivos anteriores. Podr\u00e1s deducirte el 10% de las cantidades donadas a las fundaciones legalmente reconocidas que rindan cuentas al \u00f3rgano del protectorado correspondiente, as\u00ed como a las asociaciones declaradas de utilidad p\u00fablica no comprendidas en la Ley 49\/2002.<\/p>\n<p>Te informamos de que los donantes personas jur\u00eddicas podr\u00e1n aplicar, cumpli\u00e9ndose el resto de los requisitos y l\u00edmites establecidos al efecto, una deducci\u00f3n del 40% o el 50% del importe donado a entidades ben\u00e9ficas acogidas a la Ley 49\/2002, de 23 de diciembre, de R\u00e9gimen Fiscal de Entidades sin Fines Lucrativos y de los Incentivos Fiscales al Mecenazgo, en funci\u00f3n de los donativos efectuados en los 2 periodos impositivos anteriores.<\/p>\n<\/div>\n<\/div>\n<\/div>\n<\/div><\/div><\/div><style type=\"text\/css\">.fusion-body .fusion-builder-column-0{width:100% !important;margin-top : 0px;margin-bottom : 0px;}.fusion-builder-column-0 > .fusion-column-wrapper {padding-top : 0px !important;padding-right : 0px !important;margin-right : 1.92%;padding-bottom : 0px !important;padding-left : 0px !important;margin-left : 1.92%;}@media only screen and (max-width:1532px) {.fusion-body .fusion-builder-column-0{width:100% !important;}.fusion-builder-column-0 > .fusion-column-wrapper {margin-right : 1.92%;margin-left : 1.92%;}}@media only screen and (max-width:640px) {.fusion-body .fusion-builder-column-0{width:100% !important;}.fusion-builder-column-0 > .fusion-column-wrapper {margin-right : 1.92%;margin-left : 1.92%;}}<\/style><\/div><style type=\"text\/css\">.fusion-body .fusion-flex-container.fusion-builder-row-1{ padding-top : 0px;margin-top : 0px;padding-right : 0px;padding-bottom : 0px;margin-bottom : 0px;padding-left : 0px;}<\/style><\/div>\n","protected":false},"excerpt":{"rendered":"","protected":false},"author":1,"featured_media":0,"parent":17657,"menu_order":0,"comment_status":"closed","ping_status":"closed","template":"","meta":[],"acf":[],"_links":{"self":[{"href":"https:\/\/www.incliva.es\/en\/wp-json\/wp\/v2\/pages\/42979"}],"collection":[{"href":"https:\/\/www.incliva.es\/en\/wp-json\/wp\/v2\/pages"}],"about":[{"href":"https:\/\/www.incliva.es\/en\/wp-json\/wp\/v2\/types\/page"}],"author":[{"embeddable":true,"href":"https:\/\/www.incliva.es\/en\/wp-json\/wp\/v2\/users\/1"}],"replies":[{"embeddable":true,"href":"https:\/\/www.incliva.es\/en\/wp-json\/wp\/v2\/comments?post=42979"}],"version-history":[{"count":2,"href":"https:\/\/www.incliva.es\/en\/wp-json\/wp\/v2\/pages\/42979\/revisions"}],"predecessor-version":[{"id":42982,"href":"https:\/\/www.incliva.es\/en\/wp-json\/wp\/v2\/pages\/42979\/revisions\/42982"}],"up":[{"embeddable":true,"href":"https:\/\/www.incliva.es\/en\/wp-json\/wp\/v2\/pages\/17657"}],"wp:attachment":[{"href":"https:\/\/www.incliva.es\/en\/wp-json\/wp\/v2\/media?parent=42979"}],"curies":[{"name":"wp","href":"https:\/\/api.w.org\/{rel}","templated":true}]}}