{"id":41530,"date":"2025-05-07T08:39:05","date_gmt":"2025-05-07T06:39:05","guid":{"rendered":"https:\/\/www.incliva.es\/configuracion-de-cookies\/"},"modified":"2025-05-07T08:43:36","modified_gmt":"2025-05-07T06:43:36","slug":"configuracion-de-cookies","status":"publish","type":"page","link":"https:\/\/www.incliva.es\/en\/configuracion-de-cookies\/","title":{"rendered":"Configuraci\u00f3n de cookies"},"content":{"rendered":"<div class=\"post-content\">\n<p>En esta p\u00e1gina web, te ofrecemos la posibilidad de configurar las cookies que se instalar\u00e1n en tu dispositivo, de acuerdo con tus preferencias. Utilizamos cookies propias y de terceros para la realizaci\u00f3n de elaboraci\u00f3n de perfiles de los usuarios basadas en sus h\u00e1bitos de navegaci\u00f3n (por ejemplo, p\u00e1ginas visitadas), con la finalidad de realizar an\u00e1lisis estad\u00edsticos de navegaci\u00f3n para mejorar los servicios ofrecidos, as\u00ed como para enviar contenidos publicitarios personalizados. Puede cambiar la configuraci\u00f3n haciendo clic en el siguiente bot\u00f3n. Le informamos de que, para el correcto funcionamiento de la web, las cookies de car\u00e1cter \u201ct\u00e9cnicas\u201d no pueden ser rechazadas. En cualquier momento puede volver a personalizar su configuraci\u00f3n de cookies pulsando el bot\u00f3n \u201cconfiguraci\u00f3n de cookies\u201d situado en la parte inferior de nuestra web.<\/p>\n<h3 style=\"background-color: #3d44ac; text-align: center; color: white;\"><button id=\"cookiebutton\" style=\"padding: 5px; background-color: #3d44ac; color: white; border: none; border-radius: 5px; font-size: 20px; cursor: pointer;\"><br \/>\n<style>\r\n    #single,\r\n    #ct-ultimate-gdpr-cookie-modal-body h1,\r\n    #ct-ultimate-gdpr-cookie-modal-body h2,\r\n    #ct-ultimate-gdpr-cookie-modal-body h3,\r\n    #ct-ultimate-gdpr-cookie-modal-body h4,\r\n    #ct-ultimate-gdpr-cookie-modal-body h5,\r\n    #ct-ultimate-gdpr-cookie-modal-body h6 {\r\n        color: #000000;\r\n    }\r\n<\/style>\r\n    <a href=\"#\" class=\"ct-ultimate-triggler-modal-sc\">CONFIGURACI\u00d3N DE COOKIES<\/a>\r\n\r\n\r\n<div id=\"ct-ultimate-gdpr-cookie-modal\" class=\"ct-ultimate-gdpr--Groups-4 ct-ultimate-gdpr--NoBlockGroup\" style=\"display:none;\">\r\n        <!-- Modal content -->\r\n    <div class=\"ct-ultimate-gdpr-cookie-modal-content  ct-ultimate-gdpr-cookie-modal-content-single\">\r\n\r\n                    <div id=\"ct-ultimate-gdpr-cookie-modal-close\"><\/div>\r\n        \r\n        <div id=\"ct-ultimate-gdpr-cookie-modal-body\" class=\"ct-ultimate-gdpr-slider-not-block\">\r\n\r\n            \r\n                            <div style=\"color:#000000\"> <h3>Puede habilitar o deshabilitar los diferentes tipos de cookies:<\/h3> <\/div>\r\n            \r\n            <form action=\"#\" class=\"ct-ultimate-gdpr-cookie-modal-single\" >\r\n                <ul>\r\n                                                                <li><label for=\"cookie5\">\r\n                                <img class=\"ct-svg\" src=\"https:\/\/www.incliva.es\/wp-content\/plugins\/ct-ultimate-gdpr\/assets\/css\/images\/essential.svg\" style=\"width: 60px;\" alt=\"Cookies t\u00e9cnicas\">\r\n                            <\/label>\r\n                            <span>Cookies t\u00e9cnicas<\/span>\r\n                            <input type=\"checkbox\" name=\"radio-group\" id=\"cookie5\" value=\"5\" class=\"ct-ultimate-gdpr-cookie-modal-single-item\"\r\n                                checked \/><\/li>\r\n                                                                <li><label for=\"cookie6\">\r\n                                <img class=\"ct-svg\" src=\"https:\/\/www.incliva.es\/wp-content\/plugins\/ct-ultimate-gdpr\/assets\/css\/images\/functionality.svg\" alt=\"Cookies de funcionalidad\">\r\n                            <\/label>\r\n                            <span>Cookies de funcionalidad<\/span>\r\n                            <input type=\"checkbox\" name=\"radio-group\"  id=\"cookie6\" value=\"6\" class=\"ct-ultimate-gdpr-cookie-modal-single-item\"\r\n                                \/><\/li>\r\n                                                                <li><label for=\"cookie7\">\r\n                                <img class=\"ct-svg\" src=\"https:\/\/www.incliva.es\/wp-content\/plugins\/ct-ultimate-gdpr\/assets\/css\/images\/statistics.svg\" alt=\"Cookies de an\u00e1lisis\">\r\n                            <\/label>\r\n                            <span>Cookies de an\u00e1lisis<\/span>\r\n                            <input type=\"checkbox\" name=\"radio-group\"  id=\"cookie7\" value=\"7\" class=\"ct-ultimate-gdpr-cookie-modal-single-item\"\r\n                                \/><\/li>\r\n                                                                <li><label for=\"cookie8\">\r\n                                <img class=\"ct-svg\" src=\"https:\/\/www.incliva.es\/wp-content\/plugins\/ct-ultimate-gdpr\/assets\/css\/images\/targeting.svg\" alt=\"Cookies de publicidad\">\r\n                            <\/label>\r\n                            <span>Cookies de publicidad<\/span>\r\n                            <input type=\"checkbox\" name=\"radio-group\"  id=\"cookie8\" value=\"8\" class=\"ct-ultimate-gdpr-cookie-modal-single-item\"\r\n                                \/><\/li>\r\n                                    <\/ul>\r\n            <\/form>\r\n\r\n            <div class=\"ct-ultimate-gdpr-cookie-modal-single-wrap\">\r\n                <div class=\"ct-ultimate-gdpr-cookie-modal-single-wrap__inner\">\r\n\r\n                    <div class=\"ct-ultimate-gdpr-cookie-modal-single-wrap__inner--title\">\r\n                        <div class=\"title-block\">\r\n                            <h4 style=\"color: #000000;\">Cookies permitidas<\/h4><\/div>\r\n\r\n                        <div class=\"title-block\">\r\n                            <h4 style=\"color: #000000;\">Cookies no permitidas<\/h4>\r\n                        <\/div>\r\n                        <div class=\"ct-clearfix\"><\/div>\r\n                    <\/div> <!-- \/\/end title -->\r\n                                        <div class=\"ct-ultimate-gdpr-cookie-modal-single-wrap__inner--info\">\r\n                        <div class=\"ct-ultimate-gdpr-cookie-modal-single__info--desc\" id=\"desc-left\">\r\n                            <ul class=\"ct-ultimate-gdpr-cookie-modal-slider-able\" style=\"color: #000000;\">\r\n\r\n                                \r\n                                                                                                            <li class=\"essentials\"> Cookies t\u00e9cnicas:\r\n\r\nPermiten al usuario la navegaci\u00f3n a trav\u00e9s de una p\u00e1gina web, plataforma o aplicaci\u00f3n y la utilizaci\u00f3n de las diferentes opciones o servicios que en ella existan como, por ejemplo, controlar el tr\u00e1fico y la comunicaci\u00f3n de datos, identificar la sesi\u00f3n, acceder a partes de acceso restringido, recordar los elementos que integran un pedido, realizar el proceso de compra de un pedido, realizar la solicitud de inscripci\u00f3n o participaci\u00f3n en un evento, utilizar elementos de seguridad durante la navegaci\u00f3n, almacenar contenidos para la difusi\u00f3n de videos o sonido o compartir contenidos a trav\u00e9s de redes sociales.<\/li>\r\n                                                                    \r\n                                                                                                            <li class=\"functionality\"> Cookies de funcionalidad:\r\n\r\nPermiten recordar informaci\u00f3n para que el usuario acceda al servicio con determinadas caracter\u00edsticas que pueden diferenciar su experiencia de la de otros usuarios, como, por ejemplo, el idioma, el n\u00famero de resultados a mostrar cuando el usuario realiza una b\u00fasqueda, el aspecto o contenido del servicio en funci\u00f3n del tipo de navegador a trav\u00e9s del cual el usuario accede al servicio o de la regi\u00f3n desde la que accede al servicio, etc.<\/li>\r\n                                                                    \r\n                                                                                                            <li class=\"analytics\"> Cookies de an\u00e1lisis:\r\n\r\nBien tratadas por nosotros o por terceros, nos permiten cuantificar el n\u00famero de usuarios y as\u00ed realizar la medici\u00f3n y an\u00e1lisis estad\u00edstico de la utilizaci\u00f3n que hacen los usuarios del servicio.<\/li>\r\n                                                                    \r\n                                                                                                            <li class=\"advertising\"> Cookies de publicidad:\r\n\r\nHacer que la publicidad sea m\u00e1s atractiva para los usuarios y m\u00e1s valiosa para los editores y anunciantes. Las cookies suelen utilizarse para seleccionar anuncios basados en contenido que es relevante para un usuario, mejorar los informes de rendimiento de la campa\u00f1a y evitar mostrar anuncios que el usuario ya haya visto.<\/li>\r\n                                                                                                <\/ul>\r\n                        <\/div>\r\n                        <div class=\"ct-ultimate-gdpr-cookie-modal-single__info--desc\" id=\"desc-right\">\r\n                            <ul class=\"ct-ultimate-gdpr-cookie-modal-slider-not-able\" style=\"color: #000000;\">\r\n\r\n                                                                                                            <li class=\"essentials\"> Cookies t\u00e9cnicas:\r\n\r\nPermiten al usuario la navegaci\u00f3n a trav\u00e9s de una p\u00e1gina web, plataforma o aplicaci\u00f3n y la utilizaci\u00f3n de las diferentes opciones o servicios que en ella existan como, por ejemplo, controlar el tr\u00e1fico y la comunicaci\u00f3n de datos, identificar la sesi\u00f3n, acceder a partes de acceso restringido, recordar los elementos que integran un pedido, realizar el proceso de compra de un pedido, realizar la solicitud de inscripci\u00f3n o participaci\u00f3n en un evento, utilizar elementos de seguridad durante la navegaci\u00f3n, almacenar contenidos para la difusi\u00f3n de videos o sonido o compartir contenidos a trav\u00e9s de redes sociales.<\/li>\r\n                                                                    \r\n                                                                                                            <li class=\"functionality\"> Cookies de funcionalidad:\r\n\r\nPermiten recordar informaci\u00f3n para que el usuario acceda al servicio con determinadas caracter\u00edsticas que pueden diferenciar su experiencia de la de otros usuarios, como, por ejemplo, el idioma, el n\u00famero de resultados a mostrar cuando el usuario realiza una b\u00fasqueda, el aspecto o contenido del servicio en funci\u00f3n del tipo de navegador a trav\u00e9s del cual el usuario accede al servicio o de la regi\u00f3n desde la que accede al servicio, etc.<\/li>\r\n                                                                    \r\n                                                                                                            <li class=\"analytics\"> Cookies de an\u00e1lisis:\r\n\r\nBien tratadas por nosotros o por terceros, nos permiten cuantificar el n\u00famero de usuarios y as\u00ed realizar la medici\u00f3n y an\u00e1lisis estad\u00edstico de la utilizaci\u00f3n que hacen los usuarios del servicio.<\/li>\r\n                                                                    \r\n                                                                                                            <li class=\"advertising\"> Cookies de publicidad:\r\n\r\nHacer que la publicidad sea m\u00e1s atractiva para los usuarios y m\u00e1s valiosa para los editores y anunciantes. Las cookies suelen utilizarse para seleccionar anuncios basados en contenido que es relevante para un usuario, mejorar los informes de rendimiento de la campa\u00f1a y evitar mostrar anuncios que el usuario ya haya visto.<\/li>\r\n                                                                    \r\n                            <\/ul>\r\n                        <\/div>\r\n                        <div class=\"ct-clearfix\"><\/div>\r\n                    <\/div>\r\n\r\n\r\n                <\/div>\r\n            <\/div>\r\n\r\n\r\n            <div class=\"ct-ultimate-gdpr-cookie-modal-btn save\">\r\n                <a href=\"#\">Guardar<\/a>\r\n            <\/div>\r\n\r\n        <\/div>\r\n\r\n    <\/div>\r\n    <\/div>\r\n<div id=\"ct-ultimate-gdpr-loader\"><\/div>\r\n<br \/>\n<\/button><\/h3>\n<\/div>\n<p>&nbsp;<\/p>\n<p><strong>Cookies t\u00e9cnicas (Obligatorias)<\/strong><\/p>\n<p>Son aqu\u00e9llas que permiten al usuario la navegaci\u00f3n a trav\u00e9s de una p\u00e1gina web, plataforma o aplicaci\u00f3n y la utilizaci\u00f3n de las diferentes opciones o servicios que en ella existan como, por ejemplo, controlar el tr\u00e1fico y la comunicaci\u00f3n de datos, identificar la sesi\u00f3n, acceder a partes de acceso restringido, recordar los elementos que integran un pedido, realizar el proceso de compra de un pedido, realizar la solicitud de inscripci\u00f3n o participaci\u00f3n en un evento, utilizar elementos de seguridad durante la navegaci\u00f3n, almacenar contenidos para la difusi\u00f3n de videos o sonido o compartir contenidos a trav\u00e9s de redes sociales.<\/p>\n<p><strong>Cookies de an\u00e1lisis (Opcionales)<\/strong><\/p>\n<p>Son aqu\u00e9llas que bien tratadas por nosotros o por terceros, nos permiten cuantificar el n\u00famero de usuarios y as\u00ed realizar la medici\u00f3n y an\u00e1lisis estad\u00edstico de la utilizaci\u00f3n que hacen los usuarios del servicio.<\/p>\n<p><strong>Cookies de publicidad (Opcionales)<\/strong><\/p>\n<p>Son aquellas que se utilizan para hacer que la publicidad sea m\u00e1s atractiva para los usuarios y m\u00e1s valiosa para los editores y anunciantes. Las cookies suelen utilizarse para seleccionar anuncios basados en contenido que es relevante para un usuario, mejorar los informes de rendimiento de la campa\u00f1a y evitar mostrar anuncios que el usuario ya haya visto.<\/p>\n<p><strong>Cookies de funcionalidad (Opcionales)<\/strong><\/p>\n<p>Son aquellas que permiten recordar informaci\u00f3n para que el usuario acceda al servicio con determinadas caracter\u00edsticas que pueden diferenciar su experiencia de la de otros usuarios, como, por ejemplo, el idioma, el n\u00famero de resultados a mostrar cuando el usuario realiza una b\u00fasqueda, el aspecto o contenido del servicio en funci\u00f3n del tipo de navegador a trav\u00e9s del cual el usuario accede al servicio o de la regi\u00f3n desde la que accede al servicio, etc.<\/p>\n","protected":false},"excerpt":{"rendered":"<p>En esta p\u00e1gina web, te ofrecemos la posibilidad de configurar [&hellip;]<\/p>\n","protected":false},"author":13,"featured_media":0,"parent":0,"menu_order":0,"comment_status":"closed","ping_status":"closed","template":"","meta":[],"acf":[],"_links":{"self":[{"href":"https:\/\/www.incliva.es\/en\/wp-json\/wp\/v2\/pages\/41530"}],"collection":[{"href":"https:\/\/www.incliva.es\/en\/wp-json\/wp\/v2\/pages"}],"about":[{"href":"https:\/\/www.incliva.es\/en\/wp-json\/wp\/v2\/types\/page"}],"author":[{"embeddable":true,"href":"https:\/\/www.incliva.es\/en\/wp-json\/wp\/v2\/users\/13"}],"replies":[{"embeddable":true,"href":"https:\/\/www.incliva.es\/en\/wp-json\/wp\/v2\/comments?post=41530"}],"version-history":[{"count":2,"href":"https:\/\/www.incliva.es\/en\/wp-json\/wp\/v2\/pages\/41530\/revisions"}],"predecessor-version":[{"id":41535,"href":"https:\/\/www.incliva.es\/en\/wp-json\/wp\/v2\/pages\/41530\/revisions\/41535"}],"wp:attachment":[{"href":"https:\/\/www.incliva.es\/en\/wp-json\/wp\/v2\/media?parent=41530"}],"curies":[{"name":"wp","href":"https:\/\/api.w.org\/{rel}","templated":true}]}}