{"id":36910,"date":"2024-12-03T13:41:17","date_gmt":"2024-12-03T11:41:17","guid":{"rendered":"https:\/\/www.incliva.es\/news\/convocatorias-intramurales\/"},"modified":"2026-04-08T14:03:27","modified_gmt":"2026-04-08T12:03:27","slug":"convocatorias-intramurales","status":"publish","type":"page","link":"https:\/\/www.incliva.es\/en\/news\/convocatorias-intramurales\/","title":{"rendered":"Convocatorias intramurales"},"content":{"rendered":"<div class=\"fusion-fullwidth fullwidth-box fusion-builder-row-1 fusion-flex-container nonhundred-percent-fullwidth non-hundred-percent-height-scrolling\" style=\"background-color: rgba(255,255,255,0);background-position: center center;background-repeat: no-repeat;border-width: 0px 0px 0px 0px;border-color:#e2e2e2;border-style:solid;\" ><div class=\"fusion-builder-row fusion-row fusion-flex-align-items-flex-start\" style=\"max-width:1248px;margin-left: calc(-4% \/ 2 );margin-right: calc(-4% \/ 2 );\"><div class=\"fusion-layout-column fusion_builder_column fusion-builder-column-0 fusion_builder_column_1_1 1_1 fusion-flex-column\"><div class=\"fusion-column-wrapper fusion-flex-justify-content-flex-start fusion-content-layout-column\" style=\"background-position:left top;background-repeat:no-repeat;-webkit-background-size:cover;-moz-background-size:cover;-o-background-size:cover;background-size:cover;padding: 0px 0px 0px 0px;\"><style type=\"text\/css\">#accordion-36910-1 .fusion-panel:hover, #accordion-36910-1 .fusion-panel.hover{ background-color: #f9f9fb } #accordion-36910-1 .fusion-panel { border-color:#e2e2e2; border-width:1px; background-color:#ffffff; }.fusion-accordian  #accordion-36910-1 .panel-title a .fa-fusion-box{ color: #ffffff;}.fusion-accordian  #accordion-36910-1 .panel-title a .fa-fusion-box:before{ font-size: 14px; width: 14px;}.fusion-accordian  #accordion-36910-1.fusion-toggle-icon-right .fusion-toggle-heading{ margin-right: 32px;}.fusion-accordian  #accordion-36910-1 .panel-title a{font-size:14px;}.fusion-accordian  #accordion-36910-1 .fa-fusion-box { background-color: #212934;border-color: #212934;}.fusion-accordian  #accordion-36910-1 .panel-title a:hover, #accordion-36910-1 .fusion-toggle-boxed-mode:hover .panel-title a { color: #3d44ac;}.fusion-accordian  #accordion-36910-1 .panel-title .active .fa-fusion-box,.fusion-accordian  #accordion-36910-1 .panel-title a:hover .fa-fusion-box { background-color: #3d44ac!important;border-color: #3d44ac!important;}<\/style><div class=\"accordian fusion-accordian\"><div class=\"panel-group fusion-toggle-icon-right\" id=\"accordion-36910-1\" role=\"tablist\"><div class=\"fusion-panel panel-default fusion-toggle-no-divider fusion-toggle-boxed-mode\" role=\"tabpanel\"><div class=\"panel-heading\"><h4 class=\"panel-title toggle\"><a aria-expanded=\"false\" aria-selected=\"false\" aria-controls=\"20aa8af7c12e8447a\" role=\"tab\" data-toggle=\"collapse\" data-parent=\"#accordion-36910-1\" data-target=\"#20aa8af7c12e8447a\" href=\"#20aa8af7c12e8447a\"><span class=\"fusion-toggle-icon-wrapper\" aria-hidden=\"true\"><i class=\"fa-fusion-box\" aria-hidden=\"true\"><\/i><\/span><span class=\"fusion-toggle-heading\">IV CONVOCATORIA DE PREMIOS DIRIGIDOS A INVESTIGADORAS DE INCLIVA PARA EL FOMENTO DEL DESARROLLO DE LA CARRERA INVESTIGADORA Y DE LA INNOVACI\u00d3N<\/span><\/a><\/h4><\/div><div id=\"20aa8af7c12e8447a\" class=\"panel-collapse collapse \"><div class=\"panel-body toggle-content fusion-clearfix\">\n<div class=\"x_elementToProof\">\n<p><span data-olk-copy-source=\"MessageBody\"><strong>LA RED DE MUJERES POR LA INVESTIGACION SANITARIA IMPULSA LA IV\u00a0CONVOCATORIA DE PREMIOS DIRIGIDOS A INVESTIGADORAS DE INCLIVA PARA EL FOMENTO DEL DESARROLLO DE LA CARRERA INVESTIGADORA Y DE LA INNOVACI\u00d3N<\/strong><\/span><\/p>\n<\/div>\n<div class=\"x_elementToProof\">La presente convocatoria est\u00e1 dirigida a fomentar la investigaci\u00f3n e innovaci\u00f3n en los estadios iniciales de la carrera investigadora y de la innovaci\u00f3n de mujeres pertenecientes a la plantilla de INCLIVA o adscritas a alg\u00fan Grupo de Investigaci\u00f3n de INCLIVA. Los premios est\u00e1n financiados por Caixa Popular.<\/div>\n<div class=\"x_elementToProof\">Esta iniciativa tiene como objetivos:<\/div>\n<ul>\n<li>Fomentar la labor investigadora y\/o de innovaci\u00f3n de la mujer dentro de INCLIVA.<\/li>\n<li>Dar visibilidad a la mujer dentro del sector investigador y de la innovaci\u00f3n en salud.<\/li>\n<\/ul>\n<div class=\"x_elementToProof\">Podr\u00e1n participar en la convocatoria investigadoras con vinculaci\u00f3n laboral a la Fundaci\u00f3n INCLIVA o adscritas a alguno de sus Grupos de Investigaci\u00f3n.<\/div>\n<div class=\"x_elementToProof\">La convocatoria premiar\u00e1 dos categor\u00edas:<\/div>\n<ul>\n<li>\n<div class=\"x_elementToProof\" role=\"presentation\">Doctorandas: Dirigido a mujeres que se encuentran desarrollando su tesis doctoral. Se premiar\u00e1n el mejor art\u00edculo cient\u00edfico publicado en acceso abierto en revistas indexadas como m\u00ednimo en el primer cuartil en las que la investigadora sea primera autora y la mejor comunicaci\u00f3n oral presentada en congresos Nacionales o Internacionales. Adicionalmente, se destinar\u00e1n dos premios a las mejores comunicaciones orales para investigadoras de Atenci\u00f3n Primaria y Enfermer\u00eda.<\/div>\n<div class=\"x_elementToProof\" role=\"presentation\"><\/div>\n<\/li>\n<li>\n<div class=\"x_elementToProof\" role=\"presentation\">Investigadoras postdoctorales: Dirigido a investigadoras con una trayectoria postdoctoral igual o inferior a 10 a\u00f1os. Se premiar\u00e1n los dos mejores art\u00edculos cient\u00edficos publicados en acceso abierto en revistas indexadas como m\u00ednimo en el primer cuartil (Q1) en las que la investigadora sea autora principal (primer autor, autor de correspondencia o senior).<\/div>\n<\/li>\n<\/ul>\n<div class=\"x_elementToProof\">La fecha de presentaci\u00f3n de las comunicaciones orales o de aceptaci\u00f3n de los art\u00edculos debe ser durante el a\u00f1o 2025. Solo se admitir\u00e1 la presentaci\u00f3n de una candidatura por persona.<\/div>\n<div><\/div>\n<div class=\"x_elementToProof\"><strong>La dotaci\u00f3n de los premios ser\u00e1 la siguiente:<\/strong><\/div>\n<ul>\n<li>\n<div class=\"x_elementToProof\" role=\"presentation\">Categor\u00eda: Doctorandas.<\/div>\n<ul data-editing-info=\"{\">\n<li>\n<div class=\"x_elementToProof\" role=\"presentation\">Premio art\u00edculo cient\u00edfico: 1000\u20ac<\/div>\n<\/li>\n<li>\n<div class=\"x_elementToProof\" role=\"presentation\">Premio comunicaci\u00f3n oral: 500\u20ac<\/div>\n<\/li>\n<li>\n<div class=\"x_elementToProof\" role=\"presentation\">Premio comunicaci\u00f3n oral Atenci\u00f3n Primaria: 500\u20ac<\/div>\n<\/li>\n<li>\n<div class=\"x_elementToProof\" role=\"presentation\">Premio comunicaci\u00f3n oral Enfermer\u00eda: 500\u20ac<\/div>\n<div class=\"x_elementToProof\" role=\"presentation\"><\/div>\n<\/li>\n<\/ul>\n<\/li>\n<li>\n<div class=\"x_elementToProof\" role=\"presentation\">Categor\u00eda: Investigadoras postdoctorales.<\/div>\n<ul data-editing-info=\"{\">\n<li>\n<div class=\"x_elementToProof\" role=\"presentation\">Primer premio art\u00edculo cient\u00edfico: 2000\u20ac<\/div>\n<\/li>\n<li>\n<div class=\"x_elementToProof\" role=\"presentation\">Segundo premio art\u00edculo cient\u00edfico: 1000\u20ac<\/div>\n<\/li>\n<\/ul>\n<\/li>\n<\/ul>\n<div class=\"x_elementToProof\">El plazo de solicitud estar\u00e1 abierto desde las 8:00 horas del d\u00eda 16 de diciembre de 2025\u00a0hasta las 15:00 horas del d\u00eda 31 de enero de 2026.<\/div>\n<div><\/div>\n<div class=\"x_elementToProof\">La participaci\u00f3n se registra a trav\u00e9s de este enlace:\u00a0<a id=\"OWA6837138a-0eb8-98e6-66b1-e0f985720226\" class=\"x_OWAAutoLink\" title=\"https:\/\/incliva.fundanetsuite.com\/ConvocatoriasPropias\/es\/Convocatorias\/VerConvocatoria?Id=31\" href=\"https:\/\/incliva.fundanetsuite.com\/ConvocatoriasPropias\/es\/Convocatorias\/VerConvocatoria?Id=31\" data-auth=\"NotApplicable\" data-linkindex=\"3\">https:\/\/incliva.fundanetsuite.com\/ConvocatoriasPropias\/es\/Convocatorias\/VerConvocatoria?Id=31<\/a><\/div>\n<\/div><\/div><\/div><div class=\"fusion-panel panel-default fusion-toggle-no-divider fusion-toggle-boxed-mode\" role=\"tabpanel\"><div class=\"panel-heading\"><h4 class=\"panel-title toggle\"><a aria-expanded=\"false\" aria-selected=\"false\" aria-controls=\"5a3cb9c9f8c2ffa65\" role=\"tab\" data-toggle=\"collapse\" data-parent=\"#accordion-36910-1\" data-target=\"#5a3cb9c9f8c2ffa65\" href=\"#5a3cb9c9f8c2ffa65\"><span class=\"fusion-toggle-icon-wrapper\" aria-hidden=\"true\"><i class=\"fa-fusion-box\" aria-hidden=\"true\"><\/i><\/span><span class=\"fusion-toggle-heading\">CONVOCATORIA INTRAMURAL INCLIVA PARA LA REALIZACI\u00d3N DE ESTANCIAS FORMATIVAS EN CENTROS DE PRESTIGIO 2026<\/span><\/a><\/h4><\/div><div id=\"5a3cb9c9f8c2ffa65\" class=\"panel-collapse collapse \"><div class=\"panel-body toggle-content fusion-clearfix\">\n<div class=\"fusion-layout-column fusion_builder_column fusion-builder-column-0 fusion_builder_column_2_3 2_3 fusion-flex-column\">\n<div class=\"fusion-column-wrapper fusion-flex-justify-content-flex-start fusion-content-layout-column\">\n<div class=\"fusion-text fusion-text-1\">\n<p class=\"x_MsoNormal\" data-olk-copy-source=\"MessageBody\"><span style=\"color: #ff0000;\"><strong>Debido a un problema t\u00e9cnico en la difusi\u00f3n de la convocatoria a trav\u00e9s del sistema de correo masivo, que impidi\u00f3 su correcta recepci\u00f3n por parte de todos\/as los\/las destinatarios\/as, se ampl\u00eda el plazo de presentaci\u00f3n de solicitudes hasta el 30 de enero de 2026 a las 14:59 h.<\/strong><\/span><\/p>\n<p>La Fundaci\u00f3n INCLIVA, con la voluntad de contribuir al perfeccionamiento del potencial humano existente en todo su \u00e1mbito de actuaci\u00f3n y convencida de la importancia de la capacitaci\u00f3n para el adecuado progreso cient\u00edfico pone en marcha la presente convocatoria intramural. Su objetivo es la realizaci\u00f3n de estancias formativas en centros de prestigio para facilitar el acceso a nuevos conocimientos y la formaci\u00f3n complementaria en t\u00e9cnicas o procedimientos novedosos. Asimismo, esta convocatoria permitir\u00e1 fomentar la movilidad de las personas adscritas a INCLIVA y la generaci\u00f3n de nuevas colaboraciones y sinergias.<\/p>\n<h3 class=\"x_MsoNormal\"><strong>Personas beneficiarias<\/strong><\/h3>\n<p class=\"x_MsoNormal\">Podr\u00e1n beneficiarse los y las profesionales del \u00e1mbito de actuaci\u00f3n de INCLIVA en el momento de la solicitud, concesi\u00f3n y realizaci\u00f3n de la estancia, a trav\u00e9s de alguna de las siguientes modalidades de adscripci\u00f3n:<\/p>\n<ul type=\"disc\">\n<li class=\"x_MsoListParagraph\">Personas contratadas por la Fundaci\u00f3n INCLIVA.<\/li>\n<li class=\"x_MsoListParagraph\">Personas contratadas en el Departamento de Salud Cl\u00ednico-Malvarrosa.<\/li>\n<li class=\"x_MsoListParagraph\">Personas integradas en grupos de I+D+i+ acreditados por INCLIVA.<\/li>\n<\/ul>\n<h3 class=\"x_MsoNormal\"><strong>Procedimiento de solicitud y plazo de presentaci\u00f3n<\/strong><\/h3>\n<p class=\"x_MsoNormal\">El plazo de presentaci\u00f3n de las solicitudes se iniciar\u00e1 el 03\/10\/2025 a las 00.00 h y finalizar\u00e1 el 03\/12\/2025 a las 14.59 h. El proceso de registro de solicitudes se llevar\u00e1 a cabo a trav\u00e9s del enlace:<br \/><a href=\"https:\/\/incliva.fundanetsuite.com\/convocatoriaspropias\/es\/Convocatorias\">https:\/\/incliva.fundanetsuite.com\/convocatoriaspropias\/es\/Convocatorias<\/a> donde estar\u00e1n disponibles para descargar estas bases, el \u201cFormulario Solicitud\u201d y el \u201cResumen CV\u201d \u201cComisi\u00f3n de Servicios\u201d. Deber\u00e1n introducirse los datos principales de la estancia (duraci\u00f3n, pa\u00eds y centro de destino), as\u00ed como un presupuesto de los gastos previstos.<\/p>\n<p class=\"x_MsoNormal\">Tambi\u00e9n estar\u00e1n disponibles para su descarga los siguientes documentos: \u201cReembolso de gastos\u201d, \u201cManual de Reembolso de gastos\u201d y \u201cMemoria justificativa\u201d. Sin embargo, solo deber\u00e1n descargarlos aquellas candidaturas que resulten beneficiarias, una vez se publique la resoluci\u00f3n definitiva.<\/p>\n<\/div>\n<\/div>\n<\/div>\n<p><a href=\"https:\/\/www.incliva.es\/wp-content\/uploads\/2025\/10\/Bases-Intramural-Estancias-2026-.pdf\"><strong>Bases de la convocatoria<\/strong><\/a><\/p>\n<p><a href=\"https:\/\/www.incliva.es\/wp-content\/uploads\/2025\/12\/Notificacion.pdf\"><strong>Notificaci\u00f3n modificaci\u00f3n plazo presentaci\u00f3n solicitudes<\/strong><\/a><\/p>\n<p><strong><a href=\"https:\/\/www.incliva.es\/wp-content\/uploads\/2026\/03\/Resolucion-provisional-candidaturas-admitidas-y-no-admitidas-2026_firmado.pdf\" target=\"_blank\" rel=\"noopener\">Resoluci\u00f3n provisional candidaturas admitidas y no admitidas<\/a><\/strong><\/p>\n<p><strong><a href=\"https:\/\/www.incliva.es\/wp-content\/uploads\/2026\/03\/Anexo-I-resolucion-provisional-candidaturas-admitidas-y-no-admitidas-2026.pdf\" target=\"_blank\" rel=\"noopener\">Anexo I resoluci\u00f3n provisional candidaturas admitidas y no admitidas<\/a><\/strong><\/p>\n<p><a href=\"https:\/\/www.incliva.es\/wp-content\/uploads\/2026\/03\/Resolucion-definitiva-solicitudes-admitidas-y-no-admitidas-2026.pdf\" target=\"_blank\" rel=\"noopener\"><strong>Resoluci\u00f3n defintiva\u00a0 candidaturas admitidas y no admitidas<\/strong><\/a><\/p>\n<p><a href=\"https:\/\/www.incliva.es\/wp-content\/uploads\/2026\/03\/Anexo-I-resolucion-definitiva-candidaturas-admitidas-y-no-admitidas-2026.pdf\" target=\"_blank\" rel=\"noopener\"><strong>Anexo I resoluci\u00f3n definitiva candidaturas admitidas y no admitidas<\/strong><\/a><\/p>\n<p><a href=\"https:\/\/www.incliva.es\/wp-content\/uploads\/2026\/04\/Resolucion-provisional-2026_firmado.pdf\"><strong>Resoluci\u00f3n provisional concesi\u00f3n<\/strong><\/a><\/p>\n<p><a href=\"https:\/\/www.incliva.es\/wp-content\/uploads\/2026\/04\/Anexo-I-resolucion-provisional-2026-Ordenado-por-puntuacion_firmado.pdf\"><strong>Anexo I resoluci\u00f3n provisional concesi\u00f3n<\/strong><\/a><\/p>\n<p><strong>Informaci\u00f3n y contacto.<\/strong><\/p>\n<p>Unidad de Formaci\u00f3n<br \/>Instituto de Investigaci\u00f3n Sanitaria INCLIVA<br \/>Pasaje Residencial LUZ<br \/>C\/ \u00c1lvaro de Baz\u00e1n 8-10 entresuelo 46010 Valencia.<br \/>Tel\u00e9fono: 961628927<br \/><a href=\"mailto:formacion@incliva.es\">formacion@incliva.es<\/a><\/p>\n<\/div><\/div><\/div><div class=\"fusion-panel panel-default fusion-toggle-no-divider fusion-toggle-boxed-mode\" role=\"tabpanel\"><div class=\"panel-heading\"><h4 class=\"panel-title toggle\"><a aria-expanded=\"false\" aria-selected=\"false\" aria-controls=\"f9ff150e6fa52c862\" role=\"tab\" data-toggle=\"collapse\" data-parent=\"#accordion-36910-1\" data-target=\"#f9ff150e6fa52c862\" href=\"#f9ff150e6fa52c862\"><span class=\"fusion-toggle-icon-wrapper\" aria-hidden=\"true\"><i class=\"fa-fusion-box\" aria-hidden=\"true\"><\/i><\/span><span class=\"fusion-toggle-heading\">(RESUELTA) III CONVOCATORIA DE PREMIOS DIRIGIDOS A INVESTIGADORAS DE INCLIVA PARA EL FOMENTO DEL DESARROLLO DE LA CARRERA INVESTIGADORA Y DE LA INNOVACI\u00d3N <\/span><\/a><\/h4><\/div><div id=\"f9ff150e6fa52c862\" class=\"panel-collapse collapse \"><div class=\"panel-body toggle-content fusion-clearfix\">\n<p>LA RED DE MUJERES POR LA INVESTIGACION SANITARIA IMPULSA LA III CONVOCATORIA DE PREMIOS DIRIGIDOS A INVESTIGADORAS DE INCLIVA PARA EL FOMENTO DEL DESARROLLO DE LA CARRERA INVESTIGADORA Y DE LA INNOVACI\u00d3N<\/p>\n<p>La presente convocatoria est\u00e1 dirigida a fomentar la investigaci\u00f3n e innovaci\u00f3n en los estad\u00edos iniciales de la carrera investigadora y de la innovaci\u00f3n de mujeres pertenecientes a la plantilla de INCLIVA o adscritas a alg\u00fan Grupo de Investigaci\u00f3n de INCLIVA. Los premios est\u00e1n financiados por Caixa Popular.<\/p>\n<p>Esta iniciativa tiene como objetivos:<\/p>\n<ul>\n<li>Fomentar la labor investigadora y\/o de innovaci\u00f3n de la mujer dentro de INCLIVA.<\/li>\n<li>Dar visibilidad a la mujer dentro del sector investigador y de la innovaci\u00f3n en salud.<\/li>\n<\/ul>\n<p>Podr\u00e1n participar en la convocatoria investigadoras con vinculaci\u00f3n laboral a la Fundaci\u00f3n INCLIVA o adscritas a alguno de sus Grupos de Investigaci\u00f3n.<\/p>\n<p>La convocatoria premiar\u00e1 dos categor\u00edas:<\/p>\n<ul>\n<li>Doctorandas: Dirigido a mujeres que se encuentran desarrollando su tesis doctoral. Se premiar\u00e1n las dos mejores comunicaciones orales en congresos Nacionales o Internacionales. Adicionalmente, se destinar\u00e1n dos premios a las mejores comunicaciones orales para investigadoras de Atenci\u00f3n Primaria y Enfermer\u00eda.<\/li>\n<li>Investigadoras postdoctorales: Dirigido a investigadoras con una trayectoria postdoctoral igual o inferior a 10 a\u00f1os. Se premiar\u00e1n los mejores ar?culos cient\u00edficos publicados en revistas indexadas como m\u00ednimo en el primer cuartil (Q1) en las que la investigadora sea autora principal (primer autor, corresponding o senior).<\/li>\n<\/ul>\n<p>La fecha de presentaci\u00f3n de las comunicaciones orales o de aceptaci\u00f3n de los art\u00edculos debe ser durante el a\u00f1o 2024. Solo se admitir\u00e1 la presentaci\u00f3n de una candidatura por persona.<\/p>\n<p><strong>La dotaci\u00f3n de los premios ser\u00e1 la siguiente:<\/strong><\/p>\n<ul>\n<li>Categor\u00eda: Doctorandas.\n<ul>\n<li>Primer premio: 1000\u20ac.<\/li>\n<li>Segundo premio: 500\u20ac.<\/li>\n<li>Premio Atenci\u00f3n Primaria: 500\u20ac.<\/li>\n<li>Premio Enfermer\u00eda: 500\u20ac.<\/li>\n<\/ul>\n<\/li>\n<li>Categor\u00eda: Investigadoras postdoctorales.\n<ul>\n<li>Primer premio: 2000\u20ac.<\/li>\n<\/ul>\n<\/li>\n<\/ul>\n<p>El plazo de solicitud estar\u00e1 abierto desde las 8:00 horas del d\u00eda 16 de diciembre de 2024 hasta las 15:00 horas del d\u00eda 31 de enero de 2025.<\/p>\n<p>La participaci\u00f3n se registra a trav\u00e9s de este enlace: <a href=\"https:\/\/incliva.fundanetsuite.com\/ConvocatoriasPropias\/es\/Convocatorias\/VerConvocatoria?Id=28\">https:\/\/incliva.fundanetsuite.com\/ConvocatoriasPropias\/es\/Convocatorias\/VerConvocatoria?Id=28<\/a><\/p>\n<p><a href=\"https:\/\/www.incliva.es\/wp-content\/uploads\/2025\/03\/Resolucion-III-Concurso.pdf\" target=\"_blank\" rel=\"noopener\">RESOLUCI\u00d3N<\/a><\/p>\n<\/div><\/div><\/div><\/div><\/div><\/div><\/div><style type=\"text\/css\">.fusion-body .fusion-builder-column-0{width:100% !important;margin-top : 0px;margin-bottom : 20px;}.fusion-builder-column-0 > .fusion-column-wrapper {padding-top : 0px !important;padding-right : 0px !important;margin-right : 1.92%;padding-bottom : 0px !important;padding-left : 0px !important;margin-left : 1.92%;}@media only screen and (max-width:1532px) {.fusion-body .fusion-builder-column-0{width:100% !important;order : 0;}.fusion-builder-column-0 > .fusion-column-wrapper {margin-right : 1.92%;margin-left : 1.92%;}}@media only screen and (max-width:640px) {.fusion-body .fusion-builder-column-0{width:100% !important;order : 0;}.fusion-builder-column-0 > .fusion-column-wrapper {margin-right : 1.92%;margin-left : 1.92%;}}<\/style><\/div><style type=\"text\/css\">.fusion-body .fusion-flex-container.fusion-builder-row-1{ padding-top : 0px;margin-top : 0px;padding-right : 0px;padding-bottom : 0px;margin-bottom : 0px;padding-left : 0px;}<\/style><\/div>\n","protected":false},"excerpt":{"rendered":"","protected":false},"author":1,"featured_media":0,"parent":8477,"menu_order":0,"comment_status":"closed","ping_status":"closed","template":"","meta":[],"acf":[],"_links":{"self":[{"href":"https:\/\/www.incliva.es\/en\/wp-json\/wp\/v2\/pages\/36910"}],"collection":[{"href":"https:\/\/www.incliva.es\/en\/wp-json\/wp\/v2\/pages"}],"about":[{"href":"https:\/\/www.incliva.es\/en\/wp-json\/wp\/v2\/types\/page"}],"author":[{"embeddable":true,"href":"https:\/\/www.incliva.es\/en\/wp-json\/wp\/v2\/users\/1"}],"replies":[{"embeddable":true,"href":"https:\/\/www.incliva.es\/en\/wp-json\/wp\/v2\/comments?post=36910"}],"version-history":[{"count":10,"href":"https:\/\/www.incliva.es\/en\/wp-json\/wp\/v2\/pages\/36910\/revisions"}],"predecessor-version":[{"id":49962,"href":"https:\/\/www.incliva.es\/en\/wp-json\/wp\/v2\/pages\/36910\/revisions\/49962"}],"up":[{"embeddable":true,"href":"https:\/\/www.incliva.es\/en\/wp-json\/wp\/v2\/pages\/8477"}],"wp:attachment":[{"href":"https:\/\/www.incliva.es\/en\/wp-json\/wp\/v2\/media?parent=36910"}],"curies":[{"name":"wp","href":"https:\/\/api.w.org\/{rel}","templated":true}]}}