{"id":36547,"date":"2024-12-03T11:12:29","date_gmt":"2024-12-03T09:12:29","guid":{"rendered":"https:\/\/www.incliva.es\/concurso-de-major-vull-ser-com\/"},"modified":"2025-02-04T12:07:14","modified_gmt":"2025-02-04T10:07:14","slug":"concurso-de-major-vull-ser-com","status":"publish","type":"page","link":"https:\/\/www.incliva.es\/en\/concurso-de-major-vull-ser-com\/","title":{"rendered":"Concurso &#8220;De major vull ser com&#8230;&#8221;"},"content":{"rendered":"<div class=\"fusion-fullwidth fullwidth-box fusion-builder-row-1 fusion-flex-container nonhundred-percent-fullwidth non-hundred-percent-height-scrolling\" style=\"background-color: rgba(255,255,255,0);background-position: center center;background-repeat: no-repeat;border-width: 0px 0px 0px 0px;border-color:#e2e2e2;border-style:solid;\" ><div class=\"fusion-builder-row fusion-row fusion-flex-align-items-flex-start\" style=\"max-width:1248px;margin-left: calc(-4% \/ 2 );margin-right: calc(-4% \/ 2 );\"><div class=\"fusion-layout-column fusion_builder_column fusion-builder-column-0 fusion_builder_column_1_1 1_1 fusion-flex-column\"><div class=\"fusion-column-wrapper fusion-flex-justify-content-flex-start fusion-content-layout-column\" style=\"background-position:left top;background-repeat:no-repeat;-webkit-background-size:cover;-moz-background-size:cover;-o-background-size:cover;background-size:cover;padding: 0px 0px 0px 0px;\"><div ><span class=\" fusion-imageframe imageframe-none imageframe-1 hover-type-none\"><img width=\"1200\" height=\"675\" title=\"pantalla HD_ de major vull ser_2024\" src=\"https:\/\/www.incliva.es\/wp-content\/uploads\/2024\/12\/pantalla-HD_-de-major-vull-ser_2024-1200x675.jpg\" class=\"img-responsive wp-image-36534\" srcset=\"https:\/\/www.incliva.es\/wp-content\/uploads\/2024\/12\/pantalla-HD_-de-major-vull-ser_2024-200x113.jpg 200w, https:\/\/www.incliva.es\/wp-content\/uploads\/2024\/12\/pantalla-HD_-de-major-vull-ser_2024-400x225.jpg 400w, https:\/\/www.incliva.es\/wp-content\/uploads\/2024\/12\/pantalla-HD_-de-major-vull-ser_2024-600x338.jpg 600w, https:\/\/www.incliva.es\/wp-content\/uploads\/2024\/12\/pantalla-HD_-de-major-vull-ser_2024-800x450.jpg 800w, https:\/\/www.incliva.es\/wp-content\/uploads\/2024\/12\/pantalla-HD_-de-major-vull-ser_2024-1200x675.jpg 1200w\" sizes=\"(max-width: 640px) 100vw, 1200px\" \/><\/span><\/div><div class=\"fusion-separator fusion-full-width-sep\" style=\"align-self: center;margin-left: auto;margin-right: auto;margin-top:40px;width:100%;\"><\/div><div class=\"fusion-text fusion-text-1\" style=\"transform:translate3d(0,0,0);\"><p>INCLIVA, la Universitat de Val\u00e8ncia, la Fundaci\u00f3n para el Fomento de la Investigaci\u00f3n Sanitaria y Biom\u00e9dica de la Comunitat Valenciana (Fisabio), el Instituto de Investigaci\u00f3n Sanitaria y Biom\u00e9dica de Alicante (ISABIAL) y la Fundaci\u00f3n de Investigaci\u00f3n del Hospital General Universitario de Valencia (FIHGUV) convocan la VIII edici\u00f3n del concurso de v\u00eddeos \u201cDe major vull ser com&#8230;\u201d sobre mujeres cient\u00edficas y tecn\u00f3logas.<\/p>\n<p>El concurso, que se celebra desde 2018, busca reconocer el papel clave que tienen las mujeres en las disciplinas cient\u00edficas y tecnol\u00f3gicas; y promover el despertar de vocaciones en estos \u00e1mbitos entre las ni\u00f1as y adolescentes.<\/p>\n<p><em>De major vull ser com&#8230; <\/em>reparte un total de 16.000\u20ac en premios dirigidos a la adquisici\u00f3n de material tecnol\u00f3gico y\/o cient\u00edfico. Las modalidades de premios son mejor guion, mejor producci\u00f3n audiovisual, premio al v\u00eddeo m\u00e1s innovador en la selecci\u00f3n del personaje y premio del p\u00fablico al mejor v\u00eddeo.<\/p>\n<\/div><style type=\"text\/css\">.fusion-accordian  #accordion-36547-1 .panel-title a .fa-fusion-box{ color: #ffffff;}.fusion-accordian  #accordion-36547-1 .panel-title a .fa-fusion-box:before{ font-size: 14px; width: 14px;}.fusion-accordian  #accordion-36547-1.fusion-toggle-icon-right .fusion-toggle-heading{ margin-right: 32px;}.fusion-accordian  #accordion-36547-1 .panel-title a{font-size:14px;}.fusion-accordian  #accordion-36547-1 .fa-fusion-box { background-color: #212934;border-color: #212934;}.fusion-accordian  #accordion-36547-1 .panel-title a:hover, #accordion-36547-1 .fusion-toggle-boxed-mode:hover .panel-title a { color: #3d44ac;}.fusion-accordian  #accordion-36547-1 .panel-title .active .fa-fusion-box,.fusion-accordian  #accordion-36547-1 .panel-title a:hover .fa-fusion-box { background-color: #3d44ac!important;border-color: #3d44ac!important;}<\/style><div class=\"accordian fusion-accordian\"><div class=\"panel-group fusion-toggle-icon-right\" id=\"accordion-36547-1\" role=\"tablist\"><div class=\"fusion-panel panel-default\" role=\"tabpanel\"><div class=\"panel-heading\"><h4 class=\"panel-title toggle\"><a aria-expanded=\"false\" aria-selected=\"false\" aria-controls=\"995735e43c410b463\" role=\"tab\" data-toggle=\"collapse\" data-parent=\"#accordion-36547-1\" data-target=\"#995735e43c410b463\" href=\"#995735e43c410b463\"><span class=\"fusion-toggle-icon-wrapper\" aria-hidden=\"true\"><i class=\"fa-fusion-box\" aria-hidden=\"true\"><\/i><\/span><span class=\"fusion-toggle-heading\">OBJETIVO<\/span><\/a><\/h4><\/div><div id=\"995735e43c410b463\" class=\"panel-collapse collapse \"><div class=\"panel-body toggle-content fusion-clearfix\">\n<p>El objetivo del concurso es investigar e identificar referentes de mujeres o colectivos de mujeres en disciplinas cient\u00edficas, tecnol\u00f3gicas e innovadoras, as\u00ed como visibilizar el impacto que el patriarcado ha producido en sus vidas y trayectorias profesionales.<\/p>\n<p>Los v\u00eddeos que se presenten tienen que mostrar el trabajo investigador de una mujer y\/o de un colectivo de mujeres y\/o su relevancia o aportaci\u00f3n a la ciencia y la tecnolog\u00eda, contribuyendo al bienestar o la calidad de vida de la ciudadan\u00eda.<\/p>\n<p>Adem\u00e1s, los v\u00eddeos tambi\u00e9n tendr\u00e1n que mostrar las repercusiones del patriarcado en la sociedad, relacionado con el \u00e1mbito de la ciencia, la tecnolog\u00eda y la innovaci\u00f3n.<\/p>\n<\/div><\/div><\/div><div class=\"fusion-panel panel-default\" role=\"tabpanel\"><div class=\"panel-heading\"><h4 class=\"panel-title toggle\"><a aria-expanded=\"false\" aria-selected=\"false\" aria-controls=\"e57eef38972dffe42\" role=\"tab\" data-toggle=\"collapse\" data-parent=\"#accordion-36547-1\" data-target=\"#e57eef38972dffe42\" href=\"#e57eef38972dffe42\"><span class=\"fusion-toggle-icon-wrapper\" aria-hidden=\"true\"><i class=\"fa-fusion-box\" aria-hidden=\"true\"><\/i><\/span><span class=\"fusion-toggle-heading\">\u00bfA QUI\u00c9N VA DIRIGIDO?<\/span><\/a><\/h4><\/div><div id=\"e57eef38972dffe42\" class=\"panel-collapse collapse \"><div class=\"panel-body toggle-content fusion-clearfix\">\n<p>El concurso est\u00e1 dirigido a estudiantes de secundaria, bachillerato y FP de cualquier centro educativo de la Comunitat Valenciana.<\/p>\n<p>La participaci\u00f3n puede ser individual o colectiva, siendo 10 el n\u00famero m\u00e1ximo de personas integrantes por grupo.<\/p>\n<\/div><\/div><\/div><div class=\"fusion-panel panel-default\" role=\"tabpanel\"><div class=\"panel-heading\"><h4 class=\"panel-title toggle\"><a aria-expanded=\"false\" aria-selected=\"false\" aria-controls=\"1c6c69c2551271481\" role=\"tab\" data-toggle=\"collapse\" data-parent=\"#accordion-36547-1\" data-target=\"#1c6c69c2551271481\" href=\"#1c6c69c2551271481\"><span class=\"fusion-toggle-icon-wrapper\" aria-hidden=\"true\"><i class=\"fa-fusion-box\" aria-hidden=\"true\"><\/i><\/span><span class=\"fusion-toggle-heading\">REQUISITOS<\/span><\/a><\/h4><\/div><div id=\"1c6c69c2551271481\" class=\"panel-collapse collapse \"><div class=\"panel-body toggle-content fusion-clearfix\">\n<p>Las personas participantes en el concurso de v\u00eddeos &#8220;De major vull ser com&#8230;&#8221; tendr\u00e1n que hacerlo a trav\u00e9s de su centro educativo, con un representante adulto perteneciente al centro, y presentar un v\u00eddeo elaborado con medios como el tel\u00e9fono m\u00f3vil, tableta t\u00e1ctil o c\u00e1mara de v\u00eddeo.<\/p>\n<p>Se podr\u00e1 participar bajo cualquier clase de expresi\u00f3n art\u00edstica siempre que sea en formato audiovisual, la duraci\u00f3n del v\u00eddeo no exceda de 3 minutos y est\u00e9 grabado en horizontal. Los v\u00eddeos tendr\u00e1n que ser originales e in\u00e9ditos.<\/p>\n<p>Consulta todos los requisitos en las <a href=\"https:\/\/www.incliva.es\/wp-content\/uploads\/2024\/12\/Bases_DMVSC_VAL_CAS_2024_2025.pdf\" target=\"_blank\" rel=\"noopener\">bases del concurso<\/a>.<\/p>\n<\/div><\/div><\/div><div class=\"fusion-panel panel-default\" role=\"tabpanel\"><div class=\"panel-heading\"><h4 class=\"panel-title toggle\"><a aria-expanded=\"false\" aria-selected=\"false\" aria-controls=\"af43fbad00e60364c\" role=\"tab\" data-toggle=\"collapse\" data-parent=\"#accordion-36547-1\" data-target=\"#af43fbad00e60364c\" href=\"#af43fbad00e60364c\"><span class=\"fusion-toggle-icon-wrapper\" aria-hidden=\"true\"><i class=\"fa-fusion-box\" aria-hidden=\"true\"><\/i><\/span><span class=\"fusion-toggle-heading\">\u00bfC\u00d3MO PARTICIPAR?<\/span><\/a><\/h4><\/div><div id=\"af43fbad00e60364c\" class=\"panel-collapse collapse \"><div class=\"panel-body toggle-content fusion-clearfix\">\n<p>La inscripci\u00f3n al concurso se realizar\u00e1 siempre a trav\u00e9s del centro educativo. Cada centro educativo podr\u00e1 presentar tantos v\u00eddeos como desee, siempre cumpliendo las condiciones de participaci\u00f3n y requisitos recogidos en las <a href=\"https:\/\/www.incliva.es\/wp-content\/uploads\/2024\/12\/Bases_DMVSC_VAL_CAS_2024_2025.pdf\" target=\"_blank\" rel=\"noopener\">bases<\/a>.<\/p>\n<p>Para participar en el concurso deber\u00e1 rellenar el formulario habilitado en la plataforma EasyPromos, adjuntar el documento de cesi\u00f3n de derechos de imagen y voz de las personas que aparecen en el v\u00eddeo y subir el v\u00eddeo.<\/p>\n<p>A continuaci\u00f3n, encontrar\u00e1 los documentos de cesi\u00f3n de derechos que deber\u00e1 cumplimentar antes de subirlos a la plataforma:<\/p>\n<p><a href=\"https:\/\/www.incliva.es\/wp-content\/uploads\/2024\/12\/Autoritzacio_imatge_majors_edat-1.pdf\" target=\"_blank\" rel=\"noopener\">Derechos de imagen para mayores de edad<\/a><\/p>\n<p><a href=\"https:\/\/www.incliva.es\/wp-content\/uploads\/2024\/12\/Autoritzacio_imatge_menors_edat.pdf\" target=\"_blank\" rel=\"noopener\">Derechos de imagen para menores de edad<\/a><\/p>\n<div style=\"text-align:center;\"><style type=\"text\/css\">.fusion-button.button-1 {border-radius:4px;}<\/style><a class=\"fusion-button button-flat fusion-button-default-size button-default button-1 fusion-button-default-span fusion-button-default-type\" target=\"_blank\" rel=\"noopener noreferrer\" href=\"https:\/\/pr.easypromosapp.com\/p\/986897\"><span class=\"fusion-button-text\">PARTICIPA<\/span><\/a><\/div>\n<\/div><\/div><\/div><div class=\"fusion-panel panel-default\" role=\"tabpanel\"><div class=\"panel-heading\"><h4 class=\"panel-title toggle\"><a aria-expanded=\"false\" aria-selected=\"false\" aria-controls=\"8c7f0003357c79a64\" role=\"tab\" data-toggle=\"collapse\" data-parent=\"#accordion-36547-1\" data-target=\"#8c7f0003357c79a64\" href=\"#8c7f0003357c79a64\"><span class=\"fusion-toggle-icon-wrapper\" aria-hidden=\"true\"><i class=\"fa-fusion-box\" aria-hidden=\"true\"><\/i><\/span><span class=\"fusion-toggle-heading\">PLAZOS<\/span><\/a><\/h4><\/div><div id=\"8c7f0003357c79a64\" class=\"panel-collapse collapse \"><div class=\"panel-body toggle-content fusion-clearfix\">\n<p>El plazo para presentar los v\u00eddeos ser\u00e1 del 2 de diciembre de 2024 hasta el 20 de enero de 2025 a las 23.59h.<\/p>\n<\/div><\/div><\/div><div class=\"fusion-panel panel-default\" role=\"tabpanel\"><div class=\"panel-heading\"><h4 class=\"panel-title toggle\"><a aria-expanded=\"false\" aria-selected=\"false\" aria-controls=\"ed4322000d967cdf1\" role=\"tab\" data-toggle=\"collapse\" data-parent=\"#accordion-36547-1\" data-target=\"#ed4322000d967cdf1\" href=\"#ed4322000d967cdf1\"><span class=\"fusion-toggle-icon-wrapper\" aria-hidden=\"true\"><i class=\"fa-fusion-box\" aria-hidden=\"true\"><\/i><\/span><span class=\"fusion-toggle-heading\">PREMIOS<\/span><\/a><\/h4><\/div><div id=\"ed4322000d967cdf1\" class=\"panel-collapse collapse \"><div class=\"panel-body toggle-content fusion-clearfix\">\n<p>De major vull ser com&#8230; reparte un total de 16.000\u20ac en premios dirigidos a la adquisici\u00f3n de material tecnol\u00f3gico y\/o cient\u00edfico en cuatro modalidades:<\/p>\n<p><strong>Modalidad 1. Premio al Mejor Guion.<\/strong><\/p>\n<p>&#8211; Categor\u00eda ESO y Ciclo b\u00e1sico de FP.<\/p>\n<p>&#8211; Categor\u00eda Bachillerato y Ciclo medio y superior de FP.<\/p>\n<p><strong>Modalidad 2. Premio a la Mejor Producci\u00f3n Audiovisual.<\/strong><\/p>\n<p>&#8211; Categor\u00eda ESO y Ciclo b\u00e1sico de FP.<\/p>\n<p>&#8211; Categor\u00eda Bachillerato y Ciclo medio y superior de FP.<\/p>\n<p><strong>Modalidad 3. Premio al V\u00eddeo m\u00e1s Innovador en la Selecci\u00f3n del Personaje.<\/strong><\/p>\n<p>&#8211; Categor\u00eda ESO y Ciclo b\u00e1sico de FP.<\/p>\n<p>&#8211; Categor\u00eda Bachillerato y Ciclo medio y superior de FP.<\/p>\n<p><strong>Modalidad 4. Premio del P\u00fablico al Mejor V\u00eddeo.<\/strong><\/p>\n<p>&#8211; Categor\u00eda ESO y Ciclo b\u00e1sico de FP.<\/p>\n<p>&#8211; Categor\u00eda Bachillerato y Ciclo medio y superior de FP.<\/p>\n<p>Cada una de las categor\u00edas de las cuatro modalidades recibir\u00e1 un premio valorado en 2.000,00 EUR que consistir\u00e1 en dos lotes de productos -uno para el centro educativo y uno para el alumnado participante- valorados en 1.000\u20ac cada uno que ser\u00e1n donados a los premiados. Las entidades organizadoras ser\u00e1n las encargadas de definir y adquirir el contenido de los lotes de productos de materiales cient\u00edfico\/tecnol\u00f3gicos que estar\u00e1n compuestos por:<\/p>\n<p><strong>Lote premio alumnado participante:<\/strong><\/p>\n<p>&#8211; Productos tecnol\u00f3gicos y de ofim\u00e1tica por valor de 500\u20ac<\/p>\n<p>&#8211; Productos cient\u00edficos por valor de 300\u20ac<\/p>\n<p>&#8211; Libros de divulgaci\u00f3n cient\u00edfica y tecnol\u00f3gica por valor de 200\u20ac<\/p>\n<p><strong>Lote premio centro educativo:<\/strong><\/p>\n<p>&#8211; Productos tecnol\u00f3gicos y de ofim\u00e1tica por valor de 500\u20ac<\/p>\n<p>&#8211; Productos cient\u00edficos por valor de 400\u20ac<\/p>\n<p>&#8211; Libros de divulgaci\u00f3n cient\u00edfica y tecnol\u00f3gica por valor de 100\u20ac<\/p>\n<\/div><\/div><\/div><div class=\"fusion-panel panel-default\" role=\"tabpanel\"><div class=\"panel-heading\"><h4 class=\"panel-title toggle\"><a aria-expanded=\"false\" aria-selected=\"false\" aria-controls=\"b67842dc57d5b68b8\" role=\"tab\" data-toggle=\"collapse\" data-parent=\"#accordion-36547-1\" data-target=\"#b67842dc57d5b68b8\" href=\"#b67842dc57d5b68b8\"><span class=\"fusion-toggle-icon-wrapper\" aria-hidden=\"true\"><i class=\"fa-fusion-box\" aria-hidden=\"true\"><\/i><\/span><span class=\"fusion-toggle-heading\">EVALUACI\u00d3N<\/span><\/a><\/h4><\/div><div id=\"b67842dc57d5b68b8\" class=\"panel-collapse collapse \"><div class=\"panel-body toggle-content fusion-clearfix\">\n<p>Los v\u00eddeos ser\u00e1n evaluados por un jurado compuesto por especialistas vinculadas al mundo de la igualdad, la ciencia, la educaci\u00f3n y la investigaci\u00f3n, as\u00ed como el \u00e1mbito de la creaci\u00f3n y la cultura, especialmente el mundo de la comunicaci\u00f3n audiovisual.<\/p>\n<p>Se valorar\u00e1n, entre otros criterios: 1) la originalidad y creatividad de la propuestas presentadas, 2) la calidad del mensaje, 3) el uso de recursos comunicativos y herramientas de internet para fomentar el inter\u00e9s por la ciencia, la tecnolog\u00eda y la innovaci\u00f3n, y 4) el impacto del v\u00eddeo para visibilizar el trabajo de las mujeres seleccionadas y la promoci\u00f3n de la igualdad de g\u00e9nero en este \u00e1mbito.<\/p>\n<p>Todos los detalles sobre el jurado y el procedimiento y criterios de evaluaci\u00f3n se encuentran detallados en las <a href=\"https:\/\/www.incliva.es\/wp-content\/uploads\/2024\/12\/Bases_DMVSC_VAL_CAS_2024_2025.pdf\" target=\"_blank\" rel=\"noopener\">bases del concurso<\/a>.<\/p>\n<\/div><\/div><\/div><div class=\"fusion-panel panel-default\" role=\"tabpanel\"><div class=\"panel-heading\"><h4 class=\"panel-title toggle\"><a aria-expanded=\"false\" aria-selected=\"false\" aria-controls=\"7d8013dc1a14ead35\" role=\"tab\" data-toggle=\"collapse\" data-parent=\"#accordion-36547-1\" data-target=\"#7d8013dc1a14ead35\" href=\"#7d8013dc1a14ead35\"><span class=\"fusion-toggle-icon-wrapper\" aria-hidden=\"true\"><i class=\"fa-fusion-box\" aria-hidden=\"true\"><\/i><\/span><span class=\"fusion-toggle-heading\">COMUNICACI\u00d3N DE LOS PREMIOS<\/span><\/a><\/h4><\/div><div id=\"7d8013dc1a14ead35\" class=\"panel-collapse collapse \"><div class=\"panel-body toggle-content fusion-clearfix\">\n<p>Los v\u00eddeos premiados se conocen en una gala que se celebra en el marco del 11 de febrero, D\u00eda internacional de la Mujer y la Ni\u00f1a en la Ciencia.<\/p>\n<\/div><\/div><\/div><div class=\"fusion-panel panel-default\" role=\"tabpanel\"><div class=\"panel-heading\"><h4 class=\"panel-title toggle\"><a aria-expanded=\"false\" aria-selected=\"false\" aria-controls=\"cc0dfefd94b8b721e\" role=\"tab\" data-toggle=\"collapse\" data-parent=\"#accordion-36547-1\" data-target=\"#cc0dfefd94b8b721e\" href=\"#cc0dfefd94b8b721e\"><span class=\"fusion-toggle-icon-wrapper\" aria-hidden=\"true\"><i class=\"fa-fusion-box\" aria-hidden=\"true\"><\/i><\/span><span class=\"fusion-toggle-heading\">LISTADO FINAL DE ADMITIDOS<\/span><\/a><\/h4><\/div><div id=\"cc0dfefd94b8b721e\" class=\"panel-collapse collapse \"><div class=\"panel-body toggle-content fusion-clearfix\">\n<p>Consulta aqu\u00ed el listado final de v\u00eddeos admitidos<\/p>\n<ul>\n<li><strong><a href=\"https:\/\/www.incliva.es\/wp-content\/uploads\/2025\/02\/Listado-definitivo-VIII-edicion-DMVSC.pdf\" target=\"_blank\" rel=\"noopener\">Listado definitivo v\u00eddeos admitidos<\/a><\/strong><\/li>\n<\/ul>\n<\/div><\/div><\/div><div class=\"fusion-panel panel-default\" role=\"tabpanel\"><div class=\"panel-heading\"><h4 class=\"panel-title toggle\"><a aria-expanded=\"false\" aria-selected=\"false\" aria-controls=\"70ba6cb0b497e8e83\" role=\"tab\" data-toggle=\"collapse\" data-parent=\"#accordion-36547-1\" data-target=\"#70ba6cb0b497e8e83\" href=\"#70ba6cb0b497e8e83\"><span class=\"fusion-toggle-icon-wrapper\" aria-hidden=\"true\"><i class=\"fa-fusion-box\" aria-hidden=\"true\"><\/i><\/span><span class=\"fusion-toggle-heading\">CONTACTO<\/span><\/a><\/h4><\/div><div id=\"70ba6cb0b497e8e83\" class=\"panel-collapse collapse \"><div class=\"panel-body toggle-content fusion-clearfix\">\n<p>Para cualquier consulta sobre el concurso, puedes enviar un correo a las siguientes direcciones:<\/p>\n<p>comunicacion@fisabio.es<\/p>\n<p>cdciencia@uv.es<\/p>\n<p>comunicacion@isabial.es<\/p>\n<p>msaenz@incliva.es<\/p>\n<p>fundacion_hgv@fihguv.es<\/p>\n<\/div><\/div><\/div><\/div><\/div><\/div><\/div><style type=\"text\/css\">.fusion-body .fusion-builder-column-0{width:100% !important;margin-top : 0px;margin-bottom : 20px;}.fusion-builder-column-0 > .fusion-column-wrapper {padding-top : 0px !important;padding-right : 0px !important;margin-right : 1.92%;padding-bottom : 0px !important;padding-left : 0px !important;margin-left : 1.92%;}@media only screen and (max-width:1532px) {.fusion-body .fusion-builder-column-0{width:100% !important;order : 0;}.fusion-builder-column-0 > .fusion-column-wrapper {margin-right : 1.92%;margin-left : 1.92%;}}@media only screen and (max-width:640px) {.fusion-body .fusion-builder-column-0{width:100% !important;order : 0;}.fusion-builder-column-0 > .fusion-column-wrapper {margin-right : 1.92%;margin-left : 1.92%;}}<\/style><\/div><style type=\"text\/css\">.fusion-body .fusion-flex-container.fusion-builder-row-1{ padding-top : 0px;margin-top : 0px;padding-right : 0px;padding-bottom : 0px;margin-bottom : 0px;padding-left : 0px;}<\/style><\/div>\n","protected":false},"excerpt":{"rendered":"","protected":false},"author":1,"featured_media":0,"parent":0,"menu_order":0,"comment_status":"closed","ping_status":"closed","template":"","meta":[],"acf":[],"_links":{"self":[{"href":"https:\/\/www.incliva.es\/en\/wp-json\/wp\/v2\/pages\/36547"}],"collection":[{"href":"https:\/\/www.incliva.es\/en\/wp-json\/wp\/v2\/pages"}],"about":[{"href":"https:\/\/www.incliva.es\/en\/wp-json\/wp\/v2\/types\/page"}],"author":[{"embeddable":true,"href":"https:\/\/www.incliva.es\/en\/wp-json\/wp\/v2\/users\/1"}],"replies":[{"embeddable":true,"href":"https:\/\/www.incliva.es\/en\/wp-json\/wp\/v2\/comments?post=36547"}],"version-history":[{"count":10,"href":"https:\/\/www.incliva.es\/en\/wp-json\/wp\/v2\/pages\/36547\/revisions"}],"predecessor-version":[{"id":38822,"href":"https:\/\/www.incliva.es\/en\/wp-json\/wp\/v2\/pages\/36547\/revisions\/38822"}],"wp:attachment":[{"href":"https:\/\/www.incliva.es\/en\/wp-json\/wp\/v2\/media?parent=36547"}],"curies":[{"name":"wp","href":"https:\/\/api.w.org\/{rel}","templated":true}]}}