{"id":34900,"date":"2024-10-16T10:54:04","date_gmt":"2024-10-16T08:54:04","guid":{"rendered":"https:\/\/www.incliva.es\/services\/platforms\/unidad-de-analisis-de-biomarcadores\/"},"modified":"2025-01-23T13:34:41","modified_gmt":"2025-01-23T11:34:41","slug":"unidad-de-analisis-de-biomarcadores","status":"publish","type":"page","link":"https:\/\/www.incliva.es\/en\/services\/platforms\/unidad-de-analisis-de-biomarcadores\/","title":{"rendered":"Unidad de An\u00e1lisis de Biomarcadores"},"content":{"rendered":"<p><div class=\"fusion-fullwidth fullwidth-box fusion-builder-row-1 fusion-flex-container nonhundred-percent-fullwidth non-hundred-percent-height-scrolling\" style=\"background-color: rgba(255,255,255,0);background-position: center center;background-repeat: no-repeat;border-width: 0px 0px 0px 0px;border-color:#e2e2e2;border-style:solid;\" ><div class=\"fusion-builder-row fusion-row fusion-flex-align-items-flex-start\" style=\"max-width:1248px;margin-left: calc(-4% \/ 2 );margin-right: calc(-4% \/ 2 );\"><div class=\"fusion-layout-column fusion_builder_column fusion-builder-column-0 fusion_builder_column_2_3 2_3 fusion-flex-column\"><div class=\"fusion-column-wrapper fusion-flex-justify-content-flex-start fusion-content-layout-column\" style=\"background-position:left top;background-repeat:no-repeat;-webkit-background-size:cover;-moz-background-size:cover;-o-background-size:cover;background-size:cover;padding: 0px 0px 0px 0px;\"><div class=\"fusion-text fusion-text-1\" style=\"transform:translate3d(0,0,0);\"><h5>Introducci\u00f3n<\/h5>\n<p>La plataforma de An\u00e1lisis de Biomarcadores dotada con equipamiento de \u00faltima generaci\u00f3n tiene como principal objetivo la detecci\u00f3n y cuantificaci\u00f3n de biomarcadores en diferentes tipos de muestras, tanto humanas como procedentes de modelos animales (suero, plasma, orina, extractos de tejidos, sangre, l\u00e1grimas, saliva, ves\u00edculas extracelulares, etc.).<\/p>\n<p>La utilidad potencial de las determinaciones de biomarcadores con la tecnolog\u00eda SIMOA es aplicable a gran variedad de \u00e1reas cient\u00edfico-tecnol\u00f3gicas: neurolog\u00eda, oncolog\u00eda, cardiolog\u00eda, inflamaci\u00f3n y enfermedades infecciosas.<\/p>\n<p>Una de las principales aplicaciones de la identificaci\u00f3n de biomarcadores es en el \u00e1mbito de la neurolog\u00eda: la investigaci\u00f3n de neurofilamentos, que tiene relevancia en patolog\u00edas como la esclerosis m\u00faltiple y el Alzheimer o la b\u00fasqueda de biomarcadores en l\u00edquidos biol\u00f3gicos para diagn\u00f3stico y pron\u00f3stico del deterioro cognitivo asociado a varias patolog\u00edas. Tambi\u00e9n tiene alcance en el \u00e1rea de oncolog\u00eda, donde la tecnolog\u00eda SIMOA se est\u00e1 aplicando para el diagn\u00f3stico del c\u00e1ncer mediante ensayos de detecci\u00f3n de ves\u00edculas extracelulares derivadas de tumores.<\/p>\n<p>El personal de la unidad cuenta con experiencia en el uso del equipamiento, en el procesado de diferentes tipos de muestras y en el tratamiento y evaluaci\u00f3n de resultados.<\/p>\n<p>La oferta de servicios est\u00e1 abierta tanto para personal de la propia Fundaci\u00f3n INCLIVA como de otras instituciones, tanto p\u00fablicas como privadas.<\/p>\n<p><img class=\"size-full wp-image-6976 aligncenter\" src=\"https:\/\/www.incliva.es\/wp-content\/uploads\/2024\/10\/biomarcadores.png\" alt=\"\" \/><\/p>\n<\/div><div class=\"fusion-separator fusion-full-width-sep\" style=\"align-self: center;margin-left: auto;margin-right: auto;margin-top:10px;margin-bottom:10px;width:100%;\"><div class=\"fusion-separator-border sep-single sep-solid\" style=\"border-color:#9da0d2;border-top-width:1px;\"><\/div><\/div><div class=\"fusion-text fusion-text-2\" style=\"transform:translate3d(0,0,0);\"><h5>Servicios<\/h5>\n<p>El equipo SIMOA presenta una cartera de m\u00e1s de 80 ensayos. Adem\u00e1s, tiene la opci\u00f3n de desarrollo de un ensayo personalizado.<\/p>\n<p>El <strong>uso del equipo SIMOA HD-X y el an\u00e1lisis de biomarcadores<\/strong> es aplicable en diversas muestras biol\u00f3gicas mediante los siguientes ensayos:<\/p>\n<ul>\n<li>Ensayos single-plex (SIMOA BEAD-BASED ADVANTAGE ASSAYS)<\/li>\n<li>Ensayos multiplex (SIMOA MULTIPLEX BEAD-BASED ADVANTAGE ASSAYS)<\/li>\n<\/ul>\n<\/div><div class=\"fusion-separator fusion-full-width-sep\" style=\"align-self: center;margin-left: auto;margin-right: auto;margin-top:10px;margin-bottom:10px;width:100%;\"><div class=\"fusion-separator-border sep-single sep-solid\" style=\"border-color:#9da0d2;border-top-width:1px;\"><\/div><\/div><div class=\"fusion-text fusion-text-3\" style=\"transform:translate3d(0,0,0);\"><h5>Equipamiento<\/h5>\n<p>El <strong>equipo SIMOA HD-X Analyzer<\/strong> es una plataforma ultrasensible basada en la tecnolog\u00eda \u2018Single Molecule Array\u2019\u00ae que permite la detecci\u00f3n de biomarcadores con una sensibilidad del rango de femtogramos por mililitro (fg\/ml), mayor a la de los kits ELISA convencionales. SIMOA HD-X est\u00e1 totalmente automatizado y ofrece las siguientes ventajas:<\/p>\n<ul>\n<li>Gran sensibilidad, 1.000 veces mayor que la que ofrecen los inmunoensayos actuales. Esta mejora abre nuevas v\u00edas de investigaci\u00f3n, ya que permite medir marcadores previamente indetectables.<\/li>\n<li>Precisi\u00f3n: los resultados que se obtienen tienen un CV &lt;10%.<\/li>\n<li>Automatizaci\u00f3n, lo que disminuye el tiempo de ensayo y la variabilidad derivada de la operaci\u00f3n manual.<\/li>\n<li>Flexibilidad, ya que existe la posibilidad de dise\u00f1ar propios ensayos de anticuerpos contra analitos concretos.<\/li>\n<li>Simultaneidad, ya que se puede recurrir a la opci\u00f3n multiplex, pudi\u00e9ndose medir hasta 6 analitos en una misma muestra.<\/li>\n<\/ul>\n<p>El equipo SIMOA HD-X Analyzer ha sido adquirido con dotaci\u00f3n presupuestaria de FEDER gestionados por la Conselleria de Sanidad para la Estrategia para el Diagn\u00f3stico Temprano y Prevenci\u00f3n del Deterioro Cognitivo y Funcional.<\/p>\n<\/div><div class=\"fusion-separator fusion-full-width-sep\" style=\"align-self: center;margin-left: auto;margin-right: auto;margin-top:10px;margin-bottom:10px;width:100%;\"><div class=\"fusion-separator-border sep-single sep-solid\" style=\"border-color:#9da0d2;border-top-width:1px;\"><\/div><\/div><div class=\"fusion-text fusion-text-4\" style=\"transform:translate3d(0,0,0);\"><h5>Referencias de inter\u00e9s<\/h5>\n<ul>\n<li>Wilson DH, Rissin DM, Kan CW, Fournier DR, Piech T, Campbell TG, et al. The Simoa HD-1 Analyzer: A Novel Fully Automated Digital Immunoassay Analyzer with Single-Molecule Sensitivity and Multiplexing. J Lab Autom. 2016; 21(4):533-47.<\/li>\n<li>Rissin DM, Kan CW, Campbell TG, Howes SC, Fournier DR, Song L, et al. Single-molecule enzyme-linked immunosorbent assay detects serum proteins at subfemtomolar concentrations. Nature Biotechnology. 2010;28(6):595-9.<\/li>\n<\/ul>\n<\/div><\/div><\/div><style type=\"text\/css\">.fusion-body .fusion-builder-column-0{width:66.666666666667% !important;margin-top : 0px;margin-bottom : 20px;}.fusion-builder-column-0 > .fusion-column-wrapper {padding-top : 0px !important;padding-right : 0px !important;margin-right : 2.88%;padding-bottom : 0px !important;padding-left : 0px !important;margin-left : 2.88%;}@media only screen and (max-width:1532px) {.fusion-body .fusion-builder-column-0{width:66.666666666667% !important;}.fusion-builder-column-0 > .fusion-column-wrapper {margin-right : 2.88%;margin-left : 2.88%;}}@media only screen and (max-width:640px) {.fusion-body .fusion-builder-column-0{width:100% !important;}.fusion-builder-column-0 > .fusion-column-wrapper {margin-right : 1.92%;margin-left : 1.92%;}}<\/style><div class=\"fusion-layout-column fusion_builder_column fusion-builder-column-1 fusion_builder_column_1_3 1_3 fusion-flex-column\"><div class=\"fusion-column-wrapper fusion-column-has-shadow fusion-flex-justify-content-flex-start fusion-content-layout-column\" style=\"background-position:left top;background-repeat:no-repeat;-webkit-background-size:cover;-moz-background-size:cover;-o-background-size:cover;background-size:cover;background-color:#f9f9f9;border-width: 0 0 0 2px;border-color:#9da0d2;border-style:solid;box-shadow:0px 0px ;;padding: 4% 4% 4% 4%;\"><div class=\"fusion-text fusion-text-5\" style=\"transform:translate3d(0,0,0);\"><h5 style=\"text-align: center;\">Responsable<\/h5>\n<p style=\"text-align: center;\">Dra. Carmina Montoliu F\u00e9lix<\/p>\n<\/div><div class=\"fusion-text fusion-text-6\" style=\"transform:translate3d(0,0,0);\"><h5 style=\"text-align: center;\">Equipo humano<\/h5>\n<p style=\"text-align: center;\">Mar\u00eda Oliver Ferr\u00e1ndiz<br \/>\nAmparo Urios Lluch<\/p>\n<\/div><div class=\"fusion-separator fusion-full-width-sep\" style=\"align-self: center;margin-left: auto;margin-right: auto;margin-top:10px;margin-bottom:10px;width:100%;\"><div class=\"fusion-separator-border sep-single sep-solid\" style=\"border-color:#9DA0D2;border-top-width:1px;\"><\/div><\/div><div class=\"fusion-text fusion-text-7\" style=\"transform:translate3d(0,0,0);\"><h5 style=\"text-align: center;\">Contacto<\/h5>\n<p style=\"text-align: center;\"><a href=\"mailto:cmontoliu@incliva.es\">cmontoliu@incliva.es<\/a><br \/>\nTel\u00e9fono: 96 386 43 81<\/p>\n<\/div><div class=\"fusion-separator fusion-full-width-sep\" style=\"align-self: center;margin-left: auto;margin-right: auto;margin-top:10px;margin-bottom:10px;width:100%;\"><div class=\"fusion-separator-border sep-single sep-solid\" style=\"border-color:#9DA0D2;border-top-width:1px;\"><\/div><\/div><div class=\"fusion-text fusion-text-8\" style=\"transform:translate3d(0,0,0);\"><h5 style=\"text-align: center;\">Localizaci\u00f3n<\/h5>\n<p style=\"text-align: center;\">Departamento de Patolog\u00eda\/Facultad de Medicina\/Universidad de Valencia<br \/>\nDirecci\u00f3n postal: Av. Blasco Ib\u00e1\u00f1ez, 15, 46010 Valencia<\/p>\n<\/div><div class=\"fusion-separator fusion-full-width-sep\" style=\"align-self: center;margin-left: auto;margin-right: auto;margin-top:10px;margin-bottom:10px;width:100%;\"><div class=\"fusion-separator-border sep-single sep-solid\" style=\"border-color:#9DA0D2;border-top-width:1px;\"><\/div><\/div><div class=\"fusion-text fusion-text-9\" style=\"transform:translate3d(0,0,0);\"><h5 style=\"text-align: center;\">Documentos<\/h5>\n<p style=\"text-align: center;\"><a href=\"https:\/\/www.incliva.es\/wp-content\/uploads\/2024\/10\/Plantilla_Tarifas_Web_AnalisisBiomarcadores_02_10_2024.pdf\" target=\"_blank\" rel=\"noopener\">Tarifas<\/a><\/p>\n<\/div><\/div><\/div><style type=\"text\/css\">.fusion-body .fusion-builder-column-1{width:33.333333333333% !important;margin-top : 0px;margin-bottom : 20px;}.fusion-builder-column-1 > .fusion-column-wrapper {padding-top : 4% !important;padding-right : 4% !important;margin-right : 5.76%;padding-bottom : 4% !important;padding-left : 4% !important;margin-left : 5.76%;}@media only screen and (max-width:1532px) {.fusion-body .fusion-builder-column-1{width:33.333333333333% !important;order : 0;}.fusion-builder-column-1 > .fusion-column-wrapper {margin-right : 5.76%;margin-left : 5.76%;}}@media only screen and (max-width:640px) {.fusion-body .fusion-builder-column-1{width:100% !important;order : 0;}.fusion-builder-column-1 > .fusion-column-wrapper {margin-right : 1.92%;margin-left : 1.92%;}}<\/style><\/div><style type=\"text\/css\">.fusion-body .fusion-flex-container.fusion-builder-row-1{ padding-top : 0px;margin-top : 0px;padding-right : 0px;padding-bottom : 0px;margin-bottom : 0px;padding-left : 0px;}<\/style><\/div><div class=\"fusion-fullwidth fullwidth-box fusion-builder-row-2 fusion-flex-container nonhundred-percent-fullwidth non-hundred-percent-height-scrolling\" style=\"background-color: rgba(255,255,255,0);background-position: center center;background-repeat: no-repeat;border-width: 0px 0px 0px 0px;border-color:#e2e2e2;border-style:solid;\" ><div class=\"fusion-builder-row fusion-row fusion-flex-align-items-flex-start\" style=\"max-width:1248px;margin-left: calc(-4% \/ 2 );margin-right: calc(-4% \/ 2 );\"><div class=\"fusion-layout-column fusion_builder_column fusion-builder-column-2 fusion_builder_column_1_1 1_1 fusion-flex-column\"><div class=\"fusion-column-wrapper fusion-flex-justify-content-flex-start fusion-content-layout-column\" style=\"background-position:left top;background-repeat:no-repeat;-webkit-background-size:cover;-moz-background-size:cover;-o-background-size:cover;background-size:cover;padding: 0px 0px 0px 0px;\"><\/div><\/div><style type=\"text\/css\">.fusion-body .fusion-builder-column-2{width:100% !important;margin-top : 0px;margin-bottom : 20px;}.fusion-builder-column-2 > .fusion-column-wrapper {padding-top : 0px !important;padding-right : 0px !important;margin-right : 1.92%;padding-bottom : 0px !important;padding-left : 0px !important;margin-left : 1.92%;}@media only screen and (max-width:1532px) {.fusion-body .fusion-builder-column-2{width:100% !important;}.fusion-builder-column-2 > .fusion-column-wrapper {margin-right : 1.92%;margin-left : 1.92%;}}@media only screen and (max-width:640px) {.fusion-body .fusion-builder-column-2{width:100% !important;}.fusion-builder-column-2 > .fusion-column-wrapper {margin-right : 1.92%;margin-left : 1.92%;}}<\/style><\/div><style type=\"text\/css\">.fusion-body .fusion-flex-container.fusion-builder-row-2{ padding-top : 0px;margin-top : 0px;padding-right : 0px;padding-bottom : 0px;margin-bottom : 0px;padding-left : 0px;}<\/style><\/div><\/p>\n","protected":false},"excerpt":{"rendered":"","protected":false},"author":13,"featured_media":0,"parent":8542,"menu_order":0,"comment_status":"closed","ping_status":"closed","template":"","meta":[],"acf":[],"_links":{"self":[{"href":"https:\/\/www.incliva.es\/en\/wp-json\/wp\/v2\/pages\/34900"}],"collection":[{"href":"https:\/\/www.incliva.es\/en\/wp-json\/wp\/v2\/pages"}],"about":[{"href":"https:\/\/www.incliva.es\/en\/wp-json\/wp\/v2\/types\/page"}],"author":[{"embeddable":true,"href":"https:\/\/www.incliva.es\/en\/wp-json\/wp\/v2\/users\/13"}],"replies":[{"embeddable":true,"href":"https:\/\/www.incliva.es\/en\/wp-json\/wp\/v2\/comments?post=34900"}],"version-history":[{"count":3,"href":"https:\/\/www.incliva.es\/en\/wp-json\/wp\/v2\/pages\/34900\/revisions"}],"predecessor-version":[{"id":38138,"href":"https:\/\/www.incliva.es\/en\/wp-json\/wp\/v2\/pages\/34900\/revisions\/38138"}],"up":[{"embeddable":true,"href":"https:\/\/www.incliva.es\/en\/wp-json\/wp\/v2\/pages\/8542"}],"wp:attachment":[{"href":"https:\/\/www.incliva.es\/en\/wp-json\/wp\/v2\/media?parent=34900"}],"curies":[{"name":"wp","href":"https:\/\/api.w.org\/{rel}","templated":true}]}}