{"id":34896,"date":"2024-10-16T10:53:15","date_gmt":"2024-10-16T08:53:15","guid":{"rendered":"https:\/\/www.incliva.es\/services\/platforms\/unidad-de-analisis-molecular-celular-e-in-vivo\/"},"modified":"2025-01-23T13:35:25","modified_gmt":"2025-01-23T11:35:25","slug":"unidad-de-analisis-molecular-celular-e-in-vivo","status":"publish","type":"page","link":"https:\/\/www.incliva.es\/en\/services\/platforms\/unidad-de-analisis-molecular-celular-e-in-vivo\/","title":{"rendered":"Unidad de An\u00e1lisis Molecular, Celular e in vivo"},"content":{"rendered":"<p><div class=\"fusion-fullwidth fullwidth-box fusion-builder-row-1 fusion-flex-container nonhundred-percent-fullwidth non-hundred-percent-height-scrolling\" style=\"background-color: rgba(255,255,255,0);background-position: center center;background-repeat: no-repeat;border-width: 0px 0px 0px 0px;border-color:#e2e2e2;border-style:solid;\" ><div class=\"fusion-builder-row fusion-row fusion-flex-align-items-flex-start\" style=\"max-width:1248px;margin-left: calc(-4% \/ 2 );margin-right: calc(-4% \/ 2 );\"><div class=\"fusion-layout-column fusion_builder_column fusion-builder-column-0 fusion_builder_column_2_3 2_3 fusion-flex-column\"><div class=\"fusion-column-wrapper fusion-flex-justify-content-flex-start fusion-content-layout-column\" style=\"background-position:left top;background-repeat:no-repeat;-webkit-background-size:cover;-moz-background-size:cover;-o-background-size:cover;background-size:cover;padding: 0px 0px 0px 0px;\"><div class=\"fusion-text fusion-text-1\" style=\"transform:translate3d(0,0,0);\"><h5>Introducci\u00f3n<\/h5>\n<p>La Unidad de An\u00e1lisis Molecular, Celular e <em>in vivo<\/em> es una plataforma transversal de apoyo a la investigaci\u00f3n que ofrece sus servicios al alcance de cualquier investigador con la finalidad de impulsar, promover y ejecutar una investigaci\u00f3n traslacional de calidad.<\/p>\n<p>La plataforma cuenta con el siguiente <strong>equipamiento cient\u00edfico-tecnol\u00f3gico <\/strong>singular y exclusivo para an\u00e1lisis de muestras que puede ser utilizado tanto por el personal de la propia Fundaci\u00f3n INCLIVA como de otras instituciones, p\u00fablicas y privadas.<\/p>\n<\/div><div class=\"fusion-separator fusion-full-width-sep\" style=\"align-self: center;margin-left: auto;margin-right: auto;margin-top:10px;margin-bottom:10px;width:100%;\"><div class=\"fusion-separator-border sep-single sep-solid\" style=\"border-color:#9da0d2;border-top-width:1px;\"><\/div><\/div><div class=\"fusion-text fusion-text-2\" style=\"transform:translate3d(0,0,0);\"><h5>Cit\u00f3metro de Flujo de Part\u00edculas Grandes COPAS FP1000<\/h5>\n<p>El sistema COPAS FP1000 es un equipo \u00fanico y excepcional en su g\u00e9nero presente en la Comunidad Valenciana que ofrece automatizaci\u00f3n, mayor robustez, sensibilidad y reproducibilidad que los m\u00e9todos previos manuales.<\/p>\n<p>Est\u00e1 basado en una tecnolog\u00eda biof\u00edsica que emplea luz l\u00e1ser para la separaci\u00f3n de part\u00edculas grandes en formatos de alto rendimiento. Permite medir y separar part\u00edculas grandes de 30 a 1.000 micras como organoides y esferoides, larvas de pez cebra, larvas de mosquito de tercer estadio, embriones y larvas de Drosophila, semillas de <em>Arabidopsis<\/em>.<\/p>\n<p>Los objetos se analizan y clasifican seg\u00fan el tama\u00f1o, la densidad \u00f3ptica y hasta tres canales de fluorescencia, y aquellos objetos que cumplan con los criterios de clasificaci\u00f3n se pueden dispensar en placas multipocillos o recept\u00e1culos a granel de 24, 48, 96 o 384 pocillos.<\/p>\n<p><img class=\"size-full wp-image-6976 aligncenter\" src=\"https:\/\/www.incliva.es\/wp-content\/uploads\/2024\/10\/molecular1.jpg\" alt=\"\" \/><\/p>\n<\/div><div class=\"fusion-separator fusion-full-width-sep\" style=\"align-self: center;margin-left: auto;margin-right: auto;margin-top:10px;margin-bottom:10px;width:100%;\"><div class=\"fusion-separator-border sep-single sep-solid\" style=\"border-color:#9da0d2;border-top-width:1px;\"><\/div><\/div><div class=\"fusion-text fusion-text-3\" style=\"transform:translate3d(0,0,0);\"><h5>Sistema de Real-Time PCR QuantStudio\u2122 5 de Applied Biosystems<\/h5>\n<p>El Sistema de PCR en tiempo real, \u00fanico en el Campus de Burjassot de la Universitat de Val\u00e8ncia, permite la cuantificaci\u00f3n precisa de las cantidades iniciales de los genes de inter\u00e9s tanto en el ADN como en el ADNc y ARN.<\/p>\n<p>Por sus caracter\u00edsticas ofrece la realizaci\u00f3n de 384 reacciones simult\u00e1neas, lo que confiere una ventaja significativa respecto a modelos de 96 pocillos. Posee elevada sensibilidad y permite el uso de diversos fluor\u00f3foros para seguir la amplificaci\u00f3n del ADN durante el an\u00e1lisis.<\/p>\n<p><img class=\"size-full wp-image-6976 aligncenter\" src=\"https:\/\/www.incliva.es\/wp-content\/uploads\/2024\/10\/molecular2.png\" alt=\"\" \/><\/p>\n<\/div><div class=\"fusion-separator fusion-full-width-sep\" style=\"align-self: center;margin-left: auto;margin-right: auto;margin-top:10px;margin-bottom:10px;width:100%;\"><div class=\"fusion-separator-border sep-single sep-solid\" style=\"border-color:#9da0d2;border-top-width:1px;\"><\/div><\/div><div class=\"fusion-text fusion-text-4\" style=\"transform:translate3d(0,0,0);\"><h5>Criostato Leica CM1950 \u2013 Servicio de Criocorte para muestras biol\u00f3gicas<\/h5>\n<p>El servicio de criocorte de muestras biol\u00f3gicas est\u00e1 compuesto por un microtomo de rotaci\u00f3n encapsulado de acero inoxidable equipado con refrigeraci\u00f3n mediante dos sistemas de congelaci\u00f3n y sistema de desinfecci\u00f3n no t\u00f3xico por l\u00e1mpara UV C.<\/p>\n<p>El equipo permite el procesamiento de muestras para diagn\u00f3stico o identificaci\u00f3n histol\u00f3gica o histopatol\u00f3gica y est\u00e1 basado en la congelaci\u00f3n de las muestras para preservarlas y obtener cortes de tejidos sin necesidad de fijarlas previamente por m\u00e9todos qu\u00edmicos.<\/p>\n<p>Este equipamiento facilita el procesamiento de las muestras y evita la p\u00e9rdida de caracter\u00edsticas importantes para el diagn\u00f3stico, para el conocimiento del estado de los tejidos y sobre la expresi\u00f3n y distribuci\u00f3n de prote\u00ednas.<\/p>\n<p><img class=\"size-full wp-image-6976 aligncenter\" src=\"https:\/\/www.incliva.es\/wp-content\/uploads\/2024\/10\/molecular3.png\" alt=\"\" \/><\/p>\n<\/div><div class=\"fusion-separator fusion-full-width-sep\" style=\"align-self: center;margin-left: auto;margin-right: auto;margin-top:10px;margin-bottom:10px;width:100%;\"><div class=\"fusion-separator-border sep-single sep-solid\" style=\"border-color:#9da0d2;border-top-width:1px;\"><\/div><\/div><div class=\"fusion-text fusion-text-5\" style=\"transform:translate3d(0,0,0);\"><h5>Microscopio l\u00e1ser de barrido Zeiss LSM 800<\/h5>\n<p>El Microscopio de barrido l\u00e1ser confocal Zeiss LSM800 cuenta con diferentes l\u00e1seres de diodo: 405, 488, 561 y 640 nm, objetivos apocrom\u00e1ticos de 10x, 20x, 40x agua, 40x aceite, 63x aceite, y tres detectores sensibles de GaAsP. Adem\u00e1s, est\u00e1 equipado con mesa anti-vibratoria.<\/p>\n<p>Su uso permite la captura y obtenci\u00f3n de im\u00e1genes en 2D o 3D precisas a nivel nanom\u00e9trico de forma no invasiva. Al poder combinar en el instrumento la fluorescencia con otras t\u00e9cnicas de contraste es posible el an\u00e1lisis preciso y detallado de estructuras celulares a nivel molecular.<\/p>\n<p><img class=\"size-full wp-image-6976 aligncenter\" src=\"https:\/\/www.incliva.es\/wp-content\/uploads\/2024\/10\/molecular4.jpg\" alt=\"\" \/><\/p>\n<p>Todo el equipamiento ha sido financiado por el Fondo Europeo de Desarrollo Regional (FEDER)<\/p>\n<p><a href=\"https:\/\/www.san.gva.es\/es\/web\/investigacio\/mapa-tecnologico\">https:\/\/www.san.gva.es\/es\/web\/investigacio\/mapa-tecnologico<\/a><\/p>\n<\/div><div class=\"fusion-separator fusion-full-width-sep\" style=\"align-self: center;margin-left: auto;margin-right: auto;margin-top:10px;margin-bottom:10px;width:100%;\"><div class=\"fusion-separator-border sep-single sep-solid\" style=\"border-color:#9da0d2;border-top-width:1px;\"><\/div><\/div><div class=\"fusion-text fusion-text-6\" style=\"transform:translate3d(0,0,0);\"><h5>Servicios<\/h5>\n<p>Utilizaci\u00f3n del sistema de citometr\u00eda de flujo de part\u00edculas grandes COPAS FP-1000.<\/p>\n<p>Utilizaci\u00f3n del sistema de PCR en tiempo real QuantStudio\u2122 5 de Applied Biosystems.<\/p>\n<p>Utilizaci\u00f3n del Criostato Leica CM1950.<\/p>\n<p>Utilizaci\u00f3n del Microscopio de barrido l\u00e1ser confocal Zeiss LSM800.<\/p>\n<\/div><\/div><\/div><style type=\"text\/css\">.fusion-body .fusion-builder-column-0{width:66.666666666667% !important;margin-top : 0px;margin-bottom : 20px;}.fusion-builder-column-0 > .fusion-column-wrapper {padding-top : 0px !important;padding-right : 0px !important;margin-right : 2.88%;padding-bottom : 0px !important;padding-left : 0px !important;margin-left : 2.88%;}@media only screen and (max-width:1532px) {.fusion-body .fusion-builder-column-0{width:66.666666666667% !important;}.fusion-builder-column-0 > .fusion-column-wrapper {margin-right : 2.88%;margin-left : 2.88%;}}@media only screen and (max-width:640px) {.fusion-body .fusion-builder-column-0{width:100% !important;}.fusion-builder-column-0 > .fusion-column-wrapper {margin-right : 1.92%;margin-left : 1.92%;}}<\/style><div class=\"fusion-layout-column fusion_builder_column fusion-builder-column-1 fusion_builder_column_1_3 1_3 fusion-flex-column\"><div class=\"fusion-column-wrapper fusion-column-has-shadow fusion-flex-justify-content-flex-start fusion-content-layout-column\" style=\"background-position:left top;background-repeat:no-repeat;-webkit-background-size:cover;-moz-background-size:cover;-o-background-size:cover;background-size:cover;background-color:#f9f9f9;border-width: 0 0 0 2px;border-color:#9da0d2;border-style:solid;box-shadow:0px 0px ;;padding: 4% 4% 4% 4%;\"><div class=\"fusion-text fusion-text-7\" style=\"transform:translate3d(0,0,0);\"><h5 style=\"text-align: center;\">Responsables<\/h5>\n<p style=\"text-align: center;\">Dr. Arturo L\u00f3pez Castel<br \/>\nDr. Juan Antonio Navarro Langa<\/p>\n<\/div><div class=\"fusion-separator fusion-full-width-sep\" style=\"align-self: center;margin-left: auto;margin-right: auto;margin-top:10px;margin-bottom:10px;width:100%;\"><div class=\"fusion-separator-border sep-single sep-solid\" style=\"border-color:#9DA0D2;border-top-width:1px;\"><\/div><\/div><div class=\"fusion-text fusion-text-8\" style=\"transform:translate3d(0,0,0);\"><h5 style=\"text-align: center;\">Contacto<\/h5>\n<p style=\"text-align: center;\"><a href=\"mailto:arturo.lopez-castel@uv.es\">arturo.lopez-castel@uv.es<\/a><br \/>\n<a href=\"mailto:jnavarro@incliva.es\">jnavarro@incliva.es<\/a><br \/>\nTel\u00e9fono: +34 963543179<\/p>\n<\/div><div class=\"fusion-separator fusion-full-width-sep\" style=\"align-self: center;margin-left: auto;margin-right: auto;margin-top:10px;margin-bottom:10px;width:100%;\"><div class=\"fusion-separator-border sep-single sep-solid\" style=\"border-color:#9DA0D2;border-top-width:1px;\"><\/div><\/div><div class=\"fusion-text fusion-text-9\" style=\"transform:translate3d(0,0,0);\"><h5 style=\"text-align: center;\">Localizaci\u00f3n<\/h5>\n<p style=\"text-align: center;\">Universitat de Val\u00e8ncia. Campus de Burjassot.<br \/>\nFacultad de Biol\u00f3gicas. Edificio B. Plantas 5 y 6.<br \/>\nCalle Doctor Moliner, 50. Burjassot. 46100.<\/p>\n<\/div><div class=\"fusion-separator fusion-full-width-sep\" style=\"align-self: center;margin-left: auto;margin-right: auto;margin-top:10px;margin-bottom:10px;width:100%;\"><div class=\"fusion-separator-border sep-single sep-solid\" style=\"border-color:#9DA0D2;border-top-width:1px;\"><\/div><\/div><div class=\"fusion-text fusion-text-10\" style=\"transform:translate3d(0,0,0);\"><h5 style=\"text-align: center;\">Documentos<\/h5>\n<p style=\"text-align: center;\"><a href=\"https:\/\/www.incliva.es\/wp-content\/uploads\/2024\/10\/Plantilla_Tarifas_Web_Unidad-AnalisisMolecularCelulareInvivo_02_10_2024.pdf\" target=\"_blank\" rel=\"noopener\">Tarifas<\/a><\/p>\n<\/div><\/div><\/div><style type=\"text\/css\">.fusion-body .fusion-builder-column-1{width:33.333333333333% !important;margin-top : 0px;margin-bottom : 20px;}.fusion-builder-column-1 > .fusion-column-wrapper {padding-top : 4% !important;padding-right : 4% !important;margin-right : 5.76%;padding-bottom : 4% !important;padding-left : 4% !important;margin-left : 5.76%;}@media only screen and (max-width:1532px) {.fusion-body .fusion-builder-column-1{width:33.333333333333% !important;order : 0;}.fusion-builder-column-1 > .fusion-column-wrapper {margin-right : 5.76%;margin-left : 5.76%;}}@media only screen and (max-width:640px) {.fusion-body .fusion-builder-column-1{width:100% !important;order : 0;}.fusion-builder-column-1 > .fusion-column-wrapper {margin-right : 1.92%;margin-left : 1.92%;}}<\/style><\/div><style type=\"text\/css\">.fusion-body .fusion-flex-container.fusion-builder-row-1{ padding-top : 0px;margin-top : 0px;padding-right : 0px;padding-bottom : 0px;margin-bottom : 0px;padding-left : 0px;}<\/style><\/div><div class=\"fusion-fullwidth fullwidth-box fusion-builder-row-2 fusion-flex-container nonhundred-percent-fullwidth non-hundred-percent-height-scrolling\" style=\"background-color: rgba(255,255,255,0);background-position: center center;background-repeat: no-repeat;border-width: 0px 0px 0px 0px;border-color:#e2e2e2;border-style:solid;\" ><div class=\"fusion-builder-row fusion-row fusion-flex-align-items-flex-start\" style=\"max-width:1248px;margin-left: calc(-4% \/ 2 );margin-right: calc(-4% \/ 2 );\"><div class=\"fusion-layout-column fusion_builder_column fusion-builder-column-2 fusion_builder_column_1_1 1_1 fusion-flex-column\"><div class=\"fusion-column-wrapper fusion-flex-justify-content-flex-start fusion-content-layout-column\" style=\"background-position:left top;background-repeat:no-repeat;-webkit-background-size:cover;-moz-background-size:cover;-o-background-size:cover;background-size:cover;padding: 0px 0px 0px 0px;\"><\/div><\/div><style type=\"text\/css\">.fusion-body .fusion-builder-column-2{width:100% !important;margin-top : 0px;margin-bottom : 20px;}.fusion-builder-column-2 > .fusion-column-wrapper {padding-top : 0px !important;padding-right : 0px !important;margin-right : 1.92%;padding-bottom : 0px !important;padding-left : 0px !important;margin-left : 1.92%;}@media only screen and (max-width:1532px) {.fusion-body .fusion-builder-column-2{width:100% !important;}.fusion-builder-column-2 > .fusion-column-wrapper {margin-right : 1.92%;margin-left : 1.92%;}}@media only screen and (max-width:640px) {.fusion-body .fusion-builder-column-2{width:100% !important;}.fusion-builder-column-2 > .fusion-column-wrapper {margin-right : 1.92%;margin-left : 1.92%;}}<\/style><\/div><style type=\"text\/css\">.fusion-body .fusion-flex-container.fusion-builder-row-2{ padding-top : 0px;margin-top : 0px;padding-right : 0px;padding-bottom : 0px;margin-bottom : 0px;padding-left : 0px;}<\/style><\/div><\/p>\n","protected":false},"excerpt":{"rendered":"","protected":false},"author":13,"featured_media":0,"parent":8542,"menu_order":0,"comment_status":"closed","ping_status":"closed","template":"","meta":[],"acf":[],"_links":{"self":[{"href":"https:\/\/www.incliva.es\/en\/wp-json\/wp\/v2\/pages\/34896"}],"collection":[{"href":"https:\/\/www.incliva.es\/en\/wp-json\/wp\/v2\/pages"}],"about":[{"href":"https:\/\/www.incliva.es\/en\/wp-json\/wp\/v2\/types\/page"}],"author":[{"embeddable":true,"href":"https:\/\/www.incliva.es\/en\/wp-json\/wp\/v2\/users\/13"}],"replies":[{"embeddable":true,"href":"https:\/\/www.incliva.es\/en\/wp-json\/wp\/v2\/comments?post=34896"}],"version-history":[{"count":2,"href":"https:\/\/www.incliva.es\/en\/wp-json\/wp\/v2\/pages\/34896\/revisions"}],"predecessor-version":[{"id":38140,"href":"https:\/\/www.incliva.es\/en\/wp-json\/wp\/v2\/pages\/34896\/revisions\/38140"}],"up":[{"embeddable":true,"href":"https:\/\/www.incliva.es\/en\/wp-json\/wp\/v2\/pages\/8542"}],"wp:attachment":[{"href":"https:\/\/www.incliva.es\/en\/wp-json\/wp\/v2\/media?parent=34896"}],"curies":[{"name":"wp","href":"https:\/\/api.w.org\/{rel}","templated":true}]}}