{"id":34892,"date":"2024-10-16T10:52:13","date_gmt":"2024-10-16T08:52:13","guid":{"rendered":"https:\/\/www.incliva.es\/services\/platforms\/unidad-de-cromatografia-liquida-analitica\/"},"modified":"2026-03-26T14:40:21","modified_gmt":"2026-03-26T12:40:21","slug":"unidad-de-cromatografia-liquida-analitica","status":"publish","type":"page","link":"https:\/\/www.incliva.es\/en\/services\/platforms\/unidad-de-cromatografia-liquida-analitica\/","title":{"rendered":"Unidad de Cromatograf\u00eda L\u00edquida Anal\u00edtica"},"content":{"rendered":"<p><div class=\"fusion-fullwidth fullwidth-box fusion-builder-row-1 fusion-flex-container nonhundred-percent-fullwidth non-hundred-percent-height-scrolling\" style=\"background-color: rgba(255,255,255,0);background-position: center center;background-repeat: no-repeat;border-width: 0px 0px 0px 0px;border-color:#e2e2e2;border-style:solid;\" ><div class=\"fusion-builder-row fusion-row fusion-flex-align-items-flex-start\" style=\"max-width:1248px;margin-left: calc(-4% \/ 2 );margin-right: calc(-4% \/ 2 );\"><div class=\"fusion-layout-column fusion_builder_column fusion-builder-column-0 fusion_builder_column_2_3 2_3 fusion-flex-column\"><div class=\"fusion-column-wrapper fusion-flex-justify-content-flex-start fusion-content-layout-column\" style=\"background-position:left top;background-repeat:no-repeat;-webkit-background-size:cover;-moz-background-size:cover;-o-background-size:cover;background-size:cover;padding: 0px 0px 0px 0px;\"><div class=\"fusion-text fusion-text-1\" style=\"transform:translate3d(0,0,0);\"><h5>Introducci\u00f3n<\/h5>\n<p>La plataforma de Cromatograf\u00eda L\u00edquida Anal\u00edtica tiene como misi\u00f3n dar servicio o soporte a entidades p\u00fablicas o privadas en el \u00e1rea Cl\u00ednica, Farmac\u00e9utica, Agroqu\u00edmica o Alimentaria.<\/p>\n<p>El personal de la unidad cuenta con m\u00e1s de 15 a\u00f1os de experiencia en el uso de diferentes t\u00e9cnicas cromatogr\u00e1ficas y la identificaci\u00f3n y cuantificaci\u00f3n de metabolitos. La unidad dispone de personal altamente especializado en el manejo del mismo, tanto en lo que se refiere a las t\u00e9cnicas de laboratorio para preparaci\u00f3n de las muestras como al an\u00e1lisis de las mismas.<\/p>\n<p>La oferta de servicios de la plataforma est\u00e1 abierta tanto para personal de la propia Fundaci\u00f3n INCLIVA como de otras instituciones p\u00fablicas y privadas.<\/p>\n<p><img class=\"aligncenter wp-image-38541 size-large\" src=\"https:\/\/www.incliva.es\/wp-content\/uploads\/2025\/01\/6-1024x576.jpg\" alt=\"\" width=\"1024\" height=\"576\" srcset=\"https:\/\/www.incliva.es\/wp-content\/uploads\/2025\/01\/6-200x112.jpg 200w, https:\/\/www.incliva.es\/wp-content\/uploads\/2025\/01\/6-300x169.jpg 300w, https:\/\/www.incliva.es\/wp-content\/uploads\/2025\/01\/6-400x225.jpg 400w, https:\/\/www.incliva.es\/wp-content\/uploads\/2025\/01\/6-600x337.jpg 600w, https:\/\/www.incliva.es\/wp-content\/uploads\/2025\/01\/6-768x432.jpg 768w, https:\/\/www.incliva.es\/wp-content\/uploads\/2025\/01\/6-800x450.jpg 800w, https:\/\/www.incliva.es\/wp-content\/uploads\/2025\/01\/6-1024x576.jpg 1024w, https:\/\/www.incliva.es\/wp-content\/uploads\/2025\/01\/6-1200x675.jpg 1200w, https:\/\/www.incliva.es\/wp-content\/uploads\/2025\/01\/6-1536x864.jpg 1536w\" sizes=\"(max-width: 1024px) 100vw, 1024px\" \/><\/p>\n<\/div><div class=\"fusion-separator fusion-full-width-sep\" style=\"align-self: center;margin-left: auto;margin-right: auto;margin-top:10px;margin-bottom:10px;width:100%;\"><div class=\"fusion-separator-border sep-single sep-solid\" style=\"border-color:#9da0d2;border-top-width:1px;\"><\/div><\/div><div class=\"fusion-text fusion-text-2\" style=\"transform:translate3d(0,0,0);\"><h5>Servicios<\/h5>\n<p>Preparaci\u00f3n y extracci\u00f3n de muestras.<\/p>\n<p>Identificaci\u00f3n y\/o cuantificaci\u00f3n de compuestos org\u00e1nicos seleccionados (dirigido) (analitos, PM: 50 \u2013 2.000 Da), en muestras complejas mediante UHPLC \u2013 MS\/MS, incluyendo:<\/p>\n<ul>\n<li>Productos naturales o sint\u00e9ticos (flavonoides, esteroides, \u00e1cidos grasos, alcaloides etc.).<\/li>\n<li>F\u00e1rmacos y\/ o sus derivados estructurales.<\/li>\n<li>Drogas de abuso y estupefacientes.<\/li>\n<li>Insecticidas o herbicidas.<\/li>\n<li>Biomarcadores<\/li>\n<\/ul>\n<p>An\u00e1lisis de datos obtenidos de los an\u00e1lisis de muestras mediante Cromatograf\u00eda L\u00edquida de ultra alto rendimiento acoplada a Espectrometr\u00eda de Masas (UHPLC \u2013 MS\/MS).<\/p>\n<p>Asesoramiento en proyectos basados en UHPLC- MS\/MS.<\/p>\n<\/div><div class=\"fusion-separator fusion-full-width-sep\" style=\"align-self: center;margin-left: auto;margin-right: auto;margin-top:10px;margin-bottom:10px;width:100%;\"><div class=\"fusion-separator-border sep-single sep-solid\" style=\"border-color:#9da0d2;border-top-width:1px;\"><\/div><\/div><div class=\"fusion-text fusion-text-3\" style=\"transform:translate3d(0,0,0);\"><h5>Equipamiento<\/h5>\n<p>Sistema de Cromatograf\u00eda L\u00edquida de ultra alto rendimiento (UHPLC, modelo Nerexa, Shimadzu) acoplado a un detector de espectrometr\u00eda de masas con triple cuadrupolo (modelo LCMS-8040, Shimadzu).<\/p>\n<p>Los iones se producen mediante la t\u00e9cnica de electrospray acoplado detector de espectrometr\u00eda para masas en t\u00e1ndem (ESI-MS\/MS). Este equipo LC-MS\/MS permite detectar y determinar con precisi\u00f3n la concentraci\u00f3n de un compuesto en una muestra desconocida. Se utiliza el tipo de an\u00e1lisis basado en la monitorizaci\u00f3n de reacciones m\u00faltiple (MRM), que permite definir de un analito determinado sus fragmentaciones (ion precursor, ion producto), y as\u00ed crear un par de alta especificidad del analito. Adem\u00e1s, el MRM se asocia con el tiempo de retenci\u00f3n (tR) del analito, obtenido mediante la cromatograf\u00eda l\u00edquida, consiguiendo gran selectividad y especificidad.<\/p>\n<p>La espectrometr\u00eda de masas de triple cuadrupolo es una herramienta vers\u00e1til que se puede adaptar a una amplia gama de aplicaciones. Este equipo LC-MS\/MS permite detectar y determinar con precisi\u00f3n la concentraci\u00f3n de un analito en una muestra desconocida.<br \/>\nEl equipo ha sido financiado por el Fondo Europeo de Desarrollo Regional (FEDER).<\/p>\n<\/div><div class=\"fusion-separator fusion-full-width-sep\" style=\"align-self: center;margin-left: auto;margin-right: auto;margin-top:10px;margin-bottom:10px;width:100%;\"><div class=\"fusion-separator-border sep-single sep-solid\" style=\"border-color:#9da0d2;border-top-width:1px;\"><\/div><\/div><div class=\"fusion-text fusion-text-4\" style=\"transform:translate3d(0,0,0);\"><h5>Calidad<\/h5>\n<p>La Unidad cuenta con la Certificaci\u00f3n ISO 9001:2015.<\/p>\n<\/div><\/div><\/div><style type=\"text\/css\">.fusion-body .fusion-builder-column-0{width:66.666666666667% !important;margin-top : 0px;margin-bottom : 20px;}.fusion-builder-column-0 > .fusion-column-wrapper {padding-top : 0px !important;padding-right : 0px !important;margin-right : 2.88%;padding-bottom : 0px !important;padding-left : 0px !important;margin-left : 2.88%;}@media only screen and (max-width:1532px) {.fusion-body .fusion-builder-column-0{width:66.666666666667% !important;}.fusion-builder-column-0 > .fusion-column-wrapper {margin-right : 2.88%;margin-left : 2.88%;}}@media only screen and (max-width:640px) {.fusion-body .fusion-builder-column-0{width:100% !important;}.fusion-builder-column-0 > .fusion-column-wrapper {margin-right : 1.92%;margin-left : 1.92%;}}<\/style><div class=\"fusion-layout-column fusion_builder_column fusion-builder-column-1 fusion_builder_column_1_3 1_3 fusion-flex-column\"><div class=\"fusion-column-wrapper fusion-column-has-shadow fusion-flex-justify-content-flex-start fusion-content-layout-column\" style=\"background-position:left top;background-repeat:no-repeat;-webkit-background-size:cover;-moz-background-size:cover;-o-background-size:cover;background-size:cover;background-color:#f9f9f9;border-width: 0 0 0 2px;border-color:#9da0d2;border-style:solid;box-shadow:0px 0px ;;padding: 4% 4% 4% 4%;\"><div class=\"fusion-text fusion-text-5\" style=\"transform:translate3d(0,0,0);\"><h5 style=\"text-align: center;\">Responsable<\/h5>\n<p style=\"text-align: center;\">Dra. Nuria Cabedo Escrig<\/p>\n<\/div><div class=\"fusion-separator fusion-full-width-sep\" style=\"align-self: center;margin-left: auto;margin-right: auto;margin-top:10px;margin-bottom:10px;width:100%;\"><div class=\"fusion-separator-border sep-single sep-solid\" style=\"border-color:#9da0d2;border-top-width:1px;\"><\/div><\/div><div class=\"fusion-text fusion-text-6\" style=\"transform:translate3d(0,0,0);\"><h5 style=\"text-align: center;\">Contacto<\/h5>\n<p style=\"text-align: center;\"><a href=\"mailto:Nuria.Cabedo@uv.es\">Nuria.Cabedo@uv.es<\/a><br \/>\nTel\u00e9fono: +34 963544949<\/p>\n<\/div><div class=\"fusion-separator fusion-full-width-sep\" style=\"align-self: center;margin-left: auto;margin-right: auto;margin-top:10px;margin-bottom:10px;width:100%;\"><div class=\"fusion-separator-border sep-single sep-solid\" style=\"border-color:#9da0d2;border-top-width:1px;\"><\/div><\/div><div class=\"fusion-text fusion-text-7\" style=\"transform:translate3d(0,0,0);\"><h5 style=\"text-align: center;\">Localizaci\u00f3n<\/h5>\n<p style=\"text-align: center;\">Facultad de Farmacia. Universitat de Val\u00e8ncia. Campus Burjassot.<br \/>\nDepartamento de Farmacolog\u00eda. 4\u00aa Planta.<br \/>\nAvda. Vicente Andr\u00e9s Estell\u00e9s, S\/N. Burjassot.<\/p>\n<\/div><div class=\"fusion-separator fusion-full-width-sep\" style=\"align-self: center;margin-left: auto;margin-right: auto;margin-top:10px;margin-bottom:10px;width:100%;\"><div class=\"fusion-separator-border sep-single sep-solid\" style=\"border-color:#9da0d2;border-top-width:1px;\"><\/div><\/div><div class=\"fusion-text fusion-text-8\" style=\"transform:translate3d(0,0,0);\"><h5 style=\"text-align: center;\">Documentos<\/h5>\n<p style=\"text-align: center;\"><a href=\"https:\/\/www.incliva.es\/wp-content\/uploads\/2026\/03\/Tarifas_Web_CromatografiaLiquida_2026.pdf\" target=\"_blank\" rel=\"noopener\">Tarifas<\/a><\/p>\n<\/div><\/div><\/div><style type=\"text\/css\">.fusion-body .fusion-builder-column-1{width:33.333333333333% !important;margin-top : 0px;margin-bottom : 20px;}.fusion-builder-column-1 > .fusion-column-wrapper {padding-top : 4% !important;padding-right : 4% !important;margin-right : 5.76%;padding-bottom : 4% !important;padding-left : 4% !important;margin-left : 5.76%;}@media only screen and (max-width:1532px) {.fusion-body .fusion-builder-column-1{width:33.333333333333% !important;order : 0;}.fusion-builder-column-1 > .fusion-column-wrapper {margin-right : 5.76%;margin-left : 5.76%;}}@media only screen and (max-width:640px) {.fusion-body .fusion-builder-column-1{width:100% !important;order : 0;}.fusion-builder-column-1 > .fusion-column-wrapper {margin-right : 1.92%;margin-left : 1.92%;}}<\/style><\/div><style type=\"text\/css\">.fusion-body .fusion-flex-container.fusion-builder-row-1{ padding-top : 0px;margin-top : 0px;padding-right : 0px;padding-bottom : 0px;margin-bottom : 0px;padding-left : 0px;}<\/style><\/div><div class=\"fusion-fullwidth fullwidth-box fusion-builder-row-2 fusion-flex-container nonhundred-percent-fullwidth non-hundred-percent-height-scrolling\" style=\"background-color: rgba(255,255,255,0);background-position: center center;background-repeat: no-repeat;border-width: 0px 0px 0px 0px;border-color:#e2e2e2;border-style:solid;\" ><div class=\"fusion-builder-row fusion-row fusion-flex-align-items-flex-start\" style=\"max-width:1248px;margin-left: calc(-4% \/ 2 );margin-right: calc(-4% \/ 2 );\"><div class=\"fusion-layout-column fusion_builder_column fusion-builder-column-2 fusion_builder_column_1_1 1_1 fusion-flex-column\"><div class=\"fusion-column-wrapper fusion-flex-justify-content-flex-start fusion-content-layout-column\" style=\"background-position:left top;background-repeat:no-repeat;-webkit-background-size:cover;-moz-background-size:cover;-o-background-size:cover;background-size:cover;padding: 0px 0px 0px 0px;\"><\/div><\/div><style type=\"text\/css\">.fusion-body .fusion-builder-column-2{width:100% !important;margin-top : 0px;margin-bottom : 20px;}.fusion-builder-column-2 > .fusion-column-wrapper {padding-top : 0px !important;padding-right : 0px !important;margin-right : 1.92%;padding-bottom : 0px !important;padding-left : 0px !important;margin-left : 1.92%;}@media only screen and (max-width:1532px) {.fusion-body .fusion-builder-column-2{width:100% !important;}.fusion-builder-column-2 > .fusion-column-wrapper {margin-right : 1.92%;margin-left : 1.92%;}}@media only screen and (max-width:640px) {.fusion-body .fusion-builder-column-2{width:100% !important;}.fusion-builder-column-2 > .fusion-column-wrapper {margin-right : 1.92%;margin-left : 1.92%;}}<\/style><\/div><style type=\"text\/css\">.fusion-body .fusion-flex-container.fusion-builder-row-2{ padding-top : 0px;margin-top : 0px;padding-right : 0px;padding-bottom : 0px;margin-bottom : 0px;padding-left : 0px;}<\/style><\/div><\/p>\n","protected":false},"excerpt":{"rendered":"","protected":false},"author":13,"featured_media":0,"parent":8542,"menu_order":0,"comment_status":"closed","ping_status":"closed","template":"","meta":[],"acf":[],"_links":{"self":[{"href":"https:\/\/www.incliva.es\/en\/wp-json\/wp\/v2\/pages\/34892"}],"collection":[{"href":"https:\/\/www.incliva.es\/en\/wp-json\/wp\/v2\/pages"}],"about":[{"href":"https:\/\/www.incliva.es\/en\/wp-json\/wp\/v2\/types\/page"}],"author":[{"embeddable":true,"href":"https:\/\/www.incliva.es\/en\/wp-json\/wp\/v2\/users\/13"}],"replies":[{"embeddable":true,"href":"https:\/\/www.incliva.es\/en\/wp-json\/wp\/v2\/comments?post=34892"}],"version-history":[{"count":6,"href":"https:\/\/www.incliva.es\/en\/wp-json\/wp\/v2\/pages\/34892\/revisions"}],"predecessor-version":[{"id":49755,"href":"https:\/\/www.incliva.es\/en\/wp-json\/wp\/v2\/pages\/34892\/revisions\/49755"}],"up":[{"embeddable":true,"href":"https:\/\/www.incliva.es\/en\/wp-json\/wp\/v2\/pages\/8542"}],"wp:attachment":[{"href":"https:\/\/www.incliva.es\/en\/wp-json\/wp\/v2\/media?parent=34892"}],"curies":[{"name":"wp","href":"https:\/\/api.w.org\/{rel}","templated":true}]}}