{"id":33739,"date":"2024-08-20T07:56:54","date_gmt":"2024-08-20T05:56:54","guid":{"rendered":"https:\/\/www.incliva.es\/canal-de-denuncias-avaf\/"},"modified":"2024-08-20T08:15:16","modified_gmt":"2024-08-20T06:15:16","slug":"canal-de-denuncias-avaf","status":"publish","type":"page","link":"https:\/\/www.incliva.es\/en\/canal-de-denuncias-avaf\/","title":{"rendered":"Canal de denuncias AVAF"},"content":{"rendered":"<div class=\"fusion-fullwidth fullwidth-box fusion-builder-row-1 fusion-flex-container nonhundred-percent-fullwidth non-hundred-percent-height-scrolling\" style=\"background-color: rgba(255,255,255,0);background-position: center center;background-repeat: no-repeat;border-width: 0px 0px 0px 0px;border-color:#e2e2e2;border-style:solid;\" ><div class=\"fusion-builder-row fusion-row fusion-flex-align-items-flex-start\" style=\"max-width:1248px;margin-left: calc(-4% \/ 2 );margin-right: calc(-4% \/ 2 );\"><div class=\"fusion-layout-column fusion_builder_column fusion-builder-column-0 fusion_builder_column_3_4 3_4 fusion-flex-column\"><div class=\"fusion-column-wrapper fusion-flex-justify-content-flex-start fusion-content-layout-column\" style=\"background-position:left top;background-repeat:no-repeat;-webkit-background-size:cover;-moz-background-size:cover;-o-background-size:cover;background-size:cover;padding: 0px 0px 0px 0px;\"><div style=\"text-align:center;\"><span class=\" fusion-imageframe imageframe-none imageframe-1 hover-type-none\"><img width=\"780\" height=\"92\" title=\"agencia-valenciana-antifrau-logo-vl-1\" src=\"https:\/\/www.incliva.es\/wp-content\/uploads\/2024\/08\/agencia-valenciana-antifrau-logo-vl-1.jpg\" class=\"img-responsive wp-image-33741\" srcset=\"https:\/\/www.incliva.es\/wp-content\/uploads\/2024\/08\/agencia-valenciana-antifrau-logo-vl-1-200x24.jpg 200w, https:\/\/www.incliva.es\/wp-content\/uploads\/2024\/08\/agencia-valenciana-antifrau-logo-vl-1-400x47.jpg 400w, https:\/\/www.incliva.es\/wp-content\/uploads\/2024\/08\/agencia-valenciana-antifrau-logo-vl-1-600x71.jpg 600w, https:\/\/www.incliva.es\/wp-content\/uploads\/2024\/08\/agencia-valenciana-antifrau-logo-vl-1.jpg 780w\" sizes=\"(max-width: 640px) 100vw, 780px\" \/><\/span><\/div><div class=\"fusion-separator fusion-full-width-sep\" style=\"align-self: center;margin-left: auto;margin-right: auto;margin-top:50px;margin-bottom:50px;width:100%;\"><div class=\"fusion-separator-border sep-single\" style=\"border-color:#9da0d2;border-top-width:1px;\"><\/div><\/div><div class=\"fusion-text fusion-text-1\" style=\"transform:translate3d(0,0,0);\"><p>El Buz\u00f3n de Denuncias de la AVAF es un canal seguro de participaci\u00f3n electr\u00f3nica que nace de la necesidad de facilitar a la ciudadan\u00eda la posibilidad de presentar denuncias a trav\u00e9s de internet.<\/p>\n<p>Para ello, el Buz\u00f3n de Denuncias de AVAF incorpora mecanismos que <strong>garantizan la confidencialidad<\/strong> de todas las informaciones y ofrece un <strong>espacio de comunicaci\u00f3n seguro<\/strong> para mantener contacto con la AVAF y permitir la <strong>interacci\u00f3n<\/strong> entre esta y las personas que denuncian, informan o comunican de <strong>manera an\u00f3nima o identificada, <\/strong>cumpliendo con todas las exigencias fijadas por la Directiva 2019\/1937(UE) y posteriormente por la Ley 2\/2023.<\/p>\n<p>Este Buz\u00f3n es un medio de lucha contra el fraude y la corrupci\u00f3n que preserva la identidad de la persona que realiza la comunicaci\u00f3n y que, adem\u00e1s, incorpora herramientas para garantizar los <strong>derechos de las personas que sean denunciadas.<\/strong><\/p>\n<p>Gracias a este canal se posibilita que <strong>cualquier persona<\/strong>, <strong>incluido el personal funcionario p\u00fablico,<\/strong> puede comunicar infracciones o conductas corruptas o fraudulentas de las que tenga conocimiento en relaci\u00f3n con la Fundaci\u00f3n INCLIVA<u>,<\/u> con la garant\u00eda de poder hacerlo en un entorno que cumple todos los requisitos de reserva, confidencialidad, accesibilidad y eficacia, el cual admite las denuncias y comunicaciones, tanto nominales como an\u00f3nimas, evitando que se puedan sufrir represalias por ello.<\/p>\n<p>Conviene se\u00f1alar que, para evitar un mal uso del Buz\u00f3n, se aplicar\u00e1n criterios estrictos para admitir las comunicaciones con exigencia de <strong>responsabilidad civil, penal o administrativa<\/strong> a las personas que comuniquen <strong>denuncias falsas<\/strong> o comuniquen hechos con abuso de derecho y vulnerando el principio de buena fe.<\/p>\n<p>Asimismo, se debe recordar que la AVAF <strong>no tiene competencias<\/strong> en las funciones y materias que corresponden a la <strong>autoridad judicial, el ministerio fiscal y la polic\u00eda judicial<\/strong>, ni puede investigar los mismos hechos que han sido objeto de sus investigaciones.<\/p>\n<\/div><\/div><\/div><style type=\"text\/css\">.fusion-body .fusion-builder-column-0{width:75% !important;margin-top : 0px;margin-bottom : 20px;}.fusion-builder-column-0 > .fusion-column-wrapper {padding-top : 0px !important;padding-right : 0px !important;margin-right : 2.56%;padding-bottom : 0px !important;padding-left : 0px !important;margin-left : 2.56%;}@media only screen and (max-width:1532px) {.fusion-body .fusion-builder-column-0{width:75% !important;order : 0;}.fusion-builder-column-0 > .fusion-column-wrapper {margin-right : 2.56%;margin-left : 2.56%;}}@media only screen and (max-width:640px) {.fusion-body .fusion-builder-column-0{width:100% !important;order : 0;}.fusion-builder-column-0 > .fusion-column-wrapper {margin-right : 1.92%;margin-left : 1.92%;}}<\/style><div class=\"fusion-layout-column fusion_builder_column fusion-builder-column-1 fusion_builder_column_1_4 1_4 fusion-flex-column\"><div class=\"fusion-column-wrapper fusion-flex-justify-content-flex-start fusion-content-layout-column\" style=\"background-position:left top;background-repeat:no-repeat;-webkit-background-size:cover;-moz-background-size:cover;-o-background-size:cover;background-size:cover;background-color:#f9f9f9;border-width: 0 0 0 2px;border-color:#9DA0D2;border-style:solid;padding: 4% 4% 4% 4%;\"><div class=\"fusion-text fusion-text-2\" style=\"transform:translate3d(0,0,0);\"><h5 class=\"titulo-coordinador\" style=\"text-align: center;\">Enlaces<\/h5>\n<\/div><div class=\"fusion-text fusion-text-3\" style=\"transform:translate3d(0,0,0);\"><p><a href=\"https:\/\/www.antifraucv.es\/buzon-de-denuncias-2\/\" target=\"_blank\" rel=\"noopener\"><img class=\"aligncenter wp-image-33744 size-fusion-200\" src=\"https:\/\/www.incliva.es\/wp-content\/uploads\/2024\/08\/Logo-monograma_granate-200x84.png\" alt=\"\" width=\"200\" height=\"84\" srcset=\"https:\/\/www.incliva.es\/wp-content\/uploads\/2024\/08\/Logo-monograma_granate-200x84.png 200w, https:\/\/www.incliva.es\/wp-content\/uploads\/2024\/08\/Logo-monograma_granate-300x125.png 300w, https:\/\/www.incliva.es\/wp-content\/uploads\/2024\/08\/Logo-monograma_granate-400x167.png 400w, https:\/\/www.incliva.es\/wp-content\/uploads\/2024\/08\/Logo-monograma_granate-600x251.png 600w, https:\/\/www.incliva.es\/wp-content\/uploads\/2024\/08\/Logo-monograma_granate-768x321.png 768w, https:\/\/www.incliva.es\/wp-content\/uploads\/2024\/08\/Logo-monograma_granate-800x334.png 800w, https:\/\/www.incliva.es\/wp-content\/uploads\/2024\/08\/Logo-monograma_granate-940x400.png 940w, https:\/\/www.incliva.es\/wp-content\/uploads\/2024\/08\/Logo-monograma_granate-1024x428.png 1024w, https:\/\/www.incliva.es\/wp-content\/uploads\/2024\/08\/Logo-monograma_granate-1200x501.png 1200w, https:\/\/www.incliva.es\/wp-content\/uploads\/2024\/08\/Logo-monograma_granate-1536x642.png 1536w, https:\/\/www.incliva.es\/wp-content\/uploads\/2024\/08\/Logo-monograma_granate.png 1673w\" sizes=\"(max-width: 200px) 100vw, 200px\" \/><\/a><\/p>\n<p style=\"text-align: center;\"><a href=\"https:\/\/www.antifraucv.es\/buzon-de-denuncias-2\/\" target=\"_blank\" rel=\"noopener\">Informaci\u00f3n sobre el Buz\u00f3n de Denuncias de la Agencia<\/a><\/p>\n<p style=\"text-align: center;\"><a href=\"https:\/\/bustiadenuncies.antifraucv.es\/\" target=\"_blank\" rel=\"noopener\"><img class=\"aligncenter wp-image-33742 size-fusion-200\" src=\"https:\/\/www.incliva.es\/wp-content\/uploads\/2024\/08\/buzon-de-denuncias-200x66.png\" alt=\"\" width=\"200\" height=\"66\" srcset=\"https:\/\/www.incliva.es\/wp-content\/uploads\/2024\/08\/buzon-de-denuncias-200x66.png 200w, https:\/\/www.incliva.es\/wp-content\/uploads\/2024\/08\/buzon-de-denuncias.png 292w\" sizes=\"(max-width: 200px) 100vw, 200px\" \/><\/a><br \/>\n<a href=\"https:\/\/bustiadenuncies.antifraucv.es\/\" target=\"_blank\" rel=\"noopener\">Acceso directo al Buz\u00f3n de Denuncias<\/a><\/p>\n<\/div><\/div><\/div><style type=\"text\/css\">.fusion-body .fusion-builder-column-1{width:25% !important;margin-top : 0px;margin-bottom : 20px;}.fusion-builder-column-1 > .fusion-column-wrapper {padding-top : 4% !important;padding-right : 4% !important;margin-right : 7.68%;padding-bottom : 4% !important;padding-left : 4% !important;margin-left : 7.68%;}@media only screen and (max-width:1532px) {.fusion-body .fusion-builder-column-1{width:25% !important;order : 0;}.fusion-builder-column-1 > .fusion-column-wrapper {margin-right : 7.68%;margin-left : 7.68%;}}@media only screen and (max-width:640px) {.fusion-body .fusion-builder-column-1{width:100% !important;order : 0;}.fusion-builder-column-1 > .fusion-column-wrapper {margin-right : 1.92%;margin-left : 1.92%;}}<\/style><\/div><style type=\"text\/css\">.fusion-body .fusion-flex-container.fusion-builder-row-1{ padding-top : 0px;margin-top : 0px;padding-right : 0px;padding-bottom : 0px;margin-bottom : 0px;padding-left : 0px;}<\/style><\/div>\n","protected":false},"excerpt":{"rendered":"","protected":false},"author":13,"featured_media":0,"parent":0,"menu_order":0,"comment_status":"closed","ping_status":"closed","template":"","meta":[],"acf":[],"_links":{"self":[{"href":"https:\/\/www.incliva.es\/en\/wp-json\/wp\/v2\/pages\/33739"}],"collection":[{"href":"https:\/\/www.incliva.es\/en\/wp-json\/wp\/v2\/pages"}],"about":[{"href":"https:\/\/www.incliva.es\/en\/wp-json\/wp\/v2\/types\/page"}],"author":[{"embeddable":true,"href":"https:\/\/www.incliva.es\/en\/wp-json\/wp\/v2\/users\/13"}],"replies":[{"embeddable":true,"href":"https:\/\/www.incliva.es\/en\/wp-json\/wp\/v2\/comments?post=33739"}],"version-history":[{"count":2,"href":"https:\/\/www.incliva.es\/en\/wp-json\/wp\/v2\/pages\/33739\/revisions"}],"predecessor-version":[{"id":33749,"href":"https:\/\/www.incliva.es\/en\/wp-json\/wp\/v2\/pages\/33739\/revisions\/33749"}],"wp:attachment":[{"href":"https:\/\/www.incliva.es\/en\/wp-json\/wp\/v2\/media?parent=33739"}],"curies":[{"name":"wp","href":"https:\/\/api.w.org\/{rel}","templated":true}]}}