{"id":32951,"date":"2024-06-07T12:28:32","date_gmt":"2024-06-07T10:28:32","guid":{"rendered":"https:\/\/www.incliva.es\/services\/researcher-services\/scientific-management\/international\/featured-projects\/aida\/"},"modified":"2024-07-23T14:23:49","modified_gmt":"2024-07-23T12:23:49","slug":"aida","status":"publish","type":"page","link":"https:\/\/www.incliva.es\/en\/services\/researcher-services\/scientific-management\/international\/featured-projects\/aida\/","title":{"rendered":"AIDA"},"content":{"rendered":"<div class=\"fusion-fullwidth fullwidth-box fusion-builder-row-1 fusion-flex-container nonhundred-percent-fullwidth non-hundred-percent-height-scrolling\" style=\"background-color: rgba(255,255,255,0);background-position: center center;background-repeat: no-repeat;border-width: 0px 0px 0px 0px;border-color:#e2e2e2;border-style:solid;\" ><div class=\"fusion-builder-row fusion-row fusion-flex-align-items-flex-start\" style=\"max-width:1248px;margin-left: calc(-4% \/ 2 );margin-right: calc(-4% \/ 2 );\"><div class=\"fusion-layout-column fusion_builder_column fusion-builder-column-0 fusion_builder_column_2_3 2_3 fusion-flex-column\"><div class=\"fusion-column-wrapper fusion-flex-justify-content-flex-start fusion-content-layout-column\" style=\"background-position:left top;background-repeat:no-repeat;-webkit-background-size:cover;-moz-background-size:cover;-o-background-size:cover;background-size:cover;padding: 0px 0px 0px 0px;\"><div style=\"text-align:center;\"><span class=\" fusion-imageframe imageframe-none imageframe-1 hover-type-none\" style=\"width:100%;max-width:400PX;\"><img width=\"2499\" height=\"636\" alt=\"Logo AIDA\" title=\"Graphic-identity-AIDA_logo-06\" src=\"https:\/\/www.incliva.es\/wp-content\/uploads\/2024\/06\/Graphic-identity-AIDA_logo-06.jpg\" class=\"img-responsive wp-image-31401\" srcset=\"https:\/\/www.incliva.es\/wp-content\/uploads\/2024\/06\/Graphic-identity-AIDA_logo-06-200x51.jpg 200w, https:\/\/www.incliva.es\/wp-content\/uploads\/2024\/06\/Graphic-identity-AIDA_logo-06-400x102.jpg 400w, https:\/\/www.incliva.es\/wp-content\/uploads\/2024\/06\/Graphic-identity-AIDA_logo-06-600x153.jpg 600w, https:\/\/www.incliva.es\/wp-content\/uploads\/2024\/06\/Graphic-identity-AIDA_logo-06-800x204.jpg 800w, https:\/\/www.incliva.es\/wp-content\/uploads\/2024\/06\/Graphic-identity-AIDA_logo-06-1200x305.jpg 1200w, https:\/\/www.incliva.es\/wp-content\/uploads\/2024\/06\/Graphic-identity-AIDA_logo-06.jpg 2499w\" sizes=\"(max-width: 640px) 100vw, 800px\" \/><\/span><\/div><style type=\"text\/css\">@media only screen and (max-width:1532px) {.fusion-title.fusion-title-1{margin-top:10px!important;margin-bottom:15px!important;}}@media only screen and (max-width:640px) {.fusion-title.fusion-title-1{margin-top:10px!important;margin-bottom:10px!important;}}<\/style><div class=\"fusion-title title fusion-title-1 fusion-title-text fusion-title-size-one\" style=\"margin-top:10px;margin-bottom:15px;\"><div class=\"title-sep-container title-sep-container-left fusion-no-large-visibility fusion-no-medium-visibility fusion-no-small-visibility\"><div class=\"title-sep sep-single sep-solid\" style=\"border-color:#3d44ac;\"><\/div><\/div><h1 class=\"title-heading-left\" style=\"margin:0;\"><\/h1><div class=\"title-sep-container title-sep-container-right\"><div class=\"title-sep sep-single sep-solid\" style=\"border-color:#3d44ac;\"><\/div><\/div><\/div><div class=\"fusion-text fusion-text-1\" style=\"transform:translate3d(0,0,0);\"><h6>An Artificially Intelligent Diagnostic Assistant for gastric inflammation<\/h6>\n<\/div><div class=\"fusion-text fusion-text-2\" style=\"transform:translate3d(0,0,0);\"><p>Gastric cancer is the fifth most common cancer and the fifth leading cause of cancer-related death worldwide in both sexes. It affects nearly one million people and, so far, no strategy has been able to significantly improve its prognosis. The cancer causes 783,000 deaths per year and the survival rate for patients in advanced stages is approximately 12 months. Most cases are detected at late stages, so diagnosing people at risk of developing gastric cancer at the pre-symptomatic stage could significantly improve their prognosis.<\/p>\n<p>AIDA aims to create an artificial intelligence-powered tool that will help diagnose precancerous inflammation, enable personalised medical follow-up, make recommendations to monitor the patient&#8217;s health status and offer treatment, thus contributing to the prevention of gastric cancer.<\/p>\n<p>AIDA will be shaped by the collaboration of data from different sectors, including research and innovation centres, clinical partners, industry and patients, following European data protection law.<\/p>\n<p><strong>Consortium<\/strong><\/p>\n<p>AIDA brings together 12 partners from 8 European countries: Lithuania, Spain, United Kingdom, Netherlands, Portugal, Belgium, France and Latvia.<\/p>\n<p>The principal investigators of AIDA are Tania Fleitas, from INCLIVA; Javier Gisbert, from Hospital Universitario La Princesa in Madrid, and Leticia Moreira, from Hospital Cl\u00ednic in Barcelona.The principal investigators from other countries are Kirill Veselkov, from Imperial College London (UK); Tamara Matysiak-Budnik, from the University of Nantes (France); Mario Dinis-Ribeiro, from the Portuguese Institute of Oncology in Porto, and F\u00e1tima Carneiro, from I3S (Portugal); Stefano Sedola from Stratejai SME and Zorana Maravic from DiCE patient association (Belgium); Manon Spaander from Erasmus University, Rotterdam (The Netherlands); Marcis Leja from the University of Latvia; and Jonaitis Laimas from the University of Lithuania.<\/p>\n<p><strong>The role of INCLIVA<\/strong><\/p>\n<p>INCLIVA is the coordinating entity of this international and multicentre project.<\/p>\n<p>The INCLIVA research team is made up of Ana Miralles (coordination and management); Carolina Mart\u00ednez (pathological anatomy); Rosana Villagrasa, Pablo Navarro and Andr\u00e9s Pe\u00f1a (digestive medicine); Juan Carbonell (biostatistics); Pilar Rentero (precision medicine); Elena Jim\u00e9nez, Manuel Cabeza, Josefa Castillo and Andrea Mar\u00edn (translational laboratory); Sergio Romero (data management) and the oncologists Valentina Gambardella and Andr\u00e9s Cervantes.<\/p>\n<\/div><div class=\"fusion-separator fusion-full-width-sep\" style=\"align-self: center;margin-left: auto;margin-right: auto;width:100%;\"><div class=\"fusion-separator-border sep-single\" style=\"border-color:#9da0d2;border-top-width:1px;\"><\/div><\/div><div class=\"fusion-text fusion-text-3\" style=\"transform:translate3d(0,0,0);\"><p><strong>Financiaci\u00f3n<\/strong><\/p>\n<p><img class=\"size-full wp-image-16580 alignleft\" src=\"https:\/\/www.incliva.es\/wp-content\/uploads\/2023\/01\/pie-financiacion-e1673594851873.jpg\" alt=\"\" width=\"280\" height=\"119\" srcset=\"https:\/\/www.incliva.es\/wp-content\/uploads\/2023\/01\/pie-financiacion-e1673594851873-200x85.jpg 200w, https:\/\/www.incliva.es\/wp-content\/uploads\/2023\/01\/pie-financiacion-e1673594851873.jpg 280w\" sizes=\"(max-width: 280px) 100vw, 280px\" \/><\/p>\n<p>AIDA is funded by the European Union (grant number 101095359) and supported by UK Research and Innovation (grant number 10058099). The views expressed are those of the author(s) alone and do not necessarily reflect those of the European Union or the Health and Digital Executive Agency (HaDEA). Neither the European Union nor the granting authority are responsible for them.<\/p>\n<\/div><\/div><\/div><style type=\"text\/css\">.fusion-body .fusion-builder-column-0{width:66.666666666667% !important;margin-top : 0px;margin-bottom : 20px;}.fusion-builder-column-0 > .fusion-column-wrapper {padding-top : 0px !important;padding-right : 0px !important;margin-right : 2.88%;padding-bottom : 0px !important;padding-left : 0px !important;margin-left : 2.88%;}@media only screen and (max-width:1532px) {.fusion-body .fusion-builder-column-0{width:66.666666666667% !important;}.fusion-builder-column-0 > .fusion-column-wrapper {margin-right : 2.88%;margin-left : 2.88%;}}@media only screen and (max-width:640px) {.fusion-body .fusion-builder-column-0{width:100% !important;}.fusion-builder-column-0 > .fusion-column-wrapper {margin-right : 1.92%;margin-left : 1.92%;}}<\/style><div class=\"fusion-layout-column fusion_builder_column fusion-builder-column-1 fusion_builder_column_1_3 1_3 fusion-flex-column\"><div class=\"fusion-column-wrapper fusion-column-has-shadow fusion-flex-justify-content-flex-start fusion-content-layout-column\" style=\"background-position:left top;background-repeat:no-repeat;-webkit-background-size:cover;-moz-background-size:cover;-o-background-size:cover;background-size:cover;background-color:#f9f9f9;border-width: 0 0 0 2px;border-color:#9DA0D2;border-style:solid;box-shadow:0px 0px ;;padding: 4% 4% 4% 4%;\"><div class=\"fusion-text fusion-text-4\" style=\"transform:translate3d(0,0,0);\"><h5 style=\"text-align: center;\">PROGRAMA<\/h5>\n<p style=\"text-align: center;\">HORIZON Health<\/p>\n<\/div><div class=\"fusion-separator fusion-full-width-sep\" style=\"align-self: center;margin-left: auto;margin-right: auto;margin-top:10px;margin-bottom:10px;width:100%;\"><div class=\"fusion-separator-border sep-single sep-solid\" style=\"border-color:#9DA0D2;border-top-width:1px;\"><\/div><\/div><div class=\"fusion-text fusion-text-5\" style=\"transform:translate3d(0,0,0);\"><h5 style=\"text-align: center;\">PRINCIPAL\u00a0INVESTIGATOR<\/h5>\n<p style=\"text-align: center;\">Dr. Tania Fleitas<\/p>\n<\/div><div class=\"fusion-separator fusion-full-width-sep\" style=\"align-self: center;margin-left: auto;margin-right: auto;margin-top:10px;margin-bottom:10px;width:100%;\"><div class=\"fusion-separator-border sep-single sep-solid\" style=\"border-color:#9DA0D2;border-top-width:1px;\"><\/div><\/div><div class=\"fusion-text fusion-text-6\" style=\"transform:translate3d(0,0,0);\"><h5 style=\"text-align: center;\">ROLE<\/h5>\n<p style=\"text-align: center;\">Coordinator<\/p>\n<\/div><div class=\"fusion-text fusion-text-7\" style=\"transform:translate3d(0,0,0);\"><h5 style=\"text-align: center;\">FUNDING<\/h5>\n<p style=\"text-align: center;\">\u20ac 1,138, 750<\/p>\n<\/div><div class=\"fusion-text fusion-text-8\" style=\"transform:translate3d(0,0,0);\"><h5 style=\"text-align: center;\">START\/END<\/h5>\n<p style=\"text-align: center;\">2023-2026<\/p>\n<\/div><div class=\"fusion-separator fusion-full-width-sep\" style=\"align-self: center;margin-left: auto;margin-right: auto;margin-top:10px;margin-bottom:10px;width:100%;\"><div class=\"fusion-separator-border sep-single sep-solid\" style=\"border-color:#9DA0D2;border-top-width:1px;\"><\/div><\/div><div class=\"fusion-text fusion-text-9\" style=\"transform:translate3d(0,0,0);\"><h5 style=\"text-align: center;\">WEB<\/h5>\n<p style=\"text-align: center;\"><a href=\"https:\/\/www.aidaeuproject.org\" target=\"_blank\" rel=\"noopener\">https:\/\/www.aidaeuproject.org<\/a><\/p>\n<\/div><div class=\"fusion-text fusion-text-10\" style=\"transform:translate3d(0,0,0);\"><h5 style=\"text-align: center;\">SOCIAL MEDIA<\/h5>\n<\/div><div class=\"fusion-social-links\" style=\"text-align:center\"><div class=\"fusion-social-networks\"><div class=\"fusion-social-networks-wrapper\"><a class=\"fusion-social-network-icon fusion-tooltip fusion-facebook fusion-icon-facebook\" style=\"color:#9ea0a4;font-size:16px;\" data-placement=\"top\" data-title=\"Facebook\" data-toggle=\"tooltip\" title=\"Facebook\" aria-label=\"facebook\" target=\"_blank\" rel=\"noopener noreferrer\" href=\"https:\/\/www.facebook.com\/people\/AIDA-EU-project\/100090460866495\/\"><\/a><a class=\"fusion-social-network-icon fusion-tooltip fusion-twitter fusion-icon-twitter\" style=\"color:#9ea0a4;font-size:16px;\" data-placement=\"top\" data-title=\"Twitter\" data-toggle=\"tooltip\" title=\"Twitter\" aria-label=\"twitter\" target=\"_blank\" rel=\"noopener noreferrer\" href=\"https:\/\/x.com\/AIDAeuproject\"><\/a><a class=\"fusion-social-network-icon fusion-tooltip fusion-linkedin fusion-icon-linkedin\" style=\"color:#9ea0a4;font-size:16px;\" data-placement=\"top\" data-title=\"LinkedIn\" data-toggle=\"tooltip\" title=\"LinkedIn\" aria-label=\"linkedin\" target=\"_blank\" rel=\"noopener noreferrer\" href=\"https:\/\/www.linkedin.com\/in\/aida-eu-project-034585266\/\"><\/a><a class=\"fusion-social-network-icon fusion-tooltip fusion-instagram fusion-icon-instagram\" style=\"color:#9ea0a4;font-size:16px;\" data-placement=\"top\" data-title=\"Instagram\" data-toggle=\"tooltip\" title=\"Instagram\" aria-label=\"instagram\" target=\"_blank\" rel=\"noopener noreferrer\" href=\"https:\/\/www.instagram.com\/aidaeuproject\/\"><\/a><a class=\"fusion-social-network-icon fusion-tooltip fusion-youtube fusion-icon-youtube\" style=\"color:#9ea0a4;font-size:16px;\" data-placement=\"top\" data-title=\"YouTube\" data-toggle=\"tooltip\" title=\"YouTube\" aria-label=\"youtube\" target=\"_blank\" rel=\"noopener noreferrer\" href=\"https:\/\/www.youtube.com\/channel\/UCG7jY-aS8t01V_pcV-NE-sQ\"><\/a><\/div><\/div><\/div><\/div><\/div><style type=\"text\/css\">.fusion-body .fusion-builder-column-1{width:33.333333333333% !important;margin-top : 0px;margin-bottom : 20px;}.fusion-builder-column-1 > .fusion-column-wrapper {padding-top : 4% !important;padding-right : 4% !important;margin-right : 5.76%;padding-bottom : 4% !important;padding-left : 4% !important;margin-left : 5.76%;}@media only screen and (max-width:1532px) {.fusion-body .fusion-builder-column-1{width:33.333333333333% !important;order : 0;}.fusion-builder-column-1 > .fusion-column-wrapper {margin-right : 5.76%;margin-left : 5.76%;}}@media only screen and (max-width:640px) {.fusion-body .fusion-builder-column-1{width:100% !important;order : 0;}.fusion-builder-column-1 > .fusion-column-wrapper {margin-right : 1.92%;margin-left : 1.92%;}}<\/style><\/div><style type=\"text\/css\">.fusion-body .fusion-flex-container.fusion-builder-row-1{ padding-top : 0px;margin-top : 0px;padding-right : 0px;padding-bottom : 0px;margin-bottom : 0px;padding-left : 0px;}<\/style><\/div>\n","protected":false},"excerpt":{"rendered":"","protected":false},"author":10,"featured_media":0,"parent":9839,"menu_order":0,"comment_status":"closed","ping_status":"closed","template":"","meta":[],"acf":[],"_links":{"self":[{"href":"https:\/\/www.incliva.es\/en\/wp-json\/wp\/v2\/pages\/32951"}],"collection":[{"href":"https:\/\/www.incliva.es\/en\/wp-json\/wp\/v2\/pages"}],"about":[{"href":"https:\/\/www.incliva.es\/en\/wp-json\/wp\/v2\/types\/page"}],"author":[{"embeddable":true,"href":"https:\/\/www.incliva.es\/en\/wp-json\/wp\/v2\/users\/10"}],"replies":[{"embeddable":true,"href":"https:\/\/www.incliva.es\/en\/wp-json\/wp\/v2\/comments?post=32951"}],"version-history":[{"count":2,"href":"https:\/\/www.incliva.es\/en\/wp-json\/wp\/v2\/pages\/32951\/revisions"}],"predecessor-version":[{"id":32953,"href":"https:\/\/www.incliva.es\/en\/wp-json\/wp\/v2\/pages\/32951\/revisions\/32953"}],"up":[{"embeddable":true,"href":"https:\/\/www.incliva.es\/en\/wp-json\/wp\/v2\/pages\/9839"}],"wp:attachment":[{"href":"https:\/\/www.incliva.es\/en\/wp-json\/wp\/v2\/media?parent=32951"}],"curies":[{"name":"wp","href":"https:\/\/api.w.org\/{rel}","templated":true}]}}