{"id":32942,"date":"2024-07-23T14:00:56","date_gmt":"2024-07-23T12:00:56","guid":{"rendered":"https:\/\/www.incliva.es\/services\/researcher-services\/scientific-management\/international\/featured-projects\/oncodir\/"},"modified":"2024-07-23T14:26:16","modified_gmt":"2024-07-23T12:26:16","slug":"oncodir","status":"publish","type":"page","link":"https:\/\/www.incliva.es\/en\/services\/researcher-services\/scientific-management\/international\/featured-projects\/oncodir\/","title":{"rendered":"ONCODIR"},"content":{"rendered":"<div class=\"fusion-fullwidth fullwidth-box fusion-builder-row-1 fusion-flex-container nonhundred-percent-fullwidth non-hundred-percent-height-scrolling\" style=\"background-color: rgba(255,255,255,0);background-position: center center;background-repeat: no-repeat;border-width: 0px 0px 0px 0px;border-color:#e2e2e2;border-style:solid;\" ><div class=\"fusion-builder-row fusion-row fusion-flex-align-items-flex-start\" style=\"max-width:1248px;margin-left: calc(-4% \/ 2 );margin-right: calc(-4% \/ 2 );\"><div class=\"fusion-layout-column fusion_builder_column fusion-builder-column-0 fusion_builder_column_2_3 2_3 fusion-flex-column\"><div class=\"fusion-column-wrapper fusion-flex-justify-content-flex-start fusion-content-layout-column\" style=\"background-position:left top;background-repeat:no-repeat;-webkit-background-size:cover;-moz-background-size:cover;-o-background-size:cover;background-size:cover;padding: 0px 0px 0px 0px;\"><div style=\"text-align:center;\"><span class=\" fusion-imageframe imageframe-none imageframe-1 hover-type-none\" style=\"width:100%;max-width:400PX;margin-top:20px;margin-bottom:20px;\"><a class=\"fusion-no-lightbox\" href=\"https:\/\/prime-ckd.com\/ \" target=\"_blank\" aria-label=\"LOGO ONCODIR\" rel=\"noopener noreferrer\"><img width=\"792\" height=\"126\" src=\"https:\/\/www.incliva.es\/wp-content\/uploads\/2024\/01\/LOGO-ONCODIR.jpg\" class=\"img-responsive wp-image-27815\" srcset=\"https:\/\/www.incliva.es\/wp-content\/uploads\/2024\/01\/LOGO-ONCODIR-200x32.jpg 200w, https:\/\/www.incliva.es\/wp-content\/uploads\/2024\/01\/LOGO-ONCODIR-400x64.jpg 400w, https:\/\/www.incliva.es\/wp-content\/uploads\/2024\/01\/LOGO-ONCODIR-600x95.jpg 600w, https:\/\/www.incliva.es\/wp-content\/uploads\/2024\/01\/LOGO-ONCODIR.jpg 792w\" sizes=\"(max-width: 640px) 100vw, 792px\" \/><\/a><\/span><\/div><style type=\"text\/css\">@media only screen and (max-width:1532px) {.fusion-title.fusion-title-1{margin-top:10px!important;margin-bottom:15px!important;}}@media only screen and (max-width:640px) {.fusion-title.fusion-title-1{margin-top:10px!important;margin-bottom:10px!important;}}<\/style><div class=\"fusion-title title fusion-title-1 fusion-title-text fusion-title-size-one\" style=\"margin-top:10px;margin-bottom:15px;\"><div class=\"title-sep-container title-sep-container-left fusion-no-large-visibility fusion-no-medium-visibility fusion-no-small-visibility\"><div class=\"title-sep sep-single sep-solid\" style=\"border-color:#3d44ac;\"><\/div><\/div><h1 class=\"title-heading-left\" style=\"margin:0;\">ONCODIR<\/h1><div class=\"title-sep-container title-sep-container-right\"><div class=\"title-sep sep-single sep-solid\" style=\"border-color:#3d44ac;\"><\/div><\/div><\/div><div class=\"fusion-text fusion-text-1\" style=\"transform:translate3d(0,0,0);\"><h6>Evidence-based Participatory Decision Making for Cancer Prevention through implementation research<\/h6>\n<\/div><div class=\"fusion-text fusion-text-2\" style=\"transform:translate3d(0,0,0);\"><p>Colorectal cancer is one of the most common malignant tumours worldwide, with a marked increase among low socio-economic populations, especially in people under the age of 50, with a possible cause in unhealthy eating habits and lifestyles.<\/p>\n<p>The ONCODIR project aims to identify risk factors associated with colorectal cancer and combine research methods and technologies from diverse disciplines &#8211; such as modifiable risk factor analysis, health policy, and social and behavioural sciences, together with multi-omics and retrospective data analysis using artificial intelligence (AI), as well as decision support theories &#8211; to deliver more accurate, evidence-based cancer prevention programmes.<\/p>\n<p>ONCODIR will offer recommendation services based on input from citizens, medical staff, health policy makers and experts in the social sciences and humanities through design thinking workshops. Factors such as lifestyle, dietary habits, physical and social activity or economic, sociological, cultural or ethical circumstances will be assessed.<\/p>\n<p>To validate the results of ONCODIR, field experiments and pilot projects will be carried out in five European Union countries for which cost-effectiveness, affordability and cost-benefit parameters will be considered.<\/p>\n<p><strong>Consortium<\/strong><\/p>\n<p>The project consists of a consortium of 27 entities from various technological and scientific fields from ten countries, under the coordination of the Centre for Research and Technology Hellas (CERTH) in Greece.<\/p>\n<p><strong>The role of INCLIVA<\/strong><\/p>\n<p>INCLIVA is leading the second work package of the project, dedicated to the harmonisation of user requirements, the systematic review of scientific literature and meta-analysis on risk factors for the development of colorectal cancer, the detection of behavioural barriers of vulnerable groups and the identification of existing and potential policies in the European area that promote prevention measures against the development of colorectal cancer.<\/p>\n<\/div><div class=\"fusion-separator fusion-full-width-sep\" style=\"align-self: center;margin-left: auto;margin-right: auto;width:100%;\"><div class=\"fusion-separator-border sep-single\" style=\"border-color:#9da0d2;border-top-width:1px;\"><\/div><\/div><div ><span class=\" fusion-imageframe imageframe-none imageframe-2 hover-type-none\" style=\"width:100%;max-width:200px;\"><img width=\"2560\" height=\"537\" title=\"EN-Funded by the EU-POS\" src=\"https:\/\/www.incliva.es\/wp-content\/uploads\/2023\/02\/EN-Funded-by-the-EU-POS-scaled-e1717506232841.jpg\" class=\"img-responsive wp-image-17267\"\/><\/span><\/div><div class=\"fusion-text fusion-text-3\" style=\"font-size:11px;transform:translate3d(0,0,0);\"><p>Funded by the European Union. Views and opinions expressed are however those of the author(s) only and do not necessarily reflect those of the European Union or European Health and Digital Executive Agency (HaDEA). Neither the European Union nor the granting authority can be held responsible for them.<\/p>\n<\/div><\/div><\/div><style type=\"text\/css\">.fusion-body .fusion-builder-column-0{width:66.666666666667% !important;margin-top : 0px;margin-bottom : 20px;}.fusion-builder-column-0 > .fusion-column-wrapper {padding-top : 0px !important;padding-right : 0px !important;margin-right : 2.88%;padding-bottom : 0px !important;padding-left : 0px !important;margin-left : 2.88%;}@media only screen and (max-width:1532px) {.fusion-body .fusion-builder-column-0{width:66.666666666667% !important;}.fusion-builder-column-0 > .fusion-column-wrapper {margin-right : 2.88%;margin-left : 2.88%;}}@media only screen and (max-width:640px) {.fusion-body .fusion-builder-column-0{width:100% !important;}.fusion-builder-column-0 > .fusion-column-wrapper {margin-right : 1.92%;margin-left : 1.92%;}}<\/style><div class=\"fusion-layout-column fusion_builder_column fusion-builder-column-1 fusion_builder_column_1_3 1_3 fusion-flex-column\"><div class=\"fusion-column-wrapper fusion-column-has-shadow fusion-flex-justify-content-flex-start fusion-content-layout-column\" style=\"background-position:left top;background-repeat:no-repeat;-webkit-background-size:cover;-moz-background-size:cover;-o-background-size:cover;background-size:cover;background-color:#f9f9f9;border-width: 0 0 0 2px;border-color:#9DA0D2;border-style:solid;box-shadow:0px 0px ;;padding: 4% 4% 4% 4%;\"><div class=\"fusion-text fusion-text-4\" style=\"transform:translate3d(0,0,0);\"><h5 style=\"text-align: center;\">PROGRAMME<\/h5>\n<p style=\"text-align: center;\">HORIZON Health<\/p>\n<\/div><div class=\"fusion-separator fusion-full-width-sep\" style=\"align-self: center;margin-left: auto;margin-right: auto;margin-top:10px;margin-bottom:10px;width:100%;\"><div class=\"fusion-separator-border sep-single sep-solid\" style=\"border-color:#9DA0D2;border-top-width:1px;\"><\/div><\/div><div class=\"fusion-text fusion-text-5\" style=\"transform:translate3d(0,0,0);\"><h5 style=\"text-align: center;\">PRINCIPAL\u00a0INVESTIGATOR<\/h5>\n<p style=\"text-align: center;\">Dr. Jos\u00e9 Mar\u00eda Mart\u00edn Moreno<\/p>\n<\/div><div class=\"fusion-separator fusion-full-width-sep\" style=\"align-self: center;margin-left: auto;margin-right: auto;margin-top:10px;margin-bottom:10px;width:100%;\"><div class=\"fusion-separator-border sep-single sep-solid\" style=\"border-color:#9DA0D2;border-top-width:1px;\"><\/div><\/div><div class=\"fusion-text fusion-text-6\" style=\"transform:translate3d(0,0,0);\"><h5 style=\"text-align: center;\">ROLE<\/h5>\n<p style=\"text-align: center;\">Partners<\/p>\n<\/div><div class=\"fusion-text fusion-text-7\" style=\"transform:translate3d(0,0,0);\"><h5 style=\"text-align: center;\">FUNDING<\/h5>\n<p style=\"text-align: center;\">\u20ac 444,500<\/p>\n<\/div><div class=\"fusion-text fusion-text-8\" style=\"transform:translate3d(0,0,0);\"><h5 style=\"text-align: center;\">START\/END<\/h5>\n<p style=\"text-align: center;\">2023-2026<\/p>\n<\/div><div class=\"fusion-separator fusion-full-width-sep\" style=\"align-self: center;margin-left: auto;margin-right: auto;margin-top:10px;margin-bottom:10px;width:100%;\"><div class=\"fusion-separator-border sep-single sep-solid\" style=\"border-color:#9DA0D2;border-top-width:1px;\"><\/div><\/div><div class=\"fusion-text fusion-text-9\" style=\"transform:translate3d(0,0,0);\"><h5 style=\"text-align: center;\">WEB<\/h5>\n<p style=\"text-align: center;\"><a href=\"https:\/\/www.oncodir.eu\/\" target=\"_blank\" rel=\"noopener\">www.oncodir.eu<\/a><\/p>\n<\/div><div class=\"fusion-text fusion-text-10\" style=\"transform:translate3d(0,0,0);\"><h5 style=\"text-align: center;\">SOCIAL MEDIA<\/h5>\n<\/div><div class=\"fusion-social-links\" style=\"text-align:center\"><div class=\"fusion-social-networks\"><div class=\"fusion-social-networks-wrapper\"><a class=\"fusion-social-network-icon fusion-tooltip fusion-facebook fusion-icon-facebook\" style=\"color:#9ea0a4;font-size:16px;\" data-placement=\"top\" data-title=\"Facebook\" data-toggle=\"tooltip\" title=\"Facebook\" aria-label=\"facebook\" target=\"_blank\" rel=\"noopener noreferrer\" href=\"https:\/\/www.facebook.com\/ONCODIReu\"><\/a><a class=\"fusion-social-network-icon fusion-tooltip fusion-twitter fusion-icon-twitter\" style=\"color:#9ea0a4;font-size:16px;\" data-placement=\"top\" data-title=\"Twitter\" data-toggle=\"tooltip\" title=\"Twitter\" aria-label=\"twitter\" target=\"_blank\" rel=\"noopener noreferrer\" href=\"https:\/\/twitter.com\/ONCODIR\"><\/a><a class=\"fusion-social-network-icon fusion-tooltip fusion-linkedin fusion-icon-linkedin\" style=\"color:#9ea0a4;font-size:16px;\" data-placement=\"top\" data-title=\"LinkedIn\" data-toggle=\"tooltip\" title=\"LinkedIn\" aria-label=\"linkedin\" target=\"_blank\" rel=\"noopener noreferrer\" href=\"https:\/\/www.linkedin.com\/company\/oncodir\/\"><\/a><\/div><\/div><\/div><\/div><\/div><style type=\"text\/css\">.fusion-body .fusion-builder-column-1{width:33.333333333333% !important;margin-top : 0px;margin-bottom : 20px;}.fusion-builder-column-1 > .fusion-column-wrapper {padding-top : 4% !important;padding-right : 4% !important;margin-right : 5.76%;padding-bottom : 4% !important;padding-left : 4% !important;margin-left : 5.76%;}@media only screen and (max-width:1532px) {.fusion-body .fusion-builder-column-1{width:33.333333333333% !important;order : 0;}.fusion-builder-column-1 > .fusion-column-wrapper {margin-right : 5.76%;margin-left : 5.76%;}}@media only screen and (max-width:640px) {.fusion-body .fusion-builder-column-1{width:100% !important;order : 0;}.fusion-builder-column-1 > .fusion-column-wrapper {margin-right : 1.92%;margin-left : 1.92%;}}<\/style><\/div><style type=\"text\/css\">.fusion-body .fusion-flex-container.fusion-builder-row-1{ padding-top : 0px;margin-top : 0px;padding-right : 0px;padding-bottom : 0px;margin-bottom : 0px;padding-left : 0px;}<\/style><\/div>\n","protected":false},"excerpt":{"rendered":"","protected":false},"author":10,"featured_media":0,"parent":9839,"menu_order":0,"comment_status":"closed","ping_status":"closed","template":"","meta":[],"acf":[],"_links":{"self":[{"href":"https:\/\/www.incliva.es\/en\/wp-json\/wp\/v2\/pages\/32942"}],"collection":[{"href":"https:\/\/www.incliva.es\/en\/wp-json\/wp\/v2\/pages"}],"about":[{"href":"https:\/\/www.incliva.es\/en\/wp-json\/wp\/v2\/types\/page"}],"author":[{"embeddable":true,"href":"https:\/\/www.incliva.es\/en\/wp-json\/wp\/v2\/users\/10"}],"replies":[{"embeddable":true,"href":"https:\/\/www.incliva.es\/en\/wp-json\/wp\/v2\/comments?post=32942"}],"version-history":[{"count":3,"href":"https:\/\/www.incliva.es\/en\/wp-json\/wp\/v2\/pages\/32942\/revisions"}],"predecessor-version":[{"id":32955,"href":"https:\/\/www.incliva.es\/en\/wp-json\/wp\/v2\/pages\/32942\/revisions\/32955"}],"up":[{"embeddable":true,"href":"https:\/\/www.incliva.es\/en\/wp-json\/wp\/v2\/pages\/9839"}],"wp:attachment":[{"href":"https:\/\/www.incliva.es\/en\/wp-json\/wp\/v2\/media?parent=32942"}],"curies":[{"name":"wp","href":"https:\/\/api.w.org\/{rel}","templated":true}]}}