{"id":32265,"date":"2024-07-03T08:16:49","date_gmt":"2024-07-03T06:16:49","guid":{"rendered":"https:\/\/www.incliva.es\/services\/platforms\/unidad-de-espectrometria-de-masas\/"},"modified":"2025-05-27T13:37:22","modified_gmt":"2025-05-27T11:37:22","slug":"unidad-de-espectrometria-de-masas","status":"publish","type":"page","link":"https:\/\/www.incliva.es\/en\/services\/platforms\/unidad-de-espectrometria-de-masas\/","title":{"rendered":"Unidad de Espectrometr\u00eda de Masas"},"content":{"rendered":"<p><div class=\"fusion-fullwidth fullwidth-box fusion-builder-row-1 fusion-flex-container nonhundred-percent-fullwidth non-hundred-percent-height-scrolling\" style=\"background-color: rgba(255,255,255,0);background-position: center center;background-repeat: no-repeat;border-width: 0px 0px 0px 0px;border-color:#e2e2e2;border-style:solid;\" ><div class=\"fusion-builder-row fusion-row fusion-flex-align-items-flex-start\" style=\"max-width:1248px;margin-left: calc(-4% \/ 2 );margin-right: calc(-4% \/ 2 );\"><div class=\"fusion-layout-column fusion_builder_column fusion-builder-column-0 fusion_builder_column_2_3 2_3 fusion-flex-column\"><div class=\"fusion-column-wrapper fusion-flex-justify-content-flex-start fusion-content-layout-column\" style=\"background-position:left top;background-repeat:no-repeat;-webkit-background-size:cover;-moz-background-size:cover;-o-background-size:cover;background-size:cover;padding: 0px 0px 0px 0px;\"><div class=\"fusion-text fusion-text-1\" style=\"transform:translate3d(0,0,0);\"><h5>Introducci\u00f3n<\/h5>\n<p>La Unidad de Espectrometr\u00eda de Masas es una plataforma transversal de apoyo a la investigaci\u00f3n que ofrece una cartera de servicios al alcance de cualquier investigador. Su misi\u00f3n es impulsar, promover y ejecutar una investigaci\u00f3n traslacional de calidad ofreciendo apoyo tanto en farmacolog\u00eda, cl\u00ednica y prote\u00f3mica.<\/p>\n<p>La Espectrometr\u00eda de Masas es una t\u00e9cnica anal\u00edtica que destaca por su capacidad para identificar y cuantificar con gran precisi\u00f3n y sensibilidad una amplia variedad de mol\u00e9culas, incluso a concentraciones extremadamente bajas (sub-femtomol). Su elevada especificidad permite la diferenciaci\u00f3n de compuestos estructuralmente similares, mientras que su capacidad de multiplexaci\u00f3n facilita el an\u00e1lisis simult\u00e1neo de m\u00faltiples analitos en una sola inyecci\u00f3n.<\/p>\n<p>La infraestructura con la que cuenta combina la cromatograf\u00eda de l\u00edquidos a escala micro con la Espectrometr\u00eda de Masas h\u00edbrido de Triple Cuadrupolo\/Trampa i\u00f3nica Lineal que permite en un mismo an\u00e1lisis la identificaci\u00f3n y cuantificaci\u00f3n de componentes con gran sensibilidad mediante t\u00e9cnicas de barrido DDA y MRM.<\/p>\n<p>La oferta de servicios est\u00e1 abierta tanto para personal de la propia Fundaci\u00f3n INCLIVA como de otras instituciones, tanto p\u00fablicas como privadas.<\/p>\n<\/div><div class=\"fusion-separator fusion-full-width-sep\" style=\"align-self: center;margin-left: auto;margin-right: auto;margin-top:10px;margin-bottom:10px;width:100%;\"><div class=\"fusion-separator-border sep-single sep-solid\" style=\"border-color:#9da0d2;border-top-width:1px;\"><\/div><\/div><div class=\"fusion-text fusion-text-2\" style=\"transform:translate3d(0,0,0);\"><h5>Servicios<\/h5>\n<p>Los servicios que se presentan a continuaci\u00f3n pueden solicitarse incluyendo o no el an\u00e1lisis de los datos.<\/p>\n<ul>\n<li>Asesoramiento y apoyo metodol\u00f3gico en la redacci\u00f3n de protocolos, proyectos de investigaci\u00f3n, art\u00edculos, trabajos de final de grado\/m\u00e1ster y tesis doctorales.<\/li>\n<li>Digesti\u00f3n enzim\u00e1tica a partir muestra de diferentes matrices biol\u00f3gicas.<\/li>\n<li>Preparaci\u00f3n muestras para LC-MS mediante purificaci\u00f3n por SPE.<\/li>\n<li>Caracterizaci\u00f3n de prote\u00ednas por huella pept\u00eddica LC-MS: MRM.<\/li>\n<li>Identificaci\u00f3n de prote\u00ednas por huella pept\u00eddica LC-MS: DDA.<\/li>\n<li>An\u00e1lisis de datos mediante software de cuantificaci\u00f3n (Skyline y SciexOS).<\/li>\n<li>Formaci\u00f3n a demanda en protocolos de preparaci\u00f3n de muestras tanto para prote\u00ednas como para peque\u00f1a mol\u00e9cula.<\/li>\n<li>Consultor\u00eda de proyectos basados en espectrometr\u00eda de masas.<\/li>\n<\/ul>\n<\/div><div class=\"fusion-separator fusion-full-width-sep\" style=\"align-self: center;margin-left: auto;margin-right: auto;margin-top:10px;margin-bottom:10px;width:100%;\"><div class=\"fusion-separator-border sep-single sep-solid\" style=\"border-color:#9da0d2;border-top-width:1px;\"><\/div><\/div><div class=\"fusion-text fusion-text-3\" style=\"transform:translate3d(0,0,0);\"><h5>Equipamiento<\/h5>\n<ul>\n<li>Sistema de Espectrometr\u00eda de Masas H\u00edbrido LC-MS3 Triple Cuadrupolo y Trampa i\u00f3nica lineal QTrap 6500+.<\/li>\n<li>Sistema de Micro-Cromatograf\u00eda de l\u00edquidos de alta precisi\u00f3n M5 MicroLC Sciex.<\/li>\n<li>Sistema inform\u00e1tico de procesado y adquisici\u00f3n de datos de \u00faltima generaci\u00f3n SciexOS.<\/li>\n<li>Software libre de revisi\u00f3n de resultados de cuantificaci\u00f3n con interfase \u00fanica de rectas de calibrado, datos de cuantificaci\u00f3n y espectros para reintegraci\u00f3n de picos y capacidad de MRM programado en funci\u00f3n del tiempo de retenci\u00f3n (Skyline).<\/li>\n<li>Sistema de almacenamiento redundante.<\/li>\n<\/ul>\n<\/div><div class=\"fusion-separator fusion-full-width-sep\" style=\"align-self: center;margin-left: auto;margin-right: auto;margin-top:10px;margin-bottom:10px;width:100%;\"><div class=\"fusion-separator-border sep-single sep-solid\" style=\"border-color:#9da0d2;border-top-width:1px;\"><\/div><\/div><div class=\"fusion-text fusion-text-4\" style=\"transform:translate3d(0,0,0);\"><h5>Calidad<\/h5>\n<p>La calidad y relevancia de los servicios ofrecidos por la unidad se puede constatar por los reconocimientos que todas las secciones en las Core Facilities de INCLIVA han recibido la certificaci\u00f3n de calidad de la Norma ISO 9001 desde 2013 (certificado ES13\/14611).<\/p>\n<\/div><div class=\"fusion-separator fusion-full-width-sep\" style=\"align-self: center;margin-left: auto;margin-right: auto;margin-top:10px;margin-bottom:10px;width:100%;\"><div class=\"fusion-separator-border sep-single sep-solid\" style=\"border-color:#9da0d2;border-top-width:1px;\"><\/div><\/div><div class=\"fusion-text fusion-text-5\" style=\"transform:translate3d(0,0,0);\"><h5>Referencias de inter\u00e9s<\/h5>\n<p>Garc\u00eda-Gim\u00e9nez JL, Garc\u00eda-L\u00f3pez E, Mena-Moll\u00e1 S, Beltr\u00e1n-Garc\u00eda J, Osca-Verdegal R, Nacher-Sendra E, Aguado-Velasco C, Casab\u00f3-Vall\u00e9s G, Rom\u00e1-Mateo C, Rodriguez-Gimillo M, Ant\u00fanez O, Ferreres J, Pallard\u00f3 FV, Carbonell N. Validation of circulating histone detection by mass spectrometry for early diagnosis, prognosis, and management of critically ill septic patients. J Transl Med. 2023 May 23;21(1):344. doi: 10.1186\/s12967-023-04197-1.<\/p>\n<p>Wienke J, Visser LL, S\u00e1nchez-Bernab\u00e9u A<strong>,<\/strong> Heck AJR, Koster J, Nierkens S, Janoueix-Lerosey I, de Krijger RR, Baryawno N, Chesler L, Anderson J, Caron HN, Margaritis T, van Noesel MM, Molenaar JJ. Integrative analysis of neuroblastoma by single-cell RNA sequencing identifies the NECTIN2-TIGIT axis as a target for immunotherapy. <em>Cancer Cell<\/em>. Feb 2024.<\/p>\n<p>Mukherjee S.<em>, <\/em>S\u00e1nchez-Bernab\u00e9u A<em>.<\/em>, Demmers LC, Wu W, Heck AJR. The HLA Ligandome Comprises a Limited Repertoire of O-GlcNAcylated Antigens Preferentially Associated With HLA-B*07:02. <em>Frontiers of Immunology<\/em>. Dec 2021.<\/p>\n<p>Ternette N, Block P, S\u00e1nchez-Bernab\u00e9u A, Borthwick N, Pappalardo E, Adbul-Jawad S, Ondondo B, Charles PD, Dorrell L, Kessler BM, Hanke T. Early kinetics of HLA class I-associated peptidome fo MVA.HIVconsv-infected cells. <em>Journal of Virology<\/em>. Mar 2015.<\/p>\n<p>Mothe B, Manzardo C, S\u00e1nchez-Bernab\u00e9u A, Mart\u00ednez-Picado J, Brander C, Hanke T. Therapeutic vaccination refocuses CTL responses towards conserved regions of HIV-1 in early treated individuals (BCN 01 study). <em>EClinicalMedicine<\/em>. Jun 2019.<\/p>\n<\/div><\/div><\/div><style type=\"text\/css\">.fusion-body .fusion-builder-column-0{width:66.666666666667% !important;margin-top : 0px;margin-bottom : 20px;}.fusion-builder-column-0 > .fusion-column-wrapper {padding-top : 0px !important;padding-right : 0px !important;margin-right : 2.88%;padding-bottom : 0px !important;padding-left : 0px !important;margin-left : 2.88%;}@media only screen and (max-width:1532px) {.fusion-body .fusion-builder-column-0{width:66.666666666667% !important;}.fusion-builder-column-0 > .fusion-column-wrapper {margin-right : 2.88%;margin-left : 2.88%;}}@media only screen and (max-width:640px) {.fusion-body .fusion-builder-column-0{width:100% !important;}.fusion-builder-column-0 > .fusion-column-wrapper {margin-right : 1.92%;margin-left : 1.92%;}}<\/style><div class=\"fusion-layout-column fusion_builder_column fusion-builder-column-1 fusion_builder_column_1_3 1_3 fusion-flex-column\"><div class=\"fusion-column-wrapper fusion-column-has-shadow fusion-flex-justify-content-flex-start fusion-content-layout-column\" style=\"background-position:left top;background-repeat:no-repeat;-webkit-background-size:cover;-moz-background-size:cover;-o-background-size:cover;background-size:cover;background-color:#f9f9f9;border-width: 0 0 0 2px;border-color:#9da0d2;border-style:solid;box-shadow:0px 0px ;;padding: 4% 4% 4% 4%;\"><div class=\"fusion-text fusion-text-6\" style=\"transform:translate3d(0,0,0);\"><h5 style=\"text-align: center;\">Responsable<\/h5>\n<p style=\"text-align: center;\">Dr. Jos\u00e9 Luis Garc\u00eda Gim\u00e9nez<\/p>\n<\/div><div class=\"fusion-separator fusion-full-width-sep\" style=\"align-self: center;margin-left: auto;margin-right: auto;margin-top:10px;margin-bottom:10px;width:100%;\"><div class=\"fusion-separator-border sep-single sep-solid\" style=\"border-color:#9da0d2;border-top-width:1px;\"><\/div><\/div><div class=\"fusion-text fusion-text-7\" style=\"transform:translate3d(0,0,0);\"><h5 style=\"text-align: center;\">Contacto<\/h5>\n<p style=\"text-align: center;\"><a href=\"mailto:j.luis.garcia@uv.es\">j.luis.garcia@uv.es<\/a><br \/>\nTel\u00e9fono: 96 386 46 46<br \/>\nFax: 96 386 46 42<\/p>\n<\/div><div class=\"fusion-separator fusion-full-width-sep\" style=\"align-self: center;margin-left: auto;margin-right: auto;margin-top:10px;margin-bottom:10px;width:100%;\"><div class=\"fusion-separator-border sep-single sep-solid\" style=\"border-color:#9da0d2;border-top-width:1px;\"><\/div><\/div><div class=\"fusion-text fusion-text-8\" style=\"transform:translate3d(0,0,0);\"><h5 style=\"text-align: center;\">Localizaci\u00f3n<\/h5>\n<p style=\"text-align: center;\">Departamento de Fisiolog\u00eda.<br \/>\nFacultad de Medicina y Odontolog\u00eda.<br \/>\nAv. Blasco Ib\u00e1\u00f1ez, 15.<br \/>\n46010 Valencia<\/p>\n<\/div><div class=\"fusion-separator fusion-full-width-sep\" style=\"align-self: center;margin-left: auto;margin-right: auto;margin-top:10px;margin-bottom:10px;width:100%;\"><div class=\"fusion-separator-border sep-single sep-solid\" style=\"border-color:#9da0d2;border-top-width:1px;\"><\/div><\/div><div class=\"fusion-text fusion-text-9\" style=\"transform:translate3d(0,0,0);\"><h5 style=\"text-align: center;\">Documentos<\/h5>\n<p style=\"text-align: center;\"><a href=\"https:\/\/www.incliva.es\/wp-content\/uploads\/2025\/05\/Plantilla_Tarifas_Web_EspectrometriaMasas_18_12_2023.pdf\" target=\"_blank\" rel=\"noopener\">Tarifas<\/a><\/p>\n<\/div><\/div><\/div><style type=\"text\/css\">.fusion-body .fusion-builder-column-1{width:33.333333333333% !important;margin-top : 0px;margin-bottom : 20px;}.fusion-builder-column-1 > .fusion-column-wrapper {padding-top : 4% !important;padding-right : 4% !important;margin-right : 5.76%;padding-bottom : 4% !important;padding-left : 4% !important;margin-left : 5.76%;}@media only screen and (max-width:1532px) {.fusion-body .fusion-builder-column-1{width:33.333333333333% !important;order : 0;}.fusion-builder-column-1 > .fusion-column-wrapper {margin-right : 5.76%;margin-left : 5.76%;}}@media only screen and (max-width:640px) {.fusion-body .fusion-builder-column-1{width:100% !important;order : 0;}.fusion-builder-column-1 > .fusion-column-wrapper {margin-right : 1.92%;margin-left : 1.92%;}}<\/style><\/div><style type=\"text\/css\">.fusion-body .fusion-flex-container.fusion-builder-row-1{ padding-top : 0px;margin-top : 0px;padding-right : 0px;padding-bottom : 0px;margin-bottom : 0px;padding-left : 0px;}<\/style><\/div><div class=\"fusion-fullwidth fullwidth-box fusion-builder-row-2 fusion-flex-container nonhundred-percent-fullwidth non-hundred-percent-height-scrolling\" style=\"background-color: rgba(255,255,255,0);background-position: center center;background-repeat: no-repeat;border-width: 0px 0px 0px 0px;border-color:#e2e2e2;border-style:solid;\" ><div class=\"fusion-builder-row fusion-row fusion-flex-align-items-flex-start\" style=\"max-width:1248px;margin-left: calc(-4% \/ 2 );margin-right: calc(-4% \/ 2 );\"><div class=\"fusion-layout-column fusion_builder_column fusion-builder-column-2 fusion_builder_column_1_1 1_1 fusion-flex-column\"><div class=\"fusion-column-wrapper fusion-flex-justify-content-flex-start fusion-content-layout-column\" style=\"background-position:left top;background-repeat:no-repeat;-webkit-background-size:cover;-moz-background-size:cover;-o-background-size:cover;background-size:cover;padding: 0px 0px 0px 0px;\"><\/div><\/div><style type=\"text\/css\">.fusion-body .fusion-builder-column-2{width:100% !important;margin-top : 0px;margin-bottom : 20px;}.fusion-builder-column-2 > .fusion-column-wrapper {padding-top : 0px !important;padding-right : 0px !important;margin-right : 1.92%;padding-bottom : 0px !important;padding-left : 0px !important;margin-left : 1.92%;}@media only screen and (max-width:1532px) {.fusion-body .fusion-builder-column-2{width:100% !important;}.fusion-builder-column-2 > .fusion-column-wrapper {margin-right : 1.92%;margin-left : 1.92%;}}@media only screen and (max-width:640px) {.fusion-body .fusion-builder-column-2{width:100% !important;}.fusion-builder-column-2 > .fusion-column-wrapper {margin-right : 1.92%;margin-left : 1.92%;}}<\/style><\/div><style type=\"text\/css\">.fusion-body .fusion-flex-container.fusion-builder-row-2{ padding-top : 0px;margin-top : 0px;padding-right : 0px;padding-bottom : 0px;margin-bottom : 0px;padding-left : 0px;}<\/style><\/div><\/p>\n","protected":false},"excerpt":{"rendered":"","protected":false},"author":13,"featured_media":0,"parent":8542,"menu_order":0,"comment_status":"closed","ping_status":"closed","template":"","meta":[],"acf":[],"_links":{"self":[{"href":"https:\/\/www.incliva.es\/en\/wp-json\/wp\/v2\/pages\/32265"}],"collection":[{"href":"https:\/\/www.incliva.es\/en\/wp-json\/wp\/v2\/pages"}],"about":[{"href":"https:\/\/www.incliva.es\/en\/wp-json\/wp\/v2\/types\/page"}],"author":[{"embeddable":true,"href":"https:\/\/www.incliva.es\/en\/wp-json\/wp\/v2\/users\/13"}],"replies":[{"embeddable":true,"href":"https:\/\/www.incliva.es\/en\/wp-json\/wp\/v2\/comments?post=32265"}],"version-history":[{"count":5,"href":"https:\/\/www.incliva.es\/en\/wp-json\/wp\/v2\/pages\/32265\/revisions"}],"predecessor-version":[{"id":42094,"href":"https:\/\/www.incliva.es\/en\/wp-json\/wp\/v2\/pages\/32265\/revisions\/42094"}],"up":[{"embeddable":true,"href":"https:\/\/www.incliva.es\/en\/wp-json\/wp\/v2\/pages\/8542"}],"wp:attachment":[{"href":"https:\/\/www.incliva.es\/en\/wp-json\/wp\/v2\/media?parent=32265"}],"curies":[{"name":"wp","href":"https:\/\/api.w.org\/{rel}","templated":true}]}}