{"id":28688,"date":"2024-02-15T08:32:58","date_gmt":"2024-02-15T06:32:58","guid":{"rendered":"https:\/\/www.incliva.es\/canal-de-denuncias\/"},"modified":"2024-08-20T13:39:07","modified_gmt":"2024-08-20T11:39:07","slug":"canal-de-denuncias","status":"publish","type":"page","link":"https:\/\/www.incliva.es\/en\/canal-de-denuncias\/","title":{"rendered":"Canal de denuncias"},"content":{"rendered":"<div class=\"fusion-fullwidth fullwidth-box fusion-builder-row-1 fusion-flex-container nonhundred-percent-fullwidth non-hundred-percent-height-scrolling\" style=\"background-color: rgba(255,255,255,0);background-position: center center;background-repeat: no-repeat;border-width: 0px 0px 0px 0px;border-color:#e2e2e2;border-style:solid;\" ><div class=\"fusion-builder-row fusion-row fusion-flex-align-items-flex-start\" style=\"max-width:1248px;margin-left: calc(-4% \/ 2 );margin-right: calc(-4% \/ 2 );\"><div class=\"fusion-layout-column fusion_builder_column fusion-builder-column-0 fusion_builder_column_1_1 1_1 fusion-flex-column\"><div class=\"fusion-column-wrapper fusion-flex-justify-content-flex-start fusion-content-layout-column\" style=\"background-position:left top;background-repeat:no-repeat;-webkit-background-size:cover;-moz-background-size:cover;-o-background-size:cover;background-size:cover;padding: 0px 0px 0px 0px;\"><div class=\"fusion-text fusion-text-1\" style=\"transform:translate3d(0,0,0);\"><p>Este espacio es una herramienta segura y confidencial al alcance de toda la comunidad que forma parte de INCLIVA a trav\u00e9s del cual se pueden remitir dudas, sospechas o denuncias sobre acciones que sean contrarias a la legalidad, as\u00ed como transmitir y\/o elevar cualquier conocimiento sobre comportamientos que puedan implicar la materializaci\u00f3n de un riesgo de car\u00e1cter penal o puedan ser contrarios a la legalidad.<\/p>\n<p>Es un medio de prevenci\u00f3n y resoluci\u00f3n de conflictos que preserva la identidad de la persona que hace la comunicaci\u00f3n y a trav\u00e9s del cual el \u00d3rgano de Control tratar\u00e1 la petici\u00f3n, duda o denuncia de forma segura y confidencial y dar\u00e1 respuesta a la misma en los t\u00e9rminos incluidos a continuaci\u00f3n en Canal de Denuncias INCLIVA.<\/p>\n<p>Adem\u00e1s, INCLIVA cuenta con acceso al canal de denuncias externo gestionada por la <a href=\"https:\/\/www.incliva.es\/canal-de-denuncias-avaf\/\" target=\"_blank\" rel=\"noopener\">Agencia de Prevenci\u00f3n y Lucha contra el Fraude y la Corrupci\u00f3n de la Comunitat Valenciana (AVAF)<\/a><\/p>\n<\/div><\/div><\/div><style type=\"text\/css\">.fusion-body .fusion-builder-column-0{width:100% !important;margin-top : 0px;margin-bottom : 20px;}.fusion-builder-column-0 > .fusion-column-wrapper {padding-top : 0px !important;padding-right : 0px !important;margin-right : 1.92%;padding-bottom : 0px !important;padding-left : 0px !important;margin-left : 1.92%;}@media only screen and (max-width:1532px) {.fusion-body .fusion-builder-column-0{width:100% !important;order : 0;}.fusion-builder-column-0 > .fusion-column-wrapper {margin-right : 1.92%;margin-left : 1.92%;}}@media only screen and (max-width:640px) {.fusion-body .fusion-builder-column-0{width:100% !important;order : 0;}.fusion-builder-column-0 > .fusion-column-wrapper {margin-right : 1.92%;margin-left : 1.92%;}}<\/style><div class=\"fusion-layout-column fusion_builder_column fusion-builder-column-1 fusion_builder_column_1_1 1_1 fusion-flex-column\"><div class=\"fusion-column-wrapper fusion-flex-justify-content-flex-start fusion-content-layout-column\" style=\"background-position:left top;background-repeat:no-repeat;-webkit-background-size:cover;-moz-background-size:cover;-o-background-size:cover;background-size:cover;padding: 0px 0px 0px 0px;\"><div ><style type=\"text\/css\">.fusion-button.button-1 .fusion-button-text, .fusion-button.button-1 i {color:#ffffff;}.fusion-button.button-1 .fusion-button-icon-divider{border-color:#ffffff;}.fusion-button.button-1:hover .fusion-button-text, .fusion-button.button-1:hover i,.fusion-button.button-1:focus .fusion-button-text, .fusion-button.button-1:focus i,.fusion-button.button-1:active .fusion-button-text, .fusion-button.button-1:active{color:#ffffff;}.fusion-button.button-1:hover .fusion-button-icon-divider, .fusion-button.button-1:hover .fusion-button-icon-divider, .fusion-button.button-1:active .fusion-button-icon-divider{border-color:#ffffff;}.fusion-button.button-1:hover, .fusion-button.button-1:focus, .fusion-button.button-1:active{border-color:#ffffff;border-width:1px;}.fusion-button.button-1 {border-color:#ffffff;border-width:1px;border-radius:4px;}.fusion-button.button-1{background: #9da0d2;}.fusion-button.button-1:hover,.button-1:focus,.fusion-button.button-1:active{background: #3d44ac;}<\/style><a class=\"fusion-button button-flat button-large button-custom button-1 fusion-button-span-yes fusion-button-default-type\" target=\"_blank\" rel=\"noopener noreferrer\" href=\"https:\/\/canaldenuncias.incliva.es\"><span class=\"fusion-button-text\">Canal de denuncias INCLIVA<\/span><\/a><\/div><\/div><\/div><style type=\"text\/css\">.fusion-body .fusion-builder-column-1{width:100% !important;margin-top : 0px;margin-bottom : 20px;}.fusion-builder-column-1 > .fusion-column-wrapper {padding-top : 0px !important;padding-right : 0px !important;margin-right : 1.92%;padding-bottom : 0px !important;padding-left : 0px !important;margin-left : 1.92%;}@media only screen and (max-width:1532px) {.fusion-body .fusion-builder-column-1{width:100% !important;order : 0;}.fusion-builder-column-1 > .fusion-column-wrapper {margin-right : 1.92%;margin-left : 1.92%;}}@media only screen and (max-width:640px) {.fusion-body .fusion-builder-column-1{width:100% !important;order : 0;}.fusion-builder-column-1 > .fusion-column-wrapper {margin-right : 1.92%;margin-left : 1.92%;}}<\/style><div class=\"fusion-layout-column fusion_builder_column fusion-builder-column-2 fusion_builder_column_1_1 1_1 fusion-flex-column\"><div class=\"fusion-column-wrapper fusion-flex-justify-content-flex-start fusion-content-layout-column\" style=\"background-position:left top;background-repeat:no-repeat;-webkit-background-size:cover;-moz-background-size:cover;-o-background-size:cover;background-size:cover;padding: 0px 0px 0px 0px;\"><div class=\"fusion-text fusion-text-2\" style=\"transform:translate3d(0,0,0);\"><h5>\u00c1mbito de las denuncias<\/h5>\n<p>Se podr\u00e1 comunicar cualquier posible irregularidad o incumplimiento relacionado con malas pr\u00e1cticas financieras, contables, comerciales o de cumplimiento normativo cometidas por colaboradores de INCLIVA.<\/p>\n<h5>Comunicaci\u00f3n de la denuncia<\/h5>\n<p>La comunicaci\u00f3n se realizar\u00e1 desde la p\u00e1gina web de INCLIVA, cumplimentando el <strong><a href=\"https:\/\/canaldenuncias.incliva.es\" target=\"_blank\" rel=\"noopener\">formulario<\/a> <\/strong>que se remitir\u00e1 a la Direcci\u00f3n General o al \u00d3rgano de Control de INCLIVA.<\/p>\n<h5>Contenido de la denuncia<\/h5>\n<p>Las denuncias recibidas deben contener los datos necesarios para poder llevar a cabo el an\u00e1lisis de los hechos denunciados.<\/p>\n<\/div><div class=\"fusion-text fusion-text-3\" style=\"transform:translate3d(0,0,0);\"><p style=\"text-align: center;\"><strong><a href=\"https:\/\/www.incliva.es\/wp-content\/uploads\/2024\/02\/Canal-de-denuncia-INCLIVA-DIC-2023.pdf\" target=\"_blank\" rel=\"noopener\">Procedimiento de recepci\u00f3n y gesti\u00f3n de denuncias<\/a><\/strong><\/p>\n<\/div><\/div><\/div><style type=\"text\/css\">.fusion-body .fusion-builder-column-2{width:100% !important;margin-top : 0px;margin-bottom : 20px;}.fusion-builder-column-2 > .fusion-column-wrapper {padding-top : 0px !important;padding-right : 0px !important;margin-right : 1.92%;padding-bottom : 0px !important;padding-left : 0px !important;margin-left : 1.92%;}@media only screen and (max-width:1532px) {.fusion-body .fusion-builder-column-2{width:100% !important;order : 0;}.fusion-builder-column-2 > .fusion-column-wrapper {margin-right : 1.92%;margin-left : 1.92%;}}@media only screen and (max-width:640px) {.fusion-body .fusion-builder-column-2{width:100% !important;order : 0;}.fusion-builder-column-2 > .fusion-column-wrapper {margin-right : 1.92%;margin-left : 1.92%;}}<\/style><\/div><style type=\"text\/css\">.fusion-body .fusion-flex-container.fusion-builder-row-1{ padding-top : 0px;margin-top : 0px;padding-right : 0px;padding-bottom : 0px;margin-bottom : 0px;padding-left : 0px;}<\/style><\/div>\n","protected":false},"excerpt":{"rendered":"","protected":false},"author":1,"featured_media":0,"parent":0,"menu_order":0,"comment_status":"closed","ping_status":"closed","template":"","meta":[],"acf":[],"_links":{"self":[{"href":"https:\/\/www.incliva.es\/en\/wp-json\/wp\/v2\/pages\/28688"}],"collection":[{"href":"https:\/\/www.incliva.es\/en\/wp-json\/wp\/v2\/pages"}],"about":[{"href":"https:\/\/www.incliva.es\/en\/wp-json\/wp\/v2\/types\/page"}],"author":[{"embeddable":true,"href":"https:\/\/www.incliva.es\/en\/wp-json\/wp\/v2\/users\/1"}],"replies":[{"embeddable":true,"href":"https:\/\/www.incliva.es\/en\/wp-json\/wp\/v2\/comments?post=28688"}],"version-history":[{"count":10,"href":"https:\/\/www.incliva.es\/en\/wp-json\/wp\/v2\/pages\/28688\/revisions"}],"predecessor-version":[{"id":33758,"href":"https:\/\/www.incliva.es\/en\/wp-json\/wp\/v2\/pages\/28688\/revisions\/33758"}],"wp:attachment":[{"href":"https:\/\/www.incliva.es\/en\/wp-json\/wp\/v2\/media?parent=28688"}],"curies":[{"name":"wp","href":"https:\/\/api.w.org\/{rel}","templated":true}]}}