{"id":28452,"date":"2022-11-29T12:49:00","date_gmt":"2022-11-29T10:49:00","guid":{"rendered":"https:\/\/www.incliva.es\/services\/researcher-services\/scientific-management\/international\/featured-projects\/mypath\/"},"modified":"2025-02-28T14:10:19","modified_gmt":"2025-02-28T12:10:19","slug":"mypath","status":"publish","type":"page","link":"https:\/\/www.incliva.es\/en\/services\/researcher-services\/scientific-management\/international\/featured-projects\/mypath\/","title":{"rendered":"MyPath"},"content":{"rendered":"<div class=\"fusion-fullwidth fullwidth-box fusion-builder-row-1 fusion-flex-container nonhundred-percent-fullwidth non-hundred-percent-height-scrolling\" style=\"background-color: rgba(255,255,255,0);background-position: center center;background-repeat: no-repeat;border-width: 0px 0px 0px 0px;border-color:#e2e2e2;border-style:solid;\" ><div class=\"fusion-builder-row fusion-row fusion-flex-align-items-flex-start\" style=\"max-width:1248px;margin-left: calc(-4% \/ 2 );margin-right: calc(-4% \/ 2 );\"><div class=\"fusion-layout-column fusion_builder_column fusion-builder-column-0 fusion_builder_column_2_3 2_3 fusion-flex-column\"><div class=\"fusion-column-wrapper fusion-flex-justify-content-flex-start fusion-content-layout-column\" style=\"background-position:left top;background-repeat:no-repeat;-webkit-background-size:cover;-moz-background-size:cover;-o-background-size:cover;background-size:cover;padding: 0px 0px 0px 0px;\"><div style=\"text-align:center;\"><span class=\" fusion-imageframe imageframe-none imageframe-1 hover-type-none\" style=\"margin-top:20px;margin-bottom:20px;\"><a class=\"fusion-no-lightbox\" href=\"https:\/\/mypath-cancercare.eu\" target=\"_blank\" aria-label=\"MyPath\" rel=\"noopener noreferrer\"><img width=\"450\" height=\"315\" alt=\"MyPath\" src=\"https:\/\/www.incliva.es\/wp-content\/uploads\/2022\/11\/MyPath-e1668005145985.png\" class=\"img-responsive wp-image-15352\"\/><\/a><\/span><\/div><style type=\"text\/css\">@media only screen and (max-width:1532px) {.fusion-title.fusion-title-1{margin-top:10px!important;margin-bottom:15px!important;}}@media only screen and (max-width:640px) {.fusion-title.fusion-title-1{margin-top:10px!important;margin-bottom:10px!important;}}<\/style><div class=\"fusion-title title fusion-title-1 fusion-title-text fusion-title-size-one\" style=\"margin-top:10px;margin-bottom:15px;\"><div class=\"title-sep-container title-sep-container-left fusion-no-large-visibility fusion-no-medium-visibility fusion-no-small-visibility\"><div class=\"title-sep sep-single sep-solid\" style=\"border-color:#3d44ac;\"><\/div><\/div><h1 class=\"title-heading-left\" style=\"margin:0;\">MyPath<\/h1><div class=\"title-sep-container title-sep-container-right\"><div class=\"title-sep sep-single sep-solid\" style=\"border-color:#3d44ac;\"><\/div><\/div><\/div><div class=\"fusion-text fusion-text-1\" style=\"transform:translate3d(0,0,0);\"><h6>Developing and implementing innovative Patient-Centred Care Pathways for cancer patients<\/h6>\n<\/div><div class=\"fusion-text fusion-text-2\" style=\"transform:translate3d(0,0,0);\"><p>Despite advances in early detection and new therapies, higher cure rates and more patients living longer, access to patient-centred care consisting of optimal supportive, palliative, survivorship and end-of-life care becomes increasingly important.<\/p>\n<p>However, cancer care still has silos, and to this day, there is no technical support available that is suitable for different cultures, settings and environments. Trials have provided evidence that the integration of patient-centred care in standard oncology care results in better patient and caregiver outcomes. As yet, these findings have not translated into clinical routine.<\/p>\n<p>MyPath project aims to develop technology-enhanced and evidence-based patient-centred care pathways, to be merged with tumour-centred treatments across supportive, palliative, survivorship and end-of-life care. MyPath will integrate patient-reported outcomes of the OUS Eir software, to be further advanced with contributions of renowned European oncologists, ethicists, psychologists and sociologists. It will be configurated on the eHealth platform of our SME partner DNV Imatis. Its effectiveness and sustainability will be assessed in an implementation science study in 9 clinical centres across Europe. With the support of leading cancer care professional associations ESMO and EAPC, and the cancer patient organisation ECPC, we are committed to deliver the right care to the right person at the right time by the right persons.<\/p>\n<p>Therefore, MyPath will be crucial in order to improve the quality of and access to treatment and care, reduce variations in clinical practice, and optimise resources in family, community, and hospital care settings. This will ultimately reduce the physical, emotional, and ultimately economic burden linked to cancer.<\/p>\n<p><strong>The European consortium<\/strong><\/p>\n<p>MyPath consortium is made up of 15 project partners, including 9 clinical partners from 8 European countries. Partners entities are Oslo Universitetssykehus HF from Norway (Coordinator), Fondazione Irccs Istituto Nazionale dei Tumori from Italy, Vrije Universiteit Brussel from Belgium, Fundaci\u00f3n para la Investigaci\u00f3n del Hospital Cl\u00ednico de la Comunitat Valenciana, Fundaci\u00f3n Incliva (INCLIVA) from Spain, Region Hovedstaden from Denmark, Klinikum Ernst von Bergmann Gemeinnutzige GMBH from Germany, Fundatia Hospice Casa Sperantei from Romania, DNV Imatis AS from Norway, European Association of Palliative Care and European Cancer Patient Coalition from Belgium. In addition, the consortium includes five associated partners: Accelopment Schweiz AG and European Society for Medical Oncology which are located in Switzerland; The University of Edinburgh, University of Leeds and The Leeds Teaching Hospitals National Health Service Trust located in the UK.<\/p>\n<p><strong>INCLIVA\u2019s role<\/strong><\/p>\n<p>INCLIVA will participate in the structure and contents co-design as pilot site, in the ICT Digital solution development and configuration, in the development of a health economic model, in the evaluation of the proposed model and measure its outcomes and within its Large-scale implementation and validation, and finally, in the training of the staff involved on ethical and legal aspects.<\/p>\n<p><a href=\"https:\/\/www.incliva.es\/wp-content\/uploads\/2025\/02\/MyPath_Factsheet_v04_web.pdf\">Project factsheet<\/a><\/p>\n<p><a href=\"https:\/\/www.incliva.es\/wp-content\/uploads\/2025\/02\/MyPath_infographic_final-1.pdf\">Project infographic<\/a><\/p>\n<\/div><div class=\"fusion-separator fusion-full-width-sep\" style=\"align-self: center;margin-left: auto;margin-right: auto;width:100%;\"><div class=\"fusion-separator-border sep-single\" style=\"border-color:#9da0d2;border-top-width:1px;\"><\/div><\/div><div ><span class=\" fusion-imageframe imageframe-none imageframe-2 hover-type-none\"><img width=\"1022\" height=\"112\" title=\"My Path aknowledgement ok\" src=\"https:\/\/www.incliva.es\/wp-content\/uploads\/2022\/12\/My-Path-aknowledgement-ok.jpg\" class=\"img-responsive wp-image-16236\" srcset=\"https:\/\/www.incliva.es\/wp-content\/uploads\/2022\/12\/My-Path-aknowledgement-ok-200x22.jpg 200w, https:\/\/www.incliva.es\/wp-content\/uploads\/2022\/12\/My-Path-aknowledgement-ok-400x44.jpg 400w, https:\/\/www.incliva.es\/wp-content\/uploads\/2022\/12\/My-Path-aknowledgement-ok-600x66.jpg 600w, https:\/\/www.incliva.es\/wp-content\/uploads\/2022\/12\/My-Path-aknowledgement-ok-800x88.jpg 800w, https:\/\/www.incliva.es\/wp-content\/uploads\/2022\/12\/My-Path-aknowledgement-ok.jpg 1022w\" sizes=\"(max-width: 640px) 100vw, 800px\" \/><\/span><\/div><\/div><\/div><style type=\"text\/css\">.fusion-body .fusion-builder-column-0{width:66.666666666667% !important;margin-top : 0px;margin-bottom : 20px;}.fusion-builder-column-0 > .fusion-column-wrapper {padding-top : 0px !important;padding-right : 0px !important;margin-right : 2.88%;padding-bottom : 0px !important;padding-left : 0px !important;margin-left : 2.88%;}@media only screen and (max-width:1532px) {.fusion-body .fusion-builder-column-0{width:66.666666666667% !important;}.fusion-builder-column-0 > .fusion-column-wrapper {margin-right : 2.88%;margin-left : 2.88%;}}@media only screen and (max-width:640px) {.fusion-body .fusion-builder-column-0{width:100% !important;}.fusion-builder-column-0 > .fusion-column-wrapper {margin-right : 1.92%;margin-left : 1.92%;}}<\/style><div class=\"fusion-layout-column fusion_builder_column fusion-builder-column-1 fusion_builder_column_1_3 1_3 fusion-flex-column\"><div class=\"fusion-column-wrapper fusion-column-has-shadow fusion-flex-justify-content-flex-start fusion-content-layout-column\" style=\"background-position:left top;background-repeat:no-repeat;-webkit-background-size:cover;-moz-background-size:cover;-o-background-size:cover;background-size:cover;background-color:#f9f9f9;border-width: 0 0 0 2px;border-color:#9DA0D2;border-style:solid;box-shadow:0px 0px ;;padding: 4% 4% 4% 4%;\"><div class=\"fusion-text fusion-text-3\" style=\"transform:translate3d(0,0,0);\"><h5 style=\"text-align: center;\">PROGRAMME<\/h5>\n<p style=\"text-align: center;\">HORIZON Health<\/p>\n<\/div><div class=\"fusion-separator fusion-full-width-sep\" style=\"align-self: center;margin-left: auto;margin-right: auto;margin-top:10px;margin-bottom:10px;width:100%;\"><div class=\"fusion-separator-border sep-single sep-solid\" style=\"border-color:#9DA0D2;border-top-width:1px;\"><\/div><\/div><div class=\"fusion-text fusion-text-4\" style=\"transform:translate3d(0,0,0);\"><h5 style=\"text-align: center;\">PRINCIPAL INVESTIGATOR<\/h5>\n<p style=\"text-align: center;\"><a href=\"https:\/\/www.incliva.es\/andres-cervantes-ruiperez\/\" target=\"_blank\" rel=\"noopener\">Prof. Dr. Andr\u00e9s Cervantes<\/a><\/p>\n<\/div><div class=\"fusion-separator fusion-full-width-sep\" style=\"align-self: center;margin-left: auto;margin-right: auto;margin-top:10px;margin-bottom:10px;width:100%;\"><div class=\"fusion-separator-border sep-single sep-solid\" style=\"border-color:#9DA0D2;border-top-width:1px;\"><\/div><\/div><div class=\"fusion-text fusion-text-5\" style=\"transform:translate3d(0,0,0);\"><h5 style=\"text-align: center;\">ROLE<\/h5>\n<p style=\"text-align: center;\">Partner<\/p>\n<\/div><div class=\"fusion-text fusion-text-6\" style=\"transform:translate3d(0,0,0);\"><h5 style=\"text-align: center;\">FUNDING<\/h5>\n<p style=\"text-align: center;\">388.125,00 \u20ac<\/p>\n<\/div><div class=\"fusion-text fusion-text-7\" style=\"transform:translate3d(0,0,0);\"><h5 style=\"text-align: center;\">START\/END<\/h5>\n<p style=\"text-align: center;\">2022-2027<\/p>\n<\/div><div class=\"fusion-separator fusion-full-width-sep\" style=\"align-self: center;margin-left: auto;margin-right: auto;margin-top:10px;margin-bottom:10px;width:100%;\"><div class=\"fusion-separator-border sep-single sep-solid\" style=\"border-color:#9DA0D2;border-top-width:1px;\"><\/div><\/div><div class=\"fusion-text fusion-text-8\" style=\"transform:translate3d(0,0,0);\"><h5 style=\"text-align: center;\">WEBSITE<\/h5>\n<p style=\"text-align: center;\"><a href=\"https:\/\/mypath-cancercare.eu\" target=\"_blank\" rel=\"noopener\">https:\/\/mypath-cancercare.eu\/<\/a><\/p>\n<\/div><div class=\"fusion-text fusion-text-9\" style=\"transform:translate3d(0,0,0);\"><h5 style=\"text-align: center;\">SOCIAL MEDIA<\/h5>\n<\/div><div class=\"fusion-social-links\" style=\"text-align:center\"><div class=\"fusion-social-networks\"><div class=\"fusion-social-networks-wrapper\"><a class=\"fusion-social-network-icon fusion-tooltip fusion-twitter fusion-icon-twitter\" style=\"color:#9ea0a4;font-size:16px;\" data-placement=\"top\" data-title=\"Twitter\" data-toggle=\"tooltip\" title=\"Twitter\" aria-label=\"twitter\" target=\"_blank\" rel=\"noopener noreferrer\" href=\"https:\/\/twitter.com\/mypath_eu\"><\/a><\/div><\/div><\/div><\/div><\/div><style type=\"text\/css\">.fusion-body .fusion-builder-column-1{width:33.333333333333% !important;margin-top : 0px;margin-bottom : 20px;}.fusion-builder-column-1 > .fusion-column-wrapper {padding-top : 4% !important;padding-right : 4% !important;margin-right : 5.76%;padding-bottom : 4% !important;padding-left : 4% !important;margin-left : 5.76%;}@media only screen and (max-width:1532px) {.fusion-body .fusion-builder-column-1{width:33.333333333333% !important;order : 0;}.fusion-builder-column-1 > .fusion-column-wrapper {margin-right : 5.76%;margin-left : 5.76%;}}@media only screen and (max-width:640px) {.fusion-body .fusion-builder-column-1{width:100% !important;order : 0;}.fusion-builder-column-1 > .fusion-column-wrapper {margin-right : 1.92%;margin-left : 1.92%;}}<\/style><\/div><style type=\"text\/css\">.fusion-body .fusion-flex-container.fusion-builder-row-1{ padding-top : 0px;margin-top : 0px;padding-right : 0px;padding-bottom : 0px;margin-bottom : 0px;padding-left : 0px;}<\/style><\/div>\n","protected":false},"excerpt":{"rendered":"","protected":false},"author":10,"featured_media":0,"parent":9839,"menu_order":0,"comment_status":"closed","ping_status":"closed","template":"","meta":[],"acf":[],"_links":{"self":[{"href":"https:\/\/www.incliva.es\/en\/wp-json\/wp\/v2\/pages\/28452"}],"collection":[{"href":"https:\/\/www.incliva.es\/en\/wp-json\/wp\/v2\/pages"}],"about":[{"href":"https:\/\/www.incliva.es\/en\/wp-json\/wp\/v2\/types\/page"}],"author":[{"embeddable":true,"href":"https:\/\/www.incliva.es\/en\/wp-json\/wp\/v2\/users\/10"}],"replies":[{"embeddable":true,"href":"https:\/\/www.incliva.es\/en\/wp-json\/wp\/v2\/comments?post=28452"}],"version-history":[{"count":2,"href":"https:\/\/www.incliva.es\/en\/wp-json\/wp\/v2\/pages\/28452\/revisions"}],"predecessor-version":[{"id":39838,"href":"https:\/\/www.incliva.es\/en\/wp-json\/wp\/v2\/pages\/28452\/revisions\/39838"}],"up":[{"embeddable":true,"href":"https:\/\/www.incliva.es\/en\/wp-json\/wp\/v2\/pages\/9839"}],"wp:attachment":[{"href":"https:\/\/www.incliva.es\/en\/wp-json\/wp\/v2\/media?parent=28452"}],"curies":[{"name":"wp","href":"https:\/\/api.w.org\/{rel}","templated":true}]}}