{"id":24349,"date":"2023-09-13T12:19:57","date_gmt":"2023-09-13T10:19:57","guid":{"rendered":"https:\/\/www.incliva.es\/campana-solidaria-100-anos-de-exitos-y-algun-tropezon\/"},"modified":"2023-09-14T09:07:23","modified_gmt":"2023-09-14T07:07:23","slug":"campana-solidaria-100-anos-de-exitos-y-algun-tropezon","status":"publish","type":"page","link":"https:\/\/www.incliva.es\/en\/your-solidarity-campaign\/campana-solidaria-100-anos-de-exitos-y-algun-tropezon\/","title":{"rendered":"CAMPA\u00d1A SOLIDARIA 100 A\u00d1OS DE \u00c9XITOS Y ALG\u00daN TROPEZ\u00d3N"},"content":{"rendered":"<p><div class=\"fusion-fullwidth fullwidth-box fusion-builder-row-1 fusion-flex-container nonhundred-percent-fullwidth non-hundred-percent-height-scrolling\" style=\"background-color: rgba(255,255,255,0);background-position: center center;background-repeat: no-repeat;border-width: 0px 0px 0px 0px;border-color:#e2e2e2;border-style:solid;\" ><div class=\"fusion-builder-row fusion-row fusion-flex-align-items-flex-start\" style=\"max-width:1248px;margin-left: calc(-4% \/ 2 );margin-right: calc(-4% \/ 2 );\"><div class=\"fusion-layout-column fusion_builder_column fusion-builder-column-0 fusion_builder_column_1_1 1_1 fusion-flex-column\"><div class=\"fusion-column-wrapper fusion-flex-justify-content-flex-start fusion-content-layout-column\" style=\"background-position:left top;background-repeat:no-repeat;-webkit-background-size:cover;-moz-background-size:cover;-o-background-size:cover;background-size:cover;padding: 0px 0px 0px 0px;\"><div class=\"fusion-builder-row fusion-builder-row-inner fusion-row fusion-flex-align-items-flex-start\" style=\"width:104% !important;max-width:104% !important;margin-left: calc(-4% \/ 2 );margin-right: calc(-4% \/ 2 );\"><div class=\"fusion-layout-column fusion_builder_column_inner fusion-builder-nested-column-0 fusion_builder_column_inner_1_1 1_1 fusion-flex-column fusion-flex-align-self-stretch\"><div class=\"fusion-column-wrapper fusion-column-has-shadow fusion-flex-justify-content-space-evenly fusion-content-layout-column\" style=\"background-position:left top;background-repeat:no-repeat;-webkit-background-size:cover;-moz-background-size:cover;-o-background-size:cover;background-size:cover;background-color:#f2f2f2;box-shadow:5px 0px #da456a inset;;padding: 20px 0px 0px 0px;\"><div class=\"fusion-text fusion-text-1\" style=\"transform:translate3d(0,0,0);\"><p style=\"text-align: center; font-size: 32px;\"><span style=\"color: #da456a; margin-bottom: 10px;\"><strong>100 A\u00d1OS DE \u00c9XITOS <span style=\"font-size: 20px;\">Y ALG\u00daN TROPEZ\u00d3N<\/span><\/strong><\/span><\/p>\n<p style=\"text-align: center; font-size: 18px;\"><strong>Eva y Olga<\/strong><\/p>\n<p style=\"text-align: center; font-size: 18px;\"><strong>Fondos destinados a:<\/strong> C\u00e1ncer de mama triple negativo<\/p>\n<\/div><\/div><\/div><style type=\"text\/css\">.fusion-body .fusion-builder-nested-column-0{width:100% !important;margin-top : 20px;margin-bottom : 20px;}.fusion-builder-nested-column-0 > .fusion-column-wrapper {padding-top : 20 !important;padding-right : 0px !important;margin-right : 1.92%;padding-bottom : 0px !important;padding-left : 0px !important;margin-left : 1.92%;}@media only screen and (max-width:1532px) {.fusion-body .fusion-builder-nested-column-0{width:100% !important;order : 0;}.fusion-builder-nested-column-0 > .fusion-column-wrapper {margin-right : 1.92%;margin-left : 1.92%;}}@media only screen and (max-width:640px) {.fusion-body .fusion-builder-nested-column-0{width:100% !important;order : 0;}.fusion-builder-nested-column-0 > .fusion-column-wrapper {margin-right : 1.92%;margin-left : 1.92%;}}<\/style><\/div><\/div><\/div><style type=\"text\/css\">.fusion-body .fusion-builder-column-0{width:100% !important;margin-top : 0px;margin-bottom : 20px;}.fusion-builder-column-0 > .fusion-column-wrapper {padding-top : 0px !important;padding-right : 0px !important;margin-right : 1.92%;padding-bottom : 0px !important;padding-left : 0px !important;margin-left : 1.92%;}@media only screen and (max-width:1532px) {.fusion-body .fusion-builder-column-0{width:100% !important;order : 0;}.fusion-builder-column-0 > .fusion-column-wrapper {margin-right : 1.92%;margin-left : 1.92%;}}@media only screen and (max-width:640px) {.fusion-body .fusion-builder-column-0{width:100% !important;order : 0;}.fusion-builder-column-0 > .fusion-column-wrapper {margin-right : 1.92%;margin-left : 1.92%;}}<\/style><\/div><style type=\"text\/css\">.fusion-body .fusion-flex-container.fusion-builder-row-1{ padding-top : 0px;margin-top : 0px;padding-right : 0px;padding-bottom : 0px;margin-bottom : 0px;padding-left : 0px;}<\/style><\/div><div class=\"fusion-fullwidth fullwidth-box fusion-builder-row-2 fusion-flex-container nonhundred-percent-fullwidth non-hundred-percent-height-scrolling\" style=\"background-color: rgba(255,255,255,0);background-position: center center;background-repeat: no-repeat;border-width: 0px 0px 0px 0px;border-color:#e2e2e2;border-style:solid;\" ><div class=\"fusion-builder-row fusion-row fusion-flex-align-items-flex-start\" style=\"max-width:1248px;margin-left: calc(-4% \/ 2 );margin-right: calc(-4% \/ 2 );\"><div class=\"fusion-layout-column fusion_builder_column fusion-builder-column-1 fusion_builder_column_2_3 2_3 fusion-flex-column\"><div class=\"fusion-column-wrapper fusion-flex-justify-content-flex-start fusion-content-layout-column\" style=\"background-position:left top;background-repeat:no-repeat;-webkit-background-size:cover;-moz-background-size:cover;-o-background-size:cover;background-size:cover;padding: 0px 0px 0px 0px;\"><div style=\"text-align:center;\"><span class=\" fusion-imageframe imageframe-none imageframe-1 hover-type-none\" style=\"width:100%;max-width:750px;margin-bottom:30px;\"><a class=\"fusion-no-lightbox\" href=\"https:\/\/asociaciontriplenegativo.org\/las-triples\/\" target=\"_blank\" aria-label=\"Foto Cumple Eva y Olga\" rel=\"noopener noreferrer\"><img width=\"800\" height=\"368\" src=\"https:\/\/www.incliva.es\/wp-content\/uploads\/2023\/09\/Foto-Cumple-Eva-y-Olga.jpg\" class=\"img-responsive wp-image-24345\" srcset=\"https:\/\/www.incliva.es\/wp-content\/uploads\/2023\/09\/Foto-Cumple-Eva-y-Olga-200x92.jpg 200w, https:\/\/www.incliva.es\/wp-content\/uploads\/2023\/09\/Foto-Cumple-Eva-y-Olga-400x184.jpg 400w, https:\/\/www.incliva.es\/wp-content\/uploads\/2023\/09\/Foto-Cumple-Eva-y-Olga-600x276.jpg 600w, https:\/\/www.incliva.es\/wp-content\/uploads\/2023\/09\/Foto-Cumple-Eva-y-Olga.jpg 800w\" sizes=\"(max-width: 640px) 100vw, 800px\" \/><\/a><\/span><\/div><div class=\"fusion-separator fusion-full-width-sep\" style=\"align-self: center;margin-left: auto;margin-right: auto;margin-top:15px;width:100%;\"><\/div><style type=\"text\/css\">@media only screen and (max-width:1532px) {.fusion-title.fusion-title-1{margin-top:10px!important;margin-bottom:15px!important;}}@media only screen and (max-width:640px) {.fusion-title.fusion-title-1{margin-top:10px!important;margin-bottom:10px!important;}}<\/style><div class=\"fusion-title title fusion-title-1 fusion-title-center fusion-title-text fusion-title-size-three\" style=\"margin-top:10px;margin-bottom:15px;\"><div class=\"title-sep-container title-sep-container-left\"><div class=\"title-sep sep-single sep-solid\" style=\"border-color:#3d44ac;\"><\/div><\/div><h3 class=\"title-heading-center\" style=\"margin:0;\">Descripci\u00f3n del evento<\/h3><div class=\"title-sep-container title-sep-container-right\"><div class=\"title-sep sep-single sep-solid\" style=\"border-color:#3d44ac;\"><\/div><\/div><\/div><div class=\"fusion-text fusion-text-2\" style=\"transform:translate3d(0,0,0);\"><p>Soy Olga, paciente de la Dra. Ana Lluch y ahora del Dr. Juan Miguel Cejalvo, y este a\u00f1o cumplo 50 a\u00f1os gracias a la investigaci\u00f3n.<\/p>\n<p>Voy a celebrar una peque\u00f1a fiesta con mi amiga Eva, que tambi\u00e9n cumple 50. Nuestro mejor regalo es poder compartir con nuestra familia y amigos buenos momentos, por eso queremos que los invitados que quieran hacer un regalo, realicen un donativo a INCLIVA para la investigaci\u00f3n de c\u00e1ncer de mama.<\/p>\n<p>Regalar investigaci\u00f3n, es regalar vida porque cada donativo, por peque\u00f1o que sea, contribuye a la construcci\u00f3n de un futuro de salud y esperanza.<\/p>\n<\/div><div class=\"fusion-text fusion-text-3\" style=\"transform:translate3d(0,0,0);\"><p><a href=\"https:\/\/www.incliva.es\/tu-campana-solidaria\/\">Volver a la lista de campa\u00f1as<\/a><\/p>\n<\/div><\/div><\/div><style type=\"text\/css\">.fusion-body .fusion-builder-column-1{width:66.666666666667% !important;margin-top : 0px;margin-bottom : 20px;}.fusion-builder-column-1 > .fusion-column-wrapper {padding-top : 0px !important;padding-right : 0px !important;margin-right : 2.88%;padding-bottom : 0px !important;padding-left : 0px !important;margin-left : 2.88%;}@media only screen and (max-width:1532px) {.fusion-body .fusion-builder-column-1{width:66.666666666667% !important;order : 0;}.fusion-builder-column-1 > .fusion-column-wrapper {margin-right : 2.88%;margin-left : 2.88%;}}@media only screen and (max-width:640px) {.fusion-body .fusion-builder-column-1{width:100% !important;order : 0;}.fusion-builder-column-1 > .fusion-column-wrapper {margin-right : 1.92%;margin-left : 1.92%;}}<\/style><div class=\"fusion-layout-column fusion_builder_column fusion-builder-column-2 fusion_builder_column_1_3 1_3 fusion-flex-column\"><div class=\"fusion-column-wrapper fusion-flex-justify-content-flex-start fusion-content-layout-column\" style=\"background-position:left top;background-repeat:no-repeat;-webkit-background-size:cover;-moz-background-size:cover;-o-background-size:cover;background-size:cover;padding: 0px 0px 0px 0px;\"><div class=\"fusion-separator fusion-full-width-sep\" style=\"align-self: center;margin-left: auto;margin-right: auto;margin-top:15px;width:100%;\"><\/div><div class=\"fusion-text fusion-text-4\" style=\"font-size:20px;transform:translate3d(0,0,0);\"><p><span style=\"color: #3d44ac;\">Recaudado:\u00a0<\/span><span id=\"recaudado\" style=\"color: #000000;\">&#8211; \u20ac<\/span><\/p>\n<\/div><div class=\"fusion-separator fusion-full-width-sep\" style=\"align-self: center;margin-left: auto;margin-right: auto;width:100%;\"><div class=\"fusion-separator-border sep-single\" style=\"border-color:#9da0d2;border-top-width:1px;\"><\/div><\/div><div class=\"fusion-separator fusion-full-width-sep\" style=\"align-self: center;margin-left: auto;margin-right: auto;margin-top:15px;width:100%;\"><\/div><div class=\"fusion-text fusion-text-5\" style=\"font-size:20px;transform:translate3d(0,0,0);\"><p><span style=\"color: #3d44ac;\">Participantes: <\/span> <span id=\"participantes\" style=\"color: #000000;\">&#8211;<\/span><\/p>\n<\/div><div class=\"fusion-separator fusion-full-width-sep\" style=\"align-self: center;margin-left: auto;margin-right: auto;width:100%;\"><div class=\"fusion-separator-border sep-single\" style=\"border-color:#9da0d2;border-top-width:1px;\"><\/div><\/div><div class=\"fusion-separator fusion-full-width-sep\" style=\"align-self: center;margin-left: auto;margin-right: auto;margin-top:15px;width:100%;\"><\/div><div class=\"fusion-text fusion-text-6\" style=\"font-size:20px;transform:translate3d(0,0,0);\"><p><span style=\"color: #3d44ac;\">Duraci\u00f3n: <\/span>Hasta el 01-10-2023<\/p>\n<\/div><div class=\"fusion-separator fusion-full-width-sep\" style=\"align-self: center;margin-left: auto;margin-right: auto;width:100%;\"><div class=\"fusion-separator-border sep-single\" style=\"border-color:#9da0d2;border-top-width:1px;\"><\/div><\/div><div class=\"fusion-separator fusion-full-width-sep\" style=\"align-self: center;margin-left: auto;margin-right: auto;margin-top:25px;width:100%;\"><\/div><style>.fusion-form-17504 .fusion-form-tooltip .fusion-form-tooltip-content{color:#ffffff !important;background-color:#333333 !important;border-color:#333333 !important;}<\/style><div class=\"fusion-form fusion-form-builder fusion-form-form-wrapper fusion-form-19013\" data-form-id=\"19013\"><form action=\"https:\/\/www.incliva.es\/en\/your-solidarity-campaign\/campana-solidaria-100-anos-de-exitos-y-algun-tropezon\/\" method=\"post\" class=\"fusion-form fusion-form-17504\"><div class=\"fusion-fullwidth fullwidth-box fusion-builder-row-2-1 fusion-flex-container nonhundred-percent-fullwidth non-hundred-percent-height-scrolling\" style=\"background-color: rgba(255,255,255,0);background-position: center center;background-repeat: no-repeat;border-width: 0px 0px 0px 0px;border-color:#e2e2e2;border-style:solid;\" ><div class=\"fusion-builder-row fusion-row fusion-flex-align-items-flex-start\" style=\"width:104% !important;max-width:104% !important;margin-left: calc(-4% \/ 2 );margin-right: calc(-4% \/ 2 );\"><div class=\"fusion-layout-column fusion_builder_column fusion-builder-column-3 fusion_builder_column_1_1 1_1 fusion-flex-column\"><div class=\"fusion-column-wrapper fusion-flex-justify-content-flex-start fusion-content-layout-column\" style=\"background-position:left top;background-repeat:no-repeat;-webkit-background-size:cover;-moz-background-size:cover;-o-background-size:cover;background-size:cover;padding: 0px 0px 0px 0px;\"><!-- \t\t\t\t\t\t\n\tformulario de donaciones\n -->\n\n\t\t\t\t\t\t\t<p class=\"test\">dev<\/p>\n\t\t\t\t\t\t\t<div class=\"paso1 table-1\">\n\t\t\t\t\t\t\t\t<p class=\"numeros n1-3\">\n\t\t\t\t\t\t\t\t\t<spam class=\"n1 nselected\">\u2776<\/spam>\u268a<spam class=\"n2\">\u2777<\/spam>\u268a<spam class=\"n3\">\u2778<\/spam>\n\t\t\t\t\t\t\t\t<\/p>\n\t\t\t\t\t\t\t\t<p>Elige la cantidad que quieres donar.<\/p>\n\t\t\t\t\t\t\t\t<table class=\"tabla_imp\" width=\"100%\">\n\t\t\t\t\t\t\t\t<thead>\n\t\t\t\t\t\t\t\t<tr>\n\t\t\t\t\t\t\t\t<th class=\"importe importe_selected\"><div id=\"tabla-importe1\">10 \u20ac<\/div><\/th>\n\t\t\t\t\t\t\t\t<th class=\"importe\"><div id=\"tabla-importe2\">30 \u20ac<\/div><\/th>\n\t\t\t\t\t\t\t\t<th class=\"importe\"><div id=\"tabla-importe3\">50 \u20ac<\/div><\/th>\n\t\t\t\t\t\t\t\t<th class=\"imp_otra\">\n\t\t\t\t\t\t\t\t<div class=\"imp_otra_txt\">Otra cantidad<\/div>\n\t\t\t\t\t\t\t\t<div class=\"imp_otra_num fusion-form-field fusion-form-number-field\" >\n\t\t\t\t\t\t\t\t\t<input id=\"input-amount\" class=\"fusion-form-input\" style=\"width: 114px;\" type=\"number\" placeholder=\"Importe*\" \/>\n\t\t\t\t\t\t\t\t<\/div>\n\t\t\t\t\t\t\t\t<\/th>\n\t\t\t\t\t\t\t\t<\/tr>\n\t\t\t\t\t\t\t\t<\/thead>\n\t\t\t\t\t\t\t\t<\/table>\n\t\t\t\t\t\t\t<\/div>\n\t\t\t\t\t\t\t<div class=\"paso2\">\n\t\t\t\t\t\t\t\t<p class=\"numeros n1-3\"><spam class=\"n1\">\u2776<\/spam>\u268a<spam class=\"n2 nselected\">\u2777<\/spam>\u268a<spam class=\"n3\">\u2778<\/spam><\/p>\n\t\t\t\t\t\t\t\t<p class=\"importe_txt\">T\u00fa donaci\u00f3n es de xxx \u20ac<\/p>\n\t\t\t\t\t\t\t\t<div class=\"fusion-form-field fusion-form-text-field\"><input class=\"fusion-form-input requerido\" id=\"nombre\" type=\"text\" placeholder=\"Nombre*\" \/><\/div>\n\t\t\t\t\t\t\t\t<div class=\"fusion-form-field fusion-form-text-field\"><input class=\"fusion-form-input requerido\" id=\"apellidos\" type=\"text\" placeholder=\"Apellidos*\" \/><\/div>\n\t\t\t\t\t\t\t\t<div class=\"fusion-form-field fusion-form-email-field\"><input class=\"fusion-form-input requerido\" id=\"email\" type=\"email\" placeholder=\"Email*\" \/><\/div>\n\t\t\t\t\t\t\t\t<div class=\"fusion-form-field fusion-form-text-field\"><input class=\"fusion-form-input requerido\" id=\"DNI\" type=\"text\" placeholder=\"DNI\/CIF*\" \/><\/div>\n\t\t\t\t\t\t\t\t<div class=\"fusion-form-field fusion-form-text-field\"><input class=\"fusion-form-input requerido\" id=\"CP\" type=\"text\" placeholder=\"C\u00f3digo postal*\" \/><\/div>\n\t\t\t\t\t\t\t\t<div class=\"fusion-form-field fusion-form-text-field\"><input class=\"fusion-form-input\" id=\"telefono\" type=\"text\" placeholder=\"Tel\u00e9fono\" \/><\/div>\n\t\t\t\t\t\t\t\t<div class=\"fusion-form-field fusion-form-text-field\"><input class=\"fusion-form-input\" id=\"direccion\" type=\"text\" placeholder=\"Direcci\u00f3n\" \/><\/div>\n\t\t\t\t\t\t\t\t<div class=\"fusion-form-field fusion-form-text-field\"><input class=\"fusion-form-input\" id=\"poblacion\" type=\"text\" placeholder=\"Poblaci\u00f3n\" \/><\/div>\n\t\t\t\t\t\t\t\t<div class=\"fusion-form-field fusion-form-text-field\"><input class=\"fusion-form-input\" id=\"provincia\" type=\"text\" placeholder=\"Provincia\" \/><\/div>\n\n\t\t\t\t\t\t\t\t<div class=\"fusion-form-field fusion-form-textarea-field\"><textarea cols=\"40\" rows=\"3\" class=\"fusion-form-input\" id=\"mensaje\" placeholder=\"Introduce aqu\u00ed tu mensaje\"><\/textarea><\/div>\n\n\n\t\t\t\t\t\t\t\t<div id=\"ch_acepto\" class=\"fusion-form-field fusion-form-checkbox-field\">\n\t\t\t\t\t\t\t\t\t<fieldset>\n\t\t\t\t\t\t\t\t\t\t<div class=\"fusion-form-checkbox\">\n\t\t\t\t\t\t\t\t\t\t\t<input id=\"checkbox-acepto\" class=\"fusion-form-input\" type=\"checkbox\" value=\"Acepto\" \/>\n\t\t\t\t\t\t\t\t\t\t\t<label for=\"checkbox-acepto\">He le\u00eddo y acepto las <a href=\"\/condiciones de uso\">condiciones de uso del sitio<\/a>.\n\t\t\t\t\t\t\t\t\t\t\t<\/label>\n\t\t\t\t\t\t\t\t\t\t<\/div>\n\t\t\t\t\t\t\t\t\t<\/fieldset>\n\t\t\t\t\t\t\t\t<\/div>\n\t\t\t\t\t\t\t\t<div id=\"ch_anonimo\" class=\"fusion-form-field fusion-form-checkbox-field\">\n\t\t\t\t\t\t\t\t\t<fieldset>\n\t\t\t\t\t\t\t\t\t\t<div class=\"fusion-form-checkbox\">\n\t\t\t\t\t\t\t\t\t\t\t<input id=\"anonimo\" class=\"fusion-form-input\" type=\"checkbox\" value=\"Acepto\" \/>\n\t\t\t\t\t\t\t\t\t\t\t<label for=\"anonimo\">Acepto que mi Nombre aparezca en los agradecimientos de las publicaciones en cualquier formato de la entidad y recibir informaci\u00f3n de INCLIVA.<\/label>\n\t\t\t\t\t\t\t\t\t\t<\/div>\n\t\t\t\t\t\t\t\t\t<\/fieldset>\n\t\t\t\t\t\t\t\t<\/div>\n\t\t\t\t\t\t\t<\/div>\n\t\t\t\t\t\t\t<div class=\"paso3\">\n\t\t\t\t\t\t\t\t<p class=\"numeros n1-3\">\n\t\t\t\t\t\t\t\t\t<spam class=\"n1\">\u2776<\/spam>\u268a<spam class=\"n2\">\u2777<\/spam>\u268a<spam class=\"n3 nselected\">\u2778<\/spam>\n\t\t\t\t\t\t\t\t<\/p>\n\t\t\t\t\t\t\t\t<p class=\"importe_txt\">T\u00fa donaci\u00f3n es de xxx \u20ac<\/p>\n\t\t\t\t\t\t\t\t<div id=\"card-form\" style=\"height: 350px;\"><\/div>\n\t\t\t\t\t\t\t\t<form name=\"datos\">\n\t\t\t\t\t\t\t\t\t<input id=\"token\" type=\"hidden\" \/>\n\t\t\t\t\t\t\t\t\t<input id=\"errorCode\" type=\"hidden\" \/>\n\t\t\t\t\t\t\t\t\t<input id=\"orderID\" type=\"hidden\" \/>\n\t\t\t\t\t\t\t\t\t<input id=\"amount\" type=\"hidden\" \/>\n\t\t\t\t\t\t\t\t<\/form>\n\t\t\t\t\t\t\t<\/div>\n\t\t\t\t\t\t\t<div class=\"paso4 fusion-alert alert fusion-alert-center\">\n\t\t\t\t\t\t\t\t<div class=\"paso4-texto\">\n\t\t\t\t\t\t\t\t\t<span style=\"font-size:18px;\"><b>!Muchas gracias por tu colaboraci\u00f3n!<\/b><\/span><br><br>\n\t\t\t\t\t\t\t\t\t<b>La donaci\u00f3n se ha realizado correctamente.<\/b><br><br>\n\t\t\t\t\t\t\t\t\tEn breve recibir\u00e1 un correo de confirmaci\u00f3n.\n\t\t\t\t\t\t\t\t<\/div>\n\t\t\t\t\t\t\t<\/div>\n\t\t\t\t\t\t\t\t<div class=\"paso5 fusion-alert alert fusion-alert-center\">\n\t\t\t\t\t\t\t\t\t\t<span class=\"alert-icon\"><i class=\"fa-lg fa fa-exclamation-triangle\"><\/i><\/span><br>\n\t\t\t\t\t\t\t\t\t\t<span class=\"fusion-alert-content\">mensaje de error.<\/span>\n\t\t\t\t\t\t\t\t<\/div>\n\t\t\t\t\t\t\t<p style=\"text-align:center\">\n\t\t\t\t\t\t\t\t<a class=\"button-donar fusion-button button-flat fusion-button-default-size button-default fusion-button-default-span fusion-button-default-type\" target=\"_self\" rel=\"noopener\">\n\t\t\t\t\t\t\t\t<span class=\"fusion-button-text\">Donar ahora<\/span><\/a>\n\t\t\t\t\t\t\t<\/p>\n\t\t\t\t\t\t\t<p style=\"text-align:center\">\n\t\t\t\t\t\t\t\t<a target=\"_self\" href=\"\/donar\/beneficios-fiscales\/\" rel=\"noopener\">Ver beneficios fiscales<\/a>\n\t\t\t\t\t\t\t<\/p>\n\t\t\t\t\t\t<\/div>\n\t\t\t\t\t<\/div>\n\t\t\t\t<\/div>\n\n\n\t\t\t\t\t\t\n\t\t\t\t\t\t\n\t\t\t\t\t\t<!-- Real \t-->\n\t\t\t\t\t\t<script src=\"https:\/\/sis.redsys.es\/sis\/NC\/redsysV2.js\"><\/script>\n\t\t\t\t\t\n\t\t\t\t\t\t<!--  Test \n\t\t\t\t\t\t<script src=\"https:\/\/sis-t.redsys.es:25443\/sis\/NC\/sandbox\/redsysV2.js\"><\/script>\n\t\t\t\t\t\t\t-->\n\n\n\t\t\t\t\t\t\n\t\t\t\t\t\t<link rel=\"stylesheet\" type=\"text\/css\" href=\"\/donacion2023\/assets\/css\/jquery-ui.min.css\" \/>\n\t\t\t\t\t\t<link rel=\"stylesheet\" type=\"text\/css\" href=\"\/donacion2023\/assets\/css\/estilos.css\" \/>\n\t\t\t\t\t\t<script type=\"text\/javascript\" src=\"\/donacion2023\/assets\/js\/jquery-1.7.min.js\" ><\/script>\n\t\t\t\t\t\t<script type=\"text\/javascript\" src=\"\/donacion2023\/assets\/js\/jquery-ui.min.js\" ><\/script>\n\n\t\t\t\t\t\t<link rel=\"stylesheet\" type=\"text\/css\" href=\"\/donacion2023\/donar.css\" \/>\n\t\t\t\t\t\t<script type=\"text\/javascript\" src=\"\/donacion2023\/donar.js?12122025002\"><\/script>\n\n\n\n<!-- \t\t\t\t\t\t\n\tformulario de donaciones\n -->\n<\/div><\/div><style type=\"text\/css\">.fusion-body .fusion-builder-column-3{width:100% !important;margin-top : 0px;margin-bottom : 20px;}.fusion-builder-column-3 > .fusion-column-wrapper {padding-top : 0px !important;padding-right : 0px !important;margin-right : 1.92%;padding-bottom : 0px !important;padding-left : 0px !important;margin-left : 1.92%;}@media only screen and (max-width:1532px) {.fusion-body .fusion-builder-column-3{width:100% !important;order : 0;}.fusion-builder-column-3 > .fusion-column-wrapper {margin-right : 1.92%;margin-left : 1.92%;}}@media only screen and (max-width:640px) {.fusion-body .fusion-builder-column-3{width:100% !important;order : 0;}.fusion-builder-column-3 > .fusion-column-wrapper {margin-right : 1.92%;margin-left : 1.92%;}}<\/style><\/div><style type=\"text\/css\">.fusion-body .fusion-flex-container.fusion-builder-row-2-1{ padding-top : 0px;margin-top : 0px;padding-right : 0px;padding-bottom : 0px;margin-bottom : 0px;padding-left : 0px;}<\/style><\/div><input type=\"hidden\" name=\"fusion_privacy_store_ip_ua\" value=\"false\"><input type=\"hidden\" name=\"fusion_privacy_expiration_interval\" value=\"48\"><input type=\"hidden\" name=\"privacy_expiration_action\" value=\"anonymize\"><\/form><\/div><script>var formCreatorConfig_17504 = {\"form_id\":\"17504\",\"form_post_id\":19013,\"post_id\":24349,\"form_type\":\"database\",\"confirmation_type\":\"message\",\"redirect_url\":\"\",\"field_labels\":[]};<\/script><\/div><\/div><style type=\"text\/css\">.fusion-body .fusion-builder-column-2{width:33.333333333333% !important;margin-top : 0px;margin-bottom : 20px;}.fusion-builder-column-2 > .fusion-column-wrapper {padding-top : 0px !important;padding-right : 0px !important;margin-right : 5.76%;padding-bottom : 0px !important;padding-left : 0px !important;margin-left : 5.76%;}@media only screen and (max-width:1532px) {.fusion-body .fusion-builder-column-2{width:33.333333333333% !important;order : 0;}.fusion-builder-column-2 > .fusion-column-wrapper {margin-right : 5.76%;margin-left : 5.76%;}}@media only screen and (max-width:640px) {.fusion-body .fusion-builder-column-2{width:100% !important;order : 0;}.fusion-builder-column-2 > .fusion-column-wrapper {margin-right : 1.92%;margin-left : 1.92%;}}<\/style><\/div><style type=\"text\/css\">.fusion-body .fusion-flex-container.fusion-builder-row-2{ padding-top : 0px;margin-top : 0px;padding-right : 0px;padding-bottom : 0px;margin-bottom : 0px;padding-left : 0px;}<\/style><\/div><\/p>\n","protected":false},"excerpt":{"rendered":"","protected":false},"author":13,"featured_media":0,"parent":18996,"menu_order":0,"comment_status":"closed","ping_status":"closed","template":"","meta":[],"acf":[],"_links":{"self":[{"href":"https:\/\/www.incliva.es\/en\/wp-json\/wp\/v2\/pages\/24349"}],"collection":[{"href":"https:\/\/www.incliva.es\/en\/wp-json\/wp\/v2\/pages"}],"about":[{"href":"https:\/\/www.incliva.es\/en\/wp-json\/wp\/v2\/types\/page"}],"author":[{"embeddable":true,"href":"https:\/\/www.incliva.es\/en\/wp-json\/wp\/v2\/users\/13"}],"replies":[{"embeddable":true,"href":"https:\/\/www.incliva.es\/en\/wp-json\/wp\/v2\/comments?post=24349"}],"version-history":[{"count":10,"href":"https:\/\/www.incliva.es\/en\/wp-json\/wp\/v2\/pages\/24349\/revisions"}],"predecessor-version":[{"id":24404,"href":"https:\/\/www.incliva.es\/en\/wp-json\/wp\/v2\/pages\/24349\/revisions\/24404"}],"up":[{"embeddable":true,"href":"https:\/\/www.incliva.es\/en\/wp-json\/wp\/v2\/pages\/18996"}],"wp:attachment":[{"href":"https:\/\/www.incliva.es\/en\/wp-json\/wp\/v2\/media?parent=24349"}],"curies":[{"name":"wp","href":"https:\/\/api.w.org\/{rel}","templated":true}]}}