{"id":21077,"date":"2023-05-09T14:13:34","date_gmt":"2023-05-09T12:13:34","guid":{"rendered":"https:\/\/www.incliva.es\/tu-campana-solidaria\/campana-solidaria-comunion-solidaria-alejandra-benages\/"},"modified":"2023-05-19T08:02:23","modified_gmt":"2023-05-19T06:02:23","slug":"campana-solidaria-comunion-solidaria-alejandra-benages","status":"publish","type":"page","link":"https:\/\/www.incliva.es\/en\/your-solidarity-campaign\/campana-solidaria-comunion-solidaria-alejandra-benages\/","title":{"rendered":"Comuni\u00f3n Solidaria Alejandra Benages"},"content":{"rendered":"<p><div class=\"fusion-fullwidth fullwidth-box fusion-builder-row-1 fusion-flex-container nonhundred-percent-fullwidth non-hundred-percent-height-scrolling\" style=\"background-color: rgba(255,255,255,0);background-position: center center;background-repeat: no-repeat;border-width: 0px 0px 0px 0px;border-color:#e2e2e2;border-style:solid;\" ><div class=\"fusion-builder-row fusion-row fusion-flex-align-items-flex-start\" style=\"max-width:1248px;margin-left: calc(-4% \/ 2 );margin-right: calc(-4% \/ 2 );\"><div class=\"fusion-layout-column fusion_builder_column fusion-builder-column-0 fusion_builder_column_1_1 1_1 fusion-flex-column\"><div class=\"fusion-column-wrapper fusion-flex-justify-content-flex-start fusion-content-layout-column\" style=\"background-position:left top;background-repeat:no-repeat;-webkit-background-size:cover;-moz-background-size:cover;-o-background-size:cover;background-size:cover;padding: 0px 0px 0px 0px;\"><div class=\"fusion-builder-row fusion-builder-row-inner fusion-row fusion-flex-align-items-flex-start\" style=\"width:104% !important;max-width:104% !important;margin-left: calc(-4% \/ 2 );margin-right: calc(-4% \/ 2 );\"><div class=\"fusion-layout-column fusion_builder_column_inner fusion-builder-nested-column-0 fusion_builder_column_inner_1_1 1_1 fusion-flex-column fusion-flex-align-self-stretch\"><div class=\"fusion-column-wrapper fusion-column-has-shadow fusion-flex-justify-content-space-evenly fusion-content-layout-column\" style=\"background-position:left top;background-repeat:no-repeat;-webkit-background-size:cover;-moz-background-size:cover;-o-background-size:cover;background-size:cover;background-color:#f2f2f2;box-shadow:5px 0px #da456a inset;;padding: 20px 0px 0px 0px;\"><div class=\"fusion-text fusion-text-1\" style=\"transform:translate3d(0,0,0);\"><p style=\"text-align: center; font-size: 32px;\"><span style=\"color: #da456a; margin-bottom: 10px;\"><strong>Comuni\u00f3n Solidaria<br \/><\/strong><\/span><\/p>\n<p style=\"text-align: center; font-size: 18px;\"><strong>Campa\u00f1a solidaria:<\/strong> Alejandra Benages Garc\u00eda<\/p>\n<p style=\"text-align: center; font-size: 18px;\"><strong>Fondos destinados a:<\/strong> Investigaci\u00f3n C\u00e1ncer de Mama Triple Negativo<\/p>\n<\/div><\/div><\/div><style type=\"text\/css\">.fusion-body .fusion-builder-nested-column-0{width:100% !important;margin-top : 20px;margin-bottom : 20px;}.fusion-builder-nested-column-0 > .fusion-column-wrapper {padding-top : 20 !important;padding-right : 0px !important;margin-right : 1.92%;padding-bottom : 0px !important;padding-left : 0px !important;margin-left : 1.92%;}@media only screen and (max-width:1532px) {.fusion-body .fusion-builder-nested-column-0{width:100% !important;order : 0;}.fusion-builder-nested-column-0 > .fusion-column-wrapper {margin-right : 1.92%;margin-left : 1.92%;}}@media only screen and (max-width:640px) {.fusion-body .fusion-builder-nested-column-0{width:100% !important;order : 0;}.fusion-builder-nested-column-0 > .fusion-column-wrapper {margin-right : 1.92%;margin-left : 1.92%;}}<\/style><\/div><\/div><\/div><style type=\"text\/css\">.fusion-body .fusion-builder-column-0{width:100% !important;margin-top : 0px;margin-bottom : 20px;}.fusion-builder-column-0 > .fusion-column-wrapper {padding-top : 0px !important;padding-right : 0px !important;margin-right : 1.92%;padding-bottom : 0px !important;padding-left : 0px !important;margin-left : 1.92%;}@media only screen and (max-width:1532px) {.fusion-body .fusion-builder-column-0{width:100% !important;order : 0;}.fusion-builder-column-0 > .fusion-column-wrapper {margin-right : 1.92%;margin-left : 1.92%;}}@media only screen and (max-width:640px) {.fusion-body .fusion-builder-column-0{width:100% !important;order : 0;}.fusion-builder-column-0 > .fusion-column-wrapper {margin-right : 1.92%;margin-left : 1.92%;}}<\/style><\/div><style type=\"text\/css\">.fusion-body .fusion-flex-container.fusion-builder-row-1{ padding-top : 0px;margin-top : 0px;padding-right : 0px;padding-bottom : 0px;margin-bottom : 0px;padding-left : 0px;}<\/style><\/div><div class=\"fusion-fullwidth fullwidth-box fusion-builder-row-2 fusion-flex-container nonhundred-percent-fullwidth non-hundred-percent-height-scrolling\" style=\"background-color: rgba(255,255,255,0);background-position: center center;background-repeat: no-repeat;border-width: 0px 0px 0px 0px;border-color:#e2e2e2;border-style:solid;\" ><div class=\"fusion-builder-row fusion-row fusion-flex-align-items-flex-start\" style=\"max-width:1248px;margin-left: calc(-4% \/ 2 );margin-right: calc(-4% \/ 2 );\"><div class=\"fusion-layout-column fusion_builder_column fusion-builder-column-1 fusion_builder_column_2_3 2_3 fusion-flex-column\"><div class=\"fusion-column-wrapper fusion-flex-justify-content-flex-start fusion-content-layout-column\" style=\"background-position:left top;background-repeat:no-repeat;-webkit-background-size:cover;-moz-background-size:cover;-o-background-size:cover;background-size:cover;padding: 0px 0px 0px 0px;\"><div style=\"text-align:center;\"><span class=\" fusion-imageframe imageframe-none imageframe-1 hover-type-none\"><img width=\"2560\" height=\"1707\" title=\"Foto\" src=\"https:\/\/www.incliva.es\/wp-content\/uploads\/2023\/05\/Foto-scaled.jpg\" class=\"img-responsive wp-image-21030\" srcset=\"https:\/\/www.incliva.es\/wp-content\/uploads\/2023\/05\/Foto-200x133.jpg 200w, https:\/\/www.incliva.es\/wp-content\/uploads\/2023\/05\/Foto-400x267.jpg 400w, https:\/\/www.incliva.es\/wp-content\/uploads\/2023\/05\/Foto-600x400.jpg 600w, https:\/\/www.incliva.es\/wp-content\/uploads\/2023\/05\/Foto-800x533.jpg 800w, https:\/\/www.incliva.es\/wp-content\/uploads\/2023\/05\/Foto-1200x800.jpg 1200w, https:\/\/www.incliva.es\/wp-content\/uploads\/2023\/05\/Foto-scaled.jpg 2560w\" sizes=\"(max-width: 640px) 100vw, 800px\" \/><\/span><\/div><div class=\"fusion-separator fusion-full-width-sep\" style=\"align-self: center;margin-left: auto;margin-right: auto;margin-top:15px;width:100%;\"><\/div><style type=\"text\/css\">@media only screen and (max-width:1532px) {.fusion-title.fusion-title-1{margin-top:10px!important;margin-bottom:15px!important;}}@media only screen and (max-width:640px) {.fusion-title.fusion-title-1{margin-top:10px!important;margin-bottom:10px!important;}}<\/style><div class=\"fusion-title title fusion-title-1 fusion-title-center fusion-title-text fusion-title-size-three\" style=\"margin-top:10px;margin-bottom:15px;\"><div class=\"title-sep-container title-sep-container-left\"><div class=\"title-sep sep-single sep-solid\" style=\"border-color:#3d44ac;\"><\/div><\/div><h3 class=\"title-heading-center\" style=\"margin:0;\">Descripci\u00f3n del evento<\/h3><div class=\"title-sep-container title-sep-container-right\"><div class=\"title-sep sep-single sep-solid\" style=\"border-color:#3d44ac;\"><\/div><\/div><\/div><div class=\"fusion-text fusion-text-2\" style=\"transform:translate3d(0,0,0);\"><p>Toda la familia Rico-Benages estamos muy ilusionados con compartir con nuestros amigos y familiares un d\u00eda tan especial como la primera comuni\u00f3n de \u00c1ngel y Alejandra. Adem\u00e1s de disfrutar de esta celebraci\u00f3n, tambi\u00e9n queremos hacer part\u00edcipes a nuestros invitados de nuestra inquietud por la investigaci\u00f3n sanitaria, m\u00e1s concretamente en c\u00e1ncer de mama, y nuestra gratitud hacia INCLIVA, Instituto de Investigaci\u00f3n Sanitaria del Hospital Cl\u00ednico de Valencia.<\/p>\n<p>Como todos sab\u00e9is, soy la mam\u00e1 de los protagonistas y en el 2017 me diagnosticaron C\u00e1ncer de mama triple negativo. Desde entonces vivo inmersa en una monta\u00f1a rusa de emociones e incertidumbres que s\u00f3lo yo, y mis seres m\u00e1s cercanos y queridos sufren conmigo. Desde entonces siempre he pensado que ten\u00eda que donar para Investigaci\u00f3n, sin embargo, queda tanto por hacer en todos los aspectos, que me ha resultado muy dif\u00edcil decidir: \u00a0d\u00f3nde y c\u00f3mo aportar. Por otro lado, desde que esto comenz\u00f3 en mi vida, nunca he compartido, el eslogan \u201cluchadora, ha ganado la batalla, la ha perdido, etc.\u201d Las pacientes no luchamos, y no ganamos ni perdemos batallas. Los verdaderos luchadores contra esta enfermedad son los investigadores, que se dejan la piel en entender qu\u00e9 pasa con el c\u00e1ncer. Que pasa con esta enfermedad que es capaz de esconderse en cualquier parte del cuerpo, permanecer dormida y despertar cuando menos te lo esperas&#8230; \u00a0Ellos, los investigadores e investigadoras, son los que batallan cada d\u00eda para que nosotras podamos sumar m\u00e1s tratamientos y ganar tiempo, para que nosotras tengamos mejor calidad de vida. Como me dice mi Onco, \u201cSe trata de sumar\u201d y yo siempre le digo \u201cyo sumo y tu encuentra la vacuna que nos cronifique\u201d. Esto s\u00f3lo es posible si hay investigaci\u00f3n y para que la haya tiene que haber inversi\u00f3n en la misma.<\/p>\n<p>Estoy feliz de poder ver a mis hijos tomar la Comuni\u00f3n el pr\u00f3ximo 10 de junio. Algo t\u00edpico en estos eventos es hacer un detalle a los invitados en agradecimiento a su asistencia al evento. Estos detalles, o regalos, al cabo de los meses, a\u00f1os, depende de cada uno, acaban en la basura, y quedan en el olvido. Por esto y todo lo que os he contado, pens\u00e9: \u201c\u00bfy si en lugar de gastar dinero en un regalo que acabar\u00e1 en el olvido, ese dinero, lo invierto en investigaci\u00f3n?\u201d. Lo coment\u00e9 con Pedro, mi marido, mi acompa\u00f1ante, mi pilar, y dijimos \u201c\u00bfy por qu\u00e9 no?\u201d. As\u00ed que como veis, esta es la historia que me ha motivado a hacer esta campa\u00f1a solidaria. Invitados, vuestro regalo forma parte de esta donaci\u00f3n. Si pod\u00e9is, quer\u00e9is y lo veis oportuno, pod\u00e9is tambi\u00e9n contribuir, en esta campa\u00f1a solidaria.<\/p>\n<\/div><div class=\"fusion-text fusion-text-3\" style=\"transform:translate3d(0,0,0);\"><p><a href=\"https:\/\/www.incliva.es\/tu-campana-solidaria\/\">Volver a la lista de campa\u00f1as<\/a><\/p>\n<\/div><\/div><\/div><style type=\"text\/css\">.fusion-body .fusion-builder-column-1{width:66.666666666667% !important;margin-top : 0px;margin-bottom : 20px;}.fusion-builder-column-1 > .fusion-column-wrapper {padding-top : 0px !important;padding-right : 0px !important;margin-right : 2.88%;padding-bottom : 0px !important;padding-left : 0px !important;margin-left : 2.88%;}@media only screen and (max-width:1532px) {.fusion-body .fusion-builder-column-1{width:66.666666666667% !important;order : 0;}.fusion-builder-column-1 > .fusion-column-wrapper {margin-right : 2.88%;margin-left : 2.88%;}}@media only screen and (max-width:640px) {.fusion-body .fusion-builder-column-1{width:100% !important;order : 0;}.fusion-builder-column-1 > .fusion-column-wrapper {margin-right : 1.92%;margin-left : 1.92%;}}<\/style><div class=\"fusion-layout-column fusion_builder_column fusion-builder-column-2 fusion_builder_column_1_3 1_3 fusion-flex-column\"><div class=\"fusion-column-wrapper fusion-flex-justify-content-flex-start fusion-content-layout-column\" style=\"background-position:left top;background-repeat:no-repeat;-webkit-background-size:cover;-moz-background-size:cover;-o-background-size:cover;background-size:cover;padding: 0px 0px 0px 0px;\"><div class=\"fusion-text fusion-text-4\" style=\"font-size:20px;color:#3bafbf;transform:translate3d(0,0,0);\"><p><span style=\"color: #3d44ac;\">Objetivo: <\/span><span id=\"objetivo\" style=\"color: #000000;\">1.103 \u20ac<\/span><\/p>\n<\/div><div class=\"fusion-separator fusion-full-width-sep\" style=\"align-self: center;margin-left: auto;margin-right: auto;width:100%;\"><div class=\"fusion-separator-border sep-single\" style=\"border-color:#9da0d2;border-top-width:1px;\"><\/div><\/div><div class=\"fusion-separator fusion-full-width-sep\" style=\"align-self: center;margin-left: auto;margin-right: auto;margin-top:15px;width:100%;\"><\/div><div class=\"fusion-text fusion-text-5\" style=\"font-size:20px;transform:translate3d(0,0,0);\"><p><span style=\"color: #3d44ac;\">Recaudado: <\/span> <span id=\"recaudado\" style=\"color: #000000;\">&#8211; \u20ac<\/span><\/p>\n<\/div><div class=\"fusion-separator fusion-full-width-sep\" style=\"align-self: center;margin-left: auto;margin-right: auto;width:100%;\"><div class=\"fusion-separator-border sep-single\" style=\"border-color:#9da0d2;border-top-width:1px;\"><\/div><\/div><div class=\"fusion-separator fusion-full-width-sep\" style=\"align-self: center;margin-left: auto;margin-right: auto;margin-top:15px;width:100%;\"><\/div><div class=\"fusion-text fusion-text-6\" style=\"font-size:20px;transform:translate3d(0,0,0);\"><p><span style=\"color: #3d44ac;\">Participantes: <\/span><span id=\"participantes\" style=\"color: #000000;\">&#8211;<\/span><\/p>\n<\/div><div class=\"fusion-separator fusion-full-width-sep\" style=\"align-self: center;margin-left: auto;margin-right: auto;width:100%;\"><div class=\"fusion-separator-border sep-single\" style=\"border-color:#9da0d2;border-top-width:1px;\"><\/div><\/div><div class=\"fusion-separator fusion-full-width-sep\" style=\"align-self: center;margin-left: auto;margin-right: auto;margin-top:15px;width:100%;\"><\/div><div class=\"fusion-text fusion-text-7\" style=\"font-size:20px;transform:translate3d(0,0,0);\"><p><span style=\"color: #3d44ac;\">Duraci\u00f3n: <\/span> <span style=\"color: #000000;\">27-10-2023<\/span><\/p>\n<\/div><div class=\"fusion-separator fusion-full-width-sep\" style=\"align-self: center;margin-left: auto;margin-right: auto;width:100%;\"><div class=\"fusion-separator-border sep-single\" style=\"border-color:#9da0d2;border-top-width:1px;\"><\/div><\/div><div class=\"fusion-separator fusion-full-width-sep\" style=\"align-self: center;margin-left: auto;margin-right: auto;margin-top:25px;width:100%;\"><\/div><style>.fusion-form-17504 .fusion-form-tooltip .fusion-form-tooltip-content{color:#ffffff !important;background-color:#333333 !important;border-color:#333333 !important;}<\/style><div class=\"fusion-form fusion-form-builder fusion-form-form-wrapper fusion-form-19013\" data-form-id=\"19013\"><form action=\"https:\/\/www.incliva.es\/en\/your-solidarity-campaign\/campana-solidaria-comunion-solidaria-alejandra-benages\/\" method=\"post\" class=\"fusion-form fusion-form-17504\"><div class=\"fusion-fullwidth fullwidth-box fusion-builder-row-2-1 fusion-flex-container nonhundred-percent-fullwidth non-hundred-percent-height-scrolling\" style=\"background-color: rgba(255,255,255,0);background-position: center center;background-repeat: no-repeat;border-width: 0px 0px 0px 0px;border-color:#e2e2e2;border-style:solid;\" ><div class=\"fusion-builder-row fusion-row fusion-flex-align-items-flex-start\" style=\"width:104% !important;max-width:104% !important;margin-left: calc(-4% \/ 2 );margin-right: calc(-4% \/ 2 );\"><div class=\"fusion-layout-column fusion_builder_column fusion-builder-column-3 fusion_builder_column_1_1 1_1 fusion-flex-column\"><div class=\"fusion-column-wrapper fusion-flex-justify-content-flex-start fusion-content-layout-column\" style=\"background-position:left top;background-repeat:no-repeat;-webkit-background-size:cover;-moz-background-size:cover;-o-background-size:cover;background-size:cover;padding: 0px 0px 0px 0px;\"><!-- \t\t\t\t\t\t\n\tformulario de donaciones\n -->\n\n\t\t\t\t\t\t\t<p class=\"test\">dev<\/p>\n\t\t\t\t\t\t\t<div class=\"paso1 table-1\">\n\t\t\t\t\t\t\t\t<p class=\"numeros n1-3\">\n\t\t\t\t\t\t\t\t\t<spam class=\"n1 nselected\">\u2776<\/spam>\u268a<spam class=\"n2\">\u2777<\/spam>\u268a<spam class=\"n3\">\u2778<\/spam>\n\t\t\t\t\t\t\t\t<\/p>\n\t\t\t\t\t\t\t\t<p>Elige la cantidad que quieres donar.<\/p>\n\t\t\t\t\t\t\t\t<table class=\"tabla_imp\" width=\"100%\">\n\t\t\t\t\t\t\t\t<thead>\n\t\t\t\t\t\t\t\t<tr>\n\t\t\t\t\t\t\t\t<th class=\"importe importe_selected\"><div id=\"tabla-importe1\">10 \u20ac<\/div><\/th>\n\t\t\t\t\t\t\t\t<th class=\"importe\"><div id=\"tabla-importe2\">30 \u20ac<\/div><\/th>\n\t\t\t\t\t\t\t\t<th class=\"importe\"><div id=\"tabla-importe3\">50 \u20ac<\/div><\/th>\n\t\t\t\t\t\t\t\t<th class=\"imp_otra\">\n\t\t\t\t\t\t\t\t<div class=\"imp_otra_txt\">Otra cantidad<\/div>\n\t\t\t\t\t\t\t\t<div class=\"imp_otra_num fusion-form-field fusion-form-number-field\" >\n\t\t\t\t\t\t\t\t\t<input id=\"input-amount\" class=\"fusion-form-input\" style=\"width: 114px;\" type=\"number\" placeholder=\"Importe*\" \/>\n\t\t\t\t\t\t\t\t<\/div>\n\t\t\t\t\t\t\t\t<\/th>\n\t\t\t\t\t\t\t\t<\/tr>\n\t\t\t\t\t\t\t\t<\/thead>\n\t\t\t\t\t\t\t\t<\/table>\n\t\t\t\t\t\t\t<\/div>\n\t\t\t\t\t\t\t<div class=\"paso2\">\n\t\t\t\t\t\t\t\t<p class=\"numeros n1-3\"><spam class=\"n1\">\u2776<\/spam>\u268a<spam class=\"n2 nselected\">\u2777<\/spam>\u268a<spam class=\"n3\">\u2778<\/spam><\/p>\n\t\t\t\t\t\t\t\t<p class=\"importe_txt\">T\u00fa donaci\u00f3n es de xxx \u20ac<\/p>\n\t\t\t\t\t\t\t\t<div class=\"fusion-form-field fusion-form-text-field\"><input class=\"fusion-form-input requerido\" id=\"nombre\" type=\"text\" placeholder=\"Nombre*\" \/><\/div>\n\t\t\t\t\t\t\t\t<div class=\"fusion-form-field fusion-form-text-field\"><input class=\"fusion-form-input requerido\" id=\"apellidos\" type=\"text\" placeholder=\"Apellidos*\" \/><\/div>\n\t\t\t\t\t\t\t\t<div class=\"fusion-form-field fusion-form-email-field\"><input class=\"fusion-form-input requerido\" id=\"email\" type=\"email\" placeholder=\"Email*\" \/><\/div>\n\t\t\t\t\t\t\t\t<div class=\"fusion-form-field fusion-form-text-field\"><input class=\"fusion-form-input requerido\" id=\"DNI\" type=\"text\" placeholder=\"DNI\/CIF*\" \/><\/div>\n\t\t\t\t\t\t\t\t<div class=\"fusion-form-field fusion-form-text-field\"><input class=\"fusion-form-input requerido\" id=\"CP\" type=\"text\" placeholder=\"C\u00f3digo postal*\" \/><\/div>\n\t\t\t\t\t\t\t\t<div class=\"fusion-form-field fusion-form-text-field\"><input class=\"fusion-form-input\" id=\"telefono\" type=\"text\" placeholder=\"Tel\u00e9fono\" \/><\/div>\n\t\t\t\t\t\t\t\t<div class=\"fusion-form-field fusion-form-text-field\"><input class=\"fusion-form-input\" id=\"direccion\" type=\"text\" placeholder=\"Direcci\u00f3n\" \/><\/div>\n\t\t\t\t\t\t\t\t<div class=\"fusion-form-field fusion-form-text-field\"><input class=\"fusion-form-input\" id=\"poblacion\" type=\"text\" placeholder=\"Poblaci\u00f3n\" \/><\/div>\n\t\t\t\t\t\t\t\t<div class=\"fusion-form-field fusion-form-text-field\"><input class=\"fusion-form-input\" id=\"provincia\" type=\"text\" placeholder=\"Provincia\" \/><\/div>\n\n\t\t\t\t\t\t\t\t<div class=\"fusion-form-field fusion-form-textarea-field\"><textarea cols=\"40\" rows=\"3\" class=\"fusion-form-input\" id=\"mensaje\" placeholder=\"Introduce aqu\u00ed tu mensaje\"><\/textarea><\/div>\n\n\n\t\t\t\t\t\t\t\t<div id=\"ch_acepto\" class=\"fusion-form-field fusion-form-checkbox-field\">\n\t\t\t\t\t\t\t\t\t<fieldset>\n\t\t\t\t\t\t\t\t\t\t<div class=\"fusion-form-checkbox\">\n\t\t\t\t\t\t\t\t\t\t\t<input id=\"checkbox-acepto\" class=\"fusion-form-input\" type=\"checkbox\" value=\"Acepto\" \/>\n\t\t\t\t\t\t\t\t\t\t\t<label for=\"checkbox-acepto\">He le\u00eddo y acepto las <a href=\"\/condiciones de uso\">condiciones de uso del sitio<\/a>.\n\t\t\t\t\t\t\t\t\t\t\t<\/label>\n\t\t\t\t\t\t\t\t\t\t<\/div>\n\t\t\t\t\t\t\t\t\t<\/fieldset>\n\t\t\t\t\t\t\t\t<\/div>\n\t\t\t\t\t\t\t\t<div id=\"ch_anonimo\" class=\"fusion-form-field fusion-form-checkbox-field\">\n\t\t\t\t\t\t\t\t\t<fieldset>\n\t\t\t\t\t\t\t\t\t\t<div class=\"fusion-form-checkbox\">\n\t\t\t\t\t\t\t\t\t\t\t<input id=\"anonimo\" class=\"fusion-form-input\" type=\"checkbox\" value=\"Acepto\" \/>\n\t\t\t\t\t\t\t\t\t\t\t<label for=\"anonimo\">Acepto que mi Nombre aparezca en los agradecimientos de las publicaciones en cualquier formato de la entidad y recibir informaci\u00f3n de INCLIVA.<\/label>\n\t\t\t\t\t\t\t\t\t\t<\/div>\n\t\t\t\t\t\t\t\t\t<\/fieldset>\n\t\t\t\t\t\t\t\t<\/div>\n\t\t\t\t\t\t\t<\/div>\n\t\t\t\t\t\t\t<div class=\"paso3\">\n\t\t\t\t\t\t\t\t<p class=\"numeros n1-3\">\n\t\t\t\t\t\t\t\t\t<spam class=\"n1\">\u2776<\/spam>\u268a<spam class=\"n2\">\u2777<\/spam>\u268a<spam class=\"n3 nselected\">\u2778<\/spam>\n\t\t\t\t\t\t\t\t<\/p>\n\t\t\t\t\t\t\t\t<p class=\"importe_txt\">T\u00fa donaci\u00f3n es de xxx \u20ac<\/p>\n\t\t\t\t\t\t\t\t<div id=\"card-form\" style=\"height: 350px;\"><\/div>\n\t\t\t\t\t\t\t\t<form name=\"datos\">\n\t\t\t\t\t\t\t\t\t<input id=\"token\" type=\"hidden\" \/>\n\t\t\t\t\t\t\t\t\t<input id=\"errorCode\" type=\"hidden\" \/>\n\t\t\t\t\t\t\t\t\t<input id=\"orderID\" type=\"hidden\" \/>\n\t\t\t\t\t\t\t\t\t<input id=\"amount\" type=\"hidden\" \/>\n\t\t\t\t\t\t\t\t<\/form>\n\t\t\t\t\t\t\t<\/div>\n\t\t\t\t\t\t\t<div class=\"paso4 fusion-alert alert fusion-alert-center\">\n\t\t\t\t\t\t\t\t<div class=\"paso4-texto\">\n\t\t\t\t\t\t\t\t\t<span style=\"font-size:18px;\"><b>!Muchas gracias por tu colaboraci\u00f3n!<\/b><\/span><br><br>\n\t\t\t\t\t\t\t\t\t<b>La donaci\u00f3n se ha realizado correctamente.<\/b><br><br>\n\t\t\t\t\t\t\t\t\tEn breve recibir\u00e1 un correo de confirmaci\u00f3n.\n\t\t\t\t\t\t\t\t<\/div>\n\t\t\t\t\t\t\t<\/div>\n\t\t\t\t\t\t\t\t<div class=\"paso5 fusion-alert alert fusion-alert-center\">\n\t\t\t\t\t\t\t\t\t\t<span class=\"alert-icon\"><i class=\"fa-lg fa fa-exclamation-triangle\"><\/i><\/span><br>\n\t\t\t\t\t\t\t\t\t\t<span class=\"fusion-alert-content\">mensaje de error.<\/span>\n\t\t\t\t\t\t\t\t<\/div>\n\t\t\t\t\t\t\t<p style=\"text-align:center\">\n\t\t\t\t\t\t\t\t<a class=\"button-donar fusion-button button-flat fusion-button-default-size button-default fusion-button-default-span fusion-button-default-type\" target=\"_self\" rel=\"noopener\">\n\t\t\t\t\t\t\t\t<span class=\"fusion-button-text\">Donar ahora<\/span><\/a>\n\t\t\t\t\t\t\t<\/p>\n\t\t\t\t\t\t\t<p style=\"text-align:center\">\n\t\t\t\t\t\t\t\t<a target=\"_self\" href=\"\/donar\/beneficios-fiscales\/\" rel=\"noopener\">Ver beneficios fiscales<\/a>\n\t\t\t\t\t\t\t<\/p>\n\t\t\t\t\t\t<\/div>\n\t\t\t\t\t<\/div>\n\t\t\t\t<\/div>\n\n\n\t\t\t\t\t\t\n\t\t\t\t\t\t\n\t\t\t\t\t\t<!-- Real \t-->\n\t\t\t\t\t\t<script src=\"https:\/\/sis.redsys.es\/sis\/NC\/redsysV2.js\"><\/script>\n\t\t\t\t\t\n\t\t\t\t\t\t<!--  Test \n\t\t\t\t\t\t<script src=\"https:\/\/sis-t.redsys.es:25443\/sis\/NC\/sandbox\/redsysV2.js\"><\/script>\n\t\t\t\t\t\t\t-->\n\n\n\t\t\t\t\t\t\n\t\t\t\t\t\t<link rel=\"stylesheet\" type=\"text\/css\" href=\"\/donacion2023\/assets\/css\/jquery-ui.min.css\" \/>\n\t\t\t\t\t\t<link rel=\"stylesheet\" type=\"text\/css\" href=\"\/donacion2023\/assets\/css\/estilos.css\" \/>\n\t\t\t\t\t\t<script type=\"text\/javascript\" src=\"\/donacion2023\/assets\/js\/jquery-1.7.min.js\" ><\/script>\n\t\t\t\t\t\t<script type=\"text\/javascript\" src=\"\/donacion2023\/assets\/js\/jquery-ui.min.js\" ><\/script>\n\n\t\t\t\t\t\t<link rel=\"stylesheet\" type=\"text\/css\" href=\"\/donacion2023\/donar.css\" \/>\n\t\t\t\t\t\t<script type=\"text\/javascript\" src=\"\/donacion2023\/donar.js?12122025002\"><\/script>\n\n\n\n<!-- \t\t\t\t\t\t\n\tformulario de donaciones\n -->\n<\/div><\/div><style type=\"text\/css\">.fusion-body .fusion-builder-column-3{width:100% !important;margin-top : 0px;margin-bottom : 20px;}.fusion-builder-column-3 > .fusion-column-wrapper {padding-top : 0px !important;padding-right : 0px !important;margin-right : 1.92%;padding-bottom : 0px !important;padding-left : 0px !important;margin-left : 1.92%;}@media only screen and (max-width:1532px) {.fusion-body .fusion-builder-column-3{width:100% !important;order : 0;}.fusion-builder-column-3 > .fusion-column-wrapper {margin-right : 1.92%;margin-left : 1.92%;}}@media only screen and (max-width:640px) {.fusion-body .fusion-builder-column-3{width:100% !important;order : 0;}.fusion-builder-column-3 > .fusion-column-wrapper {margin-right : 1.92%;margin-left : 1.92%;}}<\/style><\/div><style type=\"text\/css\">.fusion-body .fusion-flex-container.fusion-builder-row-2-1{ padding-top : 0px;margin-top : 0px;padding-right : 0px;padding-bottom : 0px;margin-bottom : 0px;padding-left : 0px;}<\/style><\/div><input type=\"hidden\" name=\"fusion_privacy_store_ip_ua\" value=\"false\"><input type=\"hidden\" name=\"fusion_privacy_expiration_interval\" value=\"48\"><input type=\"hidden\" name=\"privacy_expiration_action\" value=\"anonymize\"><\/form><\/div><script>var formCreatorConfig_17504 = {\"form_id\":\"17504\",\"form_post_id\":19013,\"post_id\":21077,\"form_type\":\"database\",\"confirmation_type\":\"message\",\"redirect_url\":\"\",\"field_labels\":[]};<\/script><\/div><\/div><style type=\"text\/css\">.fusion-body .fusion-builder-column-2{width:33.333333333333% !important;margin-top : 0px;margin-bottom : 20px;}.fusion-builder-column-2 > .fusion-column-wrapper {padding-top : 0px !important;padding-right : 0px !important;margin-right : 5.76%;padding-bottom : 0px !important;padding-left : 0px !important;margin-left : 5.76%;}@media only screen and (max-width:1532px) {.fusion-body .fusion-builder-column-2{width:33.333333333333% !important;order : 0;}.fusion-builder-column-2 > .fusion-column-wrapper {margin-right : 5.76%;margin-left : 5.76%;}}@media only screen and (max-width:640px) {.fusion-body .fusion-builder-column-2{width:100% !important;order : 0;}.fusion-builder-column-2 > .fusion-column-wrapper {margin-right : 1.92%;margin-left : 1.92%;}}<\/style><\/div><style type=\"text\/css\">.fusion-body .fusion-flex-container.fusion-builder-row-2{ padding-top : 0px;margin-top : 0px;padding-right : 0px;padding-bottom : 0px;margin-bottom : 0px;padding-left : 0px;}<\/style><\/div><\/p>\n","protected":false},"excerpt":{"rendered":"","protected":false},"author":13,"featured_media":0,"parent":18996,"menu_order":0,"comment_status":"closed","ping_status":"closed","template":"","meta":[],"acf":[],"_links":{"self":[{"href":"https:\/\/www.incliva.es\/en\/wp-json\/wp\/v2\/pages\/21077"}],"collection":[{"href":"https:\/\/www.incliva.es\/en\/wp-json\/wp\/v2\/pages"}],"about":[{"href":"https:\/\/www.incliva.es\/en\/wp-json\/wp\/v2\/types\/page"}],"author":[{"embeddable":true,"href":"https:\/\/www.incliva.es\/en\/wp-json\/wp\/v2\/users\/13"}],"replies":[{"embeddable":true,"href":"https:\/\/www.incliva.es\/en\/wp-json\/wp\/v2\/comments?post=21077"}],"version-history":[{"count":7,"href":"https:\/\/www.incliva.es\/en\/wp-json\/wp\/v2\/pages\/21077\/revisions"}],"predecessor-version":[{"id":21429,"href":"https:\/\/www.incliva.es\/en\/wp-json\/wp\/v2\/pages\/21077\/revisions\/21429"}],"up":[{"embeddable":true,"href":"https:\/\/www.incliva.es\/en\/wp-json\/wp\/v2\/pages\/18996"}],"wp:attachment":[{"href":"https:\/\/www.incliva.es\/en\/wp-json\/wp\/v2\/media?parent=21077"}],"curies":[{"name":"wp","href":"https:\/\/api.w.org\/{rel}","templated":true}]}}