{"id":19459,"date":"2023-03-14T11:48:17","date_gmt":"2023-03-14T09:48:17","guid":{"rendered":"https:\/\/www.incliva.es\/solicitud-edicion-y-revision-de-textos-cientificos\/"},"modified":"2024-01-19T08:22:13","modified_gmt":"2024-01-19T06:22:13","slug":"solicitud-edicion-y-revision-de-textos-cientificos","status":"publish","type":"page","link":"https:\/\/www.incliva.es\/en\/services\/researcher-services\/scientific-management\/scientific-production-unit\/solicitud-edicion-y-revision-de-textos-cientificos\/","title":{"rendered":"Solicitud edici\u00f3n y revisi\u00f3n de textos cient\u00edficos"},"content":{"rendered":"<div class=\"fusion-fullwidth fullwidth-box fusion-builder-row-1 fusion-flex-container nonhundred-percent-fullwidth non-hundred-percent-height-scrolling\" style=\"background-color: #ffffff;background-position: center center;background-repeat: no-repeat;border-width: 0px 0px 0px 0px;border-color:#e2e2e2;border-style:solid;\" ><div class=\"fusion-builder-row fusion-row fusion-flex-align-items-flex-start\" style=\"max-width:1248px;margin-left: calc(-4% \/ 2 );margin-right: calc(-4% \/ 2 );\"><div class=\"fusion-layout-column fusion_builder_column fusion-builder-column-0 fusion_builder_column_2_3 2_3 fusion-flex-column\"><div class=\"fusion-column-wrapper fusion-flex-justify-content-flex-start fusion-content-layout-column\" style=\"background-position:left top;background-repeat:no-repeat;-webkit-background-size:cover;-moz-background-size:cover;-o-background-size:cover;background-size:cover;padding: 0px 0px 0px 0px;\"><div class=\"fusion-text fusion-text-1\" style=\"transform:translate3d(0,0,0);\"><h5 style=\"text-align: justify;\">Requisitos:<\/h5>\n<p>&#8211; Nombre y apellidos<\/p>\n<p>&#8211; Proyecto\/servicio al que pertenece<\/p>\n<h5>Documentaci\u00f3n a aportar:<\/h5>\n<p>&#8211; Manuscrito del art\u00edculo a publicar en formato editable (Word) (incluidos elementos gr\u00e1ficos)<\/p>\n<p>&#8211;\u00a0 Art\u00edculo publicado en la revista que se quiere enviar el manuscrito (a ser posible relacionado con el tema del manuscrito)<\/p>\n<p>&#8211;\u00a0 Art\u00edculo relacionado con el tema del manuscrito (a ser posible publicado en dicha revista)<\/p>\n<p>&#8211; \u00a0Fecha l\u00edmite de entrega de la revisi\u00f3n<\/p>\n<\/div><\/div><\/div><style type=\"text\/css\">.fusion-body .fusion-builder-column-0{width:66.666666666667% !important;margin-top : 0px;margin-bottom : 20px;}.fusion-builder-column-0 > .fusion-column-wrapper {padding-top : 0px !important;padding-right : 0px !important;margin-right : 2.88%;padding-bottom : 0px !important;padding-left : 0px !important;margin-left : 2.88%;}@media only screen and (max-width:1532px) {.fusion-body .fusion-builder-column-0{width:66.666666666667% !important;}.fusion-builder-column-0 > .fusion-column-wrapper {margin-right : 2.88%;margin-left : 2.88%;}}@media only screen and (max-width:640px) {.fusion-body .fusion-builder-column-0{width:100% !important;}.fusion-builder-column-0 > .fusion-column-wrapper {margin-right : 1.92%;margin-left : 1.92%;}}<\/style><div class=\"fusion-layout-column fusion_builder_column fusion-builder-column-1 fusion_builder_column_1_3 1_3 fusion-flex-column\"><div class=\"fusion-column-wrapper fusion-flex-justify-content-flex-start fusion-content-layout-block\" style=\"background-position:left top;background-repeat:no-repeat;-webkit-background-size:cover;-moz-background-size:cover;-o-background-size:cover;background-size:cover;background-color:#f9f9f9;border-width: 0 0 0 2px;border-color:#9DA0D2;border-style:solid;padding: 2% 4% 2% 4%;\"><div class=\"fusion-text fusion-text-2\" style=\"transform:translate3d(0,0,0);\"><h5 style=\"text-align: center;\">Datos de contacto<\/h5>\n<p style=\"text-align: center;\"><a href=\"mailto:gestioncientifica@incliva.es\">gestioncientifica@incliva.es<\/a><\/p>\n<\/div><\/div><\/div><style type=\"text\/css\">.fusion-body .fusion-builder-column-1{width:33.333333333333% !important;margin-top : 0px;margin-bottom : 20px;}.fusion-builder-column-1 > .fusion-column-wrapper {padding-top : 2% !important;padding-right : 4% !important;margin-right : 5.76%;padding-bottom : 2% !important;padding-left : 4% !important;margin-left : 5.76%;}@media only screen and (max-width:1532px) {.fusion-body .fusion-builder-column-1{width:33.333333333333% !important;order : 0;}.fusion-builder-column-1 > .fusion-column-wrapper {margin-right : 5.76%;margin-left : 5.76%;}}@media only screen and (max-width:640px) {.fusion-body .fusion-builder-column-1{width:100% !important;order : 0;}.fusion-builder-column-1 > .fusion-column-wrapper {margin-right : 1.92%;margin-left : 1.92%;}}<\/style><\/div><style type=\"text\/css\">.fusion-body .fusion-flex-container.fusion-builder-row-1{ padding-top : 0px;margin-top : 0px;padding-right : 0px;padding-bottom : 0px;margin-bottom : 0px;padding-left : 0px;}<\/style><\/div>\n","protected":false},"excerpt":{"rendered":"","protected":false},"author":1,"featured_media":0,"parent":10381,"menu_order":0,"comment_status":"closed","ping_status":"closed","template":"","meta":[],"acf":[],"_links":{"self":[{"href":"https:\/\/www.incliva.es\/en\/wp-json\/wp\/v2\/pages\/19459"}],"collection":[{"href":"https:\/\/www.incliva.es\/en\/wp-json\/wp\/v2\/pages"}],"about":[{"href":"https:\/\/www.incliva.es\/en\/wp-json\/wp\/v2\/types\/page"}],"author":[{"embeddable":true,"href":"https:\/\/www.incliva.es\/en\/wp-json\/wp\/v2\/users\/1"}],"replies":[{"embeddable":true,"href":"https:\/\/www.incliva.es\/en\/wp-json\/wp\/v2\/comments?post=19459"}],"version-history":[{"count":1,"href":"https:\/\/www.incliva.es\/en\/wp-json\/wp\/v2\/pages\/19459\/revisions"}],"predecessor-version":[{"id":19460,"href":"https:\/\/www.incliva.es\/en\/wp-json\/wp\/v2\/pages\/19459\/revisions\/19460"}],"up":[{"embeddable":true,"href":"https:\/\/www.incliva.es\/en\/wp-json\/wp\/v2\/pages\/10381"}],"wp:attachment":[{"href":"https:\/\/www.incliva.es\/en\/wp-json\/wp\/v2\/media?parent=19459"}],"curies":[{"name":"wp","href":"https:\/\/api.w.org\/{rel}","templated":true}]}}