{"id":12068,"date":"2021-01-08T07:37:04","date_gmt":"2021-01-08T05:37:04","guid":{"rendered":"https:\/\/www.incliva.es\/portal-de-transparencia\/informacion-juridica\/"},"modified":"2026-03-31T12:47:39","modified_gmt":"2026-03-31T10:47:39","slug":"legal-information","status":"publish","type":"page","link":"https:\/\/www.incliva.es\/en\/transparency-portal\/legal-information\/","title":{"rendered":"Legal Information"},"content":{"rendered":"<p><div class=\"fusion-fullwidth fullwidth-box fusion-builder-row-1 fusion-flex-container nonhundred-percent-fullwidth non-hundred-percent-height-scrolling\" style=\"background-color: rgba(255,255,255,0);background-position: center center;background-repeat: no-repeat;border-width: 0px 0px 0px 0px;border-color:#e2e2e2;border-style:solid;\" ><div class=\"fusion-builder-row fusion-row fusion-flex-align-items-flex-start\" style=\"max-width:1248px;margin-left: calc(-4% \/ 2 );margin-right: calc(-4% \/ 2 );\"><div class=\"fusion-layout-column fusion_builder_column fusion-builder-column-0 fusion_builder_column_1_1 1_1 fusion-flex-column\"><div class=\"fusion-column-wrapper fusion-flex-justify-content-flex-start fusion-content-layout-column\" style=\"background-position:left top;background-repeat:no-repeat;-webkit-background-size:cover;-moz-background-size:cover;-o-background-size:cover;background-size:cover;padding: 0px 0px 0px 0px;\"><div class=\"fusion-text fusion-text-1\" style=\"transform:translate3d(0,0,0);\"><p>INCLIVA aims to strengthen its transparency, offering in a structured and easily accessible way all information related to the use of public resources and the planning and management of the activity related to biomedical research, in compliance with Law 1\/2022, of April 13, on Transparency and Good Governance of the Valencian Community and Law 19\/2013, of December 9, on transparency, access to public information and good governance.<\/p>\n<\/div><\/div><\/div><style type=\"text\/css\">.fusion-body .fusion-builder-column-0{width:100% !important;margin-top : 0px;margin-bottom : 20px;}.fusion-builder-column-0 > .fusion-column-wrapper {padding-top : 0px !important;padding-right : 0px !important;margin-right : 1.92%;padding-bottom : 0px !important;padding-left : 0px !important;margin-left : 1.92%;}@media only screen and (max-width:1532px) {.fusion-body .fusion-builder-column-0{width:100% !important;}.fusion-builder-column-0 > .fusion-column-wrapper {margin-right : 1.92%;margin-left : 1.92%;}}@media only screen and (max-width:640px) {.fusion-body .fusion-builder-column-0{width:100% !important;}.fusion-builder-column-0 > .fusion-column-wrapper {margin-right : 1.92%;margin-left : 1.92%;}}<\/style><\/div><style type=\"text\/css\">.fusion-body .fusion-flex-container.fusion-builder-row-1{ padding-top : 0px;margin-top : 0px;padding-right : 0px;padding-bottom : 0px;margin-bottom : 0px;padding-left : 0px;}<\/style><\/div><div class=\"fusion-fullwidth fullwidth-box fusion-builder-row-2 fusion-flex-container nonhundred-percent-fullwidth non-hundred-percent-height-scrolling\" style=\"background-color: rgba(255,255,255,0);background-position: center center;background-repeat: no-repeat;border-width: 0px 0px 0px 0px;border-color:#e2e2e2;border-style:solid;\" ><div class=\"fusion-builder-row fusion-row fusion-flex-align-items-flex-start\" style=\"max-width:1248px;margin-left: calc(-4% \/ 2 );margin-right: calc(-4% \/ 2 );\"><div class=\"fusion-layout-column fusion_builder_column fusion-builder-column-1 fusion_builder_column_1_4 1_4 fusion-flex-column\"><div class=\"fusion-column-wrapper fusion-flex-justify-content-flex-start fusion-content-layout-column\" style=\"background-position:left top;background-repeat:no-repeat;-webkit-background-size:cover;-moz-background-size:cover;-o-background-size:cover;background-size:cover;padding: 0px 0px 0px 0px;\"><div ><style type=\"text\/css\">.fusion-button.button-1 {border-radius:4px;}<\/style><a class=\"fusion-button button-flat button-large button-default button-1 fusion-button-span-yes fusion-button-default-type\" target=\"_self\" href=\"\/en\/transparency-portal\/institutional-information\/\"><span class=\"fusion-button-text\">Institutional Information<\/span><\/a><\/div><\/div><\/div><style type=\"text\/css\">.fusion-body .fusion-builder-column-1{width:25% !important;margin-top : 0px;margin-bottom : 20px;}.fusion-builder-column-1 > .fusion-column-wrapper {padding-top : 0px !important;padding-right : 0px !important;margin-right : 7.68%;padding-bottom : 0px !important;padding-left : 0px !important;margin-left : 7.68%;}@media only screen and (max-width:1532px) {.fusion-body .fusion-builder-column-1{width:25% !important;order : 0;}.fusion-builder-column-1 > .fusion-column-wrapper {margin-right : 7.68%;margin-left : 7.68%;}}@media only screen and (max-width:640px) {.fusion-body .fusion-builder-column-1{width:100% !important;order : 0;}.fusion-builder-column-1 > .fusion-column-wrapper {margin-right : 1.92%;margin-left : 1.92%;}}<\/style><div class=\"fusion-layout-column fusion_builder_column fusion-builder-column-2 fusion_builder_column_1_4 1_4 fusion-flex-column\"><div class=\"fusion-column-wrapper fusion-flex-justify-content-flex-start fusion-content-layout-column\" style=\"background-position:left top;background-repeat:no-repeat;-webkit-background-size:cover;-moz-background-size:cover;-o-background-size:cover;background-size:cover;padding: 0px 0px 0px 0px;\"><div ><a class=\"fusion-button button-flat button-large button-lightgray button-2 fusion-button-span-yes fusion-button-default-type\" target=\"_self\"><span class=\"fusion-button-text\">Legal Information<\/span><\/a><\/div><\/div><\/div><style type=\"text\/css\">.fusion-body .fusion-builder-column-2{width:25% !important;margin-top : 0px;margin-bottom : 20px;}.fusion-builder-column-2 > .fusion-column-wrapper {padding-top : 0px !important;padding-right : 0px !important;margin-right : 7.68%;padding-bottom : 0px !important;padding-left : 0px !important;margin-left : 7.68%;}@media only screen and (max-width:1532px) {.fusion-body .fusion-builder-column-2{width:25% !important;}.fusion-builder-column-2 > .fusion-column-wrapper {margin-right : 7.68%;margin-left : 7.68%;}}@media only screen and (max-width:640px) {.fusion-body .fusion-builder-column-2{width:100% !important;}.fusion-builder-column-2 > .fusion-column-wrapper {margin-right : 1.92%;margin-left : 1.92%;}}<\/style><div class=\"fusion-layout-column fusion_builder_column fusion-builder-column-3 fusion_builder_column_1_4 1_4 fusion-flex-column\"><div class=\"fusion-column-wrapper fusion-flex-justify-content-flex-start fusion-content-layout-column\" style=\"background-position:left top;background-repeat:no-repeat;-webkit-background-size:cover;-moz-background-size:cover;-o-background-size:cover;background-size:cover;padding: 0px 0px 0px 0px;\"><div ><style type=\"text\/css\">.fusion-button.button-3 {border-radius:4px;}<\/style><a class=\"fusion-button button-flat button-large button-default button-3 fusion-button-span-yes fusion-button-default-type\" target=\"_self\" href=\"\/en\/transparency-portal\/economic-information\/\"><span class=\"fusion-button-text\">Economic Information<\/span><\/a><\/div><\/div><\/div><style type=\"text\/css\">.fusion-body .fusion-builder-column-3{width:25% !important;margin-top : 0px;margin-bottom : 20px;}.fusion-builder-column-3 > .fusion-column-wrapper {padding-top : 0px !important;padding-right : 0px !important;margin-right : 7.68%;padding-bottom : 0px !important;padding-left : 0px !important;margin-left : 7.68%;}@media only screen and (max-width:1532px) {.fusion-body .fusion-builder-column-3{width:25% !important;order : 0;}.fusion-builder-column-3 > .fusion-column-wrapper {margin-right : 7.68%;margin-left : 7.68%;}}@media only screen and (max-width:640px) {.fusion-body .fusion-builder-column-3{width:100% !important;order : 0;}.fusion-builder-column-3 > .fusion-column-wrapper {margin-right : 1.92%;margin-left : 1.92%;}}<\/style><div class=\"fusion-layout-column fusion_builder_column fusion-builder-column-4 fusion_builder_column_1_4 1_4 fusion-flex-column\"><div class=\"fusion-column-wrapper fusion-flex-justify-content-flex-start fusion-content-layout-column\" style=\"background-position:left top;background-repeat:no-repeat;-webkit-background-size:cover;-moz-background-size:cover;-o-background-size:cover;background-size:cover;padding: 0px 0px 0px 0px;\"><div ><style type=\"text\/css\">.fusion-button.button-4 {border-radius:4px;}<\/style><a class=\"fusion-button button-flat button-large button-default button-4 fusion-button-span-yes fusion-button-default-type\" target=\"_self\" href=\"\/en\/transparency-portal\/strategic-plan\/\"><span class=\"fusion-button-text\">Strategic Plan<\/span><\/a><\/div><\/div><\/div><style type=\"text\/css\">.fusion-body .fusion-builder-column-4{width:25% !important;margin-top : 0px;margin-bottom : 20px;}.fusion-builder-column-4 > .fusion-column-wrapper {padding-top : 0px !important;padding-right : 0px !important;margin-right : 7.68%;padding-bottom : 0px !important;padding-left : 0px !important;margin-left : 7.68%;}@media only screen and (max-width:1532px) {.fusion-body .fusion-builder-column-4{width:25% !important;order : 0;}.fusion-builder-column-4 > .fusion-column-wrapper {margin-right : 7.68%;margin-left : 7.68%;}}@media only screen and (max-width:640px) {.fusion-body .fusion-builder-column-4{width:100% !important;order : 0;}.fusion-builder-column-4 > .fusion-column-wrapper {margin-right : 1.92%;margin-left : 1.92%;}}<\/style><\/div><style type=\"text\/css\">.fusion-body .fusion-flex-container.fusion-builder-row-2{ padding-top : 0px;margin-top : 0px;padding-right : 0px;padding-bottom : 0px;margin-bottom : 0px;padding-left : 0px;}<\/style><\/div><div class=\"fusion-fullwidth fullwidth-box fusion-builder-row-3 fusion-flex-container nonhundred-percent-fullwidth non-hundred-percent-height-scrolling\" style=\"background-color: rgba(255,255,255,0);background-position: center center;background-repeat: no-repeat;border-width: 0px 0px 0px 0px;border-color:#e2e2e2;border-style:solid;\" ><div class=\"fusion-builder-row fusion-row fusion-flex-align-items-flex-start\" style=\"max-width:1248px;margin-left: calc(-4% \/ 2 );margin-right: calc(-4% \/ 2 );\"><div class=\"fusion-layout-column fusion_builder_column fusion-builder-column-5 fusion_builder_column_1_1 1_1 fusion-flex-column\"><div class=\"fusion-column-wrapper fusion-flex-justify-content-flex-start fusion-content-layout-column\" style=\"background-position:left top;background-repeat:no-repeat;-webkit-background-size:cover;-moz-background-size:cover;-o-background-size:cover;background-size:cover;padding: 0px 0px 0px 0px;\"><style type=\"text\/css\">.fusion-accordian  #accordion-12068-1 .panel-title a .fa-fusion-box{ color: #ffffff;}.fusion-accordian  #accordion-12068-1 .panel-title a .fa-fusion-box:before{ font-size: 14px; width: 14px;}.fusion-accordian  #accordion-12068-1.fusion-toggle-icon-right .fusion-toggle-heading{ margin-right: 32px;}.fusion-accordian  #accordion-12068-1 .panel-title a{font-size:14px;}.fusion-accordian  #accordion-12068-1 .fa-fusion-box { background-color: #212934;border-color: #212934;}.fusion-accordian  #accordion-12068-1 .panel-title a:hover, #accordion-12068-1 .fusion-toggle-boxed-mode:hover .panel-title a { color: #3d44ac;}.fusion-accordian  #accordion-12068-1 .panel-title .active .fa-fusion-box,.fusion-accordian  #accordion-12068-1 .panel-title a:hover .fa-fusion-box { background-color: #3d44ac!important;border-color: #3d44ac!important;}<\/style><div class=\"accordian fusion-accordian\"><div class=\"panel-group fusion-toggle-icon-right\" id=\"accordion-12068-1\" role=\"tablist\"><div class=\"fusion-panel panel-default\" role=\"tabpanel\"><div class=\"panel-heading\"><h4 class=\"panel-title toggle\"><a aria-expanded=\"false\" aria-selected=\"false\" aria-controls=\"ef6dab4f656a8ba59\" role=\"tab\" data-toggle=\"collapse\" data-parent=\"#accordion-12068-1\" data-target=\"#ef6dab4f656a8ba59\" href=\"#ef6dab4f656a8ba59\"><span class=\"fusion-toggle-icon-wrapper\" aria-hidden=\"true\"><i class=\"fa-fusion-box\" aria-hidden=\"true\"><\/i><\/span><span class=\"fusion-toggle-heading\">Normativa Interna<\/span><\/a><\/h4><\/div><div id=\"ef6dab4f656a8ba59\" class=\"panel-collapse collapse \"><div class=\"panel-body toggle-content fusion-clearfix\">\n<p>Los reglamentos y\u00a0normativa interna de la Fundaci\u00f3n INCLIVA se aprueban por Junta de Gobierno y son ratificados por Patronato.<\/p>\n<ul>\n<li><a href=\"https:\/\/www.incliva.es\/wp-content\/uploads\/2023\/02\/Canal-de-denuncias-INCLIVA.pdf\" target=\"_blank\" rel=\"noopener\">Canal de denuncias<\/a><\/li>\n<li><a href=\"https:\/\/www.incliva.es\/wp-content\/uploads\/2025\/10\/DOC-05-v2-Codigo-de-Buenas-Practicas-de-Investigacion-1.pdf\" target=\"_blank\" rel=\"noopener\">C\u00f3digo de buenas pr\u00e1cticas de investigaci\u00f3n<\/a><\/li>\n<li><a href=\"\/wp-content\/uploads\/2022\/12\/2022-Codigo-Etico-INCLIVA.pdf\" target=\"_blank\" rel=\"noopener\">C\u00f3digo \u00c9tico y de Conducta de INCLIVA<\/a><\/li>\n<li><a href=\"https:\/\/dogv.gva.es\/datos\/2024\/08\/28\/pdf\/2024_8637_es.pdf\" target=\"_blank\" rel=\"noopener\">Convenio Colectivo INCLIVA<\/a><\/li>\n<li><a href=\"\/wp-content\/uploads\/2021\/documentacion\/inf_jurifdica\/Guia informativa embarazo lactancia Mutua.pdf\" target=\"_blank\" rel=\"noopener\">Guia de prestaci\u00f3n por riesgo durante el embarazo y la lactancia natural<\/a><\/li>\n<li><a href=\"\/wp-content\/uploads\/2021\/documentacion\/inf_jurifdica\/Normativa cesion Salon de Actos.pdf\" target=\"_blank\" rel=\"noopener\">Normativa cesi\u00f3n Sal\u00f3n de Actos<\/a><\/li>\n<li><a href=\"\/wp-content\/uploads\/2025\/06\/Normativa-contratacion-rev-09-06-25.pdf\" target=\"_blank\" rel=\"noopener\">Normativa para la contrataci\u00f3n del personal de investigaci\u00f3n<\/a><\/li>\n<li><a href=\"https:\/\/www.incliva.es\/wp-content\/uploads\/2025\/11\/Normas-Internas-Contratacion-Publica-INCLIVA.pdf\">Normas internas de contrataci\u00f3n p\u00fablica<\/a><\/li>\n<li><a href=\"\/wp-content\/uploads\/2025\/03\/Plan-Antifraude-NEXT-12-12-2024.pdf\" target=\"_blank\" rel=\"noopener\">Plan de medidas antifraude INCLIVA<\/a><\/li>\n<li><a href=\"\/wp-content\/uploads\/2025\/08\/DOC-02-v1-Guia-de-firmas-y-filiaciones-para-el-personal-investigador.pdf\" target=\"_blank\" rel=\"noopener\">Gu\u00eda de firmas y filiaciones de INCLIVA<\/a><\/li>\n<li><a href=\"https:\/\/www.incliva.es\/wp-content\/uploads\/2026\/03\/3c1.-2026-PLAN-DE-ACTUACION_.pdf\">Plan de actuaci\u00f3n<\/a><\/li>\n<li><a href=\"\/wp-content\/uploads\/2022\/12\/2022-POLITICA-INVERSIONES-INCLIVA-002.pdf\" target=\"_blank\" rel=\"noopener\">Pol\u00edtica de inversiones INCLIVA<\/a><\/li>\n<li><a href=\"\/wp-content\/uploads\/2025\/05\/org_1_-1_ENS_POL_001_Politica_de_Seguridad_de_la_Informacion_v1.pdf\" target=\"_blank\" rel=\"noopener\">Pol\u00edtica de seguridad de la informaci\u00f3n<\/a><\/li>\n<li><a href=\"\/wp-content\/uploads\/2025\/07\/4.-Politica-de-Ciencia-Abierta_2025_vf.pdf\" target=\"_blank\" rel=\"noopener\">Pol\u00edtica Institucional de Ciencia Abierta<\/a><\/li>\n<li><a href=\"\/wp-content\/uploads\/2025\/01\/3h1.-REGLAMENTO-DE-COMPENSACIONES-POR-RAZON-DE-SERVICIO-2021-1.pdf\" target=\"_blank\" rel=\"noopener\">Reglamento de compensaciones por raz\u00f3n de servicio<\/a><\/li>\n<li><a href=\"\/wp-content\/uploads\/2025\/01\/3h2.-REGLAMENTO-DE-GRATIFICACIONES-POR-SERVICIOS-EXTRAORDINARIOS-2024act.pdf\" target=\"_blank\" rel=\"noopener\">Reglamento de gratificaciones y asistencias extraordinarias<\/a><\/li>\n<li><a href=\"\/wp-content\/uploads\/2022\/12\/2021-Reglamento-Seleccion-DIRECTOR-CIENTIFICO.pdf\" target=\"_blank\" rel=\"noopener\">Reglamento de Selecci\u00f3n de Director Cient\u00edfico INCLIVA<\/a><\/li>\n<li><a href=\"\/wp-content\/uploads\/2022\/12\/2022-REGLAMENTO-SELECCION-DIRECTOR-GERENTE.pdf\" target=\"_blank\" rel=\"noopener\">Reglamento de Selecci\u00f3n de Director Gerente INCLIVA<\/a><\/li>\n<li><a href=\"\/wp-content\/uploads\/2022\/documentacion\/trasparencia\/inf_jurifdica\/Reglamento Gesti\u00f3n Excedentes Positivos.pdf\" target=\"_blank\" rel=\"noopener\">Reglamento Gesti\u00f3n Excedentes Positivos<\/a><\/li>\n<li><a href=\"\/wp-content\/uploads\/2022\/12\/2022-Reglamento-Emerito.pdf\" target=\" rel=\" rel=\"noopener\">Reglamento Investigador Em\u00e9rito<\/a><\/li>\n<\/ul>\n<\/div><\/div><\/div><div class=\"fusion-panel panel-default\" role=\"tabpanel\"><div class=\"panel-heading\"><h4 class=\"panel-title toggle\"><a aria-expanded=\"false\" aria-selected=\"false\" aria-controls=\"aa9e3e524d1e9411c\" role=\"tab\" data-toggle=\"collapse\" data-parent=\"#accordion-12068-1\" data-target=\"#aa9e3e524d1e9411c\" href=\"#aa9e3e524d1e9411c\"><span class=\"fusion-toggle-icon-wrapper\" aria-hidden=\"true\"><i class=\"fa-fusion-box\" aria-hidden=\"true\"><\/i><\/span><span class=\"fusion-toggle-heading\">Normativa Aplicable<\/span><\/a><\/h4><\/div><div id=\"aa9e3e524d1e9411c\" class=\"panel-collapse collapse \"><div class=\"panel-body toggle-content fusion-clearfix\">\n<p>Fundaciones<\/p>\n<ul>\n<li>Constituci\u00f3n Espa\u00f1ola de 1978<\/li>\n<li>C\u00f3digo Civil<\/li>\n<li>Ley 50\/2002, de 26 de diciembre, de Fundaciones<\/li>\n<li>Ley 49\/2002, de 23 de diciembre, del R\u00e9gimen Fiscal de las Entidades sin Fines Lucrativos y de los incentivos Fiscales al Mecenazgo<\/li>\n<li>Ley 9\/2008, de 3 de julio, de la Generalitat, de modificaci\u00f3n de la Ley 8\/1998, de Fundaciones de la Comunitat Valenciana<\/li>\n<li>Ley 8\/1998, de 9 de diciembre, de la Generalitat, de Fundaciones de la Comunitat Valenciana<\/li>\n<li>Decreto 68\/2011, de 27 de mayo, del Consell, por el que se aprueba el Reglamento de Fundaciones de la Comunitat Valenciana<\/li>\n<li>Real Decreto 1804\/2008, de 3 de noviembre, que modifica el Reglamento para la aplicaci\u00f3n del r\u00e9gimen fiscal de las entidades sin fines lucrativos y de los incentivos fiscales al Mecenazgo<\/li>\n<li>Real Decreto 1337\/2005, de 11 de noviembre, por el que se aprueba el Reglamento de Fundaciones de competencia estatal<\/li>\n<li>Real Decreto 1270\/2003, de 10 de octubre, por el que se aprueba el Reglamento para la aplicaci\u00f3n del r\u00e9gimen fiscal de las entidades sin fines lucrativos y de los incentivos fiscales al mecenazgo<\/li>\n<\/ul>\n<p>Sector p\u00fablico<\/p>\n<ul>\n<li>Ley 1\/2022, de 13 de abril, de Transparencia y Buen Gobierno de la Comunitat Valenciana<\/li>\n<li>Ley 1\/2013, de 21 de mayo, de la Generalitat Valenciana, de Medidas de Reestructuraci\u00f3n y Racionalizaci\u00f3n del Sector P\u00fablico Empresarial y Fundacional de la Generalitat<\/li>\n<li>Ley 11\/2012, de 27 de diciembre, de la Generalitat, de Presupuestos para el ejercicio de 2013 * Ley 10\/2012, de 21 de diciembre, de la Generalitat, de Medidas Fiscales, de Gesti\u00f3n Administrativa y Financiera, y de Organizaci\u00f3n de la Generalitat *<\/li>\n<li>Ley 5\/2013, de 23 de diciembre, de Medidas Fiscales, de Gesti\u00f3n Administrativa y Financiera, y de<\/li>\n<li>Organizaci\u00f3n de la Generalitat<\/li>\n<li>Ley 7\/2014, de 22 de diciembre, de Medidas Fiscales, de Gesti\u00f3n Administrativa y Financiera, y de Organizaci\u00f3n de la Generalitat<\/li>\n<li>Ley 3\/2004, de 29 de diciembre, por el que se establecen medidas de lucha contra la morosidad en las operaciones comerciales, modificada por la Ley 15\/2010, de 15 de julio, y por la Ley 11\/2013, de 26 de julio<\/li>\n<li>Ley de Hacienda de la Generalitat Valenciana, Texto Refundido aprobado por Decreto Legislativo de 26 de junio de 1991 del Consell de la Generalitat y sus modificaciones (Vigente hasta el 12 de Marzo de 2015).<\/li>\n<li>Ley 1\/2015, de 6 de febrero, de la Generalitat, de Hacienda P\u00fablica, del Sector P\u00fablico Instrumental y de Subvenciones<\/li>\n<li>Leyes de presupuestos de GVA<\/li>\n<li class=\"x_MsoListParagraph\">Ley 14\/2007, de 3 de julio, de Investigaci\u00f3n Biom\u00e9dica<\/li>\n<li class=\"x_MsoListParagraph\">Ley 14\/2011, de 1 de junio, de la Ciencia, la Tecnolog\u00eda y la Innovaci\u00f3n<\/li>\n<li class=\"x_MsoListParagraph\">Real Decreto 103\/2019, de 1 de marzo, por el que se aprueba el Estatuto del personal investigador predoctoral en formaci\u00f3n<\/li>\n<li class=\"x_MsoListParagraph\">Decreto Ley 3\/2024, de 20 de marzo, del Consell de medidas urgentes en materia de categor\u00edas profesionales y condiciones retributivas del personal investigador de las fundaciones e institutos de investigaci\u00f3n biom\u00e9dica del sector p\u00fablico instrumental de la Generalitat<\/li>\n<li>Decreto Ley 7\/2012, de 19 de octubre, del Consell, de Medidas de Reestructuraci\u00f3n y Racionalizaci\u00f3n del Sector P\u00fablico Empresarial y Fundacional de la Generalitat<\/li>\n<li>Decreto Ley 6\/2012, de 28 de septiembre, del Consell, de desarrollo y aplicaci\u00f3n de las disposiciones incluidas en el t\u00edtulo I y disposiciones concordantes de Real Decreto Ley 20\/2012<\/li>\n<li>Decreto Ley 1\/2012, de 5 de enero, del Consell, de Medidas Urgentes para la reducci\u00f3n del d\u00e9ficit en la Comunitat Valenciana<\/li>\n<li>Decreto Ley 1\/2011, de 30 de septiembre del Consell, de Medidas Urgentes de R\u00e9gimen Econ\u00f3mico-financiero del Sector P\u00fablico Empresarial y Fundacional<\/li>\n<li>Decreto Ley 3\/2013, de 5 de julio, del Consell, por el que se establece una reducci\u00f3n en las retribuciones de los altos cargos de la Generalitat en cumplimiento de los compromisos adquiridos en materia de estabilidad presupuestaria.<\/li>\n<\/ul>\n<p>Contrataci\u00f3n<\/p>\n<ul>\n<li>Ley 1\/2015, de 6 de febrero, de Hacienda P\u00fablica, del Sector P\u00fablico Instrumental y de Subvenciones<\/li>\n<li>Ley 9\/2017, de 8 de noviembre, de Contratos del Sector P\u00fablico, por la que se transponen al ordenamiento jur\u00eddico espa\u00f1ol las Directivas del Parlamento Europeo y del Consejo 2014\/23\/UE y 2014\/24\/UE, de 26 de febrero de 2014<\/li>\n<li>Real Decreto 817\/2009, de 8 de mayo, por el que se desarrolla parcialmente la Ley 30\/2007, de 30 de octubre, de Contratos del Sector P\u00fablico.<\/li>\n<li>Real Decreto 1098\/2001, de 12 de octubre, por el que se aprueba el Reglamento general de la Ley de Contratos de las Administraciones P\u00fablicas.<\/li>\n<li>Decreto Ley 1\/2011, de 30 de septiembre, del Consell, de Medidas Urgentes de R\u00e9gimen Econ\u00f3mico-financiero del Sector P\u00fablico Empresarial y Fundacional<\/li>\n<li>Decreto 16\/2012, de 20 de enero, del Consell, por el que se distribuyen competencias en materia de contrataci\u00f3n centralizada en el \u00e1mbito de la Administraci\u00f3n de la Generalitat, sus entidades aut\u00f3nomas y los entes del sector p\u00fablico empresarial y fundacional de la Generalitat, y se crea la Central de Compras de la Generalitat<\/li>\n<li>Decreto 79\/2000, de 30 de mayo, del Gobierno Valenciano, por el que se crea la Junta Superior de Contrataci\u00f3n Administrativa de la Generalitat Valenciana y se regulan los registros oficiales de Contratos y de Contratistas y Empresas Clasificadas de la Comunidad Valenciana y las garant\u00edas globales.<\/li>\n<li>Orden 11\/2013, de 17 junio, de la Conseller\u00eda de Hacienda y Administraci\u00f3n P\u00fablica, por la que se dictan las normas de funcionamiento y comunicaci\u00f3n de datos al Registro Oficial de Contratos de la Generalitat.<\/li>\n<li>Orden de 17 de septiembre de 2008, de la Conselleria de Econom\u00eda, Hacienda y Empleo, por la que se aprueba la aplicaci\u00f3n de la Plataforma de Contrataci\u00f3n de la Generalitat.<\/li>\n<\/ul>\n<p>Contable<\/p>\n<ul>\n<li>Decreto 204\/1990, de 26 de diciembre, del Consell de la Generalitat Valenciana, sobre reintegro de transferencias corrientes y de capital<\/li>\n<li>Real Decreto 1514\/2007 de 16 de noviembre que aprueba el Plan General de Contabilidad<\/li>\n<li>Real Decreto 1491\/2011, de 24 de octubre, que aprueba las normas de adaptaci\u00f3n del Plan General de Contabilidad a las entidades sin fines de lucro y las normas de informaci\u00f3n presupuestaria para estas entidades<\/li>\n<li>Resoluci\u00f3n de 29 de diciembre de 2010, del Instituto de Contabilidad y Auditor\u00eda de Cuentas, sobre la informaci\u00f3n a incorporar en la memoria de las cuentas anuales en relaci\u00f3n con los aplazamientos de pago a proveedores en operaciones comerciales<\/li>\n<li>Resoluci\u00f3n de 30 de noviembre de 2001, de la Intervenci\u00f3n General de la Generalitat, aclaratoria del r\u00e9gimen de contabilidad y rendici\u00f3n de cuentas anuales al que est\u00e1n sujetas las entidades de la Generalitat y las universidades p\u00fablicas de la Comunitat Valenciana.<\/li>\n<\/ul>\n<p>Subvenciones<\/p>\n<ul>\n<li>Ley 38\/2003, de 17 de noviembre, General de Subvenciones<\/li>\n<li>Real Decreto 887\/2006, de 21 de julio, por el que se aprueba el Reglamento de la Ley 38\/2003, de 17 de noviembre, General de Subvenciones<\/li>\n<li>Ley 1\/2015, de 6 de febrero, de la Generalitat, de Hacienda P\u00fablica, del Sector P\u00fablico Instrumental y de Subvenciones<\/li>\n<li>Decreto 147\/2007, de 7 de septiembre, del Consell, por el que se regula el procedimiento de notificaci\u00f3n y comunicaci\u00f3n a la Comisi\u00f3n Europea de los proyectos de la Generalitat dirigidos a establecer, conceder o modificar ayudas p\u00fablicas<\/li>\n<\/ul>\n<p>Laboral<\/p>\n<ul>\n<li>Estatuto de Trabajadores<\/li>\n<li>Ley 8\/2014, de 26 de diciembre, de Presupuestos de la Generalitat para el ejercicio 2015.<\/li>\n<\/ul>\n<\/div><\/div><\/div><\/div><\/div><\/div><\/div><style type=\"text\/css\">.fusion-body .fusion-builder-column-5{width:100% !important;margin-top : 0px;margin-bottom : 20px;}.fusion-builder-column-5 > .fusion-column-wrapper {padding-top : 0px !important;padding-right : 0px !important;margin-right : 1.92%;padding-bottom : 0px !important;padding-left : 0px !important;margin-left : 1.92%;}@media only screen and (max-width:1532px) {.fusion-body .fusion-builder-column-5{width:100% !important;}.fusion-builder-column-5 > .fusion-column-wrapper {margin-right : 1.92%;margin-left : 1.92%;}}@media only screen and (max-width:640px) {.fusion-body .fusion-builder-column-5{width:100% !important;}.fusion-builder-column-5 > .fusion-column-wrapper {margin-right : 1.92%;margin-left : 1.92%;}}<\/style><\/div><style type=\"text\/css\">.fusion-body .fusion-flex-container.fusion-builder-row-3{ padding-top : 0px;margin-top : 0px;padding-right : 0px;padding-bottom : 0px;margin-bottom : 0px;padding-left : 0px;}<\/style><\/div><\/p>\n","protected":false},"excerpt":{"rendered":"","protected":false},"author":1,"featured_media":0,"parent":10442,"menu_order":0,"comment_status":"closed","ping_status":"closed","template":"","meta":[],"acf":[],"_links":{"self":[{"href":"https:\/\/www.incliva.es\/en\/wp-json\/wp\/v2\/pages\/12068"}],"collection":[{"href":"https:\/\/www.incliva.es\/en\/wp-json\/wp\/v2\/pages"}],"about":[{"href":"https:\/\/www.incliva.es\/en\/wp-json\/wp\/v2\/types\/page"}],"author":[{"embeddable":true,"href":"https:\/\/www.incliva.es\/en\/wp-json\/wp\/v2\/users\/1"}],"replies":[{"embeddable":true,"href":"https:\/\/www.incliva.es\/en\/wp-json\/wp\/v2\/comments?post=12068"}],"version-history":[{"count":11,"href":"https:\/\/www.incliva.es\/en\/wp-json\/wp\/v2\/pages\/12068\/revisions"}],"predecessor-version":[{"id":49867,"href":"https:\/\/www.incliva.es\/en\/wp-json\/wp\/v2\/pages\/12068\/revisions\/49867"}],"up":[{"embeddable":true,"href":"https:\/\/www.incliva.es\/en\/wp-json\/wp\/v2\/pages\/10442"}],"wp:attachment":[{"href":"https:\/\/www.incliva.es\/en\/wp-json\/wp\/v2\/media?parent=12068"}],"curies":[{"name":"wp","href":"https:\/\/api.w.org\/{rel}","templated":true}]}}