{"id":10836,"date":"2022-04-26T14:35:46","date_gmt":"2022-04-26T12:35:46","guid":{"rendered":"https:\/\/www.incliva.es\/implicaciones-de-la-obstruccion-microvascular-despues-de-un-infarto-agudo-de-miocardio\/"},"modified":"2023-02-28T10:32:56","modified_gmt":"2023-02-28T08:32:56","slug":"implicaciones-de-la-obstruccion-microvascular-despues-de-un-infarto-agudo-de-miocardio","status":"publish","type":"page","link":"https:\/\/www.incliva.es\/en\/implicaciones-de-la-obstruccion-microvascular-despues-de-un-infarto-agudo-de-miocardio\/","title":{"rendered":"Implicaciones de la obstrucci\u00f3n microvascular despu\u00e9s de un infarto agudo de miocardio"},"content":{"rendered":"<div class=\"fusion-fullwidth fullwidth-box fusion-builder-row-1 fusion-flex-container nonhundred-percent-fullwidth non-hundred-percent-height-scrolling\" style=\"background-color: rgba(255,255,255,0);background-position: center center;background-repeat: no-repeat;border-width: 0px 0px 0px 0px;border-color:#e2e2e2;border-style:solid;\" ><div class=\"fusion-builder-row fusion-row fusion-flex-align-items-flex-start\" style=\"max-width:1248px;margin-left: calc(-4% \/ 2 );margin-right: calc(-4% \/ 2 );\"><div class=\"fusion-layout-column fusion_builder_column fusion-builder-column-0 fusion_builder_column_2_3 2_3 fusion-flex-column\"><div class=\"fusion-column-wrapper fusion-flex-justify-content-flex-start fusion-content-layout-column\" style=\"background-position:left top;background-repeat:no-repeat;-webkit-background-size:cover;-moz-background-size:cover;-o-background-size:cover;background-size:cover;padding: 0px 0px 0px 0px;\"><style type=\"text\/css\">@media only screen and (max-width:1532px) {.fusion-title.fusion-title-1{margin-top:10px!important;margin-bottom:15px!important;}}@media only screen and (max-width:640px) {.fusion-title.fusion-title-1{margin-top:10px!important;margin-bottom:10px!important;}}<\/style><div class=\"fusion-title title fusion-title-1 fusion-title-text fusion-title-size-four\" style=\"margin-top:10px;margin-bottom:15px;\"><div class=\"title-sep-container title-sep-container-left fusion-no-large-visibility fusion-no-medium-visibility fusion-no-small-visibility\"><div class=\"title-sep sep-single sep-solid\" style=\"border-color:#3d44ac;\"><\/div><\/div><h4 class=\"title-heading-left\" style=\"margin:0;\">Un estudio multidisciplinar para avanzar en el entendimiento de los mecanismos b\u00e1sicos y las implicaciones cl\u00ednicas de la obstrucci\u00f3n microvascular despu\u00e9s de un infarto agudo de miocardio. Exploraci\u00f3n de nuevos m\u00e9todos diagn\u00f3sticos y opciones terap\u00e9uticas.<\/h4><div class=\"title-sep-container title-sep-container-right\"><div class=\"title-sep sep-single sep-solid\" style=\"border-color:#3d44ac;\"><\/div><\/div><\/div><div class=\"fusion-text fusion-text-1\" style=\"transform:translate3d(0,0,0);\"><h5>RESUMEN<\/h5>\n<p>El infarto agudo de miocardio (IAM) constituye una de las principales causas de morbilidad y mortalidad en las sociedades occidentales. A pesar de que se han hecho grandes avances en el tratamiento gracias a la reperfusi\u00f3n coronaria por m\u00e9todos percut\u00e1neos, entre el 30-50% de los pacientes presentan un da\u00f1o severo en la microcirculaci\u00f3n conocido como obstrucci\u00f3n microvascular (OMV). Este fen\u00f3meno ejerce efectos negativos en cuanto a la estructura y pron\u00f3stico de los pacientes con IAM con elevaci\u00f3n del segmento ST. Por ello, el principal objetivo de este proyecto PROMETEO es avanzar en el entendimiento de la fisiopatolog\u00eda y la implicaci\u00f3n cl\u00ednica de la OMV tras un IAM as\u00ed como explorar nuevas herramientas diagn\u00f3sticas y terap\u00e9uticas.<\/p>\n<\/div><div class=\"fusion-text fusion-text-2\" style=\"transform:translate3d(0,0,0);\"><h5>OBJETIVO<\/h5>\n<p><strong>Objetivo general:<\/strong><\/p>\n<p>Evaluar los efectos beneficiosos de la resoluci\u00f3n de la OMV en cuanto a remodelado cardiaco adverso y pron\u00f3stico de los pacientes as\u00ed como avanzar en el diagn\u00f3stico de la OMV, el entendimiento de su fisiopatolog\u00eda y avanzar en nuevas oportunidades terap\u00e9uticas que potencien su resoluci\u00f3n.<\/p>\n<p><strong>Objetivos espec\u00edficos:<\/strong><\/p>\n<ol>\n<li>Estudiar en un registro multic\u00e9ntrico de pacientes con IAM la asociaci\u00f3n entre la persistencia de la OMV en fase avanzada, evaluada mediante resonancia magn\u00e9tica cardiaca, y los principales \u00edndices de estructura y funci\u00f3n cardiaca determinados en fase aguda y cr\u00f3nica de la enfermedad as\u00ed como con la aparici\u00f3n de eventos adversos cl\u00ednicos.<\/li>\n<li>Validar una nueva herramienta diagn\u00f3stica que permita cuantificar la OMV mediante secuencias de perfusi\u00f3n mioc\u00e1rdica en estudios de resonancia magn\u00e9tica cardiaca realizados a pacientes con IAM.<\/li>\n<li>Determinar el da\u00f1o microsc\u00f3pico a nivel de la arteria coronaria as\u00ed como la p\u00e9rdida de viabilidad e integridad de las c\u00e9lulas endoteliales de los microvasos durante el proceso de isquemia-reperfusi\u00f3n como potenciales mecanismos subyacentes a la aparici\u00f3n de la OMV.<\/li>\n<li>Testar en modelos in vitro e in vivo nuevas opciones terap\u00e9uticas para acelerar la recuperaci\u00f3n del da\u00f1o microvascular a trav\u00e9s de la promoci\u00f3n de la angiog\u00e9nesis en el miocardio infartado.<\/li>\n<\/ol>\n<\/div><div class=\"fusion-text fusion-text-3\" style=\"transform:translate3d(0,0,0);\"><h5>PUBLICACIONES DERIVADAS DEL PROYECTO<\/h5>\n<ol>\n<li>R\u00edos-Navarro C, Gavara J, Bod\u00ed V. Microvascular injury after acute myocardial infarction. Focus on the catheterization laboratory. Rev Esp Cardiol (Engl Ed). 2022;75(10):777-779.<\/li>\n<li>Marcos-Garc\u00e9s V, Rios-Navarro C, G\u00f3mez-Torres F, et al. Fourier analysis of collagen bundle orientation in myocardial infarction scars. Histochem Cell Biol. 2022;10.1007\/s00418-022-02132-x.<\/li>\n<li>N\u00fa\u00f1ez J, Lorenzo M, Mi\u00f1ana G, et al. Risk of death associated with incident heart failure in patients with known or suspected chronic coronary syndrome. ESC Heart Fail. 2022;10.1002\/ehf2.14179.<\/li>\n<\/ol>\n<\/div><style type=\"text\/css\">.fusion-accordian  #accordion-10836-1 .panel-title a .fa-fusion-box{ color: #ffffff;}.fusion-accordian  #accordion-10836-1 .panel-title a .fa-fusion-box:before{ font-size: 14px; width: 14px;}.fusion-accordian  #accordion-10836-1.fusion-toggle-icon-right .fusion-toggle-heading{ margin-right: 32px;}.fusion-accordian  #accordion-10836-1 .panel-title a{font-size:14px;}.fusion-accordian  #accordion-10836-1 .fa-fusion-box { background-color: #212934;border-color: #212934;}.fusion-accordian  #accordion-10836-1 .panel-title a:hover, #accordion-10836-1 .fusion-toggle-boxed-mode:hover .panel-title a { color: #3d44ac;}.fusion-accordian  #accordion-10836-1 .panel-title .active .fa-fusion-box,.fusion-accordian  #accordion-10836-1 .panel-title a:hover .fa-fusion-box { background-color: #3d44ac!important;border-color: #3d44ac!important;}<\/style><div class=\"accordian fusion-accordian\"><div class=\"panel-group fusion-toggle-icon-right\" id=\"accordion-10836-1\" role=\"tablist\"><div class=\"fusion-panel panel-default\" role=\"tabpanel\"><div class=\"panel-heading\"><h4 class=\"panel-title toggle\"><a aria-expanded=\"false\" aria-selected=\"false\" aria-controls=\"e92edf242152f5a5f\" role=\"tab\" data-toggle=\"collapse\" data-parent=\"#accordion-10836-1\" data-target=\"#e92edf242152f5a5f\" href=\"#e92edf242152f5a5f\"><span class=\"fusion-toggle-icon-wrapper\" aria-hidden=\"true\"><i class=\"fa-fusion-box\" aria-hidden=\"true\"><\/i><\/span><span class=\"fusion-toggle-heading\">NOVEDADES DEL PROYECTO<\/span><\/a><\/h4><\/div><div id=\"e92edf242152f5a5f\" class=\"panel-collapse collapse \"><div class=\"panel-body toggle-content fusion-clearfix\">\n<ul>\n<li><strong>Febrero 2022<\/strong>: Contrataci\u00f3n de Nerea P\u00e9rez Sol\u00e9 como t\u00e9cnico de apoyo a la investigaci\u00f3n.<\/li>\n<li><strong>Febrero 2022<\/strong>: Reuni\u00f3n inicial del proyecto con los investigadores participantes.<\/li>\n<li><strong>Febrero 2022<\/strong>: Defensa de la Tesis Doctoral titulada \u201cAvances en estratificaci\u00f3n pron\u00f3stica mediante resonancia magn\u00e9tica card\u00edaca en pacientes con s\u00edndrome coronario cr\u00f3nico \u201c defendida por D. Victor Marcos Garc\u00e9s encuadrada dentro de este proyecto PROMETEO.<\/li>\n<li><strong>Febrero 2022<\/strong>: Celebraci\u00f3n del simposio titulado \u201cAVANCES EN CARDIOPAT\u00cdA ISQU\u00c9MICA EN EL MARCO DE UN PROYECTO DE EXCELENCIA PROMETEO\u201d en el V Congreso Internacional de Intervenci\u00f3n e Investigaci\u00f3n en Salud moderada por la IP Amparo Ruiz Saur\u00ed y donde participaron investigadores colaboradores del proyecto para presentar las l\u00edneas principales de investigaci\u00f3n de este proyecto PROMETEO.<\/li>\n<li><strong>Abril 2022<\/strong>: Contrataci\u00f3n de Tamara Molina como t\u00e9cnico de apoyo a la investigaci\u00f3n.<\/li>\n<li><strong>Abril 2022<\/strong>: Participaci\u00f3n en el congreso Frontiers in Cardiovascular Biomedicine de investigaci\u00f3n b\u00e1sica celebrado en Budapest (Hungr\u00eda) y organizado por la European Society of Cardiology donde se presentaron 5 p\u00f3sters.<\/li>\n<li><strong>Mayo 2022<\/strong>: Contrataci\u00f3n de H\u00e9ctor Merenciano como investigador predoctoral de perfil cl\u00ednico.<\/li>\n<li><strong>Julio 2022<\/strong>: Contrataci\u00f3n de C\u00e9sar R\u00edos como investigador post-doctoral.<\/li>\n<li><strong>Julio 2022<\/strong>: Defensa de la Tesis Doctoral titulada \u201cDetecci\u00f3n de nuevos marcadores asociados a da\u00f1o por reperfusi\u00f3n y fibrosis infarto de miocardio validados histopatol\u00f3gicamente mediante an\u00e1lisis multivariante de resonancia magn\u00e9tica multimodal\u201d defendida por D\u00f1a. Itziar P\u00e9rez Terol y dirigida por el Prof Vicente Bod\u00ed (CIBER-CV) y los Profs. Daniel Monle\u00f3n y Jos\u00e9 Manuel Morales (CIBER-FES).<\/li>\n<li><strong>Agosto 2022<\/strong>: Participaci\u00f3n en el congreso European Society of Cardiology Congress 2022 celebrado en Barcelona donde se presentaron 7 comunicaciones mini-orales.<\/li>\n<li><strong>Octubre 2022<\/strong>: Participaci\u00f3n en el Congreso de la Salud Cardiovascular celebrado en Palma de Mallorca y organizado por la Sociedad Espa\u00f1ola de Cardiolog\u00eda donde se presentar\u00e1n 8 comunicaciones mini-orales.<\/li>\n<\/ul>\n<\/div><\/div><\/div><\/div><\/div><\/div><\/div><style type=\"text\/css\">.fusion-body .fusion-builder-column-0{width:66.666666666667% !important;margin-top : 0px;margin-bottom : 20px;}.fusion-builder-column-0 > .fusion-column-wrapper {padding-top : 0px !important;padding-right : 0px !important;margin-right : 2.88%;padding-bottom : 0px !important;padding-left : 0px !important;margin-left : 2.88%;}@media only screen and (max-width:1532px) {.fusion-body .fusion-builder-column-0{width:66.666666666667% !important;order : 0;}.fusion-builder-column-0 > .fusion-column-wrapper {margin-right : 2.88%;margin-left : 2.88%;}}@media only screen and (max-width:640px) {.fusion-body .fusion-builder-column-0{width:100% !important;order : 0;}.fusion-builder-column-0 > .fusion-column-wrapper {margin-right : 1.92%;margin-left : 1.92%;}}<\/style><div class=\"fusion-layout-column fusion_builder_column fusion-builder-column-1 fusion_builder_column_1_3 1_3 fusion-flex-column\"><div class=\"fusion-column-wrapper fusion-flex-justify-content-flex-start fusion-content-layout-column\" style=\"background-position:left top;background-repeat:no-repeat;-webkit-background-size:cover;-moz-background-size:cover;-o-background-size:cover;background-size:cover;border-width: 0 0 0 2px;border-color:#9DA0D2;border-style:solid;padding: 4% 4% 4% 4%;\"><div class=\"fusion-text fusion-text-4\" style=\"transform:translate3d(0,0,0);\"><h5 style=\"text-align: center;\">PROGRAMA<\/h5>\n<p style=\"text-align: center;\">PROMETEO 2021<br \/>\nConselleria de Innovaci\u00f3n, Universidades, Ciencia y Sociedad Digital<\/p>\n<\/div><div style=\"text-align:center;\"><span class=\" fusion-imageframe imageframe-none imageframe-1 hover-type-none\" style=\"margin-bottom:20px;\"><a class=\"fusion-no-lightbox\" href=\"https:\/\/innova.gva.es\/es\/\" target=\"_blank\" aria-label=\"conselleria innovacion\" rel=\"noopener noreferrer\"><img width=\"200\" height=\"119\" src=\"https:\/\/www.incliva.es\/wp-content\/uploads\/2022\/04\/conselleria-innovacion-200x119.jpg\" class=\"img-responsive wp-image-10489\" srcset=\"https:\/\/www.incliva.es\/wp-content\/uploads\/2022\/04\/conselleria-innovacion-200x119.jpg 200w, https:\/\/www.incliva.es\/wp-content\/uploads\/2022\/04\/conselleria-innovacion.jpg 286w\" sizes=\"(max-width: 640px) 100vw, 200px\" \/><\/a><\/span><\/div><div class=\"fusion-separator fusion-full-width-sep\" style=\"align-self: center;margin-left: auto;margin-right: auto;margin-top:10px;margin-bottom:10px;width:100%;\"><div class=\"fusion-separator-border sep-single sep-solid\" style=\"border-color:#9da0d2;border-top-width:1px;\"><\/div><\/div><div class=\"fusion-text fusion-text-5\" style=\"transform:translate3d(0,0,0);\"><h5 style=\"text-align: center;\">PRINCIPAL INVESTIGATOR<\/h5>\n<p style=\"text-align: center;\"><a href=\"https:\/\/www.incliva.es\/en\/vicente-bodi-peris\/\" target=\"_blank\" rel=\"noopener\">Dr. Vicente Bod\u00ed Peris<\/a><br \/>\nDr. Amparo Ruiz Saur\u00ed<\/p>\n<h5 style=\"text-align: center;\">MIEMBROS DEL GRUPO<\/h5>\n<p style=\"text-align: center;\"><strong>Estudios cl\u00ednicos<\/strong><br \/>\nClara Bonanad, Joaquim C\u00e0noves<\/p>\n<p style=\"text-align: center;\"><strong>Imagen cardiaca<\/strong><br \/>\nJose Gavara<\/p>\n<p style=\"text-align: center;\"><strong>Estudios b\u00e1sicos y experimentales<\/strong><br \/>\nPilar Sep\u00falveda, Antoni Bay\u00e9s,<\/p>\n<p style=\"text-align: center;\"><strong>An\u00e1lisis histopatol\u00f3gicos<\/strong><br \/>\nDavid Ramos, Antonio Ferr\u00e1ndez, Pilar Molina<\/p>\n<\/div><div class=\"fusion-separator fusion-full-width-sep\" style=\"align-self: center;margin-left: auto;margin-right: auto;margin-top:10px;margin-bottom:10px;width:100%;\"><div class=\"fusion-separator-border sep-single sep-solid\" style=\"border-color:#9da0d2;border-top-width:1px;\"><\/div><\/div><div class=\"fusion-text fusion-text-6\" style=\"transform:translate3d(0,0,0);\"><h5 style=\"text-align: center;\">REFERENCIA<\/h5>\n<p style=\"text-align: center;\">PROMETEO\/2021\/008<\/p>\n<h5 style=\"text-align: center;\">FONDOS<\/h5>\n<p style=\"text-align: center;\">435.929 \u20ac<\/p>\n<h5 style=\"text-align: center;\">INICIO \/ FIN<\/h5>\n<p style=\"text-align: center;\">2021-2024<\/p>\n<\/div><\/div><\/div><style type=\"text\/css\">.fusion-body .fusion-builder-column-1{width:33.333333333333% !important;margin-top : 0px;margin-bottom : 20px;}.fusion-builder-column-1 > .fusion-column-wrapper {padding-top : 4% !important;padding-right : 4% !important;margin-right : 5.76%;padding-bottom : 4% !important;padding-left : 4% !important;margin-left : 5.76%;}@media only screen and (max-width:1532px) {.fusion-body .fusion-builder-column-1{width:33.333333333333% !important;order : 0;}.fusion-builder-column-1 > .fusion-column-wrapper {margin-right : 5.76%;margin-left : 5.76%;}}@media only screen and (max-width:640px) {.fusion-body .fusion-builder-column-1{width:100% !important;order : 0;}.fusion-builder-column-1 > .fusion-column-wrapper {margin-right : 1.92%;margin-left : 1.92%;}}<\/style><\/div><style type=\"text\/css\">.fusion-body .fusion-flex-container.fusion-builder-row-1{ padding-top : 0px;margin-top : 0px;padding-right : 0px;padding-bottom : 0px;margin-bottom : 0px;padding-left : 0px;}<\/style><\/div>\n","protected":false},"excerpt":{"rendered":"","protected":false},"author":1,"featured_media":0,"parent":0,"menu_order":0,"comment_status":"closed","ping_status":"closed","template":"","meta":[],"acf":[],"_links":{"self":[{"href":"https:\/\/www.incliva.es\/en\/wp-json\/wp\/v2\/pages\/10836"}],"collection":[{"href":"https:\/\/www.incliva.es\/en\/wp-json\/wp\/v2\/pages"}],"about":[{"href":"https:\/\/www.incliva.es\/en\/wp-json\/wp\/v2\/types\/page"}],"author":[{"embeddable":true,"href":"https:\/\/www.incliva.es\/en\/wp-json\/wp\/v2\/users\/1"}],"replies":[{"embeddable":true,"href":"https:\/\/www.incliva.es\/en\/wp-json\/wp\/v2\/comments?post=10836"}],"version-history":[{"count":10,"href":"https:\/\/www.incliva.es\/en\/wp-json\/wp\/v2\/pages\/10836\/revisions"}],"predecessor-version":[{"id":18572,"href":"https:\/\/www.incliva.es\/en\/wp-json\/wp\/v2\/pages\/10836\/revisions\/18572"}],"wp:attachment":[{"href":"https:\/\/www.incliva.es\/en\/wp-json\/wp\/v2\/media?parent=10836"}],"curies":[{"name":"wp","href":"https:\/\/api.w.org\/{rel}","templated":true}]}}