{"id":10755,"date":"2021-01-11T15:57:56","date_gmt":"2021-01-11T13:57:56","guid":{"rendered":"https:\/\/www.incliva.es\/intranet\/"},"modified":"2026-03-25T12:35:01","modified_gmt":"2026-03-25T10:35:01","slug":"intranet","status":"publish","type":"page","link":"https:\/\/www.incliva.es\/en\/intranet\/","title":{"rendered":"Intranet"},"content":{"rendered":"<div class=\"fusion-fullwidth fullwidth-box fusion-builder-row-1 fusion-flex-container nonhundred-percent-fullwidth non-hundred-percent-height-scrolling\" style=\"background-color: rgba(255,255,255,0);background-position: center center;background-repeat: no-repeat;border-width: 0px 0px 0px 0px;border-color:#e2e2e2;border-style:solid;\" ><div class=\"fusion-builder-row fusion-row fusion-flex-align-items-flex-start\" style=\"max-width:1248px;margin-left: calc(-4% \/ 2 );margin-right: calc(-4% \/ 2 );\"><div class=\"fusion-layout-column fusion_builder_column fusion-builder-column-0 fusion_builder_column_1_2 1_2 fusion-flex-column fusion-flex-align-self-center\"><div class=\"fusion-column-wrapper fusion-flex-justify-content-center fusion-content-layout-row\" style=\"background-position:left top;background-repeat:no-repeat;-webkit-background-size:cover;-moz-background-size:cover;-o-background-size:cover;background-size:cover;background-color:#f9f9f9;border-width: 0 0 0 2px;border-color:#9DA0D2;border-style:solid;padding: 6% 4% 6% 4%;\"><div class=\"fusion-text fusion-text-1\" style=\"transform:translate3d(0,0,0);\"><h3>SOPORTE REMOTO INFORM\u00c1TICO<\/h3>\n<p>Para acceder a la herramienta pulse sobre la opci\u00f3n Windows\/Mac, ejecute la descarga y contacte con informatica.<\/p>\n<p><a href=\"\/wp-content\/uploads\/2022\/Asistencia_Remota_Windows.exe\" target=\"_blank\" rel=\"noopener\">Asistencia Windows<\/a> \u00a0 \u00a0 \u00a0 \u00a0 \u00a0 \u00a0 \u00a0 \u00a0 <a href=\"https:\/\/anydesk.com\/es\/downloads\/linux\" target=\"_blank\" rel=\"noopener\">Asistencia Linux<\/a> \u00a0 \u00a0 \u00a0 \u00a0 \u00a0 \u00a0 \u00a0 \u00a0 <a href=\"https:\/\/download.anydesk.com\/anydesk.dmg\" target=\"_blank\" rel=\"noopener\">Asistencia Mac<\/a><\/p>\n<p>Nota: Por pol\u00edticas de seguridad, no podemos conectar con ordenadores de hospital.<\/p>\n<\/div><\/div><\/div><style type=\"text\/css\">.fusion-body .fusion-builder-column-0{width:50% !important;margin-top : 0px;margin-bottom : 20px;}.fusion-builder-column-0 > .fusion-column-wrapper {padding-top : 6% !important;padding-right : 4% !important;margin-right : 7.68%;padding-bottom : 6% !important;padding-left : 4% !important;margin-left : 7.68%;}@media only screen and (max-width:1532px) {.fusion-body .fusion-builder-column-0{width:50% !important;order : 0;}.fusion-builder-column-0 > .fusion-column-wrapper {margin-right : 7.68%;margin-left : 7.68%;}}@media only screen and (max-width:640px) {.fusion-body .fusion-builder-column-0{width:100% !important;order : 0;}.fusion-builder-column-0 > .fusion-column-wrapper {margin-right : 1.92%;margin-left : 1.92%;}}<\/style><div class=\"fusion-layout-column fusion_builder_column fusion-builder-column-1 fusion_builder_column_1_2 1_2 fusion-flex-column fusion-flex-align-self-center\"><div class=\"fusion-column-wrapper fusion-flex-justify-content-flex-start fusion-content-layout-row\" style=\"background-position:left top;background-repeat:no-repeat;-webkit-background-size:cover;-moz-background-size:cover;-o-background-size:cover;background-size:cover;background-color:#f9f9f9;border-width: 0 0 0 2px;border-color:#9DA0D2;border-style:solid;padding: 6% 4% 6% 4%;\"><div class=\"fusion-text fusion-text-2\" style=\"transform:translate3d(0,0,0);\"><h3 style=\"text-align: left;\">CONTROL HORARIO Y FICHAJE<\/h3>\n<p style=\"text-align: left;\"><a href=\"https:\/\/incliva.woffu.com\" target=\"_blank\" rel=\"noopener\">Acceso al control horario y fichaje (Woffu)<\/a><br \/>\nGu\u00eda de control horario y fichaje (<a href=\"https:\/\/www.incliva.es\/wp-content\/uploads\/2023\/06\/Guia-usuario-INCLIVA-ACTUALIZADA.pdf\" target=\"_blank\" rel=\"noopener\">Descarga<\/a>)<br \/>\nConsentimiento control horario (<a href=\"https:\/\/www.incliva.es\/wp-content\/uploads\/2024\/11\/Consentimiento-dispositivo-control-horario.docx\" target=\"_blank\" rel=\"noopener\">Descarga<\/a>)<\/p>\n<p style=\"text-align: left;\">Contacto y dudas:<\/p>\n<p style=\"text-align: left;\"><a href=\"mailto:woffu@incliva.es\">woffu@incliva.es<\/a><\/p>\n<\/div><\/div><\/div><style type=\"text\/css\">.fusion-body .fusion-builder-column-1{width:50% !important;margin-top : 0px;margin-bottom : 20px;}.fusion-builder-column-1 > .fusion-column-wrapper {padding-top : 6% !important;padding-right : 4% !important;margin-right : 7.68%;padding-bottom : 6% !important;padding-left : 4% !important;margin-left : 7.68%;}@media only screen and (max-width:1532px) {.fusion-body .fusion-builder-column-1{width:50% !important;order : 0;}.fusion-builder-column-1 > .fusion-column-wrapper {margin-right : 7.68%;margin-left : 7.68%;}}@media only screen and (max-width:640px) {.fusion-body .fusion-builder-column-1{width:100% !important;order : 0;}.fusion-builder-column-1 > .fusion-column-wrapper {margin-right : 1.92%;margin-left : 1.92%;}}<\/style><div class=\"fusion-layout-column fusion_builder_column fusion-builder-column-2 fusion_builder_column_1_2 1_2 fusion-flex-column fusion-flex-align-self-center\"><div class=\"fusion-column-wrapper fusion-flex-justify-content-flex-start fusion-content-layout-row\" style=\"background-position:left top;background-repeat:no-repeat;-webkit-background-size:cover;-moz-background-size:cover;-o-background-size:cover;background-size:cover;background-color:#f9f9f9;border-width: 0 0 0 2px;border-color:#9DA0D2;border-style:solid;padding: 4% 4% 4% 4%;\"><div class=\"fusion-text fusion-text-3\" style=\"transform:translate3d(0,0,0);\"><h3 style=\"text-align: left;\">CORREO WEB<\/h3>\n<p style=\"text-align: left;\"><a class=\"link\" href=\"https:\/\/outlook.office.com\/mail\/\" target=\"_blank\" rel=\"noopener\">Acceder a Outlook<\/a><\/p>\n<\/div><\/div><\/div><style type=\"text\/css\">.fusion-body .fusion-builder-column-2{width:50% !important;margin-top : 0px;margin-bottom : 20px;}.fusion-builder-column-2 > .fusion-column-wrapper {padding-top : 4% !important;padding-right : 4% !important;margin-right : 7.68%;padding-bottom : 4% !important;padding-left : 4% !important;margin-left : 7.68%;}@media only screen and (max-width:1532px) {.fusion-body .fusion-builder-column-2{width:50% !important;order : 0;}.fusion-builder-column-2 > .fusion-column-wrapper {margin-right : 7.68%;margin-left : 7.68%;}}@media only screen and (max-width:640px) {.fusion-body .fusion-builder-column-2{width:100% !important;order : 0;}.fusion-builder-column-2 > .fusion-column-wrapper {margin-right : 1.92%;margin-left : 1.92%;}}<\/style><div class=\"fusion-layout-column fusion_builder_column fusion-builder-column-3 fusion_builder_column_1_2 1_2 fusion-flex-column fusion-flex-align-self-center\"><div class=\"fusion-column-wrapper fusion-flex-justify-content-flex-start fusion-content-layout-row\" style=\"background-position:left top;background-repeat:no-repeat;-webkit-background-size:cover;-moz-background-size:cover;-o-background-size:cover;background-size:cover;background-color:#f9f9f9;border-width: 0 0 0 2px;border-color:#9DA0D2;border-style:solid;padding: 4% 4% 4% 4%;\"><div class=\"fusion-text fusion-text-4\" style=\"transform:translate3d(0,0,0);\"><h3>FUND@NET<\/h3>\n<p><a class=\"link\" href=\"https:\/\/incliva.fundanetsuite.com\/ifundanet\/\" target=\"_blank\" rel=\"noopener\">Acceder a Fund@net<\/a><\/p>\n<\/div><\/div><\/div><style type=\"text\/css\">.fusion-body .fusion-builder-column-3{width:50% !important;margin-top : 0px;margin-bottom : 20px;}.fusion-builder-column-3 > .fusion-column-wrapper {padding-top : 4% !important;padding-right : 4% !important;margin-right : 7.68%;padding-bottom : 4% !important;padding-left : 4% !important;margin-left : 7.68%;}@media only screen and (max-width:1532px) {.fusion-body .fusion-builder-column-3{width:50% !important;order : 0;}.fusion-builder-column-3 > .fusion-column-wrapper {margin-right : 7.68%;margin-left : 7.68%;}}@media only screen and (max-width:640px) {.fusion-body .fusion-builder-column-3{width:100% !important;order : 0;}.fusion-builder-column-3 > .fusion-column-wrapper {margin-right : 1.92%;margin-left : 1.92%;}}<\/style><div class=\"fusion-layout-column fusion_builder_column fusion-builder-column-4 fusion_builder_column_1_2 1_2 fusion-flex-column fusion-flex-align-self-center\"><div class=\"fusion-column-wrapper fusion-flex-justify-content-center fusion-content-layout-row\" style=\"background-position:left top;background-repeat:no-repeat;-webkit-background-size:cover;-moz-background-size:cover;-o-background-size:cover;background-size:cover;background-color:#f9f9f9;border-width: 0 0 0 2px;border-color:#9DA0D2;border-style:solid;padding: 4% 4% 4% 4%;\"><div class=\"fusion-text fusion-text-5\" style=\"transform:translate3d(0,0,0);\"><h3>FORMULARIOS<\/h3>\n<p>Para descargar los formularios de gesti\u00f3n de INCLIVA acceder en el bot\u00f3n siguiente.<\/p>\n<p><a href=\"\/intranet\/formularios\">Acceder a formularios<\/a><\/p>\n<\/div><\/div><\/div><style type=\"text\/css\">.fusion-body .fusion-builder-column-4{width:50% !important;margin-top : 0px;margin-bottom : 20px;}.fusion-builder-column-4 > .fusion-column-wrapper {padding-top : 4% !important;padding-right : 4% !important;margin-right : 7.68%;padding-bottom : 4% !important;padding-left : 4% !important;margin-left : 7.68%;}@media only screen and (max-width:1532px) {.fusion-body .fusion-builder-column-4{width:50% !important;order : 0;}.fusion-builder-column-4 > .fusion-column-wrapper {margin-right : 7.68%;margin-left : 7.68%;}}@media only screen and (max-width:640px) {.fusion-body .fusion-builder-column-4{width:100% !important;order : 0;}.fusion-builder-column-4 > .fusion-column-wrapper {margin-right : 1.92%;margin-left : 1.92%;}}<\/style><div class=\"fusion-layout-column fusion_builder_column fusion-builder-column-5 fusion_builder_column_1_2 1_2 fusion-flex-column fusion-flex-align-self-center\"><div class=\"fusion-column-wrapper fusion-flex-justify-content-center fusion-content-layout-row\" style=\"background-position:left top;background-repeat:no-repeat;-webkit-background-size:cover;-moz-background-size:cover;-o-background-size:cover;background-size:cover;background-color:#f9f9f9;border-width: 0 0 0 2px;border-color:#9DA0D2;border-style:solid;padding: 4% 4% 4% 4%;\"><div class=\"fusion-text fusion-text-6\" style=\"transform:translate3d(0,0,0);\"><h3>IMAGEN CORPORATIVA<\/h3>\n<p>Para descargar los logos y manual de imagen corporativa de INCLIVA acceder en el bot\u00f3n siguiente.<br \/>\n<a class=\"link\" href=\"\/servicios\/unidad-de-comunicacion\/imagen-corporativa-incliva\/\" target=\"_blank\" rel=\"noopener\">Acceder imagen<\/a><\/p>\n<\/div><\/div><\/div><style type=\"text\/css\">.fusion-body .fusion-builder-column-5{width:50% !important;margin-top : 0px;margin-bottom : 20px;}.fusion-builder-column-5 > .fusion-column-wrapper {padding-top : 4% !important;padding-right : 4% !important;margin-right : 7.68%;padding-bottom : 4% !important;padding-left : 4% !important;margin-left : 7.68%;}@media only screen and (max-width:1532px) {.fusion-body .fusion-builder-column-5{width:50% !important;order : 0;}.fusion-builder-column-5 > .fusion-column-wrapper {margin-right : 7.68%;margin-left : 7.68%;}}@media only screen and (max-width:640px) {.fusion-body .fusion-builder-column-5{width:100% !important;order : 0;}.fusion-builder-column-5 > .fusion-column-wrapper {margin-right : 1.92%;margin-left : 1.92%;}}<\/style><div class=\"fusion-layout-column fusion_builder_column fusion-builder-column-6 fusion_builder_column_1_2 1_2 fusion-flex-column fusion-flex-align-self-center\"><div class=\"fusion-column-wrapper fusion-flex-justify-content-center fusion-content-layout-row\" style=\"background-position:left top;background-repeat:no-repeat;-webkit-background-size:cover;-moz-background-size:cover;-o-background-size:cover;background-size:cover;background-color:#f9f9f9;border-width: 0 0 0 2px;border-color:#9DA0D2;border-style:solid;padding: 4% 4% 4% 4%;\"><div class=\"fusion-text fusion-text-7\" style=\"transform:translate3d(0,0,0);\"><h3>NORMATIVA INTERNA<\/h3>\n<p>Para acceder a la normativa interna de INCLIVA acceder en el bot\u00f3n siguiente.<br \/>\n<a href=\"\/portal-de-transparencia\/informacion-juridica\/#813bcac0934d41841\">Acceder Normativa<\/a><\/p>\n<\/div><\/div><\/div><style type=\"text\/css\">.fusion-body .fusion-builder-column-6{width:50% !important;margin-top : 0px;margin-bottom : 20px;}.fusion-builder-column-6 > .fusion-column-wrapper {padding-top : 4% !important;padding-right : 4% !important;margin-right : 7.68%;padding-bottom : 4% !important;padding-left : 4% !important;margin-left : 7.68%;}@media only screen and (max-width:1532px) {.fusion-body .fusion-builder-column-6{width:50% !important;order : 0;}.fusion-builder-column-6 > .fusion-column-wrapper {margin-right : 7.68%;margin-left : 7.68%;}}@media only screen and (max-width:640px) {.fusion-body .fusion-builder-column-6{width:100% !important;order : 0;}.fusion-builder-column-6 > .fusion-column-wrapper {margin-right : 1.92%;margin-left : 1.92%;}}<\/style><div class=\"fusion-layout-column fusion_builder_column fusion-builder-column-7 fusion_builder_column_1_2 1_2 fusion-flex-column fusion-flex-align-self-flex-start\"><div class=\"fusion-column-wrapper fusion-flex-justify-content-flex-start fusion-content-layout-column\" style=\"background-position:left top;background-repeat:no-repeat;-webkit-background-size:cover;-moz-background-size:cover;-o-background-size:cover;background-size:cover;background-color:#f9f9f9;border-width: 0 0 0 2px;border-color:#9DA0D2;border-style:solid;padding: 4% 4% 4% 4%;\"><div class=\"fusion-text fusion-text-8\" style=\"transform:translate3d(0,0,0);\"><h3>BUZ\u00d3N DE SUGERENCIAS<\/h3>\n<p>Si desea realizar alguna sugerencia, rellene el formulario que se desplegar\u00e1 en el bot\u00f3n siguiente.<br \/>\n<a href=\"https:\/\/iisi.typeform.com\/to\/sQgJeaDi\">Acceder Buz\u00f3n<\/a><\/p>\n<\/div><\/div><\/div><style type=\"text\/css\">.fusion-body .fusion-builder-column-7{width:50% !important;margin-top : 0px;margin-bottom : 20px;}.fusion-builder-column-7 > .fusion-column-wrapper {padding-top : 4% !important;padding-right : 4% !important;margin-right : 7.68%;padding-bottom : 4% !important;padding-left : 4% !important;margin-left : 7.68%;}@media only screen and (max-width:1532px) {.fusion-body .fusion-builder-column-7{width:50% !important;order : 0;}.fusion-builder-column-7 > .fusion-column-wrapper {margin-right : 7.68%;margin-left : 7.68%;}}@media only screen and (max-width:640px) {.fusion-body .fusion-builder-column-7{width:100% !important;order : 0;}.fusion-builder-column-7 > .fusion-column-wrapper {margin-right : 1.92%;margin-left : 1.92%;}}<\/style><div class=\"fusion-layout-column fusion_builder_column fusion-builder-column-8 fusion_builder_column_1_2 1_2 fusion-flex-column fusion-flex-align-self-flex-start\"><div class=\"fusion-column-wrapper fusion-flex-justify-content-flex-start fusion-content-layout-column\" style=\"background-position:left top;background-repeat:no-repeat;-webkit-background-size:cover;-moz-background-size:cover;-o-background-size:cover;background-size:cover;background-color:#f9f9f9;border-width: 0 0 0 2px;border-color:#9DA0D2;border-style:solid;padding: 4% 4% 4% 4%;\"><div class=\"fusion-text fusion-text-9\" style=\"transform:translate3d(0,0,0);\"><h3>DOCUMENTOS DE INTER\u00c9S PARA EL PERSONAL INVESTIGADOR Y GESTOR<\/h3>\n<ul>\n<li><a href=\"https:\/\/www.incliva.es\/wp-content\/uploads\/2024\/02\/Canal-de-denuncia-INCLIVA-DIC-2023.pdf\" target=\"_blank\" rel=\"noopener\">Canal de denuncias<\/a><\/li>\n<li><a href=\"https:\/\/www.incliva.es\/wp-content\/uploads\/2022\/12\/2022-Codigo-Etico-INCLIVA.pdf\" target=\"_blank\" rel=\"noopener\">C\u00f3digo \u00c9tico y de Conducta de INCLIVA<\/a><\/li>\n<li><a href=\"https:\/\/www.incliva.es\/wp-content\/uploads\/2025\/10\/DOC-05-v2-Codigo-de-Buenas-Practicas-de-Investigacion-1.pdf\" target=\"_blank\" rel=\"noopener\">C\u00f3digo de buenas pr\u00e1cticas de investigaci\u00f3n<\/a><\/li>\n<li><a href=\"https:\/\/www.incliva.es\/wp-content\/uploads\/2025\/08\/DOC-02-v1-Guia-de-firmas-y-filiaciones-para-el-personal-investigador.pdf\" target=\"_blank\" rel=\"noopener\">Gu\u00eda de firmas y filiaciones de INCLIVA<\/a><\/li>\n<li><a href=\"https:\/\/www.incliva.es\/wp-content\/uploads\/2025\/08\/DOC-01-v4-Manual-de-bienvenida-IIS-INCLIVA.pdf\" target=\"_blank\" rel=\"noopener\">Manual de Bienvenida<\/a><\/li>\n<li><a href=\"https:\/\/www.incliva.es\/wp-content\/uploads\/2025\/07\/4.-Politica-de-Ciencia-Abierta_2025_vf.pdf\" target=\"_blank\" rel=\"noopener\">Pol\u00edtica Institucional de Ciencia Abierta<\/a><\/li>\n<li><a href=\"https:\/\/www.incliva.es\/wp-content\/uploads\/2025\/01\/ENG_Resumen-Ejecutivo-PE-INCLIVA-25-29-v3.pdf\" target=\"_blank\" rel=\"noopener\">INCLIVA Strategic Plan<\/a><\/li>\n<li><a href=\"https:\/\/www.incliva.es\/wp-content\/uploads\/2025\/08\/DOC-03-v3-Plan-de-integracion-IIS-INCLIVA-1.pdf\" target=\"_blank\" rel=\"noopener\">Plan de Integraci\u00f3n<\/a><\/li>\n<li><a href=\"https:\/\/www.incliva.es\/wp-content\/uploads\/2025\/05\/Plan-de-Formacion-2025-2026.pdf\" target=\"_blank\" rel=\"noopener\">Plan de Formaci\u00f3n<\/a><\/li>\n<li><a href=\"https:\/\/www.incliva.es\/wp-content\/uploads\/2026\/03\/3c1.-2026-PLAN-DE-ACTUACION_.pdf\">Plan de Actuaci\u00f3n 2026<\/a><\/li>\n<li><a href=\"https:\/\/www.incliva.es\/wp-content\/uploads\/2026\/03\/Programa-formativo-2026.pdf\" target=\"_blank\" rel=\"noopener\">Programa Formativo 2026<\/a><\/li>\n<li><a href=\"https:\/\/www.incliva.es\/wp-content\/uploads\/2025\/07\/3.-Plan-de-Traslacion-INCLIVA-2025.pdf\" target=\"_blank\" rel=\"noopener\">Plan de traslaci\u00f3n, Innovaci\u00f3n y Transferencia<\/a><\/li>\n<li><a href=\"https:\/\/www.incliva.es\/wp-content\/uploads\/2025\/10\/DOC-04-v2-Plan-de-apoyo-a-personal-y-grupos-emergentes.pdf\" target=\"_blank\" rel=\"noopener\">Plan de apoyo a emergentes<\/a><\/li>\n<li><a href=\"https:\/\/www.incliva.es\/wp-content\/uploads\/2026\/01\/DOC-07-v1-Proyecto-Cientifico-Cooperativo.pdf\">Proyecto cient\u00edfico cooperativo<\/a><\/li>\n<\/ul>\n<\/div><\/div><\/div><style type=\"text\/css\">.fusion-body .fusion-builder-column-8{width:50% !important;margin-top : 0px;margin-bottom : 20px;}.fusion-builder-column-8 > .fusion-column-wrapper {padding-top : 4% !important;padding-right : 4% !important;margin-right : 7.68%;padding-bottom : 4% !important;padding-left : 4% !important;margin-left : 7.68%;}@media only screen and (max-width:1532px) {.fusion-body .fusion-builder-column-8{width:50% !important;order : 0;}.fusion-builder-column-8 > .fusion-column-wrapper {margin-right : 7.68%;margin-left : 7.68%;}}@media only screen and (max-width:640px) {.fusion-body .fusion-builder-column-8{width:100% !important;order : 0;}.fusion-builder-column-8 > .fusion-column-wrapper {margin-right : 1.92%;margin-left : 1.92%;}}<\/style><\/div><style type=\"text\/css\">.fusion-body .fusion-flex-container.fusion-builder-row-1{ padding-top : 0px;margin-top : 0px;padding-right : 0px;padding-bottom : 0px;margin-bottom : 0px;padding-left : 0px;}<\/style><\/div>\n","protected":false},"excerpt":{"rendered":"","protected":false},"author":1,"featured_media":0,"parent":0,"menu_order":0,"comment_status":"closed","ping_status":"closed","template":"","meta":[],"acf":[],"_links":{"self":[{"href":"https:\/\/www.incliva.es\/en\/wp-json\/wp\/v2\/pages\/10755"}],"collection":[{"href":"https:\/\/www.incliva.es\/en\/wp-json\/wp\/v2\/pages"}],"about":[{"href":"https:\/\/www.incliva.es\/en\/wp-json\/wp\/v2\/types\/page"}],"author":[{"embeddable":true,"href":"https:\/\/www.incliva.es\/en\/wp-json\/wp\/v2\/users\/1"}],"replies":[{"embeddable":true,"href":"https:\/\/www.incliva.es\/en\/wp-json\/wp\/v2\/comments?post=10755"}],"version-history":[{"count":12,"href":"https:\/\/www.incliva.es\/en\/wp-json\/wp\/v2\/pages\/10755\/revisions"}],"predecessor-version":[{"id":49691,"href":"https:\/\/www.incliva.es\/en\/wp-json\/wp\/v2\/pages\/10755\/revisions\/49691"}],"wp:attachment":[{"href":"https:\/\/www.incliva.es\/en\/wp-json\/wp\/v2\/media?parent=10755"}],"curies":[{"name":"wp","href":"https:\/\/api.w.org\/{rel}","templated":true}]}}