{"id":10475,"date":"2021-01-11T05:10:50","date_gmt":"2021-01-11T03:10:50","guid":{"rendered":"https:\/\/www.incliva.es\/services\/unidad-de-informatica\/"},"modified":"2025-10-31T11:14:24","modified_gmt":"2025-10-31T09:14:24","slug":"computing-unit","status":"publish","type":"page","link":"https:\/\/www.incliva.es\/en\/services\/computing-unit\/","title":{"rendered":"Computing Unit"},"content":{"rendered":"<p><div class=\"fusion-fullwidth fullwidth-box fusion-builder-row-1 fusion-flex-container nonhundred-percent-fullwidth non-hundred-percent-height-scrolling\" style=\"background-color: rgba(255,255,255,0);background-position: center center;background-repeat: no-repeat;border-width: 0px 0px 0px 0px;border-color:#e2e2e2;border-style:solid;\" ><div class=\"fusion-builder-row fusion-row fusion-flex-align-items-flex-start\" style=\"max-width:1248px;margin-left: calc(-4% \/ 2 );margin-right: calc(-4% \/ 2 );\"><div class=\"fusion-layout-column fusion_builder_column fusion-builder-column-0 fusion_builder_column_2_3 2_3 fusion-flex-column\"><div class=\"fusion-column-wrapper fusion-flex-justify-content-flex-start fusion-content-layout-column\" style=\"background-position:left top;background-repeat:no-repeat;-webkit-background-size:cover;-moz-background-size:cover;-o-background-size:cover;background-size:cover;padding: 0px 0px 0px 0px;\"><div class=\"fusion-text fusion-text-1\" style=\"transform:translate3d(0,0,0);\"><h5>Introducci\u00f3n<\/h5>\n<p>El Instituto de Investigaci\u00f3n Sanitaria INCLIVA cuenta con una Unidad de Inform\u00e1tica que se encarga de mantener en funcionamiento todas las infraestructuras inform\u00e1ticas, audiovisuales y de telecomunicaciones ubicadas en las instalaciones de INCLIVA.<\/p>\n<p>Asimismo proporciona soporte y asesoramiento t\u00e9cnico al personal de la instituci\u00f3n.<\/p>\n<\/div><div class=\"fusion-separator fusion-full-width-sep\" style=\"align-self: center;margin-left: auto;margin-right: auto;margin-top:10px;margin-bottom:10px;width:100%;\"><div class=\"fusion-separator-border sep-single sep-solid\" style=\"border-color:#9DA0D2;border-top-width:1px;\"><\/div><\/div><div class=\"fusion-text fusion-text-2\" style=\"transform:translate3d(0,0,0);\"><h5 style=\"text-align: left;\">Soporte Remoto<\/h5>\n<p>Para acceder a la herramienta, pulse sobre la opci\u00f3n Windows\/Linux\/Mac, ejecute la descarga y contacte con inform\u00e1tica.<\/p>\n<ul>\n<li style=\"text-align: left;\"><a href=\"https:\/\/www.incliva.es\/wp-content\/uploads\/2022\/Asistencia_Remota_Windows.exe\" target=\"_blank\" rel=\"noopener\">Asistencia Windows<\/a><\/li>\n<li style=\"text-align: left;\"><a href=\"https:\/\/anydesk.com\/es\/downloads\/linux\" target=\"_blank\" rel=\"noopener\">Asistencia Linux<\/a><\/li>\n<li style=\"text-align: left;\"><a href=\"https:\/\/download.anydesk.com\/anydesk.dmg\" target=\"_blank\" rel=\"noopener\">Asistencia Mac<\/a><\/li>\n<\/ul>\n<\/div><div class=\"fusion-separator fusion-full-width-sep\" style=\"align-self: center;margin-left: auto;margin-right: auto;margin-top:10px;margin-bottom:10px;width:100%;\"><div class=\"fusion-separator-border sep-single sep-solid\" style=\"border-color:#9DA0D2;border-top-width:1px;\"><\/div><\/div><div class=\"fusion-text fusion-text-3\" style=\"transform:translate3d(0,0,0);\"><h5>Servicios<\/h5>\n<p>Microinform\u00e1tica, ciberseguridad, copias de seguridad, teletrabajo, correo y nube corporativos (MS365), telecomunicaciones, asesoramiento en compras y consultor\u00eda inform\u00e1tica en proyectos.<\/p>\n<p>Servicios de <strong>Supercomputaci\u00f3n y Almacenamiento<\/strong>:<\/p>\n<ul>\n<li>Acceso a recursos computacionales de alta capacidad.<\/li>\n<li>Almacenamiento de datos (enti\u00e9ndase el almacenamiento de datos como un espacio de trabajo donde se guardar\u00e1n datos mientras dure su procesamiento en el CPD, no se trata de almacenamiento definitivo).<\/li>\n<li>Alojamiento, configuraci\u00f3n y administraci\u00f3n de infraestructura inform\u00e1tica propia de los grupos de investigaci\u00f3n en nuestro centro de procesamiento de datos.<\/li>\n<\/ul>\n<p>Servicio de <strong>Gesti\u00f3n de Cuadernos Electr\u00f3nicos de Recogida de Datos<\/strong>:<\/p>\n<ul>\n<li>Gesti\u00f3n completa de los eCRF.<\/li>\n<li>Dise\u00f1o e implementaci\u00f3n de la base de datos y cuadernos en entorno de pruebas y producci\u00f3n.<\/li>\n<li>Mantenimiento de los eCRF durante toda la duraci\u00f3n del estudio.<\/li>\n<li>Administraci\u00f3n de la gesti\u00f3n de usuarios.<\/li>\n<li>Migraci\u00f3n de cuadernos desde otras plataformas<\/li>\n<\/ul>\n<\/div><\/div><\/div><style type=\"text\/css\">.fusion-body .fusion-builder-column-0{width:66.666666666667% !important;margin-top : 0px;margin-bottom : 20px;}.fusion-builder-column-0 > .fusion-column-wrapper {padding-top : 0px !important;padding-right : 0px !important;margin-right : 2.88%;padding-bottom : 0px !important;padding-left : 0px !important;margin-left : 2.88%;}@media only screen and (max-width:1532px) {.fusion-body .fusion-builder-column-0{width:66.666666666667% !important;}.fusion-builder-column-0 > .fusion-column-wrapper {margin-right : 2.88%;margin-left : 2.88%;}}@media only screen and (max-width:640px) {.fusion-body .fusion-builder-column-0{width:100% !important;}.fusion-builder-column-0 > .fusion-column-wrapper {margin-right : 1.92%;margin-left : 1.92%;}}<\/style><div class=\"fusion-layout-column fusion_builder_column fusion-builder-column-1 fusion_builder_column_1_3 1_3 fusion-flex-column\"><div class=\"fusion-column-wrapper fusion-column-has-shadow fusion-flex-justify-content-flex-start fusion-content-layout-column\" style=\"background-position:left top;background-repeat:no-repeat;-webkit-background-size:cover;-moz-background-size:cover;-o-background-size:cover;background-size:cover;background-color:#f9f9f9;border-width: 0 0 0 2px;border-color:#9DA0D2;border-style:solid;box-shadow:0px 0px ;;padding: 4% 4% 4% 4%;\"><div class=\"fusion-text fusion-text-4\" style=\"transform:translate3d(0,0,0);\"><h5 style=\"text-align: center;\">Responsable de la Unidad<\/h5>\n<p style=\"text-align: center;\">Miguel Herreros Mart\u00ednez<\/p>\n<h5 style=\"text-align: center;\">Ingeniero de Sistemas y Software<\/h5>\n<p style=\"text-align: center;\">Enrique Herreras Monz\u00f3<\/p>\n<\/div><div class=\"fusion-separator fusion-full-width-sep\" style=\"align-self: center;margin-left: auto;margin-right: auto;margin-top:10px;margin-bottom:10px;width:100%;\"><div class=\"fusion-separator-border sep-single sep-solid\" style=\"border-color:#9DA0D2;border-top-width:1px;\"><\/div><\/div><div class=\"fusion-text fusion-text-5\" style=\"transform:translate3d(0,0,0);\"><h5 style=\"text-align: center;\">Contacto<\/h5>\n<p style=\"text-align: center;\"><a href=\"mailto:informatica@incliva.es\">informatica@incliva.es<\/a><\/p>\n<p style=\"text-align: center;\">96 197 35 18 (<strong>Sede INCLIVA<\/strong>)<br \/>\n96 162 89 24 (<strong>Pasaje Luz<\/strong>)<\/p>\n<\/div><div class=\"fusion-separator fusion-full-width-sep\" style=\"align-self: center;margin-left: auto;margin-right: auto;margin-top:10px;margin-bottom:10px;width:100%;\"><div class=\"fusion-separator-border sep-single sep-solid\" style=\"border-color:#9DA0D2;border-top-width:1px;\"><\/div><\/div><div class=\"fusion-text fusion-text-6\" style=\"transform:translate3d(0,0,0);\"><h5 style=\"text-align: center;\">Localizaci\u00f3n<\/h5>\n<p style=\"text-align: center;\"><strong>Sede INCLIVA<\/strong>: Av. Men\u00e9ndez y Pelayo 4, acc, Planta baja, 46010 Valencia<br \/>\n<strong>Oficinas Pasaje Luz<\/strong>: \u00c1lvaro de Baz\u00e1n 8-10, Despacho 4, 46010 Valencia<\/p>\n<\/div><div class=\"fusion-separator fusion-full-width-sep\" style=\"align-self: center;margin-left: auto;margin-right: auto;margin-top:10px;margin-bottom:10px;width:100%;\"><div class=\"fusion-separator-border sep-single sep-solid\" style=\"border-color:#9DA0D2;border-top-width:1px;\"><\/div><\/div><div class=\"fusion-text fusion-text-7\" style=\"transform:translate3d(0,0,0);\"><h5 style=\"text-align: center;\">Servicio eCRF<\/h5>\n<p style=\"text-align: center;\"><a href=\"mailto:ecrf@incliva.es\">ecrf@incliva.es<\/a><\/p>\n<\/div><div style=\"text-align:center;\"><style type=\"text\/css\">.fusion-button.button-1 .fusion-button-text, .fusion-button.button-1 i {color:#ffffff;}.fusion-button.button-1 .fusion-button-icon-divider{border-color:#ffffff;}.fusion-button.button-1:hover .fusion-button-text, .fusion-button.button-1:hover i,.fusion-button.button-1:focus .fusion-button-text, .fusion-button.button-1:focus i,.fusion-button.button-1:active .fusion-button-text, .fusion-button.button-1:active{color:#ffffff;}.fusion-button.button-1:hover .fusion-button-icon-divider, .fusion-button.button-1:hover .fusion-button-icon-divider, .fusion-button.button-1:active .fusion-button-icon-divider{border-color:#ffffff;}.fusion-button.button-1:hover, .fusion-button.button-1:focus, .fusion-button.button-1:active{border-color:#ffffff;}.fusion-button.button-1 {border-color:#ffffff;border-radius:4px;}.fusion-button.button-1{background: #3d44ac;}.fusion-button.button-1:hover,.button-1:focus,.fusion-button.button-1:active{background: #9da0d2;}.fusion-button.button-1 .fusion-button-text {text-transform:uppercase;}<\/style><a class=\"fusion-button button-flat fusion-button-default-size button-custom button-1 fusion-button-span-yes fusion-button-default-type\" target=\"_blank\" rel=\"noopener noreferrer\" href=\"https:\/\/www.incliva.es\/wp-content\/uploads\/2025\/04\/Tarifas_web_eCRF_2025.pdf\" style=\"margin-bottom:15px;\"><span class=\"fusion-button-text\">Tarifas<\/span><\/a><\/div><div style=\"text-align:center;\"><style type=\"text\/css\">.fusion-button.button-2 .fusion-button-text, .fusion-button.button-2 i {color:#ffffff;}.fusion-button.button-2 .fusion-button-icon-divider{border-color:#ffffff;}.fusion-button.button-2:hover .fusion-button-text, .fusion-button.button-2:hover i,.fusion-button.button-2:focus .fusion-button-text, .fusion-button.button-2:focus i,.fusion-button.button-2:active .fusion-button-text, .fusion-button.button-2:active{color:#ffffff;}.fusion-button.button-2:hover .fusion-button-icon-divider, .fusion-button.button-2:hover .fusion-button-icon-divider, .fusion-button.button-2:active .fusion-button-icon-divider{border-color:#ffffff;}.fusion-button.button-2:hover, .fusion-button.button-2:focus, .fusion-button.button-2:active{border-color:#ffffff;}.fusion-button.button-2 {border-color:#ffffff;border-radius:4px;}.fusion-button.button-2{background: #3d44ac;}.fusion-button.button-2:hover,.button-2:focus,.fusion-button.button-2:active{background: #9da0d2;}.fusion-button.button-2 .fusion-button-text {text-transform:uppercase;}<\/style><a class=\"fusion-button button-flat fusion-button-default-size button-custom button-2 fusion-button-span-yes fusion-button-default-type\" target=\"_blank\" rel=\"noopener noreferrer\" href=\"https:\/\/form.typeform.com\/to\/AIk3BEmy\" style=\"margin-bottom:15px;\"><span class=\"fusion-button-text\">Solicitud de servicio<\/span><\/a><\/div><\/div><\/div><style type=\"text\/css\">.fusion-body .fusion-builder-column-1{width:33.333333333333% !important;margin-top : 0px;margin-bottom : 20px;}.fusion-builder-column-1 > .fusion-column-wrapper {padding-top : 4% !important;padding-right : 4% !important;margin-right : 5.76%;padding-bottom : 4% !important;padding-left : 4% !important;margin-left : 5.76%;}@media only screen and (max-width:1532px) {.fusion-body .fusion-builder-column-1{width:33.333333333333% !important;order : 0;}.fusion-builder-column-1 > .fusion-column-wrapper {margin-right : 5.76%;margin-left : 5.76%;}}@media only screen and (max-width:640px) {.fusion-body .fusion-builder-column-1{width:100% !important;order : 0;}.fusion-builder-column-1 > .fusion-column-wrapper {margin-right : 1.92%;margin-left : 1.92%;}}<\/style><\/div><style type=\"text\/css\">.fusion-body .fusion-flex-container.fusion-builder-row-1{ padding-top : 0px;margin-top : 0px;padding-right : 0px;padding-bottom : 0px;margin-bottom : 0px;padding-left : 0px;}<\/style><\/div><div class=\"fusion-fullwidth fullwidth-box fusion-builder-row-2 fusion-flex-container nonhundred-percent-fullwidth non-hundred-percent-height-scrolling\" style=\"background-color: rgba(255,255,255,0);background-position: center center;background-repeat: no-repeat;border-width: 0px 0px 0px 0px;border-color:#e2e2e2;border-style:solid;\" ><div class=\"fusion-builder-row fusion-row fusion-flex-align-items-stretch\" style=\"max-width:1248px;margin-left: calc(-4% \/ 2 );margin-right: calc(-4% \/ 2 );\"><div class=\"fusion-layout-column fusion_builder_column fusion-builder-column-2 fusion_builder_column_1_1 1_1 fusion-flex-column\"><div class=\"fusion-column-wrapper fusion-flex-justify-content-flex-start fusion-content-layout-column\" style=\"background-position:left top;background-repeat:no-repeat;-webkit-background-size:cover;-moz-background-size:cover;-o-background-size:cover;background-size:cover;padding: 0px 0px 0px 0px;\"><style type=\"text\/css\">@media only screen and (max-width:1532px) {.fusion-title.fusion-title-1{margin-top:10px!important;margin-bottom:15px!important;}}@media only screen and (max-width:640px) {.fusion-title.fusion-title-1{margin-top:10px!important;margin-bottom:10px!important;}}<\/style><div class=\"fusion-title title fusion-title-1 fusion-title-center fusion-title-text fusion-title-size-three\" style=\"margin-top:10px;margin-bottom:15px;\"><div class=\"title-sep-container title-sep-container-left\"><div class=\"title-sep sep-single sep-solid\" style=\"border-color:#3d44ac;\"><\/div><\/div><h3 class=\"title-heading-center\" style=\"margin:0;\"><p style=\"text-align: center;\">Equipo<\/p><\/h3><div class=\"title-sep-container title-sep-container-right\"><div class=\"title-sep sep-single sep-solid\" style=\"border-color:#3d44ac;\"><\/div><\/div><\/div><\/div><\/div><style type=\"text\/css\">.fusion-body .fusion-builder-column-2{width:100% !important;margin-top : 0px;margin-bottom : 20px;}.fusion-builder-column-2 > .fusion-column-wrapper {padding-top : 0px !important;padding-right : 0px !important;margin-right : 1.92%;padding-bottom : 0px !important;padding-left : 0px !important;margin-left : 1.92%;}@media only screen and (max-width:1532px) {.fusion-body .fusion-builder-column-2{width:100% !important;}.fusion-builder-column-2 > .fusion-column-wrapper {margin-right : 1.92%;margin-left : 1.92%;}}@media only screen and (max-width:640px) {.fusion-body .fusion-builder-column-2{width:100% !important;}.fusion-builder-column-2 > .fusion-column-wrapper {margin-right : 1.92%;margin-left : 1.92%;}}<\/style><div class=\"fusion-layout-column fusion_builder_column fusion-builder-column-3 fusion_builder_column_1_4 1_4 fusion-flex-column fusion-flex-align-self-center\"><div class=\"fusion-column-wrapper fusion-column-has-shadow fusion-flex-justify-content-space-between fusion-content-layout-column\" style=\"background-position:left top;background-repeat:no-repeat;-webkit-background-size:cover;-moz-background-size:cover;-o-background-size:cover;background-size:cover;background-color:#f9f9f9;box-shadow:0px 0px ;;padding: 4% 4% 4% 4%;\"><div class=\"fusion-text fusion-text-8\" style=\"transform:translate3d(0,0,0);\"><h5 style=\"text-align: center;\">Responsable de la Unidad de Inform\u00e1tica<\/h5>\n<\/div><div style=\"text-align:center;\"><span class=\" fusion-imageframe imageframe-none imageframe-1 hover-type-none\" style=\"border:2px solid #e2e2e2;border-radius:8px;width:100%;max-width:160px;\"><img width=\"455\" height=\"606\" title=\"miguel\" src=\"https:\/\/www.incliva.es\/wp-content\/uploads\/2025\/10\/miguel-1.png\" class=\"img-responsive wp-image-45685\" srcset=\"https:\/\/www.incliva.es\/wp-content\/uploads\/2025\/10\/miguel-1-200x266.png 200w, https:\/\/www.incliva.es\/wp-content\/uploads\/2025\/10\/miguel-1-400x533.png 400w, https:\/\/www.incliva.es\/wp-content\/uploads\/2025\/10\/miguel-1.png 455w\" sizes=\"(max-width: 640px) 100vw, 400px\" \/><\/span><\/div><div class=\"fusion-separator fusion-full-width-sep\" style=\"align-self: center;margin-left: auto;margin-right: auto;margin-top:10px;width:100%;\"><\/div><div class=\"fusion-text fusion-text-9\" style=\"transform:translate3d(0,0,0);\"><p style=\"text-align: center;\">Miguel Herreros<\/p>\n<\/div><\/div><\/div><style type=\"text\/css\">.fusion-body .fusion-builder-column-3{width:25% !important;margin-top : 0px;margin-bottom : 20px;}.fusion-builder-column-3 > .fusion-column-wrapper {padding-top : 4% !important;padding-right : 4% !important;margin-right : 7.68%;padding-bottom : 4% !important;padding-left : 4% !important;margin-left : 7.68%;}@media only screen and (max-width:1532px) {.fusion-body .fusion-builder-column-3{width:25% !important;order : 0;}.fusion-builder-column-3 > .fusion-column-wrapper {margin-right : 7.68%;margin-left : 7.68%;}}@media only screen and (max-width:640px) {.fusion-body .fusion-builder-column-3{width:100% !important;order : 0;}.fusion-builder-column-3 > .fusion-column-wrapper {margin-right : 1.92%;margin-left : 1.92%;}}<\/style><div class=\"fusion-layout-column fusion_builder_column fusion-builder-column-4 fusion_builder_column_1_4 1_4 fusion-flex-column fusion-flex-align-self-center\"><div class=\"fusion-column-wrapper fusion-column-has-shadow fusion-flex-justify-content-space-between fusion-content-layout-column\" style=\"background-position:left top;background-repeat:no-repeat;-webkit-background-size:cover;-moz-background-size:cover;-o-background-size:cover;background-size:cover;background-color:#f9f9f9;box-shadow:0px 0px ;;padding: 4% 4% 4% 4%;\"><div class=\"fusion-text fusion-text-10\" style=\"transform:translate3d(0,0,0);\"><h5 style=\"text-align: center;\">Ingeniero de Software y Sistemas<\/h5>\n<\/div><div style=\"text-align:center;\"><span class=\" fusion-imageframe imageframe-none imageframe-2 hover-type-none\" style=\"border:2px solid #e2e2e2;border-radius:8px;width:100%;max-width:160px;\"><img width=\"1510\" height=\"2013\" title=\"Enrique\" src=\"https:\/\/www.incliva.es\/wp-content\/uploads\/2024\/08\/Enrique.jpg\" class=\"img-responsive wp-image-33553\" srcset=\"https:\/\/www.incliva.es\/wp-content\/uploads\/2024\/08\/Enrique-200x267.jpg 200w, https:\/\/www.incliva.es\/wp-content\/uploads\/2024\/08\/Enrique-400x533.jpg 400w, https:\/\/www.incliva.es\/wp-content\/uploads\/2024\/08\/Enrique-600x800.jpg 600w, https:\/\/www.incliva.es\/wp-content\/uploads\/2024\/08\/Enrique-800x1066.jpg 800w, https:\/\/www.incliva.es\/wp-content\/uploads\/2024\/08\/Enrique-1200x1600.jpg 1200w, https:\/\/www.incliva.es\/wp-content\/uploads\/2024\/08\/Enrique.jpg 1510w\" sizes=\"(max-width: 640px) 100vw, 400px\" \/><\/span><\/div><div class=\"fusion-separator fusion-full-width-sep\" style=\"align-self: center;margin-left: auto;margin-right: auto;margin-top:10px;width:100%;\"><\/div><div class=\"fusion-text fusion-text-11\" style=\"transform:translate3d(0,0,0);\"><p style=\"text-align: center;\">Enrique Herreras<\/p>\n<\/div><\/div><\/div><style type=\"text\/css\">.fusion-body .fusion-builder-column-4{width:25% !important;margin-top : 0px;margin-bottom : 20px;}.fusion-builder-column-4 > .fusion-column-wrapper {padding-top : 4% !important;padding-right : 4% !important;margin-right : 7.68%;padding-bottom : 4% !important;padding-left : 4% !important;margin-left : 7.68%;}@media only screen and (max-width:1532px) {.fusion-body .fusion-builder-column-4{width:25% !important;order : 0;}.fusion-builder-column-4 > .fusion-column-wrapper {margin-right : 7.68%;margin-left : 7.68%;}}@media only screen and (max-width:640px) {.fusion-body .fusion-builder-column-4{width:100% !important;order : 0;}.fusion-builder-column-4 > .fusion-column-wrapper {margin-right : 1.92%;margin-left : 1.92%;}}<\/style><div class=\"fusion-layout-column fusion_builder_column fusion-builder-column-5 fusion_builder_column_1_4 1_4 fusion-flex-column fusion-flex-align-self-center\"><div class=\"fusion-column-wrapper fusion-column-has-shadow fusion-flex-justify-content-space-between fusion-content-layout-column\" style=\"background-position:left top;background-repeat:no-repeat;-webkit-background-size:cover;-moz-background-size:cover;-o-background-size:cover;background-size:cover;background-color:#f9f9f9;box-shadow:0px 0px ;;padding: 4% 4% 4% 4%;\"><div class=\"fusion-text fusion-text-12\" style=\"transform:translate3d(0,0,0);\"><h5 style=\"text-align: center;\">T\u00e9cnico inform\u00e1tico<br \/>\n\u2800<\/h5>\n<\/div><div style=\"text-align:center;\"><span class=\" fusion-imageframe imageframe-none imageframe-3 hover-type-none\" style=\"border:2px solid #e2e2e2;border-radius:8px;width:100%;max-width:160px;\"><img width=\"1366\" height=\"1821\" title=\"Toni\" src=\"https:\/\/www.incliva.es\/wp-content\/uploads\/2024\/08\/Toni.jpg\" class=\"img-responsive wp-image-33560\" srcset=\"https:\/\/www.incliva.es\/wp-content\/uploads\/2024\/08\/Toni-200x267.jpg 200w, https:\/\/www.incliva.es\/wp-content\/uploads\/2024\/08\/Toni-400x533.jpg 400w, https:\/\/www.incliva.es\/wp-content\/uploads\/2024\/08\/Toni-600x800.jpg 600w, https:\/\/www.incliva.es\/wp-content\/uploads\/2024\/08\/Toni-800x1066.jpg 800w, https:\/\/www.incliva.es\/wp-content\/uploads\/2024\/08\/Toni-1200x1600.jpg 1200w, https:\/\/www.incliva.es\/wp-content\/uploads\/2024\/08\/Toni.jpg 1366w\" sizes=\"(max-width: 640px) 100vw, 400px\" \/><\/span><\/div><div class=\"fusion-separator fusion-full-width-sep\" style=\"align-self: center;margin-left: auto;margin-right: auto;margin-top:10px;width:100%;\"><\/div><div class=\"fusion-text fusion-text-13\" style=\"transform:translate3d(0,0,0);\"><p style=\"text-align: center;\">Antonio Mac\u00edas<\/p>\n<\/div><\/div><\/div><style type=\"text\/css\">.fusion-body .fusion-builder-column-5{width:25% !important;margin-top : 0px;margin-bottom : 20px;}.fusion-builder-column-5 > .fusion-column-wrapper {padding-top : 4% !important;padding-right : 4% !important;margin-right : 7.68%;padding-bottom : 4% !important;padding-left : 4% !important;margin-left : 7.68%;}@media only screen and (max-width:1532px) {.fusion-body .fusion-builder-column-5{width:25% !important;order : 0;}.fusion-builder-column-5 > .fusion-column-wrapper {margin-right : 7.68%;margin-left : 7.68%;}}@media only screen and (max-width:640px) {.fusion-body .fusion-builder-column-5{width:100% !important;order : 0;}.fusion-builder-column-5 > .fusion-column-wrapper {margin-right : 1.92%;margin-left : 1.92%;}}<\/style><div class=\"fusion-layout-column fusion_builder_column fusion-builder-column-6 fusion_builder_column_1_4 1_4 fusion-flex-column fusion-flex-align-self-center\"><div class=\"fusion-column-wrapper fusion-column-has-shadow fusion-flex-justify-content-space-between fusion-content-layout-column\" style=\"background-position:left top;background-repeat:no-repeat;-webkit-background-size:cover;-moz-background-size:cover;-o-background-size:cover;background-size:cover;background-color:#f9f9f9;box-shadow:0px 0px ;;padding: 4% 4% 4% 4%;\"><div class=\"fusion-text fusion-text-14\" style=\"transform:translate3d(0,0,0);\"><h5 style=\"text-align: center;\">T\u00e9cnico inform\u00e1tico<br \/>\n\u2800<\/h5>\n<\/div><div style=\"text-align:center;\"><span class=\" fusion-imageframe imageframe-none imageframe-4 hover-type-none\" style=\"border:2px solid #e2e2e2;border-radius:8px;width:100%;max-width:160px;\"><img width=\"1449\" height=\"1931\" title=\"Fran\" src=\"https:\/\/www.incliva.es\/wp-content\/uploads\/2024\/08\/Fran.jpg\" class=\"img-responsive wp-image-33556\" srcset=\"https:\/\/www.incliva.es\/wp-content\/uploads\/2024\/08\/Fran-200x267.jpg 200w, https:\/\/www.incliva.es\/wp-content\/uploads\/2024\/08\/Fran-400x533.jpg 400w, https:\/\/www.incliva.es\/wp-content\/uploads\/2024\/08\/Fran-600x800.jpg 600w, https:\/\/www.incliva.es\/wp-content\/uploads\/2024\/08\/Fran-800x1066.jpg 800w, https:\/\/www.incliva.es\/wp-content\/uploads\/2024\/08\/Fran-1200x1599.jpg 1200w, https:\/\/www.incliva.es\/wp-content\/uploads\/2024\/08\/Fran.jpg 1449w\" sizes=\"(max-width: 640px) 100vw, 400px\" \/><\/span><\/div><div class=\"fusion-separator fusion-full-width-sep\" style=\"align-self: center;margin-left: auto;margin-right: auto;margin-top:10px;width:100%;\"><\/div><div class=\"fusion-text fusion-text-15\" style=\"transform:translate3d(0,0,0);\"><p style=\"text-align: center;\">Francisco S\u00e1nchez<\/p>\n<\/div><\/div><\/div><style type=\"text\/css\">.fusion-body .fusion-builder-column-6{width:25% !important;margin-top : 0px;margin-bottom : 20px;}.fusion-builder-column-6 > .fusion-column-wrapper {padding-top : 4% !important;padding-right : 4% !important;margin-right : 7.68%;padding-bottom : 4% !important;padding-left : 4% !important;margin-left : 7.68%;}@media only screen and (max-width:1532px) {.fusion-body .fusion-builder-column-6{width:25% !important;order : 0;}.fusion-builder-column-6 > .fusion-column-wrapper {margin-right : 7.68%;margin-left : 7.68%;}}@media only screen and (max-width:640px) {.fusion-body .fusion-builder-column-6{width:100% !important;order : 0;}.fusion-builder-column-6 > .fusion-column-wrapper {margin-right : 1.92%;margin-left : 1.92%;}}<\/style><\/div><style type=\"text\/css\">.fusion-body .fusion-flex-container.fusion-builder-row-2{ padding-top : 0px;margin-top : 0px;padding-right : 0px;padding-bottom : 0px;margin-bottom : 0px;padding-left : 0px;}<\/style><\/div><\/p>\n","protected":false},"excerpt":{"rendered":"","protected":false},"author":1,"featured_media":0,"parent":8464,"menu_order":0,"comment_status":"closed","ping_status":"closed","template":"","meta":[],"acf":[],"_links":{"self":[{"href":"https:\/\/www.incliva.es\/en\/wp-json\/wp\/v2\/pages\/10475"}],"collection":[{"href":"https:\/\/www.incliva.es\/en\/wp-json\/wp\/v2\/pages"}],"about":[{"href":"https:\/\/www.incliva.es\/en\/wp-json\/wp\/v2\/types\/page"}],"author":[{"embeddable":true,"href":"https:\/\/www.incliva.es\/en\/wp-json\/wp\/v2\/users\/1"}],"replies":[{"embeddable":true,"href":"https:\/\/www.incliva.es\/en\/wp-json\/wp\/v2\/comments?post=10475"}],"version-history":[{"count":12,"href":"https:\/\/www.incliva.es\/en\/wp-json\/wp\/v2\/pages\/10475\/revisions"}],"predecessor-version":[{"id":45688,"href":"https:\/\/www.incliva.es\/en\/wp-json\/wp\/v2\/pages\/10475\/revisions\/45688"}],"up":[{"embeddable":true,"href":"https:\/\/www.incliva.es\/en\/wp-json\/wp\/v2\/pages\/8464"}],"wp:attachment":[{"href":"https:\/\/www.incliva.es\/en\/wp-json\/wp\/v2\/media?parent=10475"}],"curies":[{"name":"wp","href":"https:\/\/api.w.org\/{rel}","templated":true}]}}