{"id":10461,"date":"2021-01-11T11:13:58","date_gmt":"2021-01-11T09:13:58","guid":{"rendered":"https:\/\/www.incliva.es\/services\/services-for-researchers\/gestion-cientifica\/"},"modified":"2026-04-17T11:02:17","modified_gmt":"2026-04-17T09:02:17","slug":"scientific-management","status":"publish","type":"page","link":"https:\/\/www.incliva.es\/en\/services\/researcher-services\/scientific-management\/","title":{"rendered":"Scientific management"},"content":{"rendered":"<p><div class=\"fusion-fullwidth fullwidth-box fusion-builder-row-1 fusion-flex-container nonhundred-percent-fullwidth non-hundred-percent-height-scrolling\" style=\"background-color: #ffffff;background-position: center center;background-repeat: no-repeat;border-width: 0px 0px 0px 0px;border-color:#e2e2e2;border-style:solid;\" ><div class=\"fusion-builder-row fusion-row fusion-flex-align-items-flex-start\" style=\"max-width:1248px;margin-left: calc(-4% \/ 2 );margin-right: calc(-4% \/ 2 );\"><div class=\"fusion-layout-column fusion_builder_column fusion-builder-column-0 fusion_builder_column_2_3 2_3 fusion-flex-column\"><div class=\"fusion-column-wrapper fusion-flex-justify-content-flex-start fusion-content-layout-column\" style=\"background-position:left top;background-repeat:no-repeat;-webkit-background-size:cover;-moz-background-size:cover;-o-background-size:cover;background-size:cover;padding: 0px 0px 0px 0px;\"><div class=\"fusion-text fusion-text-1\" style=\"transform:translate3d(0,0,0);\"><p>The Scientific Management Area, coordinated by Dr. Patricia Fern\u00e1ndez, is located in the INCLIVA office building (Pasaje Luz, \u00c1lvaro de Baz\u00e1n, 10. Valencia).<\/p>\n<p>The units that comprise it are responsible for providing support in the implementation, development and monitoring of the research projects carried out at the institution.<\/p>\n<\/div><div class=\"fusion-separator fusion-full-width-sep\" style=\"align-self: center;margin-left: auto;margin-right: auto;margin-top:1%;margin-bottom:1%;width:100%;\"><\/div>\n<div class=\"table-2\">\n<table width=\"100%\">\n<tbody>\n<tr>\n<td align=\"left\">\n<h5>Unit<\/h5>\n<\/td>\n<td align=\"left\">\n<h5>Head of Unit<\/h5>\n<\/td>\n<td align=\"left\">\n<h5>Contact<\/h5>\n<\/td>\n<\/tr>\n<tr>\n<td align=\"left\"><a href=\"\/en\/services\/researcher-services\/scientific-management\/projects-unit\/\">Projects Unit<\/a><\/td>\n<td align=\"left\">Raquel Llorens<\/td>\n<td align=\"left\"><a href=\"mailto:proyectosnacionales@incliva.es\">proyectosnacionales@incliva.es<\/a><br \/>\n<a href=\"mailto:rllorens@incliva.es\">rllorens@incliva.es<\/a><\/td>\n<\/tr>\n<tr>\n<td align=\"left\"><a href=\"\/en\/services\/researcher-services\/scientific-management\/scientific-and-innovative-culture-unit\/\">Scientific Culture Unit<\/a><\/td>\n<td align=\"left\">Natividad Paz<\/td>\n<td align=\"left\"><a href=\"mailto:ucci@incliva.es\">ucci@incliva.es<\/a><\/td>\n<\/tr>\n<tr>\n<td align=\"left\"><a href=\"\/en\/services\/researcher-services\/scientific-management\/international\/\">Internationalisation Unit<\/a> *<\/td>\n<td align=\"left\">Dra. Ana Ferrer<\/td>\n<td align=\"left\"><a href=\"mailto:proyectoseuropeos@incliva.es\"><span style=\"font-family: inherit; font-size: inherit;\">proyectoseuropeos@incliva.es<\/span><\/a><\/td>\n<\/tr>\n<tr>\n<td align=\"left\"><a href=\"\/en\/services\/researcher-services\/scientific-management\/innovation-support-unit\/\">Innovation Management Unit<\/a><\/td>\n<td align=\"left\">Elena Carri\u00f3<\/td>\n<td align=\"left\"><a href=\"mailto:innovacion@incliva.es\">innovacion@incliva.es<\/a><\/td>\n<\/tr>\n<tr>\n<td align=\"left\"><a href=\"https:\/\/www.incliva.es\/en\/clinical-trials\/\">Clinical Trials Unit<\/a><\/td>\n<td align=\"left\">Sof\u00eda Galant<\/td>\n<td align=\"left\"><a href=\"mailto:ensayosclinicos@incliva.es\">ensayosclinicos@incliva.es<\/a><\/td>\n<\/tr>\n<tr>\n<td align=\"left\"><a href=\"\/en\/services\/researcher-services\/scientific-management\/training-and-mobility\/\">Training and Mobility Unit<\/a><\/td>\n<td align=\"left\">Mercedes Navarro<br \/>\nRus L\u00f3pez<br \/>\nCristina Garc\u00eda<\/td>\n<td align=\"left\"><a href=\"mailto:formacion@incliva.es\">formacion@incliva.es<\/a><\/td>\n<\/tr>\n<tr>\n<td align=\"left\"><a href=\"\/en\/services\/researcher-services\/scientific-management\/scientific-production-unit\/\">Scientific Production Unit<\/a><\/td>\n<td align=\"left\"><\/td>\n<td align=\"left\"><a href=\"mailto:memoria@incliva.es\">memoria@incliva.es<\/a><\/td>\n<\/tr>\n<tr>\n<td align=\"left\"><a href=\"\/en\/services\/researcher-services\/scientific-management\/ceim\/\">CEIM Technical Secretary Unit<\/a><\/td>\n<td align=\"left\">Maialen Llopis<\/td>\n<td align=\"left\"><a href=\"mailto:ceic_hcv@gva.es\">ceic_hcv@gva.es<\/a><\/td>\n<\/tr>\n<tr>\n<td align=\"left\"><a href=\"\/en\/services\/researcher-services\/scientific-management\/quality-and-data-protection-unit\/\">Quality and Data Protection Unit<\/a><\/td>\n<td align=\"left\">Rafael Barajas<\/td>\n<td align=\"left\"><a href=\"mailto:calidad@incliva.es\">calidad@incliva.es<\/a><\/td>\n<\/tr>\n<\/tbody>\n<\/table>\n<\/div>\n<div class=\"fusion-separator fusion-full-width-sep\" style=\"align-self: center;margin-left: auto;margin-right: auto;margin-top:20px;margin-bottom:40px;width:100%;\"><\/div><div class=\"fusion-text fusion-text-2\" style=\"transform:translate3d(0,0,0);\"><p><em>* INCLIVA has obtained funding from the Ministry of Science, Innovation and Universities through the call \u2018Acciones de Dinamizaci\u00f3n: Europa Redes y Gestores-Europa Centros Tecnol\u00f3gicos\u2019 of the year 2019 (Reference ECT2019-000460) to strengthen its International Projects Unit and increase its international presence.<\/em><\/p>\n<\/div><\/div><\/div><style type=\"text\/css\">.fusion-body .fusion-builder-column-0{width:66.666666666667% !important;margin-top : 0px;margin-bottom : 20px;}.fusion-builder-column-0 > .fusion-column-wrapper {padding-top : 0px !important;padding-right : 0px !important;margin-right : 2.88%;padding-bottom : 0px !important;padding-left : 0px !important;margin-left : 2.88%;}@media only screen and (max-width:1532px) {.fusion-body .fusion-builder-column-0{width:66.666666666667% !important;}.fusion-builder-column-0 > .fusion-column-wrapper {margin-right : 2.88%;margin-left : 2.88%;}}@media only screen and (max-width:640px) {.fusion-body .fusion-builder-column-0{width:100% !important;}.fusion-builder-column-0 > .fusion-column-wrapper {margin-right : 1.92%;margin-left : 1.92%;}}<\/style><div class=\"fusion-layout-column fusion_builder_column fusion-builder-column-1 fusion_builder_column_1_3 1_3 fusion-flex-column fusion-flex-align-self-flex-start\"><div class=\"fusion-column-wrapper fusion-column-has-shadow fusion-flex-justify-content-flex-start fusion-content-layout-block\" style=\"background-position:left top;background-repeat:no-repeat;-webkit-background-size:cover;-moz-background-size:cover;-o-background-size:cover;background-size:cover;background-color:#f9f9f9;border-width: 0 0 0 2px;border-color:#9da0d2;border-style:solid;box-shadow:0px 0px ;;padding: 4% 4% 4% 4%;\"><div class=\"fusion-text fusion-text-3\" style=\"transform:translate3d(0,0,0);\"><h5 style=\"text-align: center;\">Scientific Office Manager<\/h5>\n<\/div><div class=\"imageframe-align-center\"><span class=\" fusion-imageframe imageframe-none imageframe-1 hover-type-none\" style=\"border:2px solid #e2e2e2;border-radius:8px;width:100%;max-width:160px;\"><img width=\"225\" height=\"300\" title=\"Patricia-Fernandez\" src=\"https:\/\/www.incliva.es\/wp-content\/uploads\/2024\/06\/Patricia-Fernandez-225x300.jpg\" class=\"img-responsive wp-image-31556\" srcset=\"https:\/\/www.incliva.es\/wp-content\/uploads\/2024\/06\/Patricia-Fernandez-200x267.jpg 200w, https:\/\/www.incliva.es\/wp-content\/uploads\/2024\/06\/Patricia-Fernandez-400x533.jpg 400w, https:\/\/www.incliva.es\/wp-content\/uploads\/2024\/06\/Patricia-Fernandez-600x800.jpg 600w, https:\/\/www.incliva.es\/wp-content\/uploads\/2024\/06\/Patricia-Fernandez-800x1066.jpg 800w, https:\/\/www.incliva.es\/wp-content\/uploads\/2024\/06\/Patricia-Fernandez-1200x1599.jpg 1200w, https:\/\/www.incliva.es\/wp-content\/uploads\/2024\/06\/Patricia-Fernandez.jpg 1275w\" sizes=\"(max-width: 640px) 100vw, 400px\" \/><\/span><\/div><div class=\"fusion-text fusion-text-4\" style=\"transform:translate3d(0,0,0);\"><p style=\"text-align: center;\">Patricia Fern\u00e1ndez S\u00e1iz<br \/>\n961 62 89 18<br \/>\n<a href=\"mailto:patricia.fernandez@incliva.es\">patricia.fernandez@incliva.es<\/a><\/p>\n<\/div><\/div><\/div><style type=\"text\/css\">.fusion-body .fusion-builder-column-1{width:33.333333333333% !important;margin-top : 0px;margin-bottom : 20px;}.fusion-builder-column-1 > .fusion-column-wrapper {padding-top : 4% !important;padding-right : 4% !important;margin-right : 5.76%;padding-bottom : 4% !important;padding-left : 4% !important;margin-left : 5.76%;}@media only screen and (max-width:1532px) {.fusion-body .fusion-builder-column-1{width:33.333333333333% !important;order : 0;}.fusion-builder-column-1 > .fusion-column-wrapper {margin-right : 5.76%;margin-left : 5.76%;}}@media only screen and (max-width:640px) {.fusion-body .fusion-builder-column-1{width:100% !important;order : 0;}.fusion-builder-column-1 > .fusion-column-wrapper {margin-right : 1.92%;margin-left : 1.92%;}}<\/style><\/div><style type=\"text\/css\">.fusion-body .fusion-flex-container.fusion-builder-row-1{ padding-top : 0px;margin-top : 0px;padding-right : 0px;padding-bottom : 0px;margin-bottom : 0px;padding-left : 0px;}<\/style><\/div><div class=\"fusion-fullwidth fullwidth-box fusion-builder-row-2 fusion-flex-container nonhundred-percent-fullwidth non-hundred-percent-height-scrolling\" style=\"background-color: rgba(255,255,255,0);background-position: center center;background-repeat: no-repeat;border-width: 0px 0px 0px 0px;border-color:#e2e2e2;border-style:solid;\" ><div class=\"fusion-builder-row fusion-row fusion-flex-align-items-flex-start\" style=\"max-width:1248px;margin-left: calc(-4% \/ 2 );margin-right: calc(-4% \/ 2 );\"><div class=\"fusion-layout-column fusion_builder_column fusion-builder-column-2 fusion_builder_column_1_4 1_4 fusion-flex-column\"><div class=\"fusion-column-wrapper fusion-flex-justify-content-flex-start fusion-content-layout-column\" style=\"background-position:left top;background-repeat:no-repeat;-webkit-background-size:cover;-moz-background-size:cover;-o-background-size:cover;background-size:cover;padding: 0px 0px 0px 0px;\"><\/div><\/div><style type=\"text\/css\">.fusion-body .fusion-builder-column-2{width:25% !important;margin-top : 0px;margin-bottom : 20px;}.fusion-builder-column-2 > .fusion-column-wrapper {padding-top : 0px !important;padding-right : 0px !important;margin-right : 7.68%;padding-bottom : 0px !important;padding-left : 0px !important;margin-left : 7.68%;}@media only screen and (max-width:1532px) {.fusion-body .fusion-builder-column-2{width:25% !important;}.fusion-builder-column-2 > .fusion-column-wrapper {margin-right : 7.68%;margin-left : 7.68%;}}@media only screen and (max-width:640px) {.fusion-body .fusion-builder-column-2{width:100% !important;}.fusion-builder-column-2 > .fusion-column-wrapper {margin-right : 1.92%;margin-left : 1.92%;}}<\/style><div class=\"fusion-layout-column fusion_builder_column fusion-builder-column-3 fusion_builder_column_1_2 1_2 fusion-flex-column\"><div class=\"fusion-column-wrapper fusion-flex-justify-content-flex-start fusion-content-layout-column\" style=\"background-position:left top;background-repeat:no-repeat;-webkit-background-size:cover;-moz-background-size:cover;-o-background-size:cover;background-size:cover;padding: 0px 0px 0px 0px;\"><\/div><\/div><style type=\"text\/css\">.fusion-body .fusion-builder-column-3{width:50% !important;margin-top : 0px;margin-bottom : 20px;}.fusion-builder-column-3 > .fusion-column-wrapper {padding-top : 0px !important;padding-right : 0px !important;margin-right : 3.84%;padding-bottom : 0px !important;padding-left : 0px !important;margin-left : 3.84%;}@media only screen and (max-width:1532px) {.fusion-body .fusion-builder-column-3{width:50% !important;}.fusion-builder-column-3 > .fusion-column-wrapper {margin-right : 3.84%;margin-left : 3.84%;}}@media only screen and (max-width:640px) {.fusion-body .fusion-builder-column-3{width:100% !important;}.fusion-builder-column-3 > .fusion-column-wrapper {margin-right : 1.92%;margin-left : 1.92%;}}<\/style><div class=\"fusion-layout-column fusion_builder_column fusion-builder-column-4 fusion_builder_column_1_4 1_4 fusion-flex-column\"><div class=\"fusion-column-wrapper fusion-flex-justify-content-flex-start fusion-content-layout-column\" style=\"background-position:left top;background-repeat:no-repeat;-webkit-background-size:cover;-moz-background-size:cover;-o-background-size:cover;background-size:cover;padding: 0px 0px 0px 0px;\"><\/div><\/div><style type=\"text\/css\">.fusion-body .fusion-builder-column-4{width:25% !important;margin-top : 0px;margin-bottom : 20px;}.fusion-builder-column-4 > .fusion-column-wrapper {padding-top : 0px !important;padding-right : 0px !important;margin-right : 7.68%;padding-bottom : 0px !important;padding-left : 0px !important;margin-left : 7.68%;}@media only screen and (max-width:1532px) {.fusion-body .fusion-builder-column-4{width:25% !important;}.fusion-builder-column-4 > .fusion-column-wrapper {margin-right : 7.68%;margin-left : 7.68%;}}@media only screen and (max-width:640px) {.fusion-body .fusion-builder-column-4{width:100% !important;}.fusion-builder-column-4 > .fusion-column-wrapper {margin-right : 1.92%;margin-left : 1.92%;}}<\/style><\/div><style type=\"text\/css\">.fusion-body .fusion-flex-container.fusion-builder-row-2{ padding-top : 0px;margin-top : 4%;padding-right : 0px;padding-bottom : 0px;margin-bottom : 0px;padding-left : 0px;}<\/style><\/div><\/p>\n","protected":false},"excerpt":{"rendered":"","protected":false},"author":1,"featured_media":0,"parent":10453,"menu_order":0,"comment_status":"closed","ping_status":"closed","template":"","meta":[],"acf":[],"_links":{"self":[{"href":"https:\/\/www.incliva.es\/en\/wp-json\/wp\/v2\/pages\/10461"}],"collection":[{"href":"https:\/\/www.incliva.es\/en\/wp-json\/wp\/v2\/pages"}],"about":[{"href":"https:\/\/www.incliva.es\/en\/wp-json\/wp\/v2\/types\/page"}],"author":[{"embeddable":true,"href":"https:\/\/www.incliva.es\/en\/wp-json\/wp\/v2\/users\/1"}],"replies":[{"embeddable":true,"href":"https:\/\/www.incliva.es\/en\/wp-json\/wp\/v2\/comments?post=10461"}],"version-history":[{"count":11,"href":"https:\/\/www.incliva.es\/en\/wp-json\/wp\/v2\/pages\/10461\/revisions"}],"predecessor-version":[{"id":50240,"href":"https:\/\/www.incliva.es\/en\/wp-json\/wp\/v2\/pages\/10461\/revisions\/50240"}],"up":[{"embeddable":true,"href":"https:\/\/www.incliva.es\/en\/wp-json\/wp\/v2\/pages\/10453"}],"wp:attachment":[{"href":"https:\/\/www.incliva.es\/en\/wp-json\/wp\/v2\/media?parent=10461"}],"curies":[{"name":"wp","href":"https:\/\/api.w.org\/{rel}","templated":true}]}}