{"id":10079,"date":"2021-01-07T09:30:03","date_gmt":"2021-01-07T07:30:03","guid":{"rendered":"https:\/\/www.incliva.es\/services\/plataforms\/unidad-de-bioinformatica-y-bioestadistica\/"},"modified":"2026-03-26T14:41:19","modified_gmt":"2026-03-26T12:41:19","slug":"bioinformatics-unit","status":"publish","type":"page","link":"https:\/\/www.incliva.es\/en\/services\/platforms\/bioinformatics-unit\/","title":{"rendered":"Bioinformatics Unit"},"content":{"rendered":"<p><div class=\"fusion-fullwidth fullwidth-box fusion-builder-row-1 fusion-flex-container nonhundred-percent-fullwidth non-hundred-percent-height-scrolling\" style=\"background-color: rgba(255,255,255,0);background-position: center center;background-repeat: no-repeat;border-width: 0px 0px 0px 0px;border-color:#e2e2e2;border-style:solid;\" ><div class=\"fusion-builder-row fusion-row fusion-flex-align-items-flex-start\" style=\"max-width:1248px;margin-left: calc(-4% \/ 2 );margin-right: calc(-4% \/ 2 );\"><div class=\"fusion-layout-column fusion_builder_column fusion-builder-column-0 fusion_builder_column_2_3 2_3 fusion-flex-column\"><div class=\"fusion-column-wrapper fusion-flex-justify-content-flex-start fusion-content-layout-column\" style=\"background-position:left top;background-repeat:no-repeat;-webkit-background-size:cover;-moz-background-size:cover;-o-background-size:cover;background-size:cover;padding: 0px 0px 0px 0px;\"><div class=\"fusion-text fusion-text-1\" style=\"transform:translate3d(0,0,0);\"><h5>Introduction<\/h5>\n<p>The Bioinformatics Unit (UB) is a core facility of INCLIVA that provides research support services based on the analysis of omics data and other types of biomedical data. The UB also offers support for the development of specific software or pipelines, as well as training in Bioinformatics.<\/p>\n<p>Currently, the UB offers a wide range of services open both to INCLIVA Foundation staff, for whom the service is free of charge, and to external researchers and companies.<\/p>\n<p><img class=\"aligncenter wp-image-48586 size-full\" src=\"https:\/\/www.incliva.es\/wp-content\/uploads\/2026\/02\/grupo-1.jpg\" alt=\"\" width=\"1920\" height=\"1080\" srcset=\"https:\/\/www.incliva.es\/wp-content\/uploads\/2026\/02\/grupo-1-200x113.jpg 200w, https:\/\/www.incliva.es\/wp-content\/uploads\/2026\/02\/grupo-1-300x169.jpg 300w, https:\/\/www.incliva.es\/wp-content\/uploads\/2026\/02\/grupo-1-400x225.jpg 400w, https:\/\/www.incliva.es\/wp-content\/uploads\/2026\/02\/grupo-1-600x338.jpg 600w, https:\/\/www.incliva.es\/wp-content\/uploads\/2026\/02\/grupo-1-768x432.jpg 768w, https:\/\/www.incliva.es\/wp-content\/uploads\/2026\/02\/grupo-1-800x450.jpg 800w, https:\/\/www.incliva.es\/wp-content\/uploads\/2026\/02\/grupo-1-1024x576.jpg 1024w, https:\/\/www.incliva.es\/wp-content\/uploads\/2026\/02\/grupo-1-1200x675.jpg 1200w, https:\/\/www.incliva.es\/wp-content\/uploads\/2026\/02\/grupo-1-1536x864.jpg 1536w, https:\/\/www.incliva.es\/wp-content\/uploads\/2026\/02\/grupo-1.jpg 1920w\" sizes=\"(max-width: 1920px) 100vw, 1920px\" \/><\/p>\n<\/div><div class=\"fusion-separator fusion-full-width-sep\" style=\"align-self: center;margin-left: auto;margin-right: auto;margin-top:10px;margin-bottom:10px;width:100%;\"><div class=\"fusion-separator-border sep-single sep-solid\" style=\"border-color:#9da0d2;border-top-width:1px;\"><\/div><\/div><div class=\"fusion-text fusion-text-2\" style=\"transform:translate3d(0,0,0);\"><h5>Services<\/h5>\n<p>Our mission is to drive, promote, and execute quality translational research by offering methodological, analytical, and computational support. To do this, our team makes the most advanced technology available to you through the following portfolio of services:<\/p>\n<ul>\n<li>Design, development, validation and analysis of genes panels based on NGS. Detection of both germline and somatic variants in blood, FFPE, fresh tissues or liquid biopsies.<\/li>\n<li>Exome data analysis. Prioritization of potentially pathological variants, identification of affected pathways, genotype-phenotype relationship.<\/li>\n<li>Bulk and single-cell RNASeq data analysis.<\/li>\n<li>Analysis of small RNAs (miRNAs).<\/li>\n<li>Analysis of metagenomes.<\/li>\n<li>Methylome analysis (both arrays and NGS).<\/li>\n<li>Complex network data integration.<\/li>\n<li>Database integration and mining.<\/li>\n<li>Graphical representation of research results.<\/li>\n<li>Curation and analysis of databases.<\/li>\n<li>Custom-made software.<\/li>\n<li>Advice and methodological support to write protocols, research project proposals, articles, doctoral\/MSc\/BSc thesis.<\/li>\n<\/ul>\n<\/div><div class=\"fusion-separator fusion-full-width-sep\" style=\"align-self: center;margin-left: auto;margin-right: auto;margin-top:10px;margin-bottom:10px;width:100%;\"><div class=\"fusion-separator-border sep-single sep-solid\" style=\"border-color:#9da0d2;border-top-width:1px;\"><\/div><\/div><div class=\"fusion-text fusion-text-3\" style=\"transform:translate3d(0,0,0);\"><h5>Equipment<\/h5>\n<p>INCLIVA has its own Data Processing Center (DPC) which houses different servers with a total capacity of 350 CPUs, 700 execution threads, 6.5 TB of ECC RAM, ~350 TB of redundant HDD storage, 20 TB of solid-state storage (SSD) and more than 600 TB of secondary storage for backups. In addition, the DPC has servers with CUDA parallelized computing capabilities supported by two Nvidia A40 GPUs.<\/p>\n<\/div><div class=\"fusion-separator fusion-full-width-sep\" style=\"align-self: center;margin-left: auto;margin-right: auto;margin-top:10px;margin-bottom:10px;width:100%;\"><div class=\"fusion-separator-border sep-single sep-solid\" style=\"border-color:#9da0d2;border-top-width:1px;\"><\/div><\/div><div class=\"fusion-text fusion-text-4\" style=\"transform:translate3d(0,0,0);\"><h5>Team<\/h5>\n<p>Sheila M. Z\u00fa\u00f1iga Trejos, PhD, MSc \u2013 Unit coordinator<br \/>\n<span data-olk-copy-source=\"MessageBody\">Mar\u00eda Guaita C\u00e9spedes<\/span><br \/>\n<span data-olk-copy-source=\"MessageBody\">Andrea Mar\u00eda Bult\u00f3 S\u00e1nchez<\/span><\/p>\n<\/div><\/div><\/div><style type=\"text\/css\">.fusion-body .fusion-builder-column-0{width:66.666666666667% !important;margin-top : 0px;margin-bottom : 20px;}.fusion-builder-column-0 > .fusion-column-wrapper {padding-top : 0px !important;padding-right : 0px !important;margin-right : 2.88%;padding-bottom : 0px !important;padding-left : 0px !important;margin-left : 2.88%;}@media only screen and (max-width:1532px) {.fusion-body .fusion-builder-column-0{width:66.666666666667% !important;}.fusion-builder-column-0 > .fusion-column-wrapper {margin-right : 2.88%;margin-left : 2.88%;}}@media only screen and (max-width:640px) {.fusion-body .fusion-builder-column-0{width:100% !important;}.fusion-builder-column-0 > .fusion-column-wrapper {margin-right : 1.92%;margin-left : 1.92%;}}<\/style><div class=\"fusion-layout-column fusion_builder_column fusion-builder-column-1 fusion_builder_column_1_3 1_3 fusion-flex-column\"><div class=\"fusion-column-wrapper fusion-column-has-shadow fusion-flex-justify-content-flex-start fusion-content-layout-column\" style=\"background-position:left top;background-repeat:no-repeat;-webkit-background-size:cover;-moz-background-size:cover;-o-background-size:cover;background-size:cover;background-color:#f9f9f9;border-width: 0 0 0 2px;border-color:#9da0d2;border-style:solid;box-shadow:0px 0px ;;padding: 4% 4% 4% 4%;\"><div class=\"fusion-text fusion-text-5\" style=\"transform:translate3d(0,0,0);\"><h5 style=\"text-align: center;\">Unit coordinator<\/h5>\n<p style=\"text-align: center;\">PhD. Sheila Z\u00fa\u00f1iga Trejos<\/p>\n<h5 style=\"text-align: center;\">Location<\/h5>\n<p style=\"text-align: center;\">INCLIVA offices. Commercial ground floor. Avda\/Men\u00e9ndez y Pelayo 3, 46010, Valencia.<\/p>\n<h5 style=\"text-align: center;\">Contact<\/h5>\n<p style=\"text-align: center;\"><a href=\"mailto:bioinfo@incliva.es\">bioinfo@incliva.es<\/a><br \/>\nPhone: +34 962542 391 \u2013 Ext. 542 391<\/p>\n<\/div><div class=\"fusion-separator fusion-full-width-sep\" style=\"align-self: center;margin-left: auto;margin-right: auto;margin-top:10px;margin-bottom:10px;width:100%;\"><div class=\"fusion-separator-border sep-single sep-solid\" style=\"border-color:#9da0d2;border-top-width:1px;\"><\/div><\/div><div class=\"fusion-text fusion-text-6\" style=\"transform:translate3d(0,0,0);\"><h5 style=\"text-align: center;\">Documents<\/h5>\n<p style=\"text-align: center;\"><a href=\"https:\/\/www.incliva.es\/wp-content\/uploads\/2026\/03\/Tarifas_Web_Bioinformatica_2026.pdf\" target=\"_blank\" rel=\"noopener\">Rates<\/a><\/p>\n<\/div><div class=\"fusion-separator fusion-full-width-sep\" style=\"align-self: center;margin-left: auto;margin-right: auto;margin-top:10px;margin-bottom:10px;width:100%;\"><div class=\"fusion-separator-border sep-single sep-solid\" style=\"border-color:#9da0d2;border-top-width:1px;\"><\/div><\/div><div class=\"fusion-text fusion-text-7\" style=\"transform:translate3d(0,0,0);\"><h5 style=\"text-align: center;\">Quality<\/h5>\n<p style=\"text-align: center;\"><a href=\"https:\/\/www.incliva.es\/wp-content\/uploads\/2024\/07\/2024-2027-Certificado-AENOR-STC.pdf\">AENOR<\/a><a href=\"\/wp-content\/uploads\/2023\/06\/IQNet-ER-0382-2021_2021-07-20.pdf\"><br \/>\n<\/a><a href=\"https:\/\/www.incliva.es\/wp-content\/uploads\/2024\/07\/2024-2027-IQNet-AENOR-STC.pdf\">IQNet<\/a><a href=\"\/wp-content\/uploads\/2023\/06\/IQNet-ER-0382-2021_2021-07-20.pdf\"><br \/>\n<\/a><a href=\"https:\/\/www.incliva.es\/wp-content\/uploads\/2022\/11\/Politica-de-calidad-STC-2022.pdf\">Quality Policy<\/a><a href=\"\/wp-content\/uploads\/2023\/06\/IQNet-ER-0382-2021_2021-07-20.pdf\"><br \/>\n<\/a><a href=\"https:\/\/www.incliva.es\/wp-content\/uploads\/2021\/documentacion\/calidad\/20210526%20Mapa%20de%20procesos%20STC.PDF\">Programme Map<\/a><\/p>\n<\/div><\/div><\/div><style type=\"text\/css\">.fusion-body .fusion-builder-column-1{width:33.333333333333% !important;margin-top : 0px;margin-bottom : 20px;}.fusion-builder-column-1 > .fusion-column-wrapper {padding-top : 4% !important;padding-right : 4% !important;margin-right : 5.76%;padding-bottom : 4% !important;padding-left : 4% !important;margin-left : 5.76%;}@media only screen and (max-width:1532px) {.fusion-body .fusion-builder-column-1{width:33.333333333333% !important;order : 0;}.fusion-builder-column-1 > .fusion-column-wrapper {margin-right : 5.76%;margin-left : 5.76%;}}@media only screen and (max-width:640px) {.fusion-body .fusion-builder-column-1{width:100% !important;order : 0;}.fusion-builder-column-1 > .fusion-column-wrapper {margin-right : 1.92%;margin-left : 1.92%;}}<\/style><\/div><style type=\"text\/css\">.fusion-body .fusion-flex-container.fusion-builder-row-1{ padding-top : 0px;margin-top : 0px;padding-right : 0px;padding-bottom : 0px;margin-bottom : 0px;padding-left : 0px;}<\/style><\/div><div class=\"fusion-fullwidth fullwidth-box fusion-builder-row-2 fusion-flex-container nonhundred-percent-fullwidth non-hundred-percent-height-scrolling\" style=\"background-color: rgba(255,255,255,0);background-position: center center;background-repeat: no-repeat;border-width: 0px 0px 0px 0px;border-color:#e2e2e2;border-style:solid;\" ><div class=\"fusion-builder-row fusion-row fusion-flex-align-items-flex-start\" style=\"max-width:1248px;margin-left: calc(-4% \/ 2 );margin-right: calc(-4% \/ 2 );\"><div class=\"fusion-layout-column fusion_builder_column fusion-builder-column-2 fusion_builder_column_1_1 1_1 fusion-flex-column\"><div class=\"fusion-column-wrapper fusion-flex-justify-content-flex-start fusion-content-layout-column\" style=\"background-position:left top;background-repeat:no-repeat;-webkit-background-size:cover;-moz-background-size:cover;-o-background-size:cover;background-size:cover;padding: 0px 0px 0px 0px;\"><\/div><\/div><style type=\"text\/css\">.fusion-body .fusion-builder-column-2{width:100% !important;margin-top : 0px;margin-bottom : 20px;}.fusion-builder-column-2 > .fusion-column-wrapper {padding-top : 0px !important;padding-right : 0px !important;margin-right : 1.92%;padding-bottom : 0px !important;padding-left : 0px !important;margin-left : 1.92%;}@media only screen and (max-width:1532px) {.fusion-body .fusion-builder-column-2{width:100% !important;}.fusion-builder-column-2 > .fusion-column-wrapper {margin-right : 1.92%;margin-left : 1.92%;}}@media only screen and (max-width:640px) {.fusion-body .fusion-builder-column-2{width:100% !important;}.fusion-builder-column-2 > .fusion-column-wrapper {margin-right : 1.92%;margin-left : 1.92%;}}<\/style><\/div><style type=\"text\/css\">.fusion-body .fusion-flex-container.fusion-builder-row-2{ padding-top : 0px;margin-top : 0px;padding-right : 0px;padding-bottom : 0px;margin-bottom : 0px;padding-left : 0px;}<\/style><\/div><\/p>\n","protected":false},"excerpt":{"rendered":"","protected":false},"author":1,"featured_media":0,"parent":8542,"menu_order":0,"comment_status":"closed","ping_status":"closed","template":"","meta":[],"acf":[],"_links":{"self":[{"href":"https:\/\/www.incliva.es\/en\/wp-json\/wp\/v2\/pages\/10079"}],"collection":[{"href":"https:\/\/www.incliva.es\/en\/wp-json\/wp\/v2\/pages"}],"about":[{"href":"https:\/\/www.incliva.es\/en\/wp-json\/wp\/v2\/types\/page"}],"author":[{"embeddable":true,"href":"https:\/\/www.incliva.es\/en\/wp-json\/wp\/v2\/users\/1"}],"replies":[{"embeddable":true,"href":"https:\/\/www.incliva.es\/en\/wp-json\/wp\/v2\/comments?post=10079"}],"version-history":[{"count":12,"href":"https:\/\/www.incliva.es\/en\/wp-json\/wp\/v2\/pages\/10079\/revisions"}],"predecessor-version":[{"id":49758,"href":"https:\/\/www.incliva.es\/en\/wp-json\/wp\/v2\/pages\/10079\/revisions\/49758"}],"up":[{"embeddable":true,"href":"https:\/\/www.incliva.es\/en\/wp-json\/wp\/v2\/pages\/8542"}],"wp:attachment":[{"href":"https:\/\/www.incliva.es\/en\/wp-json\/wp\/v2\/media?parent=10079"}],"curies":[{"name":"wp","href":"https:\/\/api.w.org\/{rel}","templated":true}]}}